{"id":17,"date":"2023-07-28T12:04:08","date_gmt":"2023-07-28T10:04:08","guid":{"rendered":"https:\/\/web.penta-pco.com\/hdio-2023\/?page_id=17"},"modified":"2023-10-22T22:54:09","modified_gmt":"2023-10-22T20:54:09","slug":"dobrodosli","status":"publish","type":"page","link":"https:\/\/web.penta-pco.com\/hdio-2023\/en\/","title":{"rendered":"Welcome"},"content":{"rendered":"<p>Dear colleagues, ladies and gentlemen, dear friends,<\/p>\n\n\n\n<div style=\"height:20px\" aria-hidden=\"true\" class=\"wp-block-spacer\"><\/div>\n\n\n\n<p>Malignant diseases represent an increasing public health problem everywhere in the world. They are the first cause of death in the working population under the age of 65 in Croatia. There is still a big difference between the outcome of treatment here and in the most developed EU countries to which we belong. We are witnessing the further progress of oncology, in the world, but also in our country, year after year, from our congress to the next one. What can we do more and better? There are many interesting topics that we will have the opportunity to discuss at <strong>15th Congress of the Croatian Society for Medical Oncology with International Participation<\/strong>, that will be held at<strong> Radisson Blu Hotelu Split, November 09.-12.2023.<\/strong><\/p>\n\n\n\n<p>I believe that we will devote those few days in a pleasant atmosphere to learning and exchanging experiences, news and dilemmas, questions and answers in oncology, and contribute to further improvement of the treatment outcomes of our patients. As before, we will try to ensure the participation of all professions that should participate in the care of oncology patients, from initial diagnosis to rehabilitation, especially young people.<\/p>\n\n\n\n<p>Dobro do\u0161li u Split na 15. Kongres Hrvatskog dru\u0161tva za internisti\u010dku onkologiju HLZ-a s me\u0111unarodnim sudjelovanjem!<\/p>\n\n\n\n<div style=\"height:20px\" aria-hidden=\"true\" class=\"wp-block-spacer\"><\/div>\n\n\n\n<p>Stjepko Ple\u0161tina<\/p>\n\n\n\n<p>President of the Croatian Society for Medical Oncology (HDIO), a professional society of the Croatian Medical Association<\/p>","protected":false},"excerpt":{"rendered":"<p>Po\u0161tovane kolegice i kolege, dame i gospodo, dragi prijatelji, Zlo\u0107udne bolesti predstavljaju sve ve\u0107i javnozdravstveni problem svugdje u svijetu. Prvi su uzrok smrtnosti u radno aktivnoj populaciji mla\u0111ih od 65 godina u Hrvatskoj. Jo\u0161 je velika razlika izme\u0111u ishoda lije\u010dnja kod nas i u najrazvijenijim zemljema EU kojpj pripadamo. Svjedo\u010dimo daljnjem napretku onkologije, u svijetu, [&hellip;]<\/p>","protected":false},"author":1,"featured_media":0,"parent":0,"menu_order":0,"comment_status":"closed","ping_status":"closed","template":"","meta":{"footnotes":""},"class_list":["post-17","page","type-page","status-publish","hentry"],"_links":{"self":[{"href":"https:\/\/web.penta-pco.com\/hdio-2023\/en\/wp-json\/wp\/v2\/pages\/17","targetHints":{"allow":["GET"]}}],"collection":[{"href":"https:\/\/web.penta-pco.com\/hdio-2023\/en\/wp-json\/wp\/v2\/pages"}],"about":[{"href":"https:\/\/web.penta-pco.com\/hdio-2023\/en\/wp-json\/wp\/v2\/types\/page"}],"author":[{"embeddable":true,"href":"https:\/\/web.penta-pco.com\/hdio-2023\/en\/wp-json\/wp\/v2\/users\/1"}],"replies":[{"embeddable":true,"href":"https:\/\/web.penta-pco.com\/hdio-2023\/en\/wp-json\/wp\/v2\/comments?post=17"}],"version-history":[{"count":9,"href":"https:\/\/web.penta-pco.com\/hdio-2023\/en\/wp-json\/wp\/v2\/pages\/17\/revisions"}],"predecessor-version":[{"id":360,"href":"https:\/\/web.penta-pco.com\/hdio-2023\/en\/wp-json\/wp\/v2\/pages\/17\/revisions\/360"}],"wp:attachment":[{"href":"https:\/\/web.penta-pco.com\/hdio-2023\/en\/wp-json\/wp\/v2\/media?parent=17"}],"curies":[{"name":"wp","href":"https:\/\/api.w.org\/{rel}","templated":true}]}}