{"id":283,"date":"2023-10-12T12:03:00","date_gmt":"2023-10-12T10:03:00","guid":{"rendered":"https:\/\/web.penta-pco.com\/hdio-2023\/?page_id=283"},"modified":"2023-10-16T22:56:49","modified_gmt":"2023-10-16T20:56:49","slug":"sekcija-za-pacijente","status":"publish","type":"page","link":"https:\/\/web.penta-pco.com\/hdio-2023\/en\/sekcija-za-pacijente\/","title":{"rendered":"Sekcija za pacijente"},"content":{"rendered":"<p><\/p>\n\n\n\n<p>Dear patients,<\/p>\n\n\n\n<p>Esteemed representatives of associations,<\/p>\n\n\n\n<div style=\"height:20px\" aria-hidden=\"true\" class=\"wp-block-spacer\"><\/div>\n\n\n\n<p>It is said that doctors possess knowledge about the disease, while patients gain understanding. We want to share a part of our knowledge with you at this Congress in a special section for patients. We aim to follow the best practices of international conferences that open their doors to oncology patients and see in them not just patients but partners in achieving a common goal \u2013 the best possible treatment outcomes.<\/p>\n\n\n\n<p>It is my great honor and pleasure to welcome you all to Split, to our Section for Patients: \u201e<strong>Partnership for better treatment outcomes<\/strong>\" as part of the 15th congress of the 15th Congress of the Croatian Society for Medical Oncology of the Croatian Medical Association.<\/p>\n\n\n\n<p>Welcome!<\/p>\n\n\n\n<div style=\"height:20px\" aria-hidden=\"true\" class=\"wp-block-spacer\"><\/div>\n\n\n\n<p>Stjepko Ple\u0161tina<\/p>\n\n\n\n<p>President of the Croatian Society for Medical Oncology (HDIO), a professional society of the Croatian Medical Association<\/p>\n\n\n\n<div style=\"height:30px\" aria-hidden=\"true\" class=\"wp-block-spacer\"><\/div>\n\n\n\n<h2 class=\"wp-block-heading\">Registration<\/h2>\n\n\n\n<p>Oncology patients, members and representatives of oncology patient associations can register for the Patient Section. <\/p>\n\n\n\n<p>Section participants are exempted from the registration fee, and are accredited only for following the Section's program. Other congress participants are welcome!<\/p>\n\n\n\n<p><strong>To participate, registration is required at the link below.<\/strong><\/p>\n\n\n\n<div style=\"height:10px\" aria-hidden=\"true\" class=\"wp-block-spacer\"><\/div>\n\n\n\n<figure class=\"wp-block-image size-full\"><a href=\"https:\/\/forms.gle\/Rb6gPGWF6xXcJ49v7\" target=\"_blank\" rel=\"noreferrer noopener\"><img decoding=\"async\" width=\"384\" height=\"61\" src=\"https:\/\/web.penta-pco.com\/hdio-2023\/wp-content\/uploads\/2023\/10\/button_reg-sekcija-pacijenti.png\" alt=\"\" class=\"wp-image-295\" srcset=\"https:\/\/web.penta-pco.com\/hdio-2023\/wp-content\/uploads\/2023\/10\/button_reg-sekcija-pacijenti.png 384w, https:\/\/web.penta-pco.com\/hdio-2023\/wp-content\/uploads\/2023\/10\/button_reg-sekcija-pacijenti-300x48.png 300w, https:\/\/web.penta-pco.com\/hdio-2023\/wp-content\/uploads\/2023\/10\/button_reg-sekcija-pacijenti-18x3.png 18w\" sizes=\"(max-width: 384px) 100vw, 384px\" \/><\/a><\/figure>\n\n\n\n<div style=\"height:20px\" aria-hidden=\"true\" class=\"wp-block-spacer\"><\/div>\n\n\n\n<h2 class=\"wp-block-heading\">Programme<\/h2>\n\n\n\n<p> <\/p>\n\n\n\n<figure class=\"wp-block-flexible-table-block-table alignleft is-style-default\"><table class=\"has-fixed-layout\" style=\"width:100%\"><tbody><tr><td style=\"background-color:#f78da7;width:200px\"><strong>Subota (Saturday) 11.11.2023.<\/strong><\/td><td style=\"background-color:#f78da7\"><strong>DVORANA B (HALL B<\/strong>)<\/td><\/tr><tr><td style=\"width:200px\">14:00 \u2013 14:05<\/td><td><strong>Stjepko Ple\u0161tina i predstavnica pacijenata<\/strong><br>Otvaranje Sekcije za pacijente<br>(Section Opening)<\/td><\/tr><tr><td style=\"width:200px\">14:05 &#8211; 14:30<\/td><td><strong>Eduard Vrdoljak<\/strong><br>Za\u0161to Onkologija?<br>(Why Oncology?)<\/td><\/tr><tr><td style=\"width:200px\">14:30 &#8211; 14:45<\/td><td><strong>Natalija Dedi\u0107 Plaveti\u0107<\/strong><br>Precizna medicina i personalizirano lije\u010denje&nbsp;<br>(Precision medicine and personalized treatment)<\/td><\/tr><tr><td style=\"width:200px\">14:45 &#8211; 15:00<\/td><td><strong>Vi\u0161nja Matkovi\u0107<\/strong><br>Lije\u010denje bolesnica s rakom jajnika<br>(Treatment of patients with ovarian cancer)<\/td><\/tr><tr><td style=\"width:200px\">15:00 &#8211; 15:15<\/td><td><strong>Ana Ba\u010deli\u0107 Gabelica<\/strong><br>Suportivno i palijativno lije\u010denje onkolo\u0161kih bolesnika<br>(Cancer patients supportive and palliative treatment)<\/td><\/tr><tr><td style=\"width:200px\">15:15 &#8211; 15:30<\/td><td>Diskusija (Discussion)<\/td><\/tr><tr><td style=\"width:200px\">15:30 \u2013 16:00<\/td><td><strong>PAUZA ZA KAVU <br>(COFFEE BREAK)<\/strong><\/td><\/tr><tr><td style=\"width:200px\">16:00 &#8211; 16:15<\/td><td><strong>Sanja Ple\u0161tina<\/strong><br>Predstavljanje ESMO vodi\u010da za bolesnike &#8220;\u0160to je rak plu\u0107a nemalih stanica&#8221;<br>(Presentation of the ESMO guide for patients &#8220;What is non-small cell lung cancer&#8221;) <\/td><\/tr><tr><td style=\"width:200px\">16:15 &#8211; 16:30<\/td><td><strong>Paula Podolski<\/strong><br>Lije\u010denje bolesnica s rakom dojke kroz vrijeme<br>(Treatment of breast cancer patients over time)<\/td><\/tr><tr><td style=\"width:200px\">16:30 &#8211; 16:45<\/td><td><strong>Anu\u0161ka Budisavljevi\u0107<\/strong><br>Kvaliteta \u017eivota onkolo\u0161kih bolesnika<br>(Quality of life of oncology patients)<\/td><\/tr><tr><td style=\"width:200px\">16:45 &#8211; 17:00<\/td><td><strong>Marina Popovi\u0107<\/strong><br>Benefiti psihoonkolo\u0161ke pomo\u0107i pacijentima iz perspektive onkologa i \u201esurvivorship\u201c<br>(Benefits of psycho-oncology assistance to patients from the perspective of oncologists and &#8220;survivorship&#8221;)<\/td><\/tr><tr><td style=\"width:200px\">17:00 &#8211; 17:30<\/td><td>\u201ePosition paper\u201c udruga i Inovativne farmaceutske inicijative<br>\u201cAssociations\u2019 and Innovative pharmaceutical initiative\u2019s<br>\u201cPosition paper\u201d<br><br>Moderator\/Moderator: <strong>Ljiljana Vukota<\/strong><br>Panelisti\/Panelists: <br>predstavnici udruga, Inovativne farmaceutske industrije i onkologije <br>(representatives of associations, innovative pharmaceutical industry and oncology) <\/td><\/tr><tr><td style=\"width:200px\">17:30 &#8211; 17:35<\/td><td>Zatvaranje programa Sekcije<br>(Section Closing)<\/td><\/tr><\/tbody><\/table><\/figure>","protected":false},"excerpt":{"rendered":"<p>Po\u0161tovane pacijentice i pacijenti, Po\u0161tovane predstavnice i predstavnici udruga, ka\u017ee se da doktori imaju znanje o bolesti, a pacijenti spoznaju. Dio svojega znanja \u017eelimo podijeliti s vama na ovome Kongresu u posebnoj Sekciji za pacijente. \u017delimo pratiti najbolju praksu svjetskih kongresa koji otvaraju vrata onkolo\u0161kim pacijentima i u njima vide, ne samo bolesnike, nego partnere [&hellip;]<\/p>","protected":false},"author":3,"featured_media":0,"parent":0,"menu_order":0,"comment_status":"closed","ping_status":"closed","template":"","meta":{"footnotes":""},"class_list":["post-283","page","type-page","status-publish","hentry"],"_links":{"self":[{"href":"https:\/\/web.penta-pco.com\/hdio-2023\/en\/wp-json\/wp\/v2\/pages\/283","targetHints":{"allow":["GET"]}}],"collection":[{"href":"https:\/\/web.penta-pco.com\/hdio-2023\/en\/wp-json\/wp\/v2\/pages"}],"about":[{"href":"https:\/\/web.penta-pco.com\/hdio-2023\/en\/wp-json\/wp\/v2\/types\/page"}],"author":[{"embeddable":true,"href":"https:\/\/web.penta-pco.com\/hdio-2023\/en\/wp-json\/wp\/v2\/users\/3"}],"replies":[{"embeddable":true,"href":"https:\/\/web.penta-pco.com\/hdio-2023\/en\/wp-json\/wp\/v2\/comments?post=283"}],"version-history":[{"count":15,"href":"https:\/\/web.penta-pco.com\/hdio-2023\/en\/wp-json\/wp\/v2\/pages\/283\/revisions"}],"predecessor-version":[{"id":348,"href":"https:\/\/web.penta-pco.com\/hdio-2023\/en\/wp-json\/wp\/v2\/pages\/283\/revisions\/348"}],"wp:attachment":[{"href":"https:\/\/web.penta-pco.com\/hdio-2023\/en\/wp-json\/wp\/v2\/media?parent=283"}],"curies":[{"name":"wp","href":"https:\/\/api.w.org\/{rel}","templated":true}]}}