{"id":54,"date":"2023-07-28T12:41:50","date_gmt":"2023-07-28T10:41:50","guid":{"rendered":"https:\/\/web.penta-pco.com\/hdio-2023\/?page_id=54"},"modified":"2023-07-28T12:41:50","modified_gmt":"2023-07-28T10:41:50","slug":"organizator","status":"publish","type":"page","link":"https:\/\/web.penta-pco.com\/hdio-2023\/en\/organizator\/","title":{"rendered":"Organizer"},"content":{"rendered":"<p>Croatian Society for Medical Oncology (HDIO), a professional society of the Croatian Medical Association<\/p>\n\n\n\n<p><strong>ORGANIZATIONAL COMMITTEE<\/strong><\/p>\n\n\n\n<p>President: Stjepko Ple\u0161tina<\/p>\n\n\n\n<p>Secretary: Tajana Silovski<\/p>\n\n\n\n<p>Members: Borislav Belev, Anu\u0161ka Budisavljevi\u0107, Natalija Dedi\u0107 Plaveti\u0107, Milena Gnjidi\u0107, Filip Grubi\u0161i\u0107-\u010cabo, Davorin Herceg, Anamarija Kova\u010d Pei\u0107, Tatjana Ladenhauser, Mario Nalbani, Sanja Ple\u0161tina, Juraj Prejac, Ana Te\u010di\u0107 Vuger, Dora Tomek Hamzi\u0107, Ljubica Vazdar, \u017deljko Vojnovi\u0107<\/p>\n\n\n\n<p><strong>SCIENTIFIC BOARD<\/strong><\/p>\n\n\n\n<p>Vesna Bi\u0161of, Renata Dobrila Dintinjana, Marko Jakopovi\u0107, Mario \u0160ekerija, Robert \u0160eparovi\u0107, Dragan Trivanovi\u0107, Damir Vrbanec, Eduard Vrdoljak, Darko \u017dupanc<\/p>\n\n\n\n<p>PATRON: Ministry of Health of the Republic of Croatia<\/p>","protected":false},"excerpt":{"rendered":"<p>Hrvatsko dru\u0161tvo za internisti\u010dku onkologiju Hrvatskog lije\u010dni\u010dkog zbora ORGANIZACIJSKI ODBOR Predsjednik: Stjepko Ple\u0161tina Tajnica: Tajana Silovski \u010clanovi: Borislav Belev, Anu\u0161ka Budisavljevi\u0107, Natalija Dedi\u0107 Plaveti\u0107, Milena Gnjidi\u0107, Filip Grubi\u0161i\u0107-\u010cabo, Davorin Herceg, Anamarija Kova\u010d Pei\u0107, Tatjana Ladenhauser, Mario Nalbani, Sanja Ple\u0161tina, Juraj Prejac, Ana Te\u010di\u0107 Vuger, Dora Tomek Hamzi\u0107, Ljubica Vazdar, \u017deljko Vojnovi\u0107 ZNANSTVENI ODBOR Vesna Bi\u0161of, [&hellip;]<\/p>","protected":false},"author":1,"featured_media":0,"parent":0,"menu_order":0,"comment_status":"closed","ping_status":"closed","template":"","meta":{"footnotes":""},"class_list":["post-54","page","type-page","status-publish","hentry"],"_links":{"self":[{"href":"https:\/\/web.penta-pco.com\/hdio-2023\/en\/wp-json\/wp\/v2\/pages\/54","targetHints":{"allow":["GET"]}}],"collection":[{"href":"https:\/\/web.penta-pco.com\/hdio-2023\/en\/wp-json\/wp\/v2\/pages"}],"about":[{"href":"https:\/\/web.penta-pco.com\/hdio-2023\/en\/wp-json\/wp\/v2\/types\/page"}],"author":[{"embeddable":true,"href":"https:\/\/web.penta-pco.com\/hdio-2023\/en\/wp-json\/wp\/v2\/users\/1"}],"replies":[{"embeddable":true,"href":"https:\/\/web.penta-pco.com\/hdio-2023\/en\/wp-json\/wp\/v2\/comments?post=54"}],"version-history":[{"count":1,"href":"https:\/\/web.penta-pco.com\/hdio-2023\/en\/wp-json\/wp\/v2\/pages\/54\/revisions"}],"predecessor-version":[{"id":55,"href":"https:\/\/web.penta-pco.com\/hdio-2023\/en\/wp-json\/wp\/v2\/pages\/54\/revisions\/55"}],"wp:attachment":[{"href":"https:\/\/web.penta-pco.com\/hdio-2023\/en\/wp-json\/wp\/v2\/media?parent=54"}],"curies":[{"name":"wp","href":"https:\/\/api.w.org\/{rel}","templated":true}]}}