{"id":67,"date":"2023-07-28T12:46:56","date_gmt":"2023-07-28T10:46:56","guid":{"rendered":"https:\/\/web.penta-pco.com\/hdio-2023\/?page_id=67"},"modified":"2023-10-12T17:49:11","modified_gmt":"2023-10-12T15:49:11","slug":"kotizacije","status":"publish","type":"page","link":"https:\/\/web.penta-pco.com\/hdio-2023\/en\/kotizacije\/","title":{"rendered":"Registration"},"content":{"rendered":"<figure class=\"wp-block-image size-full\"><a href=\"https:\/\/registration.penta-pco.com\/webpage\/event-homepage.php\" target=\"_blank\" rel=\"noreferrer noopener\"><img decoding=\"async\" width=\"236\" height=\"53\" src=\"https:\/\/web.penta-pco.com\/hdio-2023\/wp-content\/uploads\/2023\/10\/button_Registracija-2.png\" alt=\"\" class=\"wp-image-306\" srcset=\"https:\/\/web.penta-pco.com\/hdio-2023\/wp-content\/uploads\/2023\/10\/button_Registracija-2.png 236w, https:\/\/web.penta-pco.com\/hdio-2023\/wp-content\/uploads\/2023\/10\/button_Registracija-2-18x4.png 18w\" sizes=\"(max-width: 236px) 100vw, 236px\" \/><\/a><\/figure>\n\n\n\n<div style=\"height:30px\" aria-hidden=\"true\" class=\"wp-block-spacer\"><\/div>\n\n\n\n<figure class=\"wp-block-flexible-table-block-table\"><table class=\"has-fixed-layout\"><thead><tr><th style=\"background-color:#6852a2;color:#ffffff;text-align:center\"><strong>REGISTRATION TYPE<\/strong><\/th><th style=\"background-color:#6852a2;color:#ffffff;text-align:center\"><strong><strong>Price for payments until September 15, 2023.<\/strong> <strong>&nbsp;<\/strong><\/strong><\/th><th style=\"background-color:#6852a2;color:#ffffff;text-align:center\"><strong>Price for payments from September 16, 2023.<\/strong><\/th><\/tr><\/thead><tbody><tr><td style=\"background-color:#479f99;color:#ffffff;text-align:center\">Medical doctors, Specialists<\/td><td style=\"background-color:#479f99;color:#ffffff;text-align:center\">350 EUR<\/td><td style=\"background-color:#479f99;color:#ffffff;text-align:center\">450 EUR&nbsp;<\/td><\/tr><tr><td style=\"background-color:#479f99;color:#ffffff;text-align:center\">Sponsors, exhibitors<\/td><td style=\"background-color:#479f99;color:#ffffff;text-align:center\">350 EUR<\/td><td style=\"background-color:#479f99;color:#ffffff;text-align:center\">450 EUR<\/td><\/tr><tr><td style=\"background-color:#479f99;color:#ffffff;text-align:center\">Residents and nurses<\/td><td style=\"background-color:#479f99;color:#ffffff;text-align:center\">200 EUR<\/td><td style=\"background-color:#479f99;color:#ffffff;text-align:center\">250 EUR<\/td><\/tr><tr><td style=\"background-color:#479f99;color:#ffffff;text-align:center\">Daily registration fee<\/td><td style=\"background-color:#479f99;color:#ffffff;text-align:center\">200 EUR<\/td><td style=\"background-color:#479f99;color:#ffffff;text-align:center\">250 EUR<\/td><\/tr><tr><td style=\"background-color:#479f99;color:#ffffff;text-align:center\">Accompanying person<\/td><td style=\"background-color:#479f99;color:#ffffff;text-align:center\">200 EUR<\/td><td style=\"background-color:#479f99;color:#ffffff;text-align:center\">300 EUR<\/td><\/tr><\/tbody><\/table><\/figure>\n\n\n\n<p><\/p>\n\n\n\n<p><strong>REGISTRATION FEE INCLUDES<\/strong><\/p>\n\n\n\n<ul class=\"wp-block-list\">\n<li>attendance at the professional program of Congresses and exhibitions<\/li>\n\n\n\n<li>congress materials (final program, book of abstracts in electronic form)<\/li>\n\n\n\n<li>presence at the official opening of the Congress and the welcome dinner<\/li>\n\n\n\n<li>refreshments during breaks, lunches on November 10 and 11, and a joint final gathering<\/li>\n\n\n\n<li>points of the Croatian Medical Chamber<\/li>\n\n\n\n<li>15 ESMO MORA points cat.1<\/li>\n\n\n\n<li>VAT<\/li>\n<\/ul>\n\n\n\n<div style=\"height:20px\" aria-hidden=\"true\" class=\"wp-block-spacer\"><\/div>\n\n\n\n<p><strong>DAILY REGISTRATION FEE INCLUDES<\/strong><\/p>\n\n\n\n<ul class=\"wp-block-list\">\n<li>attendance at the professional program of Congresses and exhibitions<\/li>\n\n\n\n<li>congress materials (final program, book of abstracts in electronic form)<\/li>\n\n\n\n<li>coffee and lunch breaks for a given day<\/li>\n\n\n\n<li>points of the Croatian Medical Chamber<\/li>\n\n\n\n<li>VAT<\/li>\n<\/ul>\n\n\n\n<div style=\"height:20px\" aria-hidden=\"true\" class=\"wp-block-spacer\"><\/div>\n\n\n\n<p><strong>FEES FOR AN ACCOMPANYING PERSON INCLUDES:<\/strong><\/p>\n\n\n\n<ul class=\"wp-block-list\">\n<li>presence at the official opening of the Congress and the welcome dinner<\/li>\n\n\n\n<li>refreshments during the breaks, lunches on November 10 and 11, and a joint final gathering<\/li>\n<\/ul>","protected":false},"excerpt":{"rendered":"<p>KOTIZACIJA UKLJU\u010cUJE: JEDNODNEVNA KOTIZACIJA UKLJU\u010cUJE: KOTIZACIJA ZA OSOBU U PRATNJI UKLJU\u010cUJE:<\/p>","protected":false},"author":1,"featured_media":0,"parent":0,"menu_order":0,"comment_status":"closed","ping_status":"closed","template":"","meta":{"footnotes":""},"class_list":["post-67","page","type-page","status-publish","hentry"],"_links":{"self":[{"href":"https:\/\/web.penta-pco.com\/hdio-2023\/en\/wp-json\/wp\/v2\/pages\/67","targetHints":{"allow":["GET"]}}],"collection":[{"href":"https:\/\/web.penta-pco.com\/hdio-2023\/en\/wp-json\/wp\/v2\/pages"}],"about":[{"href":"https:\/\/web.penta-pco.com\/hdio-2023\/en\/wp-json\/wp\/v2\/types\/page"}],"author":[{"embeddable":true,"href":"https:\/\/web.penta-pco.com\/hdio-2023\/en\/wp-json\/wp\/v2\/users\/1"}],"replies":[{"embeddable":true,"href":"https:\/\/web.penta-pco.com\/hdio-2023\/en\/wp-json\/wp\/v2\/comments?post=67"}],"version-history":[{"count":15,"href":"https:\/\/web.penta-pco.com\/hdio-2023\/en\/wp-json\/wp\/v2\/pages\/67\/revisions"}],"predecessor-version":[{"id":308,"href":"https:\/\/web.penta-pco.com\/hdio-2023\/en\/wp-json\/wp\/v2\/pages\/67\/revisions\/308"}],"wp:attachment":[{"href":"https:\/\/web.penta-pco.com\/hdio-2023\/en\/wp-json\/wp\/v2\/media?parent=67"}],"curies":[{"name":"wp","href":"https:\/\/api.w.org\/{rel}","templated":true}]}}