{"id":83,"date":"2023-07-28T12:54:02","date_gmt":"2023-07-28T10:54:02","guid":{"rendered":"https:\/\/web.penta-pco.com\/hdio-2023\/?page_id=83"},"modified":"2023-07-28T12:54:02","modified_gmt":"2023-07-28T10:54:02","slug":"smjestaj","status":"publish","type":"page","link":"https:\/\/web.penta-pco.com\/hdio-2023\/en\/smjestaj\/","title":{"rendered":"Accommodation"},"content":{"rendered":"<p>Radisson Blu Hotel Split<\/p>\n\n\n\n<p>Address: Put Trstenika 19, 21000, Split<\/p>\n\n\n\n<p>Hotel category: Congress hotel<\/p>\n\n\n\n<p>Period of stay: 09 - 12.11.2023.<\/p>\n\n\n\n<p><strong>Price per room and night:<\/strong><\/p>\n\n\n\n<ul class=\"wp-block-list\">\n<li>Single room 115 EUR&nbsp;<\/li>\n\n\n\n<li>Double room 140 EUR&nbsp;&nbsp;<\/li>\n<\/ul>\n\n\n\n<p><strong>Price includes:<\/strong><\/p>\n\n\n\n<p>bed and breakfast, tourist tax, Internet, parking, VAT.<\/p>\n\n\n\n<p><strong>Conditions for booking accommodation<\/strong><\/p>\n\n\n\n<ul class=\"wp-block-list\">\n<li>All changes and cancellations of reservations must be reported in writing to the technical organizer's email address <a href=\"mailto:silvija.matic@penta-zagreb.hr\">mailto:silvija.matic@penta-zagreb.hr<\/a><\/li>\n\n\n\n<li>Guest name changes are possible until October 9, 2023. without costs<\/li>\n\n\n\n<li>For guest name changes from 10.10.2023. the cost of the change is 20 EUR per reservation<\/li>\n\n\n\n<li>For reservations canceled until October 1, 2023. cancellation costs amount to 50% of the accommodation price<\/li>\n\n\n\n<li>For reservations canceled from 02.10. until 09.11.2023. as well as late arrival, early departure or no show, the costs amount to 100% of the accommodation price<\/li>\n<\/ul>","protected":false},"excerpt":{"rendered":"<p>Radisson Blu Hotel Split Adresa: Put Trstenika 19, 21000, Split Kategorija hotela: Kongresni hotel (Hotel Congress) Termin boravka: 09 \u2013 12.11.2023. Cijena po sobi i no\u0107enju: Cijena uklju\u010duje: smje\u0161taj na bazi 1 no\u0107enja s doru\u010dkom, boravi\u0161nu pristojbu, Internet, parking, PDV. Uvjeti za rezervacije smje\u0161taja<\/p>","protected":false},"author":1,"featured_media":0,"parent":0,"menu_order":0,"comment_status":"closed","ping_status":"closed","template":"","meta":{"footnotes":""},"class_list":["post-83","page","type-page","status-publish","hentry"],"_links":{"self":[{"href":"https:\/\/web.penta-pco.com\/hdio-2023\/en\/wp-json\/wp\/v2\/pages\/83","targetHints":{"allow":["GET"]}}],"collection":[{"href":"https:\/\/web.penta-pco.com\/hdio-2023\/en\/wp-json\/wp\/v2\/pages"}],"about":[{"href":"https:\/\/web.penta-pco.com\/hdio-2023\/en\/wp-json\/wp\/v2\/types\/page"}],"author":[{"embeddable":true,"href":"https:\/\/web.penta-pco.com\/hdio-2023\/en\/wp-json\/wp\/v2\/users\/1"}],"replies":[{"embeddable":true,"href":"https:\/\/web.penta-pco.com\/hdio-2023\/en\/wp-json\/wp\/v2\/comments?post=83"}],"version-history":[{"count":1,"href":"https:\/\/web.penta-pco.com\/hdio-2023\/en\/wp-json\/wp\/v2\/pages\/83\/revisions"}],"predecessor-version":[{"id":84,"href":"https:\/\/web.penta-pco.com\/hdio-2023\/en\/wp-json\/wp\/v2\/pages\/83\/revisions\/84"}],"wp:attachment":[{"href":"https:\/\/web.penta-pco.com\/hdio-2023\/en\/wp-json\/wp\/v2\/media?parent=83"}],"curies":[{"name":"wp","href":"https:\/\/api.w.org\/{rel}","templated":true}]}}