{"id":139,"date":"2023-09-15T09:16:06","date_gmt":"2023-09-15T07:16:06","guid":{"rendered":"https:\/\/web.penta-pco.com\/hdio-2023\/?page_id=139"},"modified":"2023-11-12T13:30:07","modified_gmt":"2023-11-12T12:30:07","slug":"sazeci","status":"publish","type":"page","link":"https:\/\/web.penta-pco.com\/hdio-2023\/sazeci\/","title":{"rendered":"Sa\u017eeci"},"content":{"rendered":"\n<p><strong>Knjigu sa\u017eetaka preuzmite <a href=\"https:\/\/web.penta-pco.com\/hdio-2023\/wp-content\/uploads\/2023\/11\/supl_15-kongres-HDIO_web.pdf\">ovdje<\/a>. <\/strong><\/p>\n\n\n\n<p>Predlo\u017eak za izradu prezentacija preuzmite <a href=\"https:\/\/web.penta-pco.com\/hdio-2023\/wp-content\/uploads\/2023\/11\/HDIO-2023-PPT-TEMPLATE.pptx\">ovdje<\/a>.<\/p>\n\n\n\n<h2 class=\"wp-block-heading has-medium-font-size\"><strong>UPUTE ZA PISANJE SA\u017dETAKA<\/strong><\/h2>\n\n\n\n<ul class=\"wp-block-list\">\n<li>Svi poslani sa\u017eetci bit \u0107e objavljeni u suplementu Lije\u010dni\u010dkog vjesnika. Vrijede iste upute za autore, ukoliko nije druga\u010dije nagla\u0161eno u na\u0161im uputama. Poveznica:&nbsp;<a href=\"https:\/\/lijecnicki-vjesnik.hlz.hr\/upute-autorima\/\" target=\"_blank\" rel=\"noreferrer noopener\">https:\/\/lijecnicki-vjesnik.hlz.hr\/upute-autorima\/<\/a><\/li>\n\n\n\n<li>Imena&nbsp;i prezimena autora i koautora, afilijacija i naslov nisu uklju\u010deni u opseg sa\u017eetka niti rada.<\/li>\n\n\n\n<li>Ime autora koji \u0107e izlo\u017eiti rad pisati velikim slovima.<\/li>\n\n\n\n<li>Prezime i inicijale imena autora i koautora pisati bez titula.<\/li>\n\n\n\n<li>Navesti PUNI naziv institucije autora. Molim na stranicama ustanove provjeriti ISPRAVAN naziv. Naziv institucije bira se iz padaju\u0107eg izbornika. Ukoliko u popisu institucija ne postoji va\u0161a institucija, kliknite na \u201eOstalo\u201c i upi\u0161ite punim naziv institucije.&nbsp;<\/li>\n\n\n\n<li>Navesti grad i dr\u017eavu autora i koautora na hrvatskom i engleskom jeziku u pripadaju\u0107em sa\u017eetku.<\/li>\n\n\n\n<li>Navesti e-mail adresu autora<\/li>\n\n\n\n<li>Sa\u017eetke je potrebno poslati i na hrvatskom i na engleskom jeziku.&nbsp;<\/li>\n\n\n\n<li>Inozemni sudionici \u0161alju sa\u017eetak i\/ili rad samo na engleskom jeziku.<\/li>\n\n\n\n<li>Uz sa\u017eetke nije potrebno prilagati popis literature. Popis literature potrebno je prilo\u017eiti uz poster i\/ili <em>In extenso<\/em> rad. Literaturu je potrebno pisati prema <em>Vancouverskom na\u010dinu. <\/em>Za detalje molim vidjeti upute za autore Lije\u010dni\u010dkog vjesnika. (vidi poveznicu gore).<\/li>\n\n\n\n<li>Uz sa\u017eetak dozvoljeno je u\u010ditavanje jedne jednostavne tablice (u sa\u017eetku je potrebno ozna\u010diti mjesto za tablicu (Tablica 1)<\/li>\n\n\n\n<li>Sa\u017eetci ne\u0107e biti lektorirani. Za jezi\u010dnu i sadr\u017eajnu ispravnost odgovara autor.<\/li>\n<\/ul>\n\n\n\n<div style=\"height:20px\" aria-hidden=\"true\" class=\"wp-block-spacer\"><\/div>\n\n\n\n<h2 class=\"wp-block-heading has-medium-font-size\"><strong>KATEGORIJE SA\u017dETAKA I UPUTE<\/strong><\/h2>\n\n\n\n<p><strong>SA\u017dETCI PREDAVANJA<\/strong><\/p>\n\n\n\n<ul class=\"wp-block-list\">\n<li>Sa\u017eetci predavanja ne trebaju zadovoljavati odre\u0111enu formu, ve\u0107 pratiti formu predavanja.&nbsp;<\/li>\n\n\n\n<li>Sa\u017eetci predavanja ne\u0107e se prihva\u0107ati kao&nbsp;<em>In extenso&nbsp;<\/em>rad. Ista tema se mo\u017ee obraditi i odvojeno prijaviti kao&nbsp;<em>In extenso<\/em>&nbsp;rad prema uputama. U tom slu\u010daju prijaviti odvojeni rad pod kategorijom <em>In extenso<\/em> rad koji zadovoljava formu prema LV uputama.&nbsp;Tada se sa\u017eetak predavanja mo\u017ee poslati posebno ili pak kopirati iz sa\u017eetka<em>&nbsp;In extenso<\/em>&nbsp;rada.<\/li>\n\n\n\n<li>Sa\u017eetak predavanja nije obavezno prijaviti. Ukoliko sa\u017eetak predavanja nije prijavljen, ne mo\u017ee se naknadno priznati kao priop\u0107enje na stru\u010dnom ili znanstvenom skupu.<\/li>\n<\/ul>\n\n\n\n<ul class=\"wp-block-list\">\n<li>1) <strong>Sa\u017eetak plenarnog predavanja \u2013<\/strong> najvi\u0161e 1200 rije\u010di<\/li>\n\n\n\n<li>2) <strong>Sa\u017eetak kratkog predavanja<\/strong> \u2013 najvi\u0161e 300 rije\u010di<\/li>\n\n\n\n<li>3) <strong>Sa\u017eetak predavanja &#8211; prikaza slu\u010daja<\/strong> &#8211; najvi\u0161e 300 rije\u010di, forma: uvod, prikaz slu\u010daja, zaklju\u010dak; prikazi slu\u010dajeva koji su dio poster sekcije prijavljuj se zasebno.<\/li>\n<\/ul>\n\n\n\n<div style=\"height:20px\" aria-hidden=\"true\" class=\"wp-block-spacer\"><\/div>\n\n\n\n<p><strong>SA\u017dETCI POSTERA<\/strong><\/p>\n\n\n\n<p>1) <strong>Sa\u017eetak postera &#8211; prikaz slu\u010daja:<\/strong> najvi\u0161e 300 rije\u010di, forma: uvod, prikaz slu\u010daja, zaklju\u010dak, klju\u010dne rije\u010di (najvi\u0161e 3)<\/p>\n\n\n\n<p>2) <strong>Sa\u017eetak postera &#8211; originalni rad<\/strong>: najvi\u0161e 300 rije\u010di, forma: uvod, metode, rezultati, zaklju\u010dak, klju\u010dne rije\u010di (najvi\u0161e 3)<\/p>\n\n\n\n<div style=\"height:20px\" aria-hidden=\"true\" class=\"wp-block-spacer\"><\/div>\n\n\n\n<p><strong><em>IN EXTENSO<\/em>&nbsp;RADOVI<\/strong><\/p>\n\n\n\n<ul class=\"wp-block-list\">\n<li>Mogu\u0107e je prijaviti izvorni znanstveni rad, pregled literature i prikaz bolesnika s pregledom literature.<\/li>\n\n\n\n<li>Uz&nbsp;<em>In extenso<\/em>&nbsp;rad molim prilo\u017eiti sa\u017eetak na engleskom i hrvatskom jeziku prema uputama gore, s 3 klju\u010dne rije\u010di. Ograni\u010diti svaki&nbsp;sa\u017eetak&nbsp;na najvi\u0161e do 300 rije\u010di.<\/li>\n\n\n\n<li>Obzirom da se sa\u017eetci i radovi objavljuju u Suplementu Lije\u010dni\u010dkom vjesniku, vrijede iste upute za autore, ukoliko nije druga\u010dije nagla\u0161eno u na\u0161im uputama (vidi poveznicu gore).<\/li>\n\n\n\n<li>1) <strong><em>In extenso<\/em> rad &#8211; izvorni znanstevni rad:<\/strong> najvi\u0161e 6000 rije\u010di i svaki sa\u017eetak najvi\u0161e 300 rijeci.&nbsp;<\/li>\n\n\n\n<li>2) <strong><em>In extenso<\/em> rad &#8211; pregledni rad<\/strong>: najvi\u0161e 10000 rije\u010di i svaki sa\u017eetak najvi\u0161e 300 rije\u010di&nbsp;<\/li>\n\n\n\n<li>3) <strong><em>In extenso<\/em> rad &#8211; prikaz slu\u010daja s pregledom literature<\/strong>: najvi\u0161e 5000 rije\u010di i svaki sa\u017eetak najvi\u0161e 300 rije\u010di.&nbsp;<\/li>\n<\/ul>\n\n\n\n<div style=\"height:20px\" aria-hidden=\"true\" class=\"wp-block-spacer\"><\/div>\n\n\n\n<p><strong>UPUTE ZA ONLINE SLANJE SA\u017dETAKA<\/strong><\/p>\n\n\n\n<p>Svako obavezno polje online prijave sa\u017eetka mora biti ispunjeno. Kako bi sa\u017eetak bio uspje\u0161no poslan, na zadnjem koraku potrebno je kliknuti na gumb \u201cZavr\u0161i\u201d.&nbsp;<\/p>\n\n\n\n<p>Poslani sa\u017eetak mo\u017ee se pregledati klikom na gumb \u201cPregled\u201d, a eventualne korekcije na poslanom sa\u017eetku mogu\u0107e su do <strong>15.10.2023<\/strong>. klikom na gumb \u201cUre\u0111ivanje\u201d.<\/p>\n\n\n\n<p><strong>Autori prilikom online slanja sa\u017eetaka imaju mogu\u0107nost izbora:<\/strong><\/p>\n\n\n\n<ul class=\"wp-block-list\">\n<li>kategorije: lije\u010dnik ili medicinska sestra<\/li>\n\n\n\n<li>vrste sa\u017eetka: poster ili pozvani predava\u010d ili <em>In extenso<\/em> rad<\/li>\n\n\n\n<li>kategorije sa\u017eetka:\n<ul class=\"wp-block-list\">\n<li><strong>za sudionike (poster)<\/strong>: Sa\u017eetak postera &#8211; prikaz slu\u010daja ili Sa\u017eetak postera &#8211; originalni rad ili <em>In extenso<\/em> rad<\/li>\n\n\n\n<li><strong>za pozvane predava\u010de<\/strong>: sa\u017eetak plenarnog predavanja, sa\u017eetak kratkog predavanja, Sa\u017eetak predavanja &#8211; prikaza slu\u010daja, <em>In extenso<\/em> rad<\/li>\n<\/ul>\n<\/li>\n<\/ul>\n\n\n\n<div style=\"height:20px\" aria-hidden=\"true\" class=\"wp-block-spacer\"><\/div>\n\n\n\n<p><strong>UPUTE ZA PRIPREMU E-POSTERA<\/strong><\/p>\n\n\n\n<ul class=\"wp-block-list\">\n<li>Postere treba pripremiti na hrvatskom ili engleskom jeziku.<\/li>\n\n\n\n<li>Online slanje e-postera biti \u0107e mogu\u0107e tek nakon \u0161to Organizacijski odbor donese odluku o prihva\u0107enim sa\u017eetcima o \u010demu \u0107ete biti pravovremeno obavije\u0161teni.<\/li>\n\n\n\n<li>Svaki e-poster mora biti predan online. Autori koji su ve\u0107 predali svoj sa\u017eetak online moraju se prijaviti na sustav sa svojim korisni\u010dkim imenom i lozinkom. Nakon prijave potrebno je kliknuti na \u201cAbstract submission\u201d. Za svaki prijavljeni sa\u017eetak pojavit \u0107e se gumb \u201cUpload\u201d.<\/li>\n\n\n\n<li>Svaki e-poster mora biti predan od iste osobe (korisni\u010dkog ra\u010duna) koja je predala sa\u017eetak.<\/li>\n<\/ul>\n\n\n\n<div style=\"height:20px\" aria-hidden=\"true\" class=\"wp-block-spacer\"><\/div>\n\n\n\n<p><strong>Spremanje e-postera u .jpg \/ .png formatu:<\/strong><\/p>\n\n\n\n<ul class=\"wp-block-list\">\n<li>dimenzije e-postera moraju biti 1920\u00d71080 piksela (pejza\u017eni format).<\/li>\n\n\n\n<li>molimo da ne koristite fontove veli\u010dine manje od 10pt.<\/li>\n\n\n\n<li>veli\u010dina datoteke mora biti manja od 20 MB.<\/li>\n<\/ul>\n\n\n\n<div style=\"height:20px\" aria-hidden=\"true\" class=\"wp-block-spacer\"><\/div>\n\n\n\n<p><strong>Spremanje e-postera izra\u0111enog u PowerPoint-u (Save As .jpg \/ .png):<\/strong><\/p>\n\n\n\n<ul class=\"wp-block-list\">\n<li>e-poster mora sadr\u017eavati SAMO JEDAN dijapozitiv na kojem je prikazan cijeli sadr\u017eaj postera.<\/li>\n\n\n\n<li>molimo da ne koristite fontove manje veli\u010dine od 10pt.<\/li>\n\n\n\n<li>veli\u010dina datoteke mora biti manja od 20 MB.<\/li>\n\n\n\n<li>dozvoljen je samo jedan e-poster po sa\u017eetku<\/li>\n\n\n\n<li>e-posteri ne smiju sadr\u017eavati audio \/ video zapise ili pokretne slike.<\/li>\n<\/ul>\n\n\n\n<div style=\"height:20px\" aria-hidden=\"true\" class=\"wp-block-spacer\"><\/div>\n\n\n\n<p>Kako bi e-poster prilikom spremanja odgovarao potrebnim dimenzijama, mo\u017eete preuzeti prazni predlo\u017eak e-postera <a href=\"https:\/\/web.penta-pco.com\/hdio-2023\/wp-content\/uploads\/2023\/10\/e-poster-template-.ppt\" target=\"_blank\" rel=\"noreferrer noopener\">ovdje<\/a><\/p>\n\n\n\n<p>Predlo\u017eak prezentacije mo\u017eete preuzeti <a href=\"https:\/\/web.penta-pco.com\/hdio-2023\/wp-content\/uploads\/2023\/10\/HDIO-2023-PPT-predlozak-prezentacije.pptx\" target=\"_blank\" rel=\"noreferrer noopener\">\u2b07\ufe0e ovdje<\/a>.<\/p>\n","protected":false},"excerpt":{"rendered":"<p>Knjigu sa\u017eetaka preuzmite ovdje. Predlo\u017eak za izradu prezentacija preuzmite ovdje. UPUTE ZA PISANJE SA\u017dETAKA KATEGORIJE SA\u017dETAKA I UPUTE SA\u017dETCI PREDAVANJA SA\u017dETCI POSTERA 1) Sa\u017eetak postera &#8211; prikaz slu\u010daja: najvi\u0161e 300 rije\u010di, forma: uvod, prikaz slu\u010daja, zaklju\u010dak, klju\u010dne rije\u010di (najvi\u0161e 3) 2) Sa\u017eetak postera &#8211; originalni rad: najvi\u0161e 300 rije\u010di, forma: uvod, metode, rezultati, zaklju\u010dak, klju\u010dne [&hellip;]<\/p>\n","protected":false},"author":3,"featured_media":0,"parent":0,"menu_order":0,"comment_status":"closed","ping_status":"closed","template":"","meta":{"footnotes":""},"class_list":["post-139","page","type-page","status-publish","hentry"],"_links":{"self":[{"href":"https:\/\/web.penta-pco.com\/hdio-2023\/wp-json\/wp\/v2\/pages\/139","targetHints":{"allow":["GET"]}}],"collection":[{"href":"https:\/\/web.penta-pco.com\/hdio-2023\/wp-json\/wp\/v2\/pages"}],"about":[{"href":"https:\/\/web.penta-pco.com\/hdio-2023\/wp-json\/wp\/v2\/types\/page"}],"author":[{"embeddable":true,"href":"https:\/\/web.penta-pco.com\/hdio-2023\/wp-json\/wp\/v2\/users\/3"}],"replies":[{"embeddable":true,"href":"https:\/\/web.penta-pco.com\/hdio-2023\/wp-json\/wp\/v2\/comments?post=139"}],"version-history":[{"count":29,"href":"https:\/\/web.penta-pco.com\/hdio-2023\/wp-json\/wp\/v2\/pages\/139\/revisions"}],"predecessor-version":[{"id":395,"href":"https:\/\/web.penta-pco.com\/hdio-2023\/wp-json\/wp\/v2\/pages\/139\/revisions\/395"}],"wp:attachment":[{"href":"https:\/\/web.penta-pco.com\/hdio-2023\/wp-json\/wp\/v2\/media?parent=139"}],"curies":[{"name":"wp","href":"https:\/\/api.w.org\/{rel}","templated":true}]}}