{"id":17,"date":"2023-07-28T12:04:08","date_gmt":"2023-07-28T10:04:08","guid":{"rendered":"https:\/\/web.penta-pco.com\/hdio-2023\/?page_id=17"},"modified":"2023-10-22T22:54:09","modified_gmt":"2023-10-22T20:54:09","slug":"dobrodosli","status":"publish","type":"page","link":"https:\/\/web.penta-pco.com\/hdio-2023\/","title":{"rendered":"Dobrodo\u0161li"},"content":{"rendered":"\n<p>Po\u0161tovane kolegice i kolege, dame i gospodo, dragi prijatelji,<\/p>\n\n\n\n<div style=\"height:20px\" aria-hidden=\"true\" class=\"wp-block-spacer\"><\/div>\n\n\n\n<p>Zlo\u0107udne bolesti predstavljaju sve ve\u0107i javnozdravstveni problem svugdje u svijetu. Prvi su uzrok smrtnosti u radno aktivnoj populaciji mla\u0111ih od 65 godina u Hrvatskoj. Jo\u0161 je velika razlika izme\u0111u ishoda lije\u010dnja kod nas i u najrazvijenijim zemljema EU kojpj pripadamo. Svjedo\u010dimo daljnjem napretku onkologije, u svijetu, ali i u nas, iz godine u godinu, od na\u0161eg kongresa do idu\u0107eg. \u0160to mo\u017eemo vi\u0161e i bolje? Mnogo je zanimljivosti o kojima \u0107emo imati prilike raspraviti na <strong>15. kongresu Hrvatskog dru\u0161tva za internisti\u010dku onkologiju s me\u0111unarodnim sudjelovanjem<\/strong>, koji \u0107e se odr\u017eati u<strong> Radisson Blu Hotelu Split, od 09. do 12. studenog 2023.<\/strong><\/p>\n\n\n\n<p>Vjerujem da \u0107emo tih nekoliko dana u ugodnoj atmosferi posvetiti u\u010denju i razmjeni iskustava, novostima i dilemama, pitanjima i odgovorima u onkologiji, te doprinijeti daljnjem pobolj\u0161anju ishoda lije\u010denja na\u0161ih bolesnika. Kao i do sada, trudit \u0107emo se osigurati sudjelovanje svih struka koje u zbrinjavanju onkolo\u0161kih bolesnika trebaju sudjelovati, od inicijalne dijagnostike do rehabilitacije, osobito mladih.<\/p>\n\n\n\n<p>Dobro do\u0161li u Split na 15. Kongres Hrvatskog dru\u0161tva za internisti\u010dku onkologiju HLZ-a s me\u0111unarodnim sudjelovanjem!<\/p>\n\n\n\n<div style=\"height:20px\" aria-hidden=\"true\" class=\"wp-block-spacer\"><\/div>\n\n\n\n<p>Stjepko Ple\u0161tina<\/p>\n\n\n\n<p>Predsjednik Hrvatskog dru\u0161tva za internisti\u010dku onkologiju Hrvatskog lije\u010dni\u010dkog zbora (HDIO)<\/p>\n","protected":false},"excerpt":{"rendered":"<p>Po\u0161tovane kolegice i kolege, dame i gospodo, dragi prijatelji, Zlo\u0107udne bolesti predstavljaju sve ve\u0107i javnozdravstveni problem svugdje u svijetu. Prvi su uzrok smrtnosti u radno aktivnoj populaciji mla\u0111ih od 65 godina u Hrvatskoj. Jo\u0161 je velika razlika izme\u0111u ishoda lije\u010dnja kod nas i u najrazvijenijim zemljema EU kojpj pripadamo. Svjedo\u010dimo daljnjem napretku onkologije, u svijetu, [&hellip;]<\/p>\n","protected":false},"author":1,"featured_media":0,"parent":0,"menu_order":0,"comment_status":"closed","ping_status":"closed","template":"","meta":{"footnotes":""},"class_list":["post-17","page","type-page","status-publish","hentry"],"_links":{"self":[{"href":"https:\/\/web.penta-pco.com\/hdio-2023\/wp-json\/wp\/v2\/pages\/17","targetHints":{"allow":["GET"]}}],"collection":[{"href":"https:\/\/web.penta-pco.com\/hdio-2023\/wp-json\/wp\/v2\/pages"}],"about":[{"href":"https:\/\/web.penta-pco.com\/hdio-2023\/wp-json\/wp\/v2\/types\/page"}],"author":[{"embeddable":true,"href":"https:\/\/web.penta-pco.com\/hdio-2023\/wp-json\/wp\/v2\/users\/1"}],"replies":[{"embeddable":true,"href":"https:\/\/web.penta-pco.com\/hdio-2023\/wp-json\/wp\/v2\/comments?post=17"}],"version-history":[{"count":9,"href":"https:\/\/web.penta-pco.com\/hdio-2023\/wp-json\/wp\/v2\/pages\/17\/revisions"}],"predecessor-version":[{"id":360,"href":"https:\/\/web.penta-pco.com\/hdio-2023\/wp-json\/wp\/v2\/pages\/17\/revisions\/360"}],"wp:attachment":[{"href":"https:\/\/web.penta-pco.com\/hdio-2023\/wp-json\/wp\/v2\/media?parent=17"}],"curies":[{"name":"wp","href":"https:\/\/api.w.org\/{rel}","templated":true}]}}