{"id":57,"date":"2023-07-28T12:42:35","date_gmt":"2023-07-28T10:42:35","guid":{"rendered":"https:\/\/web.penta-pco.com\/hdio-2023\/?page_id=57"},"modified":"2023-07-28T12:42:35","modified_gmt":"2023-07-28T10:42:35","slug":"teme","status":"publish","type":"page","link":"https:\/\/web.penta-pco.com\/hdio-2023\/teme\/","title":{"rendered":"Teme"},"content":{"rendered":"\n<ul class=\"wp-block-list\">\n<li>Podaci o pojavosti i smrtnosti od zlo\u0107udh bolesti u RH \u2013 \u0161to se mijenja?<\/li>\n\n\n\n<li>Novosti i kontroverze u lije\u010denju bolesnika s<ul><li>rakom plu\u0107a<\/li><\/ul><ul><li>rakom dojke<\/li><\/ul><ul><li>tumorima probavnih organa<\/li><\/ul><ul><li>urogenitalnim tumorima<\/li><\/ul><ul><li>mezenhimalnim i rijetkim tumorima<\/li><\/ul><ul><li>melanomom<\/li><\/ul><ul><li>tumorima sredi\u0161njeg \u017eiv\u010danog sustava, glave i vrata<\/li><\/ul>\n<ul class=\"wp-block-list\">\n<li>ginekolo\u0161kim tumorima<\/li>\n<\/ul>\n<\/li>\n\n\n\n<li>Potporno i palijativno lije\u010denje \u2013 sveobuhvatna skrb o onkolo\u0161kom bolesniku<\/li>\n\n\n\n<li>Mogu\u0107nosti i zna\u010daj genskog profiliranja tumora<\/li>\n\n\n\n<li>Novosti s ASCO i ESMO 2023., te drugih, me\u0111unarodenih skupova koje imaju utjecaj na na\u0161u klini\u010dku praksu<\/li>\n\n\n\n<li>Gdje smo s reformom zdravstva i Nacionalnom strategijom borbe protiv raka i \u0161to smo do sada implementirali od \u201eAkcijskog plana\u201c<\/li>\n<\/ul>\n","protected":false},"excerpt":{"rendered":"","protected":false},"author":1,"featured_media":0,"parent":0,"menu_order":0,"comment_status":"closed","ping_status":"closed","template":"","meta":{"footnotes":""},"class_list":["post-57","page","type-page","status-publish","hentry"],"_links":{"self":[{"href":"https:\/\/web.penta-pco.com\/hdio-2023\/wp-json\/wp\/v2\/pages\/57","targetHints":{"allow":["GET"]}}],"collection":[{"href":"https:\/\/web.penta-pco.com\/hdio-2023\/wp-json\/wp\/v2\/pages"}],"about":[{"href":"https:\/\/web.penta-pco.com\/hdio-2023\/wp-json\/wp\/v2\/types\/page"}],"author":[{"embeddable":true,"href":"https:\/\/web.penta-pco.com\/hdio-2023\/wp-json\/wp\/v2\/users\/1"}],"replies":[{"embeddable":true,"href":"https:\/\/web.penta-pco.com\/hdio-2023\/wp-json\/wp\/v2\/comments?post=57"}],"version-history":[{"count":1,"href":"https:\/\/web.penta-pco.com\/hdio-2023\/wp-json\/wp\/v2\/pages\/57\/revisions"}],"predecessor-version":[{"id":58,"href":"https:\/\/web.penta-pco.com\/hdio-2023\/wp-json\/wp\/v2\/pages\/57\/revisions\/58"}],"wp:attachment":[{"href":"https:\/\/web.penta-pco.com\/hdio-2023\/wp-json\/wp\/v2\/media?parent=57"}],"curies":[{"name":"wp","href":"https:\/\/api.w.org\/{rel}","templated":true}]}}