{"id":67,"date":"2023-07-28T12:46:56","date_gmt":"2023-07-28T10:46:56","guid":{"rendered":"https:\/\/web.penta-pco.com\/hdio-2023\/?page_id=67"},"modified":"2023-10-12T17:49:11","modified_gmt":"2023-10-12T15:49:11","slug":"kotizacije","status":"publish","type":"page","link":"https:\/\/web.penta-pco.com\/hdio-2023\/kotizacije\/","title":{"rendered":"Kotizacije"},"content":{"rendered":"\n<figure class=\"wp-block-image size-full\"><a href=\"https:\/\/registration.penta-pco.com\/webpage\/event-homepage.php\" target=\"_blank\" rel=\"noreferrer noopener\"><img decoding=\"async\" width=\"236\" height=\"53\" src=\"https:\/\/web.penta-pco.com\/hdio-2023\/wp-content\/uploads\/2023\/10\/button_Registracija-2.png\" alt=\"\" class=\"wp-image-306\" srcset=\"https:\/\/web.penta-pco.com\/hdio-2023\/wp-content\/uploads\/2023\/10\/button_Registracija-2.png 236w, https:\/\/web.penta-pco.com\/hdio-2023\/wp-content\/uploads\/2023\/10\/button_Registracija-2-18x4.png 18w\" sizes=\"(max-width: 236px) 100vw, 236px\" \/><\/a><\/figure>\n\n\n\n<div style=\"height:30px\" aria-hidden=\"true\" class=\"wp-block-spacer\"><\/div>\n\n\n\n<figure class=\"wp-block-flexible-table-block-table\"><table class=\"has-fixed-layout\"><thead><tr><th style=\"background-color:#6852a2;color:#ffffff;text-align:center\"><strong>VRSTA KOTIZACIJE<\/strong><\/th><th style=\"background-color:#6852a2;color:#ffffff;text-align:center\"><strong><strong>Cijena za uplate do 15.09.2023.<\/strong> <strong>&nbsp;<\/strong><\/strong><\/th><th style=\"background-color:#6852a2;color:#ffffff;text-align:center\"><strong>Cijena za uplate od 16.09.2023.<\/strong><\/th><\/tr><\/thead><tbody><tr><td style=\"background-color:#479f99;color:#ffffff;text-align:center\">Lije\u010dnici specijalisti<\/td><td style=\"background-color:#479f99;color:#ffffff;text-align:center\">350 EUR<\/td><td style=\"background-color:#479f99;color:#ffffff;text-align:center\">450 EUR&nbsp;<\/td><\/tr><tr><td style=\"background-color:#479f99;color:#ffffff;text-align:center\">Sponzori, izlaga\u010di<\/td><td style=\"background-color:#479f99;color:#ffffff;text-align:center\">350 EUR<\/td><td style=\"background-color:#479f99;color:#ffffff;text-align:center\">450 EUR<\/td><\/tr><tr><td style=\"background-color:#479f99;color:#ffffff;text-align:center\">Specijalizanti i medicinske sestre<\/td><td style=\"background-color:#479f99;color:#ffffff;text-align:center\">200 EUR<\/td><td style=\"background-color:#479f99;color:#ffffff;text-align:center\">250 EUR<\/td><\/tr><tr><td style=\"background-color:#479f99;color:#ffffff;text-align:center\">Dnevna kotizacija<\/td><td style=\"background-color:#479f99;color:#ffffff;text-align:center\">200 EUR<\/td><td style=\"background-color:#479f99;color:#ffffff;text-align:center\">250 EUR<\/td><\/tr><tr><td style=\"background-color:#479f99;color:#ffffff;text-align:center\">Osoba u pratnji<\/td><td style=\"background-color:#479f99;color:#ffffff;text-align:center\">200 EUR<\/td><td style=\"background-color:#479f99;color:#ffffff;text-align:center\">300 EUR<\/td><\/tr><\/tbody><\/table><\/figure>\n\n\n\n<p><\/p>\n\n\n\n<p><strong>KOTIZACIJA UKLJU\u010cUJE:<\/strong><\/p>\n\n\n\n<ul class=\"wp-block-list\">\n<li>nazo\u010dnost stru\u010dnom programu Kongresa i izlo\u017ebi<\/li>\n\n\n\n<li>kongresne materijale (kona\u010dni program, knjigu sa\u017eetaka u elektronskom obliku)<\/li>\n\n\n\n<li>nazo\u010dnost na sve\u010danom otvorenju Kongresa I domjenku dobrodo\u0161lice<\/li>\n\n\n\n<li>osvje\u017eenje u stankama, ru\u010dkove 10. i 11.11, te zajedni\u010dko zavr\u0161no dru\u017eenje<\/li>\n\n\n\n<li>bodove Hrvatske lije\u010dni\u010dke komore<\/li>\n\n\n\n<li>15 ESMO MORA bodova 1. kategorije<\/li>\n\n\n\n<li>PDV<\/li>\n<\/ul>\n\n\n\n<div style=\"height:20px\" aria-hidden=\"true\" class=\"wp-block-spacer\"><\/div>\n\n\n\n<p><strong>JEDNODNEVNA KOTIZACIJA UKLJU\u010cUJE:<\/strong><\/p>\n\n\n\n<ul class=\"wp-block-list\">\n<li>nazo\u010dnost stru\u010dnom programu Kongresa i izlo\u017ebi<\/li>\n\n\n\n<li>kongresne materijale (kona\u010dni program, knjigu sa\u017eetaka u elektronskom obliku)<\/li>\n\n\n\n<li>pauze za kavu i ru\u010dak za odre\u0111eni dan<\/li>\n\n\n\n<li>bodove Hrvatske lije\u010dni\u010dke komore<\/li>\n\n\n\n<li>PDV<\/li>\n<\/ul>\n\n\n\n<div style=\"height:20px\" aria-hidden=\"true\" class=\"wp-block-spacer\"><\/div>\n\n\n\n<p><strong>KOTIZACIJA ZA OSOBU U PRATNJI UKLJU\u010cUJE:<\/strong><\/p>\n\n\n\n<ul class=\"wp-block-list\">\n<li>nazo\u010dnost na sve\u010danom otvorenju Kongresa I domjenku dobrodo\u0161lice<\/li>\n\n\n\n<li>osvje\u017eenje u stankama, ru\u010dkove 10. i 11.11.. te zajedni\u010dko zavr\u0161no dru\u017eenje<\/li>\n<\/ul>\n","protected":false},"excerpt":{"rendered":"<p>KOTIZACIJA UKLJU\u010cUJE: JEDNODNEVNA KOTIZACIJA UKLJU\u010cUJE: KOTIZACIJA ZA OSOBU U PRATNJI UKLJU\u010cUJE:<\/p>\n","protected":false},"author":1,"featured_media":0,"parent":0,"menu_order":0,"comment_status":"closed","ping_status":"closed","template":"","meta":{"footnotes":""},"class_list":["post-67","page","type-page","status-publish","hentry"],"_links":{"self":[{"href":"https:\/\/web.penta-pco.com\/hdio-2023\/wp-json\/wp\/v2\/pages\/67","targetHints":{"allow":["GET"]}}],"collection":[{"href":"https:\/\/web.penta-pco.com\/hdio-2023\/wp-json\/wp\/v2\/pages"}],"about":[{"href":"https:\/\/web.penta-pco.com\/hdio-2023\/wp-json\/wp\/v2\/types\/page"}],"author":[{"embeddable":true,"href":"https:\/\/web.penta-pco.com\/hdio-2023\/wp-json\/wp\/v2\/users\/1"}],"replies":[{"embeddable":true,"href":"https:\/\/web.penta-pco.com\/hdio-2023\/wp-json\/wp\/v2\/comments?post=67"}],"version-history":[{"count":15,"href":"https:\/\/web.penta-pco.com\/hdio-2023\/wp-json\/wp\/v2\/pages\/67\/revisions"}],"predecessor-version":[{"id":308,"href":"https:\/\/web.penta-pco.com\/hdio-2023\/wp-json\/wp\/v2\/pages\/67\/revisions\/308"}],"wp:attachment":[{"href":"https:\/\/web.penta-pco.com\/hdio-2023\/wp-json\/wp\/v2\/media?parent=67"}],"curies":[{"name":"wp","href":"https:\/\/api.w.org\/{rel}","templated":true}]}}