{"id":83,"date":"2023-07-28T12:54:02","date_gmt":"2023-07-28T10:54:02","guid":{"rendered":"https:\/\/web.penta-pco.com\/hdio-2023\/?page_id=83"},"modified":"2023-07-28T12:54:02","modified_gmt":"2023-07-28T10:54:02","slug":"smjestaj","status":"publish","type":"page","link":"https:\/\/web.penta-pco.com\/hdio-2023\/smjestaj\/","title":{"rendered":"Smje\u0161taj"},"content":{"rendered":"\n<p>Radisson Blu Hotel Split<\/p>\n\n\n\n<p>Adresa: Put Trstenika 19, 21000, Split<\/p>\n\n\n\n<p>Kategorija hotela: Kongresni hotel (Hotel Congress)<\/p>\n\n\n\n<p>Termin boravka: 09 \u2013 12.11.2023.<\/p>\n\n\n\n<p><strong>Cijena po sobi i no\u0107enju:<\/strong><\/p>\n\n\n\n<ul class=\"wp-block-list\">\n<li>Jednokrevetna soba 115 EUR&nbsp;<\/li>\n\n\n\n<li>Dvokrevetna soba 140 EUR&nbsp;&nbsp;<\/li>\n<\/ul>\n\n\n\n<p><strong>Cijena uklju\u010duje:<\/strong><\/p>\n\n\n\n<p>smje\u0161taj na bazi 1 no\u0107enja s doru\u010dkom, boravi\u0161nu pristojbu, Internet, parking, PDV.<\/p>\n\n\n\n<p><strong>Uvjeti za rezervacije smje\u0161taja<\/strong><\/p>\n\n\n\n<ul class=\"wp-block-list\">\n<li>Sve promjene i otkaz rezervacija potrebno je prijaviti pisanim putem, na email adresu tehni\u010dkog organizatora <a href=\"mailto:silvija.matic@penta-zagreb.hr\">silvija.matic@penta-zagreb.hr<\/a><\/li>\n\n\n\n<li>Promjene imena gostiju mogu\u0107e su do 09.10.2023. bez tro\u0161kova<\/li>\n\n\n\n<li>Za promjene imena gostiju od 10.10.2023. tro\u0161ak promjene iznosi 20 EUR po rezervaciji<\/li>\n\n\n\n<li>Za rezervacije otkazane do 01.10.2023. tro\u0161kovi otkaza iznose 50% cijene smje\u0161taja<\/li>\n\n\n\n<li>Za rezervacije otkazane od 02.10. do 09.11.2023. kao i kasniji dolazak, raniji odlazak ili no show, tro\u0161kovi iznose 100 % cijene smje\u0161taja<\/li>\n<\/ul>\n","protected":false},"excerpt":{"rendered":"<p>Radisson Blu Hotel Split Adresa: Put Trstenika 19, 21000, Split Kategorija hotela: Kongresni hotel (Hotel Congress) Termin boravka: 09 \u2013 12.11.2023. Cijena po sobi i no\u0107enju: Cijena uklju\u010duje: smje\u0161taj na bazi 1 no\u0107enja s doru\u010dkom, boravi\u0161nu pristojbu, Internet, parking, PDV. Uvjeti za rezervacije smje\u0161taja<\/p>\n","protected":false},"author":1,"featured_media":0,"parent":0,"menu_order":0,"comment_status":"closed","ping_status":"closed","template":"","meta":{"footnotes":""},"class_list":["post-83","page","type-page","status-publish","hentry"],"_links":{"self":[{"href":"https:\/\/web.penta-pco.com\/hdio-2023\/wp-json\/wp\/v2\/pages\/83","targetHints":{"allow":["GET"]}}],"collection":[{"href":"https:\/\/web.penta-pco.com\/hdio-2023\/wp-json\/wp\/v2\/pages"}],"about":[{"href":"https:\/\/web.penta-pco.com\/hdio-2023\/wp-json\/wp\/v2\/types\/page"}],"author":[{"embeddable":true,"href":"https:\/\/web.penta-pco.com\/hdio-2023\/wp-json\/wp\/v2\/users\/1"}],"replies":[{"embeddable":true,"href":"https:\/\/web.penta-pco.com\/hdio-2023\/wp-json\/wp\/v2\/comments?post=83"}],"version-history":[{"count":1,"href":"https:\/\/web.penta-pco.com\/hdio-2023\/wp-json\/wp\/v2\/pages\/83\/revisions"}],"predecessor-version":[{"id":84,"href":"https:\/\/web.penta-pco.com\/hdio-2023\/wp-json\/wp\/v2\/pages\/83\/revisions\/84"}],"wp:attachment":[{"href":"https:\/\/web.penta-pco.com\/hdio-2023\/wp-json\/wp\/v2\/media?parent=83"}],"curies":[{"name":"wp","href":"https:\/\/api.w.org\/{rel}","templated":true}]}}