{"id":52,"date":"2024-07-03T10:48:30","date_gmt":"2024-07-03T08:48:30","guid":{"rendered":"https:\/\/web.penta-pco.com\/hdio-2024\/?page_id=52"},"modified":"2024-07-03T10:48:30","modified_gmt":"2024-07-03T08:48:30","slug":"dobrodosli","status":"publish","type":"page","link":"https:\/\/web.penta-pco.com\/hdio-2024\/","title":{"rendered":"Dobrodo\u0161li"},"content":{"rendered":"\n<p>Po\u0161tovane kolegice i kolege, dame i gospodo, dragi prijatelji,<\/p>\n\n\n\n<p>Veliko nam je zadovoljstvo pozvati vas na&nbsp;<strong>16. kongres Hrvatskog dru\u0161tva za internisti\u010dku onkologiju Hrvatskog lije\u010dni\u010dkog zbora<\/strong>&nbsp;s me\u0111unarodnim sudjelovanjem, koji \u0107e se odr\u017eati od&nbsp;<strong>10. do 13. listopada 2024<\/strong>. godine u prekrasnom Hotelu Lone u Rovinju.<\/p>\n\n\n\n<p>U posljednjih nekoliko godina svjedoci smo zna\u010dajnih pomaka u podru\u010dju onkologije. Unato\u010d tome, zlo\u0107udne bolesti i dalje predstavljaju vode\u0107i zdravstveni izazov u Hrvatskoj, osobito me\u0111u radno aktivnom populacijom mla\u0111om od 65 godina. Na\u0161 cilj je kontinuirano unapre\u0111ivati znanje i prakse kako bismo smanjili postoje\u0107u razliku u ishodima lije\u010denja izme\u0111u Hrvatske i najrazvijenijih zemalja Europske unije.<\/p>\n\n\n\n<p>I ove godine kongres \u0107e obuhvatiti najnovija saznanja i inovacije u dijagnostici, lije\u010denju i rehabilitaciji onkolo\u0161kih bolesnika. Posebno \u0107emo pa\u017enju posvetiti nu\u017enim promjenama na putu prema na\u0161em cilju &#8211; preciznoj onkologiji. Program je osmi\u0161ljen tako da poti\u010de interaktivne rasprave, razmjenu iskustava i suradnju me\u0111u stru\u010dnjacima iz razli\u010ditih disciplina. Kao i do sada, posebnu pa\u017enju posvetit \u0107emo uklju\u010divanju mladih stru\u010dnjaka, jer je njihova energija i inovativnost klju\u010dna za budu\u0107nost onkologije. Uz zdravstvene profesionalce raznih profila, pou\u010deni lanjskim pozitivnim iskustvom, prostora za sudjelovanje \u0107e imati i oni najva\u017eniji \u2013 na\u0161i bolesnici.<\/p>\n\n\n\n<p>Uz bogat znanstveni i stru\u010dni program, osigurali smo i dovoljno vremena za neformalna dru\u017eenja i umre\u017eavanje, vjeruju\u0107i da su i takvi trenuci klju\u010dni za ja\u010danje na\u0161e zajednice i suradnje. Rovinj, sa svojim \u0161armom i ljepotom, pru\u017eit \u0107e nam savr\u0161enu pozadinu za ugodne i inspirativne dane kongresa.<\/p>\n\n\n\n<p>Srda\u010dno vas pozivamo da nam se pridru\u017eite u Rovinju i svojim prisustvom doprinesete uspjehu ovog va\u017enog doga\u0111aja.<\/p>\n\n\n\n<p>Dobro do\u0161li na 16. Kongres Hrvatskog dru\u0161tva za internisti\u010dku onkologiju HLZ-a s me\u0111unarodnim sudjelovanjem!<\/p>\n\n\n\n<p>S po\u0161tovanjem,<\/p>\n\n\n\n<p class=\"has-text-align-right\">Stjepko Ple\u0161tina<\/p>\n\n\n\n<p class=\"has-text-align-right\">Predsjednik Hrvatskog dru\u0161tva za internisti\u010dku onkologiju <br>Hrvatskog lije\u010dni\u010dkog zbora (HDIO)<\/p>\n\n\n\n<div class=\"wp-block-buttons is-content-justification-center is-layout-flex wp-container-core-buttons-is-layout-0c36df96 wp-block-buttons-is-layout-flex\" style=\"margin-top:var(--wp--preset--spacing--x-large)\">\n<div class=\"wp-block-button\"><a class=\"wp-block-button__link wp-element-button\" href=\"https:\/\/registration.penta-pco.com\/system\/openEvent.php?eventID=18256\">Online registracija<\/a><\/div>\n<\/div>\n","protected":false},"excerpt":{"rendered":"<p>Po\u0161tovane kolegice i kolege, dame i gospodo, dragi prijatelji, Veliko nam je zadovoljstvo pozvati vas na&nbsp;16. kongres Hrvatskog dru\u0161tva za internisti\u010dku onkologiju Hrvatskog lije\u010dni\u010dkog zbora&nbsp;s me\u0111unarodnim sudjelovanjem, koji \u0107e se odr\u017eati od&nbsp;10. do 13. listopada 2024. godine u prekrasnom Hotelu Lone u Rovinju. U posljednjih nekoliko godina svjedoci smo zna\u010dajnih pomaka u podru\u010dju onkologije. Unato\u010d [&hellip;]<\/p>\n","protected":false},"author":1,"featured_media":0,"parent":0,"menu_order":0,"comment_status":"closed","ping_status":"closed","template":"","meta":{"footnotes":""},"class_list":["post-52","page","type-page","status-publish","hentry"],"_links":{"self":[{"href":"https:\/\/web.penta-pco.com\/hdio-2024\/wp-json\/wp\/v2\/pages\/52","targetHints":{"allow":["GET"]}}],"collection":[{"href":"https:\/\/web.penta-pco.com\/hdio-2024\/wp-json\/wp\/v2\/pages"}],"about":[{"href":"https:\/\/web.penta-pco.com\/hdio-2024\/wp-json\/wp\/v2\/types\/page"}],"author":[{"embeddable":true,"href":"https:\/\/web.penta-pco.com\/hdio-2024\/wp-json\/wp\/v2\/users\/1"}],"replies":[{"embeddable":true,"href":"https:\/\/web.penta-pco.com\/hdio-2024\/wp-json\/wp\/v2\/comments?post=52"}],"version-history":[{"count":2,"href":"https:\/\/web.penta-pco.com\/hdio-2024\/wp-json\/wp\/v2\/pages\/52\/revisions"}],"predecessor-version":[{"id":130,"href":"https:\/\/web.penta-pco.com\/hdio-2024\/wp-json\/wp\/v2\/pages\/52\/revisions\/130"}],"wp:attachment":[{"href":"https:\/\/web.penta-pco.com\/hdio-2024\/wp-json\/wp\/v2\/media?parent=52"}],"curies":[{"name":"wp","href":"https:\/\/api.w.org\/{rel}","templated":true}]}}