{"id":61,"date":"2024-07-03T10:57:45","date_gmt":"2024-07-03T08:57:45","guid":{"rendered":"https:\/\/web.penta-pco.com\/hdio-2024\/?page_id=61"},"modified":"2024-07-03T10:59:41","modified_gmt":"2024-07-03T08:59:41","slug":"organizator","status":"publish","type":"page","link":"https:\/\/web.penta-pco.com\/hdio-2024\/organizator\/","title":{"rendered":"Organizator"},"content":{"rendered":"\n<h2 class=\"wp-block-heading has-large-font-size\">Organizator&nbsp;<\/h2>\n\n\n\n<p>Hrvatsko dru\u0161tvo za internisti\u010dku onkologiju Hrvatskog lije\u010dni\u010dkog zbora&nbsp;<\/p>\n\n\n\n<h2 class=\"wp-block-heading has-large-font-size\">Organizacijski odbor <\/h2>\n\n\n\n<p>Predsjednik: Stjepko Ple\u0161tina&nbsp;<\/p>\n\n\n\n<p>Tajnica: Tajana Silovski&nbsp;<\/p>\n\n\n\n<p>\u010clanovi: Zrna Antunac Golubi\u0107, Borislav Belev, Anu\u0161ka Budisavljevi\u0107, Natalija Dedi\u0107 Plaveti\u0107, Milena Gnjidi\u0107, Filip Grubi\u0161i\u0107-\u010cabo, Anamarija Kova\u010d Pei\u0107, Tatjana Ladenhauser, Nik\u0161a Librenjak, Mario Nalbani, Sanja Ple\u0161tina,&nbsp; Luka Simeti\u0107, Dora Tomek Hamzi\u0107, Ljubica Vazdar&nbsp;<\/p>\n\n\n\n<h2 class=\"wp-block-heading has-large-font-size\">Znanstveni odbor <\/h2>\n\n\n\n<p>Vesna Bi\u0161of, Simona Bor\u0161tnar, Renata Dobrila Dintinjana, Josip Joachim Grah, Davorin Herceg, Marko Jakopovi\u0107, Juraj Prejac, Mario \u0160ekerija, Robert \u0160eparovi\u0107, Dragan Trivanovi\u0107, Eduard Vrdoljak, Darko \u017dupanc&nbsp;<\/p>\n\n\n\n<h2 class=\"wp-block-heading has-large-font-size\">Pokrovitelj <\/h2>\n\n\n\n<p>Ministarstvo zdravstva Republike Hrvatske<\/p>\n\n\n\n<p>Podr\u017eava European Society of Medical Oncology (ESMO)<\/p>\n\n\n\n<h2 class=\"wp-block-heading has-large-font-size\">Tehni\u010dki organizator<\/h2>\n\n\n\n<p>Penta d.o.o.<br>Izidora Kr\u0161njavoga 25, 10000 Zagreb<br>OIB: 31375495391<\/p>\n\n\n\n<p>Kontakt osoba: Silvija Mati\u0107<br>Mail: <a href=\"mailto:silvija.matic@penta-zagreb.hr\"><span style=\"display:inline;unicode-bidi:bidi-override;direction:rtl;\" class=\"\">rh.bergaz-atnep<span style=\"display:none;\">obfsctd-694b88<\/span>&#64;citam.ajivlis<\/span><\/a><br>Mob: <a href=\"tel:+385912015004\">091 2015 004<br><\/a>Tel: <a href=\"tel:+38514628613\">01 4628 613<\/a><\/p>\n","protected":false},"excerpt":{"rendered":"<p>Organizator&nbsp; Hrvatsko dru\u0161tvo za internisti\u010dku onkologiju Hrvatskog lije\u010dni\u010dkog zbora&nbsp; Organizacijski odbor Predsjednik: Stjepko Ple\u0161tina&nbsp; Tajnica: Tajana Silovski&nbsp; \u010clanovi: Zrna Antunac Golubi\u0107, Borislav Belev, Anu\u0161ka Budisavljevi\u0107, Natalija Dedi\u0107 Plaveti\u0107, Milena Gnjidi\u0107, Filip Grubi\u0161i\u0107-\u010cabo, Anamarija Kova\u010d Pei\u0107, Tatjana Ladenhauser, Nik\u0161a Librenjak, Mario Nalbani, Sanja Ple\u0161tina,&nbsp; Luka Simeti\u0107, Dora Tomek Hamzi\u0107, Ljubica Vazdar&nbsp; Znanstveni odbor Vesna Bi\u0161of, Simona [&hellip;]<\/p>\n","protected":false},"author":1,"featured_media":0,"parent":0,"menu_order":0,"comment_status":"closed","ping_status":"closed","template":"","meta":{"footnotes":""},"class_list":["post-61","page","type-page","status-publish","hentry"],"_links":{"self":[{"href":"https:\/\/web.penta-pco.com\/hdio-2024\/wp-json\/wp\/v2\/pages\/61","targetHints":{"allow":["GET"]}}],"collection":[{"href":"https:\/\/web.penta-pco.com\/hdio-2024\/wp-json\/wp\/v2\/pages"}],"about":[{"href":"https:\/\/web.penta-pco.com\/hdio-2024\/wp-json\/wp\/v2\/types\/page"}],"author":[{"embeddable":true,"href":"https:\/\/web.penta-pco.com\/hdio-2024\/wp-json\/wp\/v2\/users\/1"}],"replies":[{"embeddable":true,"href":"https:\/\/web.penta-pco.com\/hdio-2024\/wp-json\/wp\/v2\/comments?post=61"}],"version-history":[{"count":2,"href":"https:\/\/web.penta-pco.com\/hdio-2024\/wp-json\/wp\/v2\/pages\/61\/revisions"}],"predecessor-version":[{"id":64,"href":"https:\/\/web.penta-pco.com\/hdio-2024\/wp-json\/wp\/v2\/pages\/61\/revisions\/64"}],"wp:attachment":[{"href":"https:\/\/web.penta-pco.com\/hdio-2024\/wp-json\/wp\/v2\/media?parent=61"}],"curies":[{"name":"wp","href":"https:\/\/api.w.org\/{rel}","templated":true}]}}