{"id":73,"date":"2024-07-03T11:07:17","date_gmt":"2024-07-03T09:07:17","guid":{"rendered":"https:\/\/web.penta-pco.com\/hdio-2024\/?page_id=73"},"modified":"2024-10-09T12:46:46","modified_gmt":"2024-10-09T10:46:46","slug":"registracija","status":"publish","type":"page","link":"https:\/\/web.penta-pco.com\/hdio-2024\/registracija\/","title":{"rendered":"Registracija"},"content":{"rendered":"\n<h2 class=\"wp-block-heading has-large-font-size\">Kotizacije <\/h2>\n\n\n\n<figure class=\"wp-block-flexible-table-block-table\"><table class=\"has-fixed-layout\"><thead><tr><th style=\"background-color:#e6443c;color:#ffffff\">VRSTA KOTIZACIJE<\/th><th style=\"background-color:#e6443c;color:#ffffff\">Cijena za uplate do 1.9.2024.<\/th><th style=\"background-color:#e6443c;color:#ffffff\">Cijena za uplate od 2.9.2024.<\/th><\/tr><\/thead><tbody><tr><td>Lije\u010dnici specijalisti<\/td><td><strong>350 EUR<\/strong><\/td><td><strong>450 EUR<\/strong><\/td><\/tr><tr><td>Izlaga\u010di, predstavnici industrije<\/td><td><strong>350 EUR<\/strong><\/td><td><strong>450 EUR<\/strong><\/td><\/tr><tr><td>Specijalizanti i medicinske sestre<\/td><td><strong>200 EUR<\/strong><\/td><td><strong>250 EUR<\/strong><\/td><\/tr><tr><td>Dnevna kotizacija<\/td><td><strong>200 EUR<\/strong><\/td><td><strong>250 EUR<\/strong><\/td><\/tr><tr><td>Osoba u pratnji<\/td><td><strong>200 EUR<\/strong><\/td><td><strong>300 EUR<\/strong><\/td><\/tr><\/tbody><\/table><\/figure>\n\n\n\n<div class=\"wp-block-buttons is-content-justification-center is-layout-flex wp-container-core-buttons-is-layout-3d596e75 wp-block-buttons-is-layout-flex\" style=\"margin-top:var(--wp--preset--spacing--small);margin-bottom:var(--wp--preset--spacing--small)\">\n<div class=\"wp-block-button\"><a class=\"wp-block-button__link wp-element-button\" href=\"https:\/\/registration.penta-pco.com\/system\/openEvent.php?eventID=18256\">Online registracija<\/a><\/div>\n<\/div>\n\n\n\n<h2 class=\"wp-block-heading has-large-font-size\">Kotizacija uklju\u010duje&nbsp;<\/h2>\n\n\n\n<ul class=\"wp-block-list\">\n<li>nazo\u010dnost stru\u010dnom programu Kongresa i izlo\u017ebi&nbsp;<\/li>\n\n\n\n<li>kongresne materijale (kona\u010dni program, knjigu sa\u017eetaka u elektronskom obliku)&nbsp;<\/li>\n\n\n\n<li>nazo\u010dnost na sve\u010danom otvorenju Kongresa i domjenku dobrodo\u0161lice&nbsp;<\/li>\n\n\n\n<li>osvje\u017eenje u stankama, ru\u010dkove 11. i 12.10, te zajedni\u010dko zavr\u0161no dru\u017eenje&nbsp;<\/li>\n\n\n\n<li>bodove Hrvatske lije\u010dni\u010dke komore&nbsp;<\/li>\n\n\n\n<li>ESMO MORA bodove&nbsp;<\/li>\n\n\n\n<li>PDV&nbsp;<\/li>\n<\/ul>\n\n\n\n<h2 class=\"wp-block-heading has-large-font-size\">Jednodnevna kotizacija uklju\u010duje <\/h2>\n\n\n\n<ul class=\"wp-block-list\">\n<li>nazo\u010dnost stru\u010dnom programu Kongresa i izlo\u017ebi&nbsp;<\/li>\n\n\n\n<li>kongresne materijale (kona\u010dni program, knjigu sa\u017eetaka u elektronskom obliku)&nbsp;<\/li>\n\n\n\n<li>pauze za kavu i ru\u010dak za odre\u0111eni dan&nbsp;<\/li>\n\n\n\n<li>bodove Hrvatske lije\u010dni\u010dke komore&nbsp;<\/li>\n\n\n\n<li>PDV&nbsp;<\/li>\n<\/ul>\n\n\n\n<h2 class=\"wp-block-heading has-large-font-size\">Kotizacija za osobu u pratnji uklju\u010duje&nbsp;<\/h2>\n\n\n\n<ul class=\"wp-block-list\">\n<li>nazo\u010dnost na sve\u010danom otvorenju Kongresa i domjenku dobrodo\u0161lice&nbsp;<\/li>\n\n\n\n<li>osvje\u017eenje u stankama, ru\u010dkove 11. i 12.10.. te zajedni\u010dko zavr\u0161no dru\u017eenje<\/li>\n<\/ul>\n\n\n\n<p><\/p>\n\n\n\n<p>Bodovanje <\/p>\n\n\n\n<p class=\"has-large-font-size\"><strong>Bodovanje<\/strong><\/p>\n\n\n\n<p>Skup \u0107e biti bodovan prema Pravilniku Hrvatske lije\u010dni\u010dke komore&nbsp;o bodovanju:<\/p>\n\n\n\n<p>aktivno sudjelovanje<strong> 16\u00a0bodova<\/strong><\/p>\n\n\n\n<p>pasivno sudjelovanje <strong>11 bodova<\/strong><\/p>\n\n\n\n<p class=\"has-large-font-size\"><strong>ESMO-MORA points<\/strong><\/p>\n\n\n\n<p>Kongres je bodovan sa <strong>18 ESMO-MORA bodova cat.1<\/strong><\/p>\n\n\n\n<p>HDIO Congress 2024 has been accredited with <strong>18 cat.1<\/strong> <strong>ESMO-MORA points<\/strong><\/p>\n\n\n\n<p><\/p>\n","protected":false},"excerpt":{"rendered":"<p>Kotizacije Kotizacija uklju\u010duje&nbsp; Jednodnevna kotizacija uklju\u010duje Kotizacija za osobu u pratnji uklju\u010duje&nbsp; Bodovanje Bodovanje Skup \u0107e biti bodovan prema Pravilniku Hrvatske lije\u010dni\u010dke komore&nbsp;o bodovanju: aktivno sudjelovanje 16\u00a0bodova pasivno sudjelovanje 11 bodova ESMO-MORA points Kongres je bodovan sa 18 ESMO-MORA bodova cat.1 HDIO Congress 2024 has been accredited with 18 cat.1 ESMO-MORA points<\/p>\n","protected":false},"author":1,"featured_media":0,"parent":0,"menu_order":0,"comment_status":"closed","ping_status":"closed","template":"","meta":{"footnotes":""},"class_list":["post-73","page","type-page","status-publish","hentry"],"_links":{"self":[{"href":"https:\/\/web.penta-pco.com\/hdio-2024\/wp-json\/wp\/v2\/pages\/73","targetHints":{"allow":["GET"]}}],"collection":[{"href":"https:\/\/web.penta-pco.com\/hdio-2024\/wp-json\/wp\/v2\/pages"}],"about":[{"href":"https:\/\/web.penta-pco.com\/hdio-2024\/wp-json\/wp\/v2\/types\/page"}],"author":[{"embeddable":true,"href":"https:\/\/web.penta-pco.com\/hdio-2024\/wp-json\/wp\/v2\/users\/1"}],"replies":[{"embeddable":true,"href":"https:\/\/web.penta-pco.com\/hdio-2024\/wp-json\/wp\/v2\/comments?post=73"}],"version-history":[{"count":10,"href":"https:\/\/web.penta-pco.com\/hdio-2024\/wp-json\/wp\/v2\/pages\/73\/revisions"}],"predecessor-version":[{"id":215,"href":"https:\/\/web.penta-pco.com\/hdio-2024\/wp-json\/wp\/v2\/pages\/73\/revisions\/215"}],"wp:attachment":[{"href":"https:\/\/web.penta-pco.com\/hdio-2024\/wp-json\/wp\/v2\/media?parent=73"}],"curies":[{"name":"wp","href":"https:\/\/api.w.org\/{rel}","templated":true}]}}