{"id":79,"date":"2024-07-03T11:16:45","date_gmt":"2024-07-03T09:16:45","guid":{"rendered":"https:\/\/web.penta-pco.com\/hdio-2024\/?page_id=79"},"modified":"2024-10-15T13:23:13","modified_gmt":"2024-10-15T11:23:13","slug":"sazeci","status":"publish","type":"page","link":"https:\/\/web.penta-pco.com\/hdio-2024\/sazeci\/","title":{"rendered":"Sa\u017eeci"},"content":{"rendered":"\n<p class=\"has-custom-glavna-color has-text-color has-link-color has-medium-font-size wp-elements-d5ef0220c419f2b7d3c1ae339ed37fd3\"><strong>KNJIGA SA\u017dETAKA <\/strong><\/p>\n\n\n\n<div data-wp-interactive=\"core\/file\" class=\"wp-block-file\"><object data-wp-bind--hidden=\"!state.hasPdfPreview\" hidden class=\"wp-block-file__embed\" data=\"https:\/\/web.penta-pco.com\/hdio-2024\/wp-content\/uploads\/2024\/10\/HDIO-2024_Knjiga-sazetaka_web.pdf\" type=\"application\/pdf\" style=\"width:100%;height:600px\" aria-label=\"Ugra\u0111eno HDIO 2024_Knjiga sazetaka.\"><\/object><a id=\"wp-block-file--media-c330e180-5b96-4448-9d60-23e7949207e9\" href=\"https:\/\/web.penta-pco.com\/hdio-2024\/wp-content\/uploads\/2024\/10\/HDIO-2024_Knjiga-sazetaka_web.pdf\">HDIO 2024_Knjiga sazetaka<\/a><a href=\"https:\/\/web.penta-pco.com\/hdio-2024\/wp-content\/uploads\/2024\/10\/HDIO-2024_Knjiga-sazetaka_web.pdf\" class=\"wp-block-file__button wp-element-button\" download aria-describedby=\"wp-block-file--media-c330e180-5b96-4448-9d60-23e7949207e9\">Preuzmi<\/a><\/div>\n\n\n\n<div style=\"height:33px\" aria-hidden=\"true\" class=\"wp-block-spacer\"><\/div>\n\n\n\n<p class=\"has-custom-glavna-color has-text-color has-link-color has-medium-font-size wp-elements-f28867d79d496467efdba9781df2cf30\"><strong>NAJBOLJI RADOVI <\/strong><\/p>\n\n\n\n<div data-wp-interactive=\"core\/file\" class=\"wp-block-file\"><object data-wp-bind--hidden=\"!state.hasPdfPreview\" hidden class=\"wp-block-file__embed\" data=\"https:\/\/web.penta-pco.com\/hdio-2024\/wp-content\/uploads\/2024\/10\/HDIO-2024_Najbolji-radovi.pdf\" type=\"application\/pdf\" style=\"width:100%;height:600px\" aria-label=\"Ugra\u0111eno HDIO 2024_Najbolji radovi.\"><\/object><a id=\"wp-block-file--media-642957ca-cf17-4ed5-a2fb-79312cb7aa4a\" href=\"https:\/\/web.penta-pco.com\/hdio-2024\/wp-content\/uploads\/2024\/10\/HDIO-2024_Najbolji-radovi.pdf\">HDIO 2024_Najbolji radovi<\/a><a href=\"https:\/\/web.penta-pco.com\/hdio-2024\/wp-content\/uploads\/2024\/10\/HDIO-2024_Najbolji-radovi.pdf\" class=\"wp-block-file__button wp-element-button\" download aria-describedby=\"wp-block-file--media-642957ca-cf17-4ed5-a2fb-79312cb7aa4a\">Preuzmi<\/a><\/div>\n\n\n\n<div style=\"margin-top:0;margin-bottom:0;height:10px\" aria-hidden=\"true\" class=\"wp-block-spacer\"><\/div>\n\n\n\n<p class=\"has-custom-glavna-color has-text-color has-link-color has-medium-font-size wp-elements-f34ef53e72f63ee8fcf606ee8e157b77\"><strong>UPUTE ZA PISANJE SA\u017dETAKA<\/strong><\/p>\n\n\n\n<ul class=\"wp-block-list\">\n<li>Svi poslani sa\u017eetci bit \u0107e objavljeni u suplementu Lije\u010dni\u010dkog vjesnika. Vrijede iste upute za autore, ukoliko nije druga\u010dije nagla\u0161eno u na\u0161im uputama. Poveznica:&nbsp;<a href=\"https:\/\/lijecnicki-vjesnik.hlz.hr\/upute-autorima\/\" target=\"_blank\" rel=\"noreferrer noopener\">https:\/\/lijecnicki-vjesnik.hlz.hr\/upute-autorima\/<\/a><\/li>\n\n\n\n<li>Imena&nbsp;i prezimena autora i koautora, afilijacija i naslov nisu uklju\u010deni u opseg sa\u017eetka niti rada.<\/li>\n\n\n\n<li>Ime autora koji \u0107e izlo\u017eiti rad pisati velikim slovima.<\/li>\n\n\n\n<li>Prezime i inicijale imena autora i koautora pisati bez titula.<\/li>\n\n\n\n<li>Navesti PUNI naziv institucije autora. Molim na stranicama ustanove provjeriti ISPRAVAN naziv. Naziv institucije bira se iz padaju\u0107eg izbornika. Ukoliko u popisu institucija ne postoji va\u0161a institucija, kliknite na \u201eOstalo\u201c i upi\u0161ite punim naziv institucije.&nbsp;<\/li>\n\n\n\n<li>Navesti grad i dr\u017eavu autora i koautora na hrvatskom i engleskom jeziku u pripadaju\u0107em sa\u017eetku.<\/li>\n\n\n\n<li>Navesti e-mail adresu autora<\/li>\n\n\n\n<li>Sa\u017eetke je potrebno poslati i na hrvatskom i na engleskom jeziku.&nbsp;<\/li>\n\n\n\n<li>Inozemni sudionici \u0161alju sa\u017eetak i\/ili rad samo na engleskom jeziku.<\/li>\n\n\n\n<li>Uz sa\u017eetke nije potrebno prilagati popis literature. Popis literature potrebno je prilo\u017eiti uz poster. Literaturu je potrebno pisati prema&nbsp;<em>Vancouverskom na\u010dinu.&nbsp;<\/em>Za detalje molim vidjeti upute za autore Lije\u010dni\u010dkog vjesnika. (vidi poveznicu gore).<\/li>\n\n\n\n<li>Uz sa\u017eetak dozvoljeno je u\u010ditavanje jedne jednostavne tablice (u sa\u017eetku je potrebno ozna\u010diti mjesto za tablicu (Tablica 1)<\/li>\n\n\n\n<li>Sa\u017eetci ne\u0107e biti lektorirani. Za jezi\u010dnu i sadr\u017eajnu ispravnost odgovara autor.<\/li>\n<\/ul>\n\n\n\n<h2 class=\"wp-block-heading has-custom-glavna-color has-text-color has-link-color has-medium-font-size wp-elements-701a985225c1d227fbbdbe6fbcba1d6d\"><strong>KATEGORIJE SA\u017dETAKA I UPUTE<\/strong><\/h2>\n\n\n\n<p><strong>SA\u017dETCI PREDAVANJA<\/strong><\/p>\n\n\n\n<ul class=\"wp-block-list\">\n<li>Sa\u017eetci predavanja ne trebaju zadovoljavati odre\u0111enu formu, ve\u0107 pratiti formu predavanja.&nbsp;<\/li>\n\n\n\n<li>Sa\u017eetak predavanja nije obavezno prijaviti. Ukoliko sa\u017eetak predavanja nije prijavljen, ne mo\u017ee se naknadno priznati kao priop\u0107enje na stru\u010dnom ili znanstvenom skupu.<\/li>\n<\/ul>\n\n\n\n<ul class=\"wp-block-list\">\n<li>1)&nbsp;<strong>Sa\u017eetak plenarnog predavanja \u2013<\/strong>&nbsp;najvi\u0161e 1200 rije\u010di<\/li>\n\n\n\n<li>2)&nbsp;<strong>Sa\u017eetak kratkog predavanja<\/strong>&nbsp;\u2013 najvi\u0161e 300 rije\u010di<\/li>\n\n\n\n<li>3)&nbsp;<strong>Sa\u017eetak predavanja \u2013 prikaza slu\u010daja<\/strong>&nbsp;\u2013 najvi\u0161e 300 rije\u010di, forma: uvod, prikaz slu\u010daja, zaklju\u010dak; prikazi slu\u010dajeva koji su dio poster sekcije prijavljuj se zasebno.<\/li>\n<\/ul>\n\n\n\n<p><strong>SA\u017dETCI POSTERA<\/strong><\/p>\n\n\n\n<p>1)&nbsp;<strong>Sa\u017eetak postera \u2013 prikaz slu\u010daja:<\/strong>&nbsp;najvi\u0161e 300 rije\u010di, forma: uvod, prikaz slu\u010daja, zaklju\u010dak, klju\u010dne rije\u010di (najvi\u0161e 3)<\/p>\n\n\n\n<p>2)&nbsp;<strong>Sa\u017eetak postera \u2013 originalni rad<\/strong>: najvi\u0161e 300 rije\u010di, forma: uvod, metode, rezultati, zaklju\u010dak, klju\u010dne rije\u010di (najvi\u0161e 3)<\/p>\n\n\n\n<p><\/p>\n\n\n\n<p><strong>UPUTE ZA ONLINE SLANJE SA\u017dETAKA<\/strong><\/p>\n\n\n\n<p>Svako obavezno polje online prijave sa\u017eetka mora biti ispunjeno. Kako bi sa\u017eetak bio uspje\u0161no poslan, na zadnjem koraku potrebno je kliknuti na gumb \u201cZavr\u0161i\u201d.&nbsp;<\/p>\n\n\n\n<p>Poslani sa\u017eetak mo\u017ee se pregledati klikom na gumb \u201cPregled\u201d, a eventualne korekcije na poslanom sa\u017eetku mogu\u0107e su do&nbsp;<strong>07.09.2024.<\/strong>. klikom na gumb \u201cUre\u0111ivanje\u201d.<\/p>\n\n\n\n<p><strong>Autori prilikom online slanja sa\u017eetaka imaju mogu\u0107nost izbora:<\/strong><\/p>\n\n\n\n<ul class=\"wp-block-list\">\n<li>kategorije: lije\u010dnik ili medicinska sestra<\/li>\n\n\n\n<li>vrste sa\u017eetka: poster ili pozvani predava\u010d <\/li>\n\n\n\n<li>kategorije sa\u017eetka:\n<ul class=\"wp-block-list\">\n<li><strong>za sudionike (poster)<\/strong>: Sa\u017eetak postera \u2013 prikaz slu\u010daja ili Sa\u017eetak postera \u2013 originalni rad <\/li>\n\n\n\n<li><strong>za pozvane predava\u010de<\/strong>: sa\u017eetak plenarnog predavanja, sa\u017eetak kratkog predavanja, Sa\u017eetak predavanja \u2013 prikaza slu\u010daja<\/li>\n<\/ul>\n<\/li>\n<\/ul>\n\n\n\n<p class=\"has-custom-glavna-color has-text-color has-link-color has-medium-font-size wp-elements-98b4d04b454429775f2b4d226ca1d9a6\"><strong>UPUTE ZA PRIPREMU E-POSTERA<\/strong><\/p>\n\n\n\n<ul class=\"wp-block-list\">\n<li>Postere treba pripremiti na hrvatskom ili engleskom jeziku.<\/li>\n\n\n\n<li>Online slanje e-postera biti \u0107e mogu\u0107e tek nakon \u0161to Organizacijski odbor donese odluku o prihva\u0107enim sa\u017eetcima o \u010demu \u0107ete biti pravovremeno obavije\u0161teni.<\/li>\n\n\n\n<li>Svaki e-poster mora biti predan online. Autori koji su ve\u0107 predali svoj sa\u017eetak online moraju se prijaviti na sustav sa svojim korisni\u010dkim imenom i lozinkom. Nakon prijave potrebno je kliknuti na \u201cAbstract submission\u201d. Za svaki prijavljeni sa\u017eetak pojavit \u0107e se gumb \u201cUpload\u201d.<\/li>\n\n\n\n<li>Svaki e-poster mora biti predan od iste osobe (korisni\u010dkog ra\u010duna) koja je predala sa\u017eetak.<\/li>\n<\/ul>\n\n\n\n<p><strong>Spremanje e-postera u .jpg \/ .png formatu:<\/strong><\/p>\n\n\n\n<ul class=\"wp-block-list\">\n<li>dimenzije e-postera moraju biti 1920\u00d71080 piksela (pejza\u017eni format).<\/li>\n\n\n\n<li>molimo da ne koristite fontove veli\u010dine manje od 10pt.<\/li>\n\n\n\n<li>veli\u010dina datoteke mora biti manja od 20 MB.<\/li>\n<\/ul>\n\n\n\n<p><strong>Spremanje e-postera izra\u0111enog u PowerPoint-u (Save As .jpg \/ .png):<\/strong><\/p>\n\n\n\n<ul class=\"wp-block-list\">\n<li>e-poster mora sadr\u017eavati SAMO JEDAN dijapozitiv na kojem je prikazan cijeli sadr\u017eaj postera.<\/li>\n\n\n\n<li>molimo da ne koristite fontove manje veli\u010dine od 10pt.<\/li>\n\n\n\n<li>veli\u010dina datoteke mora biti manja od 20 MB.<\/li>\n\n\n\n<li>dozvoljen je samo jedan e-poster po sa\u017eetku<\/li>\n\n\n\n<li>e-posteri ne smiju sadr\u017eavati audio \/ video zapise ili pokretne slike.<\/li>\n<\/ul>\n\n\n\n<p>Kako bi e-poster prilikom spremanja odgovarao potrebnim dimenzijama, mo\u017eete preuzeti prazni predlo\u017eak e-postera&nbsp;<a href=\"https:\/\/web.penta-pco.com\/hdio-2023\/wp-content\/uploads\/2023\/10\/e-poster-template-.ppt\" target=\"_blank\" rel=\"noreferrer noopener\">ovdje<\/a><\/p>\n\n\n\n<p>Predlo\u017eak prezentacije mo\u017eete preuzeti <a href=\"https:\/\/web.penta-pco.com\/hdio-2024\/wp-content\/uploads\/2024\/10\/HDIO-2024-PPT.pptx\">ovdje<\/a>.<\/p>\n\n\n\n<p><\/p>\n","protected":false},"excerpt":{"rendered":"<p>KNJIGA SA\u017dETAKA NAJBOLJI RADOVI UPUTE ZA PISANJE SA\u017dETAKA KATEGORIJE SA\u017dETAKA I UPUTE SA\u017dETCI PREDAVANJA SA\u017dETCI POSTERA 1)&nbsp;Sa\u017eetak postera \u2013 prikaz slu\u010daja:&nbsp;najvi\u0161e 300 rije\u010di, forma: uvod, prikaz slu\u010daja, zaklju\u010dak, klju\u010dne rije\u010di (najvi\u0161e 3) 2)&nbsp;Sa\u017eetak postera \u2013 originalni rad: najvi\u0161e 300 rije\u010di, forma: uvod, metode, rezultati, zaklju\u010dak, klju\u010dne rije\u010di (najvi\u0161e 3) UPUTE ZA ONLINE SLANJE SA\u017dETAKA Svako [&hellip;]<\/p>\n","protected":false},"author":1,"featured_media":0,"parent":0,"menu_order":0,"comment_status":"closed","ping_status":"closed","template":"","meta":{"footnotes":""},"class_list":["post-79","page","type-page","status-publish","hentry"],"_links":{"self":[{"href":"https:\/\/web.penta-pco.com\/hdio-2024\/wp-json\/wp\/v2\/pages\/79","targetHints":{"allow":["GET"]}}],"collection":[{"href":"https:\/\/web.penta-pco.com\/hdio-2024\/wp-json\/wp\/v2\/pages"}],"about":[{"href":"https:\/\/web.penta-pco.com\/hdio-2024\/wp-json\/wp\/v2\/types\/page"}],"author":[{"embeddable":true,"href":"https:\/\/web.penta-pco.com\/hdio-2024\/wp-json\/wp\/v2\/users\/1"}],"replies":[{"embeddable":true,"href":"https:\/\/web.penta-pco.com\/hdio-2024\/wp-json\/wp\/v2\/comments?post=79"}],"version-history":[{"count":9,"href":"https:\/\/web.penta-pco.com\/hdio-2024\/wp-json\/wp\/v2\/pages\/79\/revisions"}],"predecessor-version":[{"id":226,"href":"https:\/\/web.penta-pco.com\/hdio-2024\/wp-json\/wp\/v2\/pages\/79\/revisions\/226"}],"wp:attachment":[{"href":"https:\/\/web.penta-pco.com\/hdio-2024\/wp-json\/wp\/v2\/media?parent=79"}],"curies":[{"name":"wp","href":"https:\/\/api.w.org\/{rel}","templated":true}]}}