{"id":143,"date":"2023-05-04T13:06:39","date_gmt":"2023-05-04T11:06:39","guid":{"rendered":"https:\/\/web.penta-pco.com\/men-have-it-too\/?page_id=143"},"modified":"2023-10-18T16:42:12","modified_gmt":"2023-10-18T14:42:12","slug":"program","status":"publish","type":"page","link":"https:\/\/web.penta-pco.com\/men-have-it-too\/en\/program\/","title":{"rendered":"Program"},"content":{"rendered":"<div class=\"wp-block-gutena-tabs gutena-tabs-block gutena-tabs-block-fd721e-c9\"><ul class=\"gutena-tabs-tab tab-flex\"><li class=\"gutena-tab-title active\" data-tab=\"1\"><div class=\"gutena-tab-title-content icon-left\"><div class=\"gutena-tab-title-text\"><div>Thursday<br>October 19<\/div><\/div><\/div><\/li><li class=\"gutena-tab-title inactive\" data-tab=\"2\"><div class=\"gutena-tab-title-content icon-left\"><div class=\"gutena-tab-title-text\"><div>Friday<br>October 20<\/div><\/div><\/div><\/li><li class=\"gutena-tab-title inactive\" data-tab=\"3\"><div class=\"gutena-tab-title-content icon-left\"><div class=\"gutena-tab-title-text\"><div>Subota<br>21. listopada<\/div><\/div><\/div><\/li><li class=\"gutena-tab-title inactive\" data-tab=\"4\"><div class=\"gutena-tab-title-content icon-left\"><div class=\"gutena-tab-title-text\"><div>Sunday<br>October 22<\/div><\/div><\/div><\/li><\/ul><div class=\"gutena-tabs-content is-layout-flow wp-block-gutena-tabs-is-layout-flow\">\n<div class=\"wp-block-gutena-tab gutena-tab-block gutena-tab-block-595b8b-58 active\" data-tab=\"1\">\n<figure class=\"wp-block-flexible-table-block-table\"><table class=\"has-fixed-layout\"><tbody><tr><th style=\"text-align:center;width:160px;background-color:#F6F6F6\"><\/th><th style=\"text-align:center;background-color:#F6F6F6\">Preliminary program<\/th><\/tr><tr><td style=\"width:160px\">15:00-20:00<\/td><td style=\"background-color:#ffffff\">Registration<\/td><\/tr><tr><td style=\"width:160px\">16:30-17:00<\/td><td>Opening word<\/td><\/tr><tr><td>17:00-17:45<\/td><td>Karin Sernec<br><strong>Do Men Also Have Eating Disorders?<\/strong><\/td><\/tr><tr><td>17:45-18:00<\/td><td>Discussant's review of the lecture<\/td><\/tr><tr><td>18:00-18:45<\/td><td>Discussion in small groups<\/td><\/tr><tr><td>18:45-19:00<\/td><td>Coffee break<\/td><\/tr><tr><td>19:00-19:45<\/td><td>Return to the plenary hall for discussion<\/td><\/tr><\/tbody><\/table><\/figure>\n<\/div>\n\n\n\n<div class=\"wp-block-gutena-tab gutena-tab-block gutena-tab-block-cbfcea-6b inactive\" data-tab=\"2\">\n<figure class=\"wp-block-flexible-table-block-table\"><table class=\"has-fixed-layout\"><tbody><tr><th style=\"text-align:center;width:160px;background-color:#F6F6F6\"><\/th><th style=\"text-align:center;background-color:#F6F6F6\">Preliminary program<\/th><\/tr><tr><td>08:00-20:00<\/td><td>Registration<\/td><\/tr><tr><td style=\"width:160px\">09:00-09:45<\/td><td>Nata\u0161a Joki\u0107 Begi\u0107<br><strong>Is a man without a mustache still a man?<\/strong><\/td><\/tr><tr><td style=\"width:160px\">09:45-10:00<\/td><td>Discussant's review of the lecture<\/td><\/tr><tr><td>10:00-10:30<\/td><td>Discussion in small groups<\/td><\/tr><tr><td>10:45-11:30<\/td><td>Return to the plenary hall for discussion<\/td><\/tr><tr><td>11:30-12:00<\/td><td>Coffee break<\/td><\/tr><tr><td><\/td><td><strong>NUTRITION SECTION<\/strong><\/td><\/tr><tr><td>12:00-12:20<\/td><td>Maja \u017danko<br><strong>The role of nutritionists in the multidisciplinary team for the treatment of eating disorders<\/strong><\/td><\/tr><tr><td>12:20-12:40<\/td><td>Jelena Zubi\u0107<br><strong>Orthorexia<\/strong><\/td><\/tr><tr><td>12:40-13:00<\/td><td>Valerija Brali\u0107 Lang<br><strong>Peculiarities of the approach to a male patient with an eating disorder in a family medicine doctor's office<\/strong><\/td><\/tr><tr><td>13:00-13:15<\/td><td>Discussion<\/td><\/tr><tr><td>13:15-13:45<\/td><td>Kristina Beljan<br><strong>Conscious eating - an experiential laboratory<\/strong><\/td><\/tr><tr><td>13:45-14:45<\/td><td>Lunch<\/td><\/tr><tr><td><\/td><td><strong>\"SPORTS AND EATING DISORDERS\" SECTION<\/strong><\/td><\/tr><tr><td>14:45-15:05<\/td><td>Renata Bari\u0107<br><strong>Exercise addiction<\/strong><\/td><\/tr><tr><td>15:05-15:25<\/td><td>Pero Kuterovac<br><strong>Doping for result or appearance?<\/strong><\/td><\/tr><tr><td>15:25-13:45<\/td><td>Vanja Kova\u010di\u0107<br><strong>Bigorexia: A view from practice&nbsp;<\/strong>&nbsp;&nbsp;&nbsp;&nbsp;&nbsp;&nbsp;&nbsp;&nbsp;&nbsp;&nbsp;&nbsp;&nbsp;&nbsp;&nbsp;<\/td><\/tr><tr><td><strong>115:45-16:00<\/strong><\/td><td><strong>Discussion<\/strong><\/td><\/tr><tr><td><\/td><td><\/td><\/tr><tr><td><\/td><td><strong>\"PSYCHE, BODY AND SOCIETY\" SECTION<\/strong><\/td><\/tr><tr><td>16:00-16:20<\/td><td>Darko Mar\u010dinko<br><strong>Eating disorders and personality disorders<\/strong><\/td><\/tr><tr><td>16:20-16:40<\/td><td>Jelena Balabani\u0107 Mavrovi\u0107<br><strong>Be strong, be fit - the social context of the development of eating disorders in men<\/strong><\/td><\/tr><tr><td>16:40-17:00<\/td><td>Ton\u010dica \u0160i\u0161kov i Martina Ma\u010dkovi\u0107<br><strong>Case resport<\/strong><\/td><\/tr><tr><td>17:00-17:20<\/td><td>Hrvoje Handl<br><strong>How are you, my dear?<\/strong><\/td><\/tr><tr><td>17:20-17:35<\/td><td>Discussion<\/td><\/tr><tr><td>17:35-18:00<\/td><td>Coffee break&nbsp;&nbsp;<\/td><\/tr><tr><td><\/td><td><\/td><\/tr><tr><td><\/td><td><strong>\"EXPERTS BY EXPERIENCE\" SECTION<\/strong>&#8220;<\/td><\/tr><tr><td>18:00-19:00<\/td><td><strong>Panel discussion: I had an eating disorder<\/strong><br><br>Moderator: Natko Beck<br>Panelists: Mateja Klemen\u010di\u0107 Kliciper, Neda Vukovi\u0107, Tomislav Zrin\u0161\u010dak, Valerija Brali\u0107 Lang, Jelena Balabani\u0107 Mavrovi\u0107<\/td><\/tr><tr><td>19:00-19:30&nbsp;&nbsp;&nbsp;&nbsp;&nbsp;&nbsp;<\/td><td>Summary of the day in a large group<\/td><\/tr><\/tbody><\/table><\/figure>\n\n\n\n<p><\/p>\n<\/div>\n\n\n\n<div class=\"wp-block-gutena-tab gutena-tab-block gutena-tab-block-e4495e-58 inactive\" data-tab=\"3\">\n<figure class=\"wp-block-flexible-table-block-table is-style-default\"><table class=\"has-fixed-layout\"><tbody><tr><th style=\"text-align:center;width:160px;background-color:#F6F6F6\"><\/th><th style=\"text-align:center;background-color:#F6F6F6\">Program<\/th><\/tr><tr><td>08:30-19:00<\/td><td>Registration<\/td><\/tr><tr><td style=\"width:160px\">09:00-09:45<\/td><td>Hubertus Himmerich<br><strong>Pharmacological treatment of eating disorders: New guidelines and gender-specific aspects<\/strong><\/td><\/tr><tr><td style=\"width:160px\">09:45-10:00<\/td><td>Discussant's review of the lecture<\/td><\/tr><tr><td>10:00-10:30<\/td><td>Discussion in small groups<\/td><\/tr><tr><td>10:45-11:15<\/td><td>Bog discussion<\/td><\/tr><tr><td>11:15-11:45<\/td><td>Coffee break<\/td><\/tr><tr><td><\/td><td><strong>INTERNAL MEDICINE SECTION<\/strong><\/td><\/tr><tr><td>11:45-12:05<\/td><td>Ana-Marija Liberati Pr\u0161o<br><strong>How do endocrinologists and psychiatrists cooperate?<\/strong><\/td><\/tr><tr><td>12:05-12:25<\/td><td>Maja Bareti\u0107<br><strong>The hunger games between testosterone and weight<\/strong><\/td><\/tr><tr><td>12:25-12:45<\/td><td>Mirsala Solak<br><strong>Endocrinological aspects of male eating disorders<\/strong><\/td><\/tr><tr><td>12:45-13:00<\/td><td>Discussion<\/td><\/tr><tr><td>13:00-14:00<\/td><td>Lunch<\/td><\/tr><tr><td>&nbsp;&nbsp;&nbsp;<\/td><td><\/td><\/tr><tr><td><\/td><td><strong>\"EATING DISORDERS IN PERSONS OF DIFFERENT SEXUAL ORIENTATIONS AND GENDER IDENTITIES - INTERDISCIPLINARY APPROACH\" SECTION<\/strong><\/td><\/tr><tr><td>14:00-14:20<\/td><td>Dinko \u0160tajduhar<br><strong>Minority stress and eating disorders<\/strong><\/td><\/tr><tr><td>14:20-14:40<\/td><td>Iva \u017degura<br><strong>Gender identities, gender dysphoria, gender incongruence and eating disorders<\/strong><\/td><\/tr><tr><td>14:40-15:00&nbsp;&nbsp;&nbsp;&nbsp;&nbsp;&nbsp;&nbsp;&nbsp;&nbsp;&nbsp;&nbsp;&nbsp;&nbsp;<\/td><td>Velimir Altabas<br><strong>Eating disorders in transgender people - an endocrinologist's perspective<\/strong><\/td><\/tr><tr><td>15:00-15:20<\/td><td>Diana Avdi\u0107<br><strong>The importance of understanding gender diversity in approaching eating disorders<\/strong><\/td><\/tr><tr><td>&nbsp;15:20-15:50&nbsp;&nbsp;&nbsp;<\/td><td>Discussion<\/td><\/tr><tr><td>16:00-16:30&nbsp;&nbsp;&nbsp;&nbsp;&nbsp;<\/td><td>Coffee break<\/td><\/tr><tr><td>16:30-17:30<\/td><td>ROUND TABLE: <br><strong>Obesse men in Croatia<\/strong><br><br>Moderator: Ljudevit Grguri\u0107 Grga<br>Participants: surprise guest, Petar Po\u017eega, Hrvoje Handl, Jelena Balabani\u0107 Mavrovi\u0107, Maja \u017danko, Ton\u010dica \u0160i\u0161kov<\/td><\/tr><tr><td>17:30-18:00&nbsp;&nbsp;&nbsp;&nbsp;&nbsp;<\/td><td>Summary of the day in a large group<\/td><\/tr><\/tbody><\/table><\/figure>\n<\/div>\n\n\n\n<div class=\"wp-block-gutena-tab gutena-tab-block gutena-tab-block-1b3f60-83 inactive\" data-tab=\"4\">\n<figure class=\"wp-block-flexible-table-block-table\"><table class=\"has-fixed-layout\"><tbody><tr><th style=\"text-align:center;width:160px;background-color:#F6F6F6\"><\/th><th style=\"text-align:center;background-color:#F6F6F6\">Preliminary program<\/th><\/tr><tr><td>09:00-11:00<\/td><td>Registration<\/td><\/tr><tr><td style=\"width:160px\">09:30-10:15&nbsp;&nbsp;&nbsp;&nbsp;&nbsp;&nbsp;&nbsp;&nbsp;<\/td><td>Laura Dalla Ragione<br><strong>Eating disorders in men: residential treatment-an Italian perspective<\/strong><\/td><\/tr><tr><td style=\"width:160px\">10:15-10:30<\/td><td>Discussant's review of the lecture<\/td><\/tr><tr><td>10:30-11:00<\/td><td>Discussion in small groups<\/td><\/tr><tr><td>11:15-11:45<\/td><td>Return to the plenary hall for discussion<\/td><\/tr><tr><td>11:45-12:30<\/td><td>ROUND TABLE<\/td><\/tr><\/tbody><\/table><\/figure>\n<\/div>\n<\/div><\/div>\n\n\n\n<p>Po\u0161tovani roditelji, rodbino, prijatelji Dnevne bolnice za poreme\u0107aje hranjenja,<\/p>\n\n\n\n<p>potaknuti Va\u0161im zahtjevima za edukacijom i vi\u0161e znanja o poreme\u0107ajima hranjenja u svrhu prije svega Va\u0161e edukacije i umirivanja, odlu\u010dili smo za Vas organizirati jedan mali skup ili niz predavanja u na\u0161im prostorima Klinike za psihijatriju Sveti Ivan. Nazvali smo ga \u201ePomozite njima poma\u017eu\u0107i sebi\u201c<\/p>\n\n\n\n<p><strong>Kotizacija za skup iznosi 85 Eura<\/strong> i uklju\u010duje predavanja, kavu u pauzi s kola\u010di\u0107ima i ru\u010dak.<\/p>\n\n\n\n<div class=\"wp-block-group has-global-padding is-layout-constrained wp-block-group-is-layout-constrained\">\n<div class=\"wp-block-columns is-layout-flex wp-container-core-columns-is-layout-28f84493 wp-block-columns-is-layout-flex\">\n<div class=\"wp-block-column is-layout-flow wp-block-column-is-layout-flow\" style=\"flex-basis:100%\">\n<figure class=\"wp-block-flexible-table-block-table alignleft is-content-justification-left\"><table class=\"\"><thead><tr><th><\/th><th>SEKCIJA ZA RODITELJE \u201ePomozite njima poma\u017eu\u0107i sebi\u201c      <br>Subota 21. listopada 2023.                                                                    <\/th><\/tr><\/thead><tbody><tr><td style=\"width:150px\"><\/td><td style=\"width:800px\">Predavaonica Klinika za psihijatriju Sveti Ivan<\/td><\/tr><tr><td style=\"width:100px\">10:30-11:00        <\/td><td>Prijave i smje\u0161taj u dvoranu<\/td><\/tr><tr><td>11.00\u201311:45  <\/td><td>Hrvoje Handl<strong><br><strong>Kako mo\u017eete nau\u010diti iz poreme\u0107aja ne\u0161to o sebi?<\/strong><\/strong><\/td><\/tr><tr><td>11:45\u201312:15 <\/td><td>Coffee break <\/td><\/tr><tr><td>12.15\u201313:00<\/td><td>Maja \u017danko:<br><strong>Obitelj i poreme\u0107aj hranjenja: osnovni nutricionisti\u010dki principi u lije\u010denju poreme\u0107aja hranjenja<\/strong><\/td><\/tr><tr><td>13.00-14:00<\/td><td>Ru\u010dak (uklju\u010den u kotizaciju)<\/td><\/tr><tr><td>14:00-14:45<\/td><td>Ton\u010dica \u0160i\u0161kov:<br><strong>Obitelj i poreme\u0107aj hranjenja\u201d- komunikacija s djecom kroz faze oporavka<\/strong><\/td><\/tr><tr><td>14:45-15:00<\/td><td>Pauza<\/td><\/tr><tr><td>15:00-16:00<\/td><td>Diskusija: pitanja, odgovori, \u017ealbe, prijedlozi kroz sustav velike grupe<\/td><\/tr><tr><td>16.00-17:30<\/td><td>Osniva\u010dka skup\u0161tina udruge roditelja i rodbine osoba s poreme\u0107ajem hranjenja<\/td><\/tr><\/tbody><\/table><\/figure>\n<\/div>\n<\/div>\n\n\n\n<p>Zainteresirani roditelji se mogu prijaviti slanjem e-maila na:<br>Silvija Mati\u0107, Penta d.o.o.<br>E: <a href=\"mailto:silvija.matic@penta-zagreb.hr\">silvija.matic@penta-zagreb.hr<\/a><br>M: 091 2015 004<br>T: 01 4628 613<\/p>\n<\/div>","protected":false},"excerpt":{"rendered":"<p>Po\u0161tovani roditelji, rodbino, prijatelji Dnevne bolnice za poreme\u0107aje hranjenja, potaknuti Va\u0161im zahtjevima za edukacijom i vi\u0161e znanja o poreme\u0107ajima hranjenja u svrhu prije svega Va\u0161e edukacije i umirivanja, odlu\u010dili smo za Vas organizirati jedan mali skup ili niz predavanja u na\u0161im prostorima Klinike za psihijatriju Sveti Ivan. Nazvali smo ga \u201ePomozite njima poma\u017eu\u0107i sebi\u201c Kotizacija [&hellip;]<\/p>\n","protected":false},"author":1,"featured_media":0,"parent":0,"menu_order":0,"comment_status":"closed","ping_status":"closed","template":"","meta":{"inline_featured_image":false,"footnotes":""},"class_list":["post-143","page","type-page","status-publish","hentry"],"_links":{"self":[{"href":"https:\/\/web.penta-pco.com\/men-have-it-too\/en\/wp-json\/wp\/v2\/pages\/143","targetHints":{"allow":["GET"]}}],"collection":[{"href":"https:\/\/web.penta-pco.com\/men-have-it-too\/en\/wp-json\/wp\/v2\/pages"}],"about":[{"href":"https:\/\/web.penta-pco.com\/men-have-it-too\/en\/wp-json\/wp\/v2\/types\/page"}],"author":[{"embeddable":true,"href":"https:\/\/web.penta-pco.com\/men-have-it-too\/en\/wp-json\/wp\/v2\/users\/1"}],"replies":[{"embeddable":true,"href":"https:\/\/web.penta-pco.com\/men-have-it-too\/en\/wp-json\/wp\/v2\/comments?post=143"}],"version-history":[{"count":41,"href":"https:\/\/web.penta-pco.com\/men-have-it-too\/en\/wp-json\/wp\/v2\/pages\/143\/revisions"}],"predecessor-version":[{"id":292,"href":"https:\/\/web.penta-pco.com\/men-have-it-too\/en\/wp-json\/wp\/v2\/pages\/143\/revisions\/292"}],"wp:attachment":[{"href":"https:\/\/web.penta-pco.com\/men-have-it-too\/en\/wp-json\/wp\/v2\/media?parent=143"}],"curies":[{"name":"wp","href":"https:\/\/api.w.org\/{rel}","templated":true}]}}