{"id":146,"date":"2023-05-04T13:10:27","date_gmt":"2023-05-04T11:10:27","guid":{"rendered":"https:\/\/web.penta-pco.com\/men-have-it-too\/?page_id=146"},"modified":"2023-07-19T11:48:50","modified_gmt":"2023-07-19T09:48:50","slug":"glavni-govornici","status":"publish","type":"page","link":"https:\/\/web.penta-pco.com\/men-have-it-too\/en\/glavni-govornici\/","title":{"rendered":"Speakers"},"content":{"rendered":"<h4><strong>Prof. Hubertus Himmerich<\/strong><\/h4>\n<p>Prof. Dr. med.<br \/>\nSARCPsych<br \/>\nClinical Senior Lecturer for Eating Disorders<br \/>\nDepartment of Psychological Medicine<br \/>\nInstitute of Psychiatry, Psychology &amp; Neuroscience (IoPPN)<br \/>\nKing\u2019s College London, UK<\/p>\n<blockquote><p><strong>\"The Pharmacological Treatment of Eating Disorders: New Guidelines and Gender-Specific Aspects\"<\/strong><\/p><\/blockquote>\n<h4><strong>Laura Dalla Ragione<\/strong><\/h4>\n<p>Eating Disorders Services-USL N1 \u201cPalazzo Francisci\u201d, 06059 Todi, Italy<br \/>\nFood Science and Human Nutrition Unit, University Campus Biomedico of Rome, 00128 Rome, Italy<\/p>\n<blockquote><p><strong>\"Eating Disorder in Males: The Residential  Treatment\"<\/strong><\/p><\/blockquote>\n<h4><strong>asist.prof. Karin Sernec, MD, PhD<\/strong><\/h4>\n<p>Psychiatrist and Head of the Eating Disorders Department of the Psychiatric Clinic Ljubljana, Slovenia<\/p>\n<blockquote><p><strong>\"Do Men Also Have Eating Disorders?\"<\/strong><\/p><\/blockquote>\n<pre id=\"tw-target-text\" class=\"tw-data-text tw-text-large tw-ta\" dir=\"ltr\" data-placeholder=\"Translation\"><\/pre>\n<h4><strong>Prof. dr. sci. Nata\u0161a Joki\u0107 Begi\u0107<\/strong><\/h4>\n<p>Professor in a permanent position at the Department of Psychology of the Faculty of Philosophy in Zagreb.<br \/>\nPresident of the international association for stress, trauma, anxiety and resilience research (Stress, Trauma, Anxiety, and Resilience Society \u2013 STAR).<\/p>\n<blockquote><p><strong>&#8220;Je li mu\u0161karac bez brkova ipak mu\u0161karac?&#8221;<\/strong><\/p><\/blockquote>","protected":false},"excerpt":{"rendered":"<p>Prof. Hubertus Himmerich Prof. Dr. med. SARCPsych Klini\u010dki vi\u0161i predava\u010d za poreme\u0107aje hranjenja Zavod za psiholo\u0161ku medicinu Institut za psihijatriju, psihologiju i neuroznanost (IoPPN) King\u2019s College London, UK &#8220;Farmakolo\u0161ko lije\u010denje poreme\u0107aja hranjenja: Nove smjernice i rodno specifi\u010dni aspekti&#8221; Laura Dalla Ragione Eating Disorders Services-USL N1 \u201cPalazzo Francisci\u201d, 06059 Todi, Italy Food Science and Human Nutrition [&hellip;]<\/p>\n","protected":false},"author":1,"featured_media":0,"parent":0,"menu_order":0,"comment_status":"closed","ping_status":"closed","template":"","meta":{"inline_featured_image":false,"footnotes":""},"class_list":["post-146","page","type-page","status-publish","hentry"],"_links":{"self":[{"href":"https:\/\/web.penta-pco.com\/men-have-it-too\/en\/wp-json\/wp\/v2\/pages\/146","targetHints":{"allow":["GET"]}}],"collection":[{"href":"https:\/\/web.penta-pco.com\/men-have-it-too\/en\/wp-json\/wp\/v2\/pages"}],"about":[{"href":"https:\/\/web.penta-pco.com\/men-have-it-too\/en\/wp-json\/wp\/v2\/types\/page"}],"author":[{"embeddable":true,"href":"https:\/\/web.penta-pco.com\/men-have-it-too\/en\/wp-json\/wp\/v2\/users\/1"}],"replies":[{"embeddable":true,"href":"https:\/\/web.penta-pco.com\/men-have-it-too\/en\/wp-json\/wp\/v2\/comments?post=146"}],"version-history":[{"count":10,"href":"https:\/\/web.penta-pco.com\/men-have-it-too\/en\/wp-json\/wp\/v2\/pages\/146\/revisions"}],"predecessor-version":[{"id":243,"href":"https:\/\/web.penta-pco.com\/men-have-it-too\/en\/wp-json\/wp\/v2\/pages\/146\/revisions\/243"}],"wp:attachment":[{"href":"https:\/\/web.penta-pco.com\/men-have-it-too\/en\/wp-json\/wp\/v2\/media?parent=146"}],"curies":[{"name":"wp","href":"https:\/\/api.w.org\/{rel}","templated":true}]}}