{"id":29,"date":"2023-04-20T11:59:18","date_gmt":"2023-04-20T09:59:18","guid":{"rendered":"https:\/\/web.penta-pco.com\/men-have-it-too\/?page_id=29"},"modified":"2023-10-06T17:20:26","modified_gmt":"2023-10-06T15:20:26","slug":"dobrodosli","status":"publish","type":"page","link":"https:\/\/web.penta-pco.com\/men-have-it-too\/en\/","title":{"rendered":"Home"},"content":{"rendered":"<p>Dear colleagues<\/p>\n\n\n\n<p>one quarter of patients suffering from eating disorders are men. Bigorexia, orthorexia, bulimia and anorexia along with compulsive overeating are disorders associated with men as well, who are unfairly neglected, discriminated against women in the treatment of eating disorders.&nbsp;<\/p>\n\n\n\n<p>With a special sense of pride, honor and privilege, I invite you to become pioneers in helping, promoting and supporting eating disorders in men by participating in <strong>1st International Congress on Eating Disorders in Men<\/strong>, entitled, \"<strong>Man have it too<\/strong>&#8220;.&nbsp;<\/p>\n\n\n\n<p><strong>The congress will be held in Zagreb, in the Educational Center of the Sveti Ivan Psychiatry Clinic, from October 19 to 22, 2023.&nbsp;<\/strong><\/p>\n\n\n\n<p>Psihijatri, internisti, lije\u010dnici op\u0107e medicine, fizijatri, nutricionisti, psiholozi, psihoterapeuti, kineziolozi i ostali zainteresirani stru\u010dnjaci imat \u0107e prigodu u\u010diti, razgovarati i na poseban iskustveni na\u010din\u00a0raditi na sebi tijekom sudjelovanja na ovom kongresu. Po\u010dasno \u0107e mjesto dobiti mladi stru\u010dnjaci.\u00a0<\/p>\n\n\n\n<p>I believe you understand how important this topic is for your fathers, brothers, husbands and friends and I invite you to be a part of this idea and the process of creating a unique and rare gathering of multidisciplinary experts.&nbsp;<\/p>\n\n\n\n<p>On behalf of the small and brave team of organizers, I send you a warm greeting and look forward to meeting you.&nbsp;<\/p>\n\n\n\n<p>Hrvoje Handl<br>President of the organizing committee&nbsp;<\/p>\n\n\n\n<p>Psychiatric Hospital \"Sveti Ivan\"&nbsp;<br>Day hospital for eating disorders \u2013 H(RANA)&nbsp;<\/p>\n\n\n\n<div class=\"wp-block-buttons alignfull is-content-justification-center is-layout-flex wp-container-core-buttons-is-layout-a89b3969 wp-block-buttons-is-layout-flex\">\n<div class=\"wp-block-button is-style-fill\"><a class=\"wp-block-button__link wp-element-button\" href=\"https:\/\/registration.penta-pco.com\/system\/openEvent.php?eventID=18234\" target=\"_blank\" rel=\"noreferrer noopener\"><strong>REGISTRATION<\/strong><\/a><\/div>\n<\/div>","protected":false},"excerpt":{"rendered":"<p>Po\u0161tovani, jedna \u010detvrtina osoba koje boluju od poreme\u0107aja prehrane su mu\u0161karci. Bigoreksija, ortoreksija, bulimija i anoreksija uz naravno&nbsp;kompulzivno prejedanje poreme\u0107aji su povezani s mu\u0161karcima tako\u0111er. Oni su nekada nepravedno zapostavljeni, diskriminirani u odnosu na \u017eene u lije\u010denju poreme\u0107aja prehrane.&nbsp; S posebnim osje\u0107ajem ponosa, \u010dasti i privilegije pozivam Vas da budete pioniri pomo\u0107i, promocije i podr\u0161ke [&hellip;]<\/p>\n","protected":false},"author":1,"featured_media":0,"parent":0,"menu_order":0,"comment_status":"closed","ping_status":"closed","template":"","meta":{"inline_featured_image":false,"footnotes":""},"class_list":["post-29","page","type-page","status-publish","hentry"],"_links":{"self":[{"href":"https:\/\/web.penta-pco.com\/men-have-it-too\/en\/wp-json\/wp\/v2\/pages\/29","targetHints":{"allow":["GET"]}}],"collection":[{"href":"https:\/\/web.penta-pco.com\/men-have-it-too\/en\/wp-json\/wp\/v2\/pages"}],"about":[{"href":"https:\/\/web.penta-pco.com\/men-have-it-too\/en\/wp-json\/wp\/v2\/types\/page"}],"author":[{"embeddable":true,"href":"https:\/\/web.penta-pco.com\/men-have-it-too\/en\/wp-json\/wp\/v2\/users\/1"}],"replies":[{"embeddable":true,"href":"https:\/\/web.penta-pco.com\/men-have-it-too\/en\/wp-json\/wp\/v2\/comments?post=29"}],"version-history":[{"count":11,"href":"https:\/\/web.penta-pco.com\/men-have-it-too\/en\/wp-json\/wp\/v2\/pages\/29\/revisions"}],"predecessor-version":[{"id":285,"href":"https:\/\/web.penta-pco.com\/men-have-it-too\/en\/wp-json\/wp\/v2\/pages\/29\/revisions\/285"}],"wp:attachment":[{"href":"https:\/\/web.penta-pco.com\/men-have-it-too\/en\/wp-json\/wp\/v2\/media?parent=29"}],"curies":[{"name":"wp","href":"https:\/\/api.w.org\/{rel}","templated":true}]}}