{"id":70,"date":"2023-04-20T14:14:41","date_gmt":"2023-04-20T12:14:41","guid":{"rendered":"https:\/\/web.penta-pco.com\/men-have-it-too\/?page_id=70"},"modified":"2023-06-05T10:02:42","modified_gmt":"2023-06-05T08:02:42","slug":"organizator","status":"publish","type":"page","link":"https:\/\/web.penta-pco.com\/men-have-it-too\/en\/organizator\/","title":{"rendered":"Organizer"},"content":{"rendered":"<p>Psychiatric Hospital \"Sveti Ivan\"\u00a0<br>Day hospital for eating disorders \u2013 H(RANA)<\/p>\n\n\n\n<p>Jankomir 11, 10090, Zagreb, Hrvatska<\/p>\n\n\n\n<p><strong>ORGANIZATIONAL COMMITTEE:<\/strong><\/p>\n\n\n\n<p><strong>President of the organizing committee: &nbsp;<\/strong><br>Hrvoje Handl<br>Head of the Eating Disorders Day Hospital \u2013 H (RANA)<\/p>\n\n\n\n<p><strong>Members of the organizing committee:&nbsp;<\/strong><br>Maja \u017danko, Nikolina Vuj\u010di\u0107 Stip\u010devi\u0107, Ton\u010dica \u0160i\u0161kov, Martina Ma\u010dkovi\u0107, Ljiljana Josipovi\u0107, Slavica Ravnjak, Alen Ore\u0161kovi\u0107, Kaja Komesarovi\u0107, Dragana Radusinovi\u0107, Vladimir Gro\u0161i\u0107, Majda Grah, Katica Mi\u0161ura, Ena Ivezi\u0107, Vanessa \u0110oga\u0161<\/p>\n\n\n\n<p><strong>Members of the scientific committee:&nbsp;<\/strong><br>prof. dr.sci. Dra\u017een Begi\u0107, prof. dr.sci. Igor Filip\u010di\u0107, prof. dr.sci. Vladimir Gro\u0161i\u0107, prof. dr.sci. Darko Mar\u010dinko; dr.sci. Jelena Mavrovi\u0107, prof. dr.sci. Alma Mihaljevi\u0107 Pele\u0161, Hrvoje Handl, Irena Rojni\u0107 Palavra, Nikolina Vuj\u010di\u0107 Stip\u010devi\u0107, Maja \u017danko.<\/p>\n\n\n\n<p><br><\/p>","protected":false},"excerpt":{"rendered":"<p>Klinika za psihijatriju \u201eSveti Ivan\u201c\u00a0Dnevna bolnica za poreme\u0107aje prehrane &#8211; H(RANA) Jankomir 11, 10090, Zagreb, Hrvatska ORGANIZACIJSKI ODBOR: Predsjednik organizacijskog odbora: &nbsp;Hrvoje HandlVoditelj Dnevne bolnice za poreme\u0107aje prehrane &#8211; H (RANA) \u010clanovi organizacijskog odbora:&nbsp;Maja \u017danko, Nikolina Vuj\u010di\u0107 Stip\u010devi\u0107, Ton\u010dica \u0160i\u0161kov, Martina Ma\u010dkovi\u0107, Ljiljana Josipovi\u0107, Slavica Ravnjak, Alen Ore\u0161kovi\u0107, Kaja Komesarovi\u0107, Dragana Radusinovi\u0107, Vladimir Gro\u0161i\u0107, Majda [&hellip;]<\/p>\n","protected":false},"author":1,"featured_media":0,"parent":0,"menu_order":0,"comment_status":"closed","ping_status":"closed","template":"","meta":{"inline_featured_image":false,"footnotes":""},"class_list":["post-70","page","type-page","status-publish","hentry"],"_links":{"self":[{"href":"https:\/\/web.penta-pco.com\/men-have-it-too\/en\/wp-json\/wp\/v2\/pages\/70","targetHints":{"allow":["GET"]}}],"collection":[{"href":"https:\/\/web.penta-pco.com\/men-have-it-too\/en\/wp-json\/wp\/v2\/pages"}],"about":[{"href":"https:\/\/web.penta-pco.com\/men-have-it-too\/en\/wp-json\/wp\/v2\/types\/page"}],"author":[{"embeddable":true,"href":"https:\/\/web.penta-pco.com\/men-have-it-too\/en\/wp-json\/wp\/v2\/users\/1"}],"replies":[{"embeddable":true,"href":"https:\/\/web.penta-pco.com\/men-have-it-too\/en\/wp-json\/wp\/v2\/comments?post=70"}],"version-history":[{"count":7,"href":"https:\/\/web.penta-pco.com\/men-have-it-too\/en\/wp-json\/wp\/v2\/pages\/70\/revisions"}],"predecessor-version":[{"id":239,"href":"https:\/\/web.penta-pco.com\/men-have-it-too\/en\/wp-json\/wp\/v2\/pages\/70\/revisions\/239"}],"wp:attachment":[{"href":"https:\/\/web.penta-pco.com\/men-have-it-too\/en\/wp-json\/wp\/v2\/media?parent=70"}],"curies":[{"name":"wp","href":"https:\/\/api.w.org\/{rel}","templated":true}]}}