{"id":81,"date":"2023-04-20T14:33:15","date_gmt":"2023-04-20T12:33:15","guid":{"rendered":"https:\/\/web.penta-pco.com\/men-have-it-too\/?page_id=81"},"modified":"2023-09-26T11:23:07","modified_gmt":"2023-09-26T09:23:07","slug":"registracija","status":"publish","type":"page","link":"https:\/\/web.penta-pco.com\/men-have-it-too\/en\/registracija\/","title":{"rendered":"Registration"},"content":{"rendered":"<p>Registration is open <\/p>\n\n\n\n<p>You can register online, via the link provided below or by emailing the technical organizer.<\/p>\n\n\n\n<p>For all registrations, individual and group, it is mandatory to specify the e-mail address of each individual participant.<\/p>\n\n\n\n<figure class=\"wp-block-table\"><table><thead><tr><th>Registration categories<\/th><th>Price for payments until October 12, 2023.<\/th><th>Price valid for payment from October 13. 2023.<\/th><\/tr><\/thead><tbody><tr><td>Medical doctors - specialists, certified psychotherapists<\/td><td>250 EUR<\/td><td>350 EUR<\/td><\/tr><tr><td>Sponsors, exhibitors<\/td><td>250 EUR<\/td><td>350 EUR<\/td><\/tr><tr><td>Psychologists, nutritionists and kinesiologists, soc. pedagogues, speech therapists and other health professionals<\/td><td>150 EUR<\/td><td>200 EUR<\/td><\/tr><tr><td>Specijalizanti<\/td><td>150 EUR<\/td><td>200 EUR<\/td><\/tr><tr><td>Dnevna kotizacija, studenti<\/td><td>50 EUR<\/td><td>100 EUR<\/td><\/tr><\/tbody><\/table><\/figure>\n\n\n\n<div class=\"wp-block-buttons is-content-justification-center is-layout-flex wp-container-core-buttons-is-layout-a89b3969 wp-block-buttons-is-layout-flex\">\n<div class=\"wp-block-button\"><a class=\"wp-block-button__link wp-element-button\" href=\"https:\/\/registration.penta-pco.com\/webpage\/event-homepage.php\" target=\"_blank\" rel=\"noreferrer noopener\"><strong>REGISTER HERE<\/strong><\/a><\/div>\n<\/div>\n\n\n\n<p>REGISTRATION FEE INCLUDES&nbsp;<\/p>\n\n\n\n<ul class=\"wp-block-list\">\n<li>attendance at the scientific program and exhibition&nbsp;<\/li>\n\n\n\n<li>congress materials (program booklet and book of abstracts in electronic form)&nbsp;<\/li>\n\n\n\n<li>lunch on October 20. and 21, coffe breaks according to programme &nbsp;<\/li>\n\n\n\n<li>points of the Croatian Medical Chamber&nbsp;<\/li>\n\n\n\n<li>VAT<\/li>\n<\/ul>\n\n\n\n<h2 class=\"wp-block-heading has-large-font-size\">Payment<\/h2>\n\n\n\n<p>Payment can be made by credit cards online, via secure online payment system or by bank transfer to the technical organizer according to the proforma invoice issued by the technical organizer PENTA d.o.o.<\/p>\n\n\n\n<p>Accepted credit cards: American Express, Euro Card\/MasterCard and Visa.<\/p>\n\n\n\n<p>Bank fees are the responsibility of the payer.<\/p>\n\n\n\n<h2 class=\"wp-block-heading has-large-font-size\">Official language<\/h2>\n\n\n\n<p>Slu\u017ebeni jeziik kongresa je engleski (simultano prevo\u0111enje ne\u0107e biti osigurano).<\/p>\n\n\n\n<h2 class=\"wp-block-heading has-large-font-size\">CME Credits<\/h2>\n\n\n\n<p>CROATIAN MEDICAL CHAMBER<\/p>\n\n\n\n<p>The meeting will be scored according to the  Croatian Medical Chamber practice<\/p>","protected":false},"excerpt":{"rendered":"<p>Registracija za kongres je otvorena. Prijaviti se mo\u017eete online, putem linka u nastavku ili mailom tehni\u010dkom organizatoru. U svim prijavama, bilo individualnim ili grupnim, obavezno je navo\u0111enje e-mail adrese svakog pojedinog sudionika. Vrsta kotizacije Cijena za uplate do 12.10.2023. Cijena za uplate od 13.10.2023. Lije\u010dnici specijalisti, certificirani psihoterapeuti 250 EUR 350 EUR Sponzori i izlaga\u010di [&hellip;]<\/p>\n","protected":false},"author":1,"featured_media":0,"parent":0,"menu_order":0,"comment_status":"closed","ping_status":"closed","template":"","meta":{"inline_featured_image":false,"footnotes":""},"class_list":["post-81","page","type-page","status-publish","hentry"],"_links":{"self":[{"href":"https:\/\/web.penta-pco.com\/men-have-it-too\/en\/wp-json\/wp\/v2\/pages\/81","targetHints":{"allow":["GET"]}}],"collection":[{"href":"https:\/\/web.penta-pco.com\/men-have-it-too\/en\/wp-json\/wp\/v2\/pages"}],"about":[{"href":"https:\/\/web.penta-pco.com\/men-have-it-too\/en\/wp-json\/wp\/v2\/types\/page"}],"author":[{"embeddable":true,"href":"https:\/\/web.penta-pco.com\/men-have-it-too\/en\/wp-json\/wp\/v2\/users\/1"}],"replies":[{"embeddable":true,"href":"https:\/\/web.penta-pco.com\/men-have-it-too\/en\/wp-json\/wp\/v2\/comments?post=81"}],"version-history":[{"count":22,"href":"https:\/\/web.penta-pco.com\/men-have-it-too\/en\/wp-json\/wp\/v2\/pages\/81\/revisions"}],"predecessor-version":[{"id":269,"href":"https:\/\/web.penta-pco.com\/men-have-it-too\/en\/wp-json\/wp\/v2\/pages\/81\/revisions\/269"}],"wp:attachment":[{"href":"https:\/\/web.penta-pco.com\/men-have-it-too\/en\/wp-json\/wp\/v2\/media?parent=81"}],"curies":[{"name":"wp","href":"https:\/\/api.w.org\/{rel}","templated":true}]}}