{"id":29,"date":"2023-04-20T11:59:18","date_gmt":"2023-04-20T09:59:18","guid":{"rendered":"https:\/\/web.penta-pco.com\/men-have-it-too\/?page_id=29"},"modified":"2023-10-06T17:20:26","modified_gmt":"2023-10-06T15:20:26","slug":"dobrodosli","status":"publish","type":"page","link":"https:\/\/web.penta-pco.com\/men-have-it-too\/","title":{"rendered":"Dobrodo\u0161li"},"content":{"rendered":"\n<p>Po\u0161tovani,<\/p>\n\n\n\n<p>jedna \u010detvrtina osoba koje boluju od poreme\u0107aja prehrane su mu\u0161karci. Bigoreksija, ortoreksija, bulimija i anoreksija uz naravno&nbsp;kompulzivno prejedanje poreme\u0107aji su povezani s mu\u0161karcima tako\u0111er. Oni su nekada nepravedno zapostavljeni, diskriminirani u odnosu na \u017eene u lije\u010denju poreme\u0107aja prehrane.&nbsp;<\/p>\n\n\n\n<p>S posebnim osje\u0107ajem ponosa, \u010dasti i privilegije pozivam Vas da budete pioniri pomo\u0107i, promocije i podr\u0161ke poreme\u0107ajima prehrane&nbsp;u mu\u0161karaca sudjeluju\u0107i na <strong>1. me\u0111unarodnom kongresu o poreme\u0107ajima prehrane kod mu\u0161karaca<\/strong>, pod nazivom: &#8220;<strong>Man have it too<\/strong>&#8220;.&nbsp;<\/p>\n\n\n\n<p><strong>Kongres \u0107e se odr\u017eati u Zagrebu, u Edukacijskom centru Klinike za psihijatriju Sveti Ivan, od 19 \u2013 22. listopada 2023. godine.&nbsp;<\/strong><\/p>\n\n\n\n<p>Psihijatri, internisti, lije\u010dnici op\u0107e medicine, fizijatri, nutricionisti, psiholozi, psihoterapeuti, kineziolozi i ostali zainteresirani stru\u010dnjaci imat \u0107e prigodu u\u010diti, razgovarati i na poseban iskustveni na\u010din\u00a0raditi na sebi tijekom sudjelovanja na ovom kongresu. Po\u010dasno \u0107e mjesto dobiti mladi stru\u010dnjaci.\u00a0<\/p>\n\n\n\n<p>Vjerujem da razumijete koliko je ova tema va\u017ena za va\u0161e o\u010deve, bra\u0107u, supruge i prijatelje i pozivam Vas da budete&nbsp;dio ove ideje i procesa kreacije jedinstvenog i rijetkog okupljanja multidisciplinarnih stru\u010dnjaka.&nbsp;<\/p>\n\n\n\n<p>U ime male i hrabre ekipe organizatora \u0161aljem Vam topli pozdrav i radujem se susretima.&nbsp;<\/p>\n\n\n\n<p>Hrvoje Handl<br>Predsjednik organizacijskog odbora&nbsp;<\/p>\n\n\n\n<p>Klinika za psihijatriju \u201eSveti Ivan\u201c&nbsp;<br>Dnevna bolnica za poreme\u0107aje prehrane &#8211; H(RANA)&nbsp;<\/p>\n\n\n\n<div class=\"wp-block-buttons alignfull is-content-justification-center is-layout-flex wp-container-core-buttons-is-layout-a89b3969 wp-block-buttons-is-layout-flex\">\n<div class=\"wp-block-button is-style-fill\"><a class=\"wp-block-button__link wp-element-button\" href=\"https:\/\/registration.penta-pco.com\/system\/openEvent.php?eventID=18234\" target=\"_blank\" rel=\"noreferrer noopener\"><strong>REGISTRACIJA<\/strong><\/a><\/div>\n<\/div>\n","protected":false},"excerpt":{"rendered":"<p>Po\u0161tovani, jedna \u010detvrtina osoba koje boluju od poreme\u0107aja prehrane su mu\u0161karci. Bigoreksija, ortoreksija, bulimija i anoreksija uz naravno&nbsp;kompulzivno prejedanje poreme\u0107aji su povezani s mu\u0161karcima tako\u0111er. Oni su nekada nepravedno zapostavljeni, diskriminirani u odnosu na \u017eene u lije\u010denju poreme\u0107aja prehrane.&nbsp; S posebnim osje\u0107ajem ponosa, \u010dasti i privilegije pozivam Vas da budete pioniri pomo\u0107i, promocije i podr\u0161ke [&hellip;]<\/p>\n","protected":false},"author":1,"featured_media":0,"parent":0,"menu_order":0,"comment_status":"closed","ping_status":"closed","template":"","meta":{"inline_featured_image":false,"footnotes":""},"class_list":["post-29","page","type-page","status-publish","hentry"],"_links":{"self":[{"href":"https:\/\/web.penta-pco.com\/men-have-it-too\/wp-json\/wp\/v2\/pages\/29","targetHints":{"allow":["GET"]}}],"collection":[{"href":"https:\/\/web.penta-pco.com\/men-have-it-too\/wp-json\/wp\/v2\/pages"}],"about":[{"href":"https:\/\/web.penta-pco.com\/men-have-it-too\/wp-json\/wp\/v2\/types\/page"}],"author":[{"embeddable":true,"href":"https:\/\/web.penta-pco.com\/men-have-it-too\/wp-json\/wp\/v2\/users\/1"}],"replies":[{"embeddable":true,"href":"https:\/\/web.penta-pco.com\/men-have-it-too\/wp-json\/wp\/v2\/comments?post=29"}],"version-history":[{"count":11,"href":"https:\/\/web.penta-pco.com\/men-have-it-too\/wp-json\/wp\/v2\/pages\/29\/revisions"}],"predecessor-version":[{"id":285,"href":"https:\/\/web.penta-pco.com\/men-have-it-too\/wp-json\/wp\/v2\/pages\/29\/revisions\/285"}],"wp:attachment":[{"href":"https:\/\/web.penta-pco.com\/men-have-it-too\/wp-json\/wp\/v2\/media?parent=29"}],"curies":[{"name":"wp","href":"https:\/\/api.w.org\/{rel}","templated":true}]}}