{"id":78,"date":"2023-04-20T14:25:48","date_gmt":"2023-04-20T12:25:48","guid":{"rendered":"https:\/\/web.penta-pco.com\/men-have-it-too\/?page_id=78"},"modified":"2023-10-06T17:23:11","modified_gmt":"2023-10-06T15:23:11","slug":"teme","status":"publish","type":"page","link":"https:\/\/web.penta-pco.com\/men-have-it-too\/teme\/","title":{"rendered":"Teme"},"content":{"rendered":"\n<ul class=\"wp-block-list\">\n<li><strong>Anoreksija <\/strong>&#8211; trajno ograni\u010davanje kalorijskog unosa koje dovodi do zna\u010dajnog smanjenja tjelesne te\u017eine, u kontekstu minimalne o\u010dekivane te\u017eine za dob, spol, razvojnu fazu i tjelesno zdravlje.<\/li>\n\n\n\n<li><strong>Bulimija<\/strong> &#8211; poreme\u0107aj hranjenja karakteriziran ponavljanim epizodama ubrzane konzumacije velike koli\u010dine hrane (prejedanje), nakon \u010dega slijede poku\u0161aji da se nadoknadi vi\u0161ak konzumirane hrane (na primjer, pro\u010di\u0161\u0107avanjem, postom ili tijelovje\u017ebom).<\/li>\n\n\n\n<li><strong>Bigoreksija <\/strong>&#8211; opsjednutost mi\u0161i\u0107avim tijelom do mjere pretjeranog uzimanja steroida, pretjeranog treniranja, dehidracije, tjelesnih posljedica bildanja.<\/li>\n\n\n\n<li><strong>Ortoreksija<\/strong> &#8211; nezdrava opsjednutost zdravom hranom.<\/li>\n\n\n\n<li><strong>Kompulzivno prejedanje<\/strong>\u00a0&#8211; prekomjerno konzumiranje hrane u kra\u0107im vremenskim intervalima, \u010dak i onda kada osoba nije gladna.<\/li>\n\n\n\n<li><strong>BDD <\/strong>&#8211; Body dysmorphic disorder\u00a0<\/li>\n<\/ul>\n","protected":false},"excerpt":{"rendered":"","protected":false},"author":1,"featured_media":0,"parent":0,"menu_order":0,"comment_status":"closed","ping_status":"closed","template":"","meta":{"inline_featured_image":false,"footnotes":""},"class_list":["post-78","page","type-page","status-publish","hentry"],"_links":{"self":[{"href":"https:\/\/web.penta-pco.com\/men-have-it-too\/wp-json\/wp\/v2\/pages\/78","targetHints":{"allow":["GET"]}}],"collection":[{"href":"https:\/\/web.penta-pco.com\/men-have-it-too\/wp-json\/wp\/v2\/pages"}],"about":[{"href":"https:\/\/web.penta-pco.com\/men-have-it-too\/wp-json\/wp\/v2\/types\/page"}],"author":[{"embeddable":true,"href":"https:\/\/web.penta-pco.com\/men-have-it-too\/wp-json\/wp\/v2\/users\/1"}],"replies":[{"embeddable":true,"href":"https:\/\/web.penta-pco.com\/men-have-it-too\/wp-json\/wp\/v2\/comments?post=78"}],"version-history":[{"count":8,"href":"https:\/\/web.penta-pco.com\/men-have-it-too\/wp-json\/wp\/v2\/pages\/78\/revisions"}],"predecessor-version":[{"id":286,"href":"https:\/\/web.penta-pco.com\/men-have-it-too\/wp-json\/wp\/v2\/pages\/78\/revisions\/286"}],"wp:attachment":[{"href":"https:\/\/web.penta-pco.com\/men-have-it-too\/wp-json\/wp\/v2\/media?parent=78"}],"curies":[{"name":"wp","href":"https:\/\/api.w.org\/{rel}","templated":true}]}}