{"id":81,"date":"2023-04-20T14:33:15","date_gmt":"2023-04-20T12:33:15","guid":{"rendered":"https:\/\/web.penta-pco.com\/men-have-it-too\/?page_id=81"},"modified":"2023-09-26T11:23:07","modified_gmt":"2023-09-26T09:23:07","slug":"registracija","status":"publish","type":"page","link":"https:\/\/web.penta-pco.com\/men-have-it-too\/registracija\/","title":{"rendered":"Registracija"},"content":{"rendered":"\n<p>Registracija za kongres je otvorena. <\/p>\n\n\n\n<p>Prijaviti se mo\u017eete online, putem linka u nastavku ili mailom tehni\u010dkom organizatoru.<\/p>\n\n\n\n<p>U svim prijavama, bilo individualnim ili grupnim, obavezno je navo\u0111enje e-mail adrese svakog pojedinog sudionika.<\/p>\n\n\n\n<figure class=\"wp-block-table\"><table><thead><tr><th>Vrsta kotizacije<\/th><th>Cijena za uplate do 12.10.2023.<\/th><th>Cijena za uplate od 13.10.2023.<\/th><\/tr><\/thead><tbody><tr><td>Lije\u010dnici specijalisti, certificirani psihoterapeuti<\/td><td>250 EUR<\/td><td>350 EUR<\/td><\/tr><tr><td>Sponzori i izlaga\u010di<\/td><td>250 EUR<\/td><td>350 EUR<\/td><\/tr><tr><td>Psiholozi, nutricionisti i kineziolozi, soc. pedagozi, logopedi i drugi zdravstveni djelatnici<\/td><td>150 EUR<\/td><td>200 EUR<\/td><\/tr><tr><td>Specijalizanti<\/td><td>150 EUR<\/td><td>200 EUR<\/td><\/tr><tr><td>Dnevna kotizacija, studenti<\/td><td>50 EUR<\/td><td>100 EUR<\/td><\/tr><\/tbody><\/table><\/figure>\n\n\n\n<div class=\"wp-block-buttons is-content-justification-center is-layout-flex wp-container-core-buttons-is-layout-a89b3969 wp-block-buttons-is-layout-flex\">\n<div class=\"wp-block-button\"><a class=\"wp-block-button__link wp-element-button\" href=\"https:\/\/registration.penta-pco.com\/webpage\/event-homepage.php\" target=\"_blank\" rel=\"noreferrer noopener\"><strong>REGISTRIRAJ SE OVDJE<\/strong><\/a><\/div>\n<\/div>\n\n\n\n<p>KOTIZACIJA UKLJU\u010cUJE:&nbsp;<\/p>\n\n\n\n<ul class=\"wp-block-list\">\n<li>nazo\u010dnost stru\u010dnom programu kongresa i izlo\u017ebi&nbsp;<\/li>\n\n\n\n<li>kongresne materijale (programsku knji\u017eicu i knjigu sa\u017eetaka u elektronskom obliku)&nbsp;<\/li>\n\n\n\n<li>ru\u010dkove 20. i 21.10., pauze za kavu prema programu &nbsp;<\/li>\n\n\n\n<li>bodove Hrvatske lije\u010dni\u010dke komore&nbsp;<\/li>\n\n\n\n<li>PDV<\/li>\n<\/ul>\n\n\n\n<h2 class=\"wp-block-heading has-large-font-size\">Pla\u0107anje<\/h2>\n\n\n\n<p>Uplate kotizacija mogu se izvr\u0161iti online kreditnim karticama ili uplatom na \u017eiro ra\u010dun tehni\u010dkog organizatora na osnovu predra\u010duna kojeg izdaje tehni\u010dki organizator PENTA d.o.o.<\/p>\n\n\n\n<p>Prihva\u0107amo kreditne kartice: American Express, Euro Card\/MasterCard i Visa.<\/p>\n\n\n\n<p>Bankovne naknade su odgovornost uplatitelja, te je platitelj du\u017ean podmiriti sve bankovne naknade.<\/p>\n\n\n\n<h2 class=\"wp-block-heading has-large-font-size\">Slu\u017ebeni jezik<\/h2>\n\n\n\n<p>Slu\u017ebeni jeziik kongresa je engleski (simultano prevo\u0111enje ne\u0107e biti osigurano).<\/p>\n\n\n\n<h2 class=\"wp-block-heading has-large-font-size\">Bodovanje<\/h2>\n\n\n\n<p>HRVATSKA LIJE\u010cNI\u010cKA KOMORA<\/p>\n\n\n\n<p>Skup \u0107e biti bodovan prema Pravilniku Hrvatske lije\u010dni\u010dke komore o bodovanju.<\/p>\n","protected":false},"excerpt":{"rendered":"<p>Registracija za kongres je otvorena. Prijaviti se mo\u017eete online, putem linka u nastavku ili mailom tehni\u010dkom organizatoru. U svim prijavama, bilo individualnim ili grupnim, obavezno je navo\u0111enje e-mail adrese svakog pojedinog sudionika. Vrsta kotizacije Cijena za uplate do 12.10.2023. Cijena za uplate od 13.10.2023. Lije\u010dnici specijalisti, certificirani psihoterapeuti 250 EUR 350 EUR Sponzori i izlaga\u010di [&hellip;]<\/p>\n","protected":false},"author":1,"featured_media":0,"parent":0,"menu_order":0,"comment_status":"closed","ping_status":"closed","template":"","meta":{"inline_featured_image":false,"footnotes":""},"class_list":["post-81","page","type-page","status-publish","hentry"],"_links":{"self":[{"href":"https:\/\/web.penta-pco.com\/men-have-it-too\/wp-json\/wp\/v2\/pages\/81","targetHints":{"allow":["GET"]}}],"collection":[{"href":"https:\/\/web.penta-pco.com\/men-have-it-too\/wp-json\/wp\/v2\/pages"}],"about":[{"href":"https:\/\/web.penta-pco.com\/men-have-it-too\/wp-json\/wp\/v2\/types\/page"}],"author":[{"embeddable":true,"href":"https:\/\/web.penta-pco.com\/men-have-it-too\/wp-json\/wp\/v2\/users\/1"}],"replies":[{"embeddable":true,"href":"https:\/\/web.penta-pco.com\/men-have-it-too\/wp-json\/wp\/v2\/comments?post=81"}],"version-history":[{"count":22,"href":"https:\/\/web.penta-pco.com\/men-have-it-too\/wp-json\/wp\/v2\/pages\/81\/revisions"}],"predecessor-version":[{"id":269,"href":"https:\/\/web.penta-pco.com\/men-have-it-too\/wp-json\/wp\/v2\/pages\/81\/revisions\/269"}],"wp:attachment":[{"href":"https:\/\/web.penta-pco.com\/men-have-it-too\/wp-json\/wp\/v2\/media?parent=81"}],"curies":[{"name":"wp","href":"https:\/\/api.w.org\/{rel}","templated":true}]}}