{"id":94,"date":"2023-04-20T14:40:36","date_gmt":"2023-04-20T12:40:36","guid":{"rendered":"https:\/\/web.penta-pco.com\/men-have-it-too\/?page_id=94"},"modified":"2023-05-13T17:25:30","modified_gmt":"2023-05-13T15:25:30","slug":"sponzori","status":"publish","type":"page","link":"https:\/\/web.penta-pco.com\/men-have-it-too\/sponzori\/","title":{"rendered":"Sponzori"},"content":{"rendered":"\n<p>Za sponzorske mogu\u0107nosti kontaktirajte tehni\u010dkog organizatora na&nbsp;<a href=\"mailto:silvija.matic@penta-zagreb.hr\">silvija.matic@penta-zagreb.hr<\/a>.<\/p>\n\n\n\n<p>TEHNI\u010cKI ORGANIZATOR<\/p>\n\n\n\n<p>Penta d.o.o.<br>Adresa: Izidora Kr\u0161njavoga 25, 10000 Zagreb<br>OIB: 31375495391<br>Web: <a href=\"https:\/\/www.penta-zagreb.hr\/\" target=\"_blank\" rel=\"noreferrer noopener\">www.penta-zagreb.hr<\/a><\/p>\n\n\n\n<p>Kontakt osoba: Silvija Mati\u0107<br>E-mail: <a href=\"mailto:silvija.matic@penta-zagreb.hr\">silvija.matic@penta-zagreb.hr<\/a><br>Telefon: <a href=\"tel:+38514628613\">385 1 4628 613<br><\/a>Mobitel: <a href=\"tel:+385912015004\">385 91 201 5004<\/a><\/p>\n","protected":false},"excerpt":{"rendered":"<p>Za sponzorske mogu\u0107nosti kontaktirajte tehni\u010dkog organizatora na&nbsp;silvija.matic@penta-zagreb.hr. TEHNI\u010cKI ORGANIZATOR Penta d.o.o.Adresa: Izidora Kr\u0161njavoga 25, 10000 ZagrebOIB: 31375495391Web: www.penta-zagreb.hr Kontakt osoba: Silvija Mati\u0107E-mail: silvija.matic@penta-zagreb.hrTelefon: 385 1 4628 613Mobitel: 385 91 201 5004<\/p>\n","protected":false},"author":1,"featured_media":0,"parent":0,"menu_order":0,"comment_status":"closed","ping_status":"closed","template":"","meta":{"inline_featured_image":false,"footnotes":""},"class_list":["post-94","page","type-page","status-publish","hentry"],"_links":{"self":[{"href":"https:\/\/web.penta-pco.com\/men-have-it-too\/wp-json\/wp\/v2\/pages\/94","targetHints":{"allow":["GET"]}}],"collection":[{"href":"https:\/\/web.penta-pco.com\/men-have-it-too\/wp-json\/wp\/v2\/pages"}],"about":[{"href":"https:\/\/web.penta-pco.com\/men-have-it-too\/wp-json\/wp\/v2\/types\/page"}],"author":[{"embeddable":true,"href":"https:\/\/web.penta-pco.com\/men-have-it-too\/wp-json\/wp\/v2\/users\/1"}],"replies":[{"embeddable":true,"href":"https:\/\/web.penta-pco.com\/men-have-it-too\/wp-json\/wp\/v2\/comments?post=94"}],"version-history":[{"count":2,"href":"https:\/\/web.penta-pco.com\/men-have-it-too\/wp-json\/wp\/v2\/pages\/94\/revisions"}],"predecessor-version":[{"id":176,"href":"https:\/\/web.penta-pco.com\/men-have-it-too\/wp-json\/wp\/v2\/pages\/94\/revisions\/176"}],"wp:attachment":[{"href":"https:\/\/web.penta-pco.com\/men-have-it-too\/wp-json\/wp\/v2\/media?parent=94"}],"curies":[{"name":"wp","href":"https:\/\/api.w.org\/{rel}","templated":true}]}}