{"id":19,"date":"2021-03-08T09:45:47","date_gmt":"2021-03-08T08:45:47","guid":{"rendered":"https:\/\/web.penta-pco.com\/proljetni-simpozij-hded2021\/?page_id=19"},"modified":"2021-03-22T12:50:24","modified_gmt":"2021-03-22T11:50:24","slug":"dobrodosli","status":"publish","type":"page","link":"https:\/\/web.penta-pco.com\/proljetni-simpozij-hded2021\/","title":{"rendered":"Dobrodo\u0161li"},"content":{"rendered":"\t\t<div data-elementor-type=\"wp-page\" data-elementor-id=\"19\" class=\"elementor elementor-19\" data-elementor-settings=\"[]\">\n\t\t\t\t\t\t<div class=\"elementor-inner\">\n\t\t\t\t\t\t\t<div class=\"elementor-section-wrap\">\n\t\t\t\t\t\t\t<section class=\"elementor-section elementor-top-section elementor-element elementor-element-2540cde6 elementor-section-boxed elementor-section-height-default elementor-section-height-default\" data-id=\"2540cde6\" data-element_type=\"section\">\n\t\t\t\t\t\t<div class=\"elementor-container elementor-column-gap-default\">\n\t\t\t\t\t\t\t<div class=\"elementor-row\">\n\t\t\t\t\t<div class=\"elementor-column elementor-col-100 elementor-top-column elementor-element elementor-element-1ba767de\" data-id=\"1ba767de\" data-element_type=\"column\">\n\t\t\t<div class=\"elementor-column-wrap elementor-element-populated\">\n\t\t\t\t\t\t\t<div class=\"elementor-widget-wrap\">\n\t\t\t\t\t\t<div class=\"elementor-element elementor-element-43a0a8a elementor-widget elementor-widget-heading\" data-id=\"43a0a8a\" data-element_type=\"widget\" data-widget_type=\"heading.default\">\n\t\t\t\t<div class=\"elementor-widget-container\">\n\t\t\t<h2 class=\"elementor-heading-title elementor-size-default\">Dobrodo\u0161li<\/h2>\t\t<\/div>\n\t\t\t\t<\/div>\n\t\t\t\t<div class=\"elementor-element elementor-element-7b2577af elementor-widget elementor-widget-text-editor\" data-id=\"7b2577af\" data-element_type=\"widget\" data-widget_type=\"text-editor.default\">\n\t\t\t\t<div class=\"elementor-widget-container\">\n\t\t\t\t\t<div class=\"elementor-text-editor elementor-clearfix\"><!-- wp:paragraph -->\n<p>Srda\u010dno Vas pozivamo na Proljetni simpozij Hrvatskog dru\u0161tva za endokrinologiju i dijabetologiju koji \u0107e se, zbog epidemiolo\u0161ke situacije, odr\u017eati u digitalnom formatu.<\/p>\n<!-- \/wp:paragraph --><!-- wp:paragraph -->\n<p>U dvodnevnom simpoziju \u0107e se kroz panel diskusije i ekspertne forume obraditi zanimljiva klini\u010dka\u00a0i javnozdravstvena\u00a0pitanja.\u00a0<\/p>\n<!-- \/wp:paragraph --><!-- wp:paragraph -->\n<p>Simpozij \u0107e se odr\u017eati od 24. do 25. o\u017eujka 2021. putem platforme Zoom.<\/p>\n<!-- \/wp:paragraph --><!-- wp:paragraph -->\n<p>Sudjelovanje na simpoziju je besplatno.<\/p>\n<!-- \/wp:paragraph --><!-- wp:paragraph -->\n<p><strong>Prof. dr. sc. Darko Ka\u0161telan<\/strong><br \/>Predsjednik Organizacijskog\u00a0odbora Godi\u0161njeg sastanka HDED HLZ<\/p>\n<!-- \/wp:paragraph --><\/div>\n\t\t\t\t<\/div>\n\t\t\t\t<\/div>\n\t\t\t\t<div class=\"elementor-element elementor-element-4029597 elementor-align-center elementor-widget elementor-widget-button\" data-id=\"4029597\" data-element_type=\"widget\" data-widget_type=\"button.default\">\n\t\t\t\t<div class=\"elementor-widget-container\">\n\t\t\t\t\t<div class=\"elementor-button-wrapper\">\n\t\t\t<a href=\"https:\/\/web.penta-pco.com\/proljetni-simpozij-hded2021\/login\/\" class=\"elementor-button-link elementor-button elementor-size-md\" role=\"button\">\n\t\t\t\t\t\t<span class=\"elementor-button-content-wrapper\">\n\t\t\t\t\t\t<span class=\"elementor-button-text\">Prijava<\/span>\n\t\t<\/span>\n\t\t\t\t\t<\/a>\n\t\t<\/div>\n\t\t\t\t<\/div>\n\t\t\t\t<\/div>\n\t\t\t\t\t\t<\/div>\n\t\t\t\t\t<\/div>\n\t\t<\/div>\n\t\t\t\t\t\t\t\t<\/div>\n\t\t\t\t\t<\/div>\n\t\t<\/section>\n\t\t\t\t\t\t<\/div>\n\t\t\t\t\t\t<\/div>\n\t\t\t\t\t<\/div>\n\t\t","protected":false},"excerpt":{"rendered":"<p>Dobrodo\u0161li Srda\u010dno Vas pozivamo na Proljetni simpozij Hrvatskog dru\u0161tva za endokrinologiju i dijabetologiju koji \u0107e se, zbog epidemiolo\u0161ke situacije, odr\u017eati u digitalnom formatu. U dvodnevnom simpoziju \u0107e se kroz panel diskusije i ekspertne forume obraditi zanimljiva klini\u010dka\u00a0i javnozdravstvena\u00a0pitanja.\u00a0 Simpozij \u0107e se odr\u017eati od 24. do 25. o\u017eujka 2021. putem platforme Zoom. Sudjelovanje na simpoziju je [&hellip;]<\/p>\n","protected":false},"author":1,"featured_media":0,"parent":0,"menu_order":0,"comment_status":"closed","ping_status":"closed","template":"","meta":[],"_links":{"self":[{"href":"https:\/\/web.penta-pco.com\/proljetni-simpozij-hded2021\/wp-json\/wp\/v2\/pages\/19"}],"collection":[{"href":"https:\/\/web.penta-pco.com\/proljetni-simpozij-hded2021\/wp-json\/wp\/v2\/pages"}],"about":[{"href":"https:\/\/web.penta-pco.com\/proljetni-simpozij-hded2021\/wp-json\/wp\/v2\/types\/page"}],"author":[{"embeddable":true,"href":"https:\/\/web.penta-pco.com\/proljetni-simpozij-hded2021\/wp-json\/wp\/v2\/users\/1"}],"replies":[{"embeddable":true,"href":"https:\/\/web.penta-pco.com\/proljetni-simpozij-hded2021\/wp-json\/wp\/v2\/comments?post=19"}],"version-history":[{"count":19,"href":"https:\/\/web.penta-pco.com\/proljetni-simpozij-hded2021\/wp-json\/wp\/v2\/pages\/19\/revisions"}],"predecessor-version":[{"id":258,"href":"https:\/\/web.penta-pco.com\/proljetni-simpozij-hded2021\/wp-json\/wp\/v2\/pages\/19\/revisions\/258"}],"wp:attachment":[{"href":"https:\/\/web.penta-pco.com\/proljetni-simpozij-hded2021\/wp-json\/wp\/v2\/media?parent=19"}],"curies":[{"name":"wp","href":"https:\/\/api.w.org\/{rel}","templated":true}]}}