{"id":21,"date":"2021-03-08T09:53:56","date_gmt":"2021-03-08T08:53:56","guid":{"rendered":"https:\/\/web.penta-pco.com\/proljetni-simpozij-hded2021\/?page_id=21"},"modified":"2021-03-24T11:28:33","modified_gmt":"2021-03-24T10:28:33","slug":"program","status":"publish","type":"page","link":"https:\/\/web.penta-pco.com\/proljetni-simpozij-hded2021\/program\/","title":{"rendered":"Program"},"content":{"rendered":"\t\t<div data-elementor-type=\"wp-page\" data-elementor-id=\"21\" class=\"elementor elementor-21\" data-elementor-settings=\"[]\">\n\t\t\t\t\t\t<div class=\"elementor-inner\">\n\t\t\t\t\t\t\t<div class=\"elementor-section-wrap\">\n\t\t\t\t\t\t\t<section class=\"elementor-section elementor-top-section elementor-element elementor-element-36340ba elementor-section-boxed elementor-section-height-default elementor-section-height-default\" data-id=\"36340ba\" data-element_type=\"section\">\n\t\t\t\t\t\t<div class=\"elementor-container elementor-column-gap-default\">\n\t\t\t\t\t\t\t<div class=\"elementor-row\">\n\t\t\t\t\t<div class=\"elementor-column elementor-col-100 elementor-top-column elementor-element elementor-element-d291838\" data-id=\"d291838\" data-element_type=\"column\">\n\t\t\t<div class=\"elementor-column-wrap elementor-element-populated\">\n\t\t\t\t\t\t\t<div class=\"elementor-widget-wrap\">\n\t\t\t\t\t\t<div class=\"elementor-element elementor-element-0e2e6e0 elementor-align-center elementor-widget elementor-widget-button\" data-id=\"0e2e6e0\" data-element_type=\"widget\" data-widget_type=\"button.default\">\n\t\t\t\t<div class=\"elementor-widget-container\">\n\t\t\t\t\t<div class=\"elementor-button-wrapper\">\n\t\t\t<a href=\"https:\/\/web.penta-pco.com\/proljetni-simpozij-hded2021\/wp-content\/uploads\/2021\/03\/online-simpozij-2021-PROGRAM.pdf\" class=\"elementor-button-link elementor-button elementor-size-md\" role=\"button\">\n\t\t\t\t\t\t<span class=\"elementor-button-content-wrapper\">\n\t\t\t\t\t\t<span class=\"elementor-button-text\">SKINI PROGRAM<\/span>\n\t\t<\/span>\n\t\t\t\t\t<\/a>\n\t\t<\/div>\n\t\t\t\t<\/div>\n\t\t\t\t<\/div>\n\t\t\t\t<div class=\"elementor-element elementor-element-b4b812a elementor-widget elementor-widget-html\" data-id=\"b4b812a\" data-element_type=\"widget\" data-widget_type=\"html.default\">\n\t\t\t\t<div class=\"elementor-widget-container\">\n\t\t\t<table id=\"myTable\" width=\"100%\">\r\n  <thead>\r\n   <tr>\r\n    <th scope=\"col\" style=\"width: 25%;\">SRIJEDA, 24.3.2021. <\/th>\r\n    <th scope=\"col\" style=\"width: 50%;\"><\/th>\r\n    <th scope=\"col\" style=\"width: 30%;\"><\/th>\r\n   <\/tr>\r\n  <\/thead>\r\n\r\n  <tbody>\r\n  <tr>\r\n   <td>15.00-15.10<\/td>\r\n   <td>Otvaranje Simpozija<\/td>\r\n   <td><\/td>\r\n  <\/tr>\r\n\r\n  <tr>\r\n   <td>15.10-15.30<\/td>\r\n   <td><b>\u0160e\u0107erna bolest inducirana lijekovima<\/b><\/td>\r\n   <td>J. Nazli\u0107<\/td>\r\n  <\/tr>\r\n\r\n  <tr>\r\n   <td>15.30-15.50<\/td>\r\n   <td><b>Nove terapije \u0161e\u0107erne bolesti i kardiovaskularni rizik \u2013 dokazi i praksa <\/b><\/td>\r\n   <td>A.Novak<\/td>\r\n  <\/tr>\r\n\r\n  <tr>\r\n   <td>15.50-16.10<\/td>\r\n   <td><b>Gestacijski dijabetes<\/b><\/td>\r\n   <td>T. Re\u017ei\u0107<\/td>\r\n  <\/tr>\r\n\r\n  <tr>\r\n   <td>16.10-16.25<\/td>\r\n   <td>Pauza<\/td>\r\n   <td><\/td>\r\n  <\/tr>\r\n\r\n  <tr>\r\n   <td>16.25-16.45<\/td>\r\n   <td><b>2021. \u2013 100-godi\u0161njica otkri\u0107a inzulina<\/b><\/td>\r\n   <td>T. Du\u0161ek<\/td>\r\n  <\/tr>\r\n\r\n  <tr>\r\n   <td>16.45-17.00<\/td>\r\n   <td><b>TRUTH studija \u2013 preliminarni rezultati<\/b><\/td>\r\n   <td>D. Ka\u0161telan<\/td>\r\n  <\/tr>\r\n\r\n  <tr>\r\n   <td>17.00-17.45<\/td>\r\n   <td>Ekspertni forum \u2013 <b>\u0161e\u0107erna bolest <\/b><\/td>\r\n   <td>I.Kraljevi\u0107, M.Tripolski, T. \r\nBulum, A.Bara\u010d<\/td>\r\n  <\/tr>\r\n\r\n  <tr>\r\n   <td>17.45-18.15<\/td>\r\n   <td>Satelitski simpoziji tvrtke Amgen d.o.o.<br>\r\nKako pobolj\u0161ati ishode lije\u010denja osteoporoze? - M. Bareti\u0107<\/td>\r\n   <td><\/td>\r\n  <\/tr>\r\n  \r\n    <tr>\r\n   <td>18.15-18.45<\/td>\r\n   <td>Satelitski simpoziji tvrtke  Abbott<br>\r\nFreeStyle Libre: Body of evidence - I. Kraljevi\u0107<\/td>\r\n   <td><\/td>\r\n  <\/tr>\r\n\r\n  <\/tbody>\r\n<\/table>\t\t<\/div>\n\t\t\t\t<\/div>\n\t\t\t\t\t\t<\/div>\n\t\t\t\t\t<\/div>\n\t\t<\/div>\n\t\t\t\t\t\t\t\t<\/div>\n\t\t\t\t\t<\/div>\n\t\t<\/section>\n\t\t\t\t<section class=\"elementor-section elementor-top-section elementor-element elementor-element-bbbc1f1 elementor-section-boxed elementor-section-height-default elementor-section-height-default\" data-id=\"bbbc1f1\" data-element_type=\"section\">\n\t\t\t\t\t\t<div class=\"elementor-container elementor-column-gap-default\">\n\t\t\t\t\t\t\t<div class=\"elementor-row\">\n\t\t\t\t\t<div class=\"elementor-column elementor-col-100 elementor-top-column elementor-element elementor-element-a526812\" data-id=\"a526812\" data-element_type=\"column\">\n\t\t\t<div class=\"elementor-column-wrap elementor-element-populated\">\n\t\t\t\t\t\t\t<div class=\"elementor-widget-wrap\">\n\t\t\t\t\t\t<div class=\"elementor-element elementor-element-43adb21 elementor-widget elementor-widget-html\" data-id=\"43adb21\" data-element_type=\"widget\" data-widget_type=\"html.default\">\n\t\t\t\t<div class=\"elementor-widget-container\">\n\t\t\t<table id=\"myTable\" width=\"100%\">\r\n  <thead>\r\n   <tr>\r\n    <th scope=\"col\" style=\"width: 25%;\">\u010cETVRTAK, 25.3.2021.<\/th>\r\n    <th scope=\"col\" style=\"width: 50%;\"><\/th>\r\n    <th scope=\"col\" style=\"width: 30%;\"><\/th>\r\n   <\/tr>\r\n  <\/thead>\r\n\r\n  <tbody>\r\n  <tr>\r\n   <td>14.30-15.00<\/td>\r\n   <td>Satelitski simpozij tvrtke Eli Lilly d.o.o<br>\r\n   Novi podaci o primjeni i u\u010dinku GLP-1 RA i mjesto dulaglutida u lije\u010denju T2\u0160B - S. Fi\u0161i\u0107 Dubovac<br>\r\n   Ekstraglikemijski u\u010dinci GLP-1 RA i dulaglutida u bolesnika s T2\u0160B - S. Slo\u0161i\u0107 Weiss\r\n<\/td>\r\n   <td><\/td>\r\n  <\/tr>\r\n\r\n  <tr>\r\n   <td>15.00-15.25<\/td>\r\n   <td>Predstavljanje sekcije mladih endokrinologa <br>\r\n<b>Prikaz rezultata ankete provedene me\u0111u mladim endokrinolozima<\/b><\/td>\r\n   <td>K.Zibar \r\nTom\u0161i\u0107\/N.Matas<\/td>\r\n  <\/tr>\r\n\r\n  <tr>\r\n   <td>15.25-15.35<\/td>\r\n   <td>Predstavljanje Sekcije za \u0161titnja\u010du<\/td>\r\n   <td>T. Mili\u010devi\u0107<\/td>\r\n  <\/tr>\r\n\r\n  <tr>\r\n   <td>15.35-16.00<\/td>\r\n   <td><b>UZV klasifikacija \u010dvorova u \u0161titnja\u010di<br>\r\nCitolo\u0161ka klasifikacija \u010dvorova u \u0161titnja\u010di<\/td>\r\n   <td>Moderator: T. \u0160toos Vei\u0107, T. Mili\u010devi\u0107 \r\nM. Solak\r\nCitolog\r\n<\/td>\r\n  <\/tr>\r\n\r\n  <tr>\r\n   <td>16.05-16.50<\/td>\r\n   <td>Ekspertni forum: <b>\u010dvorovi u \u0161titnja\u010di <\/b><\/td>\r\n   <td>M. Solak, T. \u0160toos Vei\u0107, T.\u0160kori\u0107 \r\nPolovina, A.Bala\u0161ko<\/td>\r\n  <\/tr>\r\n\r\n  <tr>\r\n   <td>16.50-17.05<\/td>\r\n   <td>Satelitski simpozij tvrtke Recordatti<br>\r\n   Pasireotid \u2013 u\u010dinkovita terapijska opcija za lije\u010denje akromegalije \u2013 M. Solak<\/td>\r\n   <td><\/td>\r\n  <\/tr>\r\n\r\n  <\/tbody>\r\n<\/table>\t\t<\/div>\n\t\t\t\t<\/div>\n\t\t\t\t\t\t<\/div>\n\t\t\t\t\t<\/div>\n\t\t<\/div>\n\t\t\t\t\t\t\t\t<\/div>\n\t\t\t\t\t<\/div>\n\t\t<\/section>\n\t\t\t\t\t\t<\/div>\n\t\t\t\t\t\t<\/div>\n\t\t\t\t\t<\/div>\n\t\t","protected":false},"excerpt":{"rendered":"<p>SKINI PROGRAM SRIJEDA, 24.3.2021. 15.00-15.10 Otvaranje Simpozija 15.10-15.30 \u0160e\u0107erna bolest inducirana lijekovima J. Nazli\u0107 15.30-15.50 Nove terapije \u0161e\u0107erne bolesti i kardiovaskularni rizik \u2013 dokazi i praksa A.Novak 15.50-16.10 Gestacijski dijabetes T. Re\u017ei\u0107 16.10-16.25 Pauza 16.25-16.45 2021. \u2013 100-godi\u0161njica otkri\u0107a inzulina T. Du\u0161ek 16.45-17.00 TRUTH studija \u2013 preliminarni rezultati D. Ka\u0161telan 17.00-17.45 Ekspertni forum \u2013 \u0161e\u0107erna [&hellip;]<\/p>\n","protected":false},"author":1,"featured_media":0,"parent":0,"menu_order":0,"comment_status":"closed","ping_status":"closed","template":"","meta":[],"_links":{"self":[{"href":"https:\/\/web.penta-pco.com\/proljetni-simpozij-hded2021\/wp-json\/wp\/v2\/pages\/21"}],"collection":[{"href":"https:\/\/web.penta-pco.com\/proljetni-simpozij-hded2021\/wp-json\/wp\/v2\/pages"}],"about":[{"href":"https:\/\/web.penta-pco.com\/proljetni-simpozij-hded2021\/wp-json\/wp\/v2\/types\/page"}],"author":[{"embeddable":true,"href":"https:\/\/web.penta-pco.com\/proljetni-simpozij-hded2021\/wp-json\/wp\/v2\/users\/1"}],"replies":[{"embeddable":true,"href":"https:\/\/web.penta-pco.com\/proljetni-simpozij-hded2021\/wp-json\/wp\/v2\/comments?post=21"}],"version-history":[{"count":43,"href":"https:\/\/web.penta-pco.com\/proljetni-simpozij-hded2021\/wp-json\/wp\/v2\/pages\/21\/revisions"}],"predecessor-version":[{"id":353,"href":"https:\/\/web.penta-pco.com\/proljetni-simpozij-hded2021\/wp-json\/wp\/v2\/pages\/21\/revisions\/353"}],"wp:attachment":[{"href":"https:\/\/web.penta-pco.com\/proljetni-simpozij-hded2021\/wp-json\/wp\/v2\/media?parent=21"}],"curies":[{"name":"wp","href":"https:\/\/api.w.org\/{rel}","templated":true}]}}