{"id":176,"date":"2021-05-11T09:49:54","date_gmt":"2021-05-11T07:49:54","guid":{"rendered":"https:\/\/web.penta-pco.com\/toraks2021\/?page_id=176"},"modified":"2021-05-18T22:18:26","modified_gmt":"2021-05-18T20:18:26","slug":"dobrodosli","status":"publish","type":"page","link":"https:\/\/web.penta-pco.com\/toraks2021\/dobrodosli\/","title":{"rendered":"DOBRODO\u0160LI"},"content":{"rendered":"\t\t<div data-elementor-type=\"wp-page\" data-elementor-id=\"176\" class=\"elementor elementor-176\" data-elementor-settings=\"[]\">\n\t\t\t\t\t\t\t<div class=\"elementor-section-wrap\">\n\t\t\t\t\t\t\t<section class=\"elementor-section elementor-top-section elementor-element elementor-element-ad298ca elementor-section-full_width elementor-section-height-default elementor-section-height-default\" data-id=\"ad298ca\" data-element_type=\"section\">\n\t\t\t\t\t\t<div class=\"elementor-container elementor-column-gap-default\">\n\t\t\t\t\t<div class=\"elementor-column elementor-col-100 elementor-top-column elementor-element elementor-element-ee02ed6\" data-id=\"ee02ed6\" data-element_type=\"column\">\n\t\t\t<div class=\"elementor-widget-wrap elementor-element-populated\">\n\t\t\t\t\t\t\t\t<div class=\"elementor-element elementor-element-776b166 elementor-widget elementor-widget-text-editor\" data-id=\"776b166\" data-element_type=\"widget\" data-widget_type=\"text-editor.default\">\n\t\t\t\t<div class=\"elementor-widget-container\">\n\t\t\t\t\t\t\t<p><!-- wp:paragraph --><\/p>\n<p>Po\u0161tovane kolegice i kolege,<\/p>\n<p><!-- \/wp:paragraph --><!-- wp:paragraph --><\/p>\n<p>Iznimno mi je zadovoljstvo po\u017eeljeti Vam dobrodo\u0161licu na godi\u0161njem kongresu Hrvatskog torakalnog dru\u0161tva TORAKS 2021. Ve\u0107 jedanaestu godinu zaredom okupljamo velik broj zdravstvenih djelatnika koji skrbe o oboljelima od respiratornih bolesti, a tijekom \u010detiri dana izmjenjuju najnovije znanstvene i stru\u010dne spoznaje.<\/p>\n<p><!-- \/wp:paragraph --><!-- wp:paragraph --><\/p>\n<p>Kako medicina iznimno brzo napreduje name\u0107e se potreba za multidisciplinarnim pristupom oboljelima od bolesti prsnog ko\u0161a te je kongres organiziran tako da okuplja ne samo lije\u010dnike pulmologe, ve\u0107 i radiologe, kirurge, citologe, patologe, mikrobiologe, bazi\u010dne znanstvenike, farmaceute te lije\u010dnike obiteljske medicine. Naravno, bez medicinskih sestara skrb o na\u0161im bolesnicima ne bi bila potpuna stoga je zaseban dio program posve\u0107en sestrinstvu.<\/p>\n<p><!-- \/wp:paragraph --><!-- wp:paragraph --><\/p>\n<p>Vjerujemo da \u0107ete tijekom odr\u017eavanja kongresa prona\u0107i korisne teme, obogatiti znanje, razmijeniti iskustva te uspostaviti znanstvene i stru\u010dne kontakte.<\/p>\n<p><!-- \/wp:paragraph --><!-- wp:paragraph --><\/p>\n<p>Akademik Miroslav Samar\u017eija <br \/><em>Predsjednik Hrvatskog torakalnog dru\u0161tva<\/em><\/p>\n<p><!-- \/wp:paragraph --><!-- wp:paragraph --><\/p>\n<p>\u00a0<\/p>\n<p><!-- \/wp:paragraph --><\/p>\t\t\t\t\t\t<\/div>\n\t\t\t\t<\/div>\n\t\t\t\t\t<\/div>\n\t\t<\/div>\n\t\t\t\t\t\t\t<\/div>\n\t\t<\/section>\n\t\t\t\t\t\t<\/div>\n\t\t\t\t\t<\/div>\n\t\t","protected":false},"excerpt":{"rendered":"<p>Po\u0161tovane kolegice i kolege, Iznimno mi je zadovoljstvo po\u017eeljeti Vam dobrodo\u0161licu na godi\u0161njem kongresu Hrvatskog torakalnog dru\u0161tva TORAKS 2021. Ve\u0107 jedanaestu godinu zaredom okupljamo velik broj zdravstvenih djelatnika koji skrbe o oboljelima od respiratornih bolesti, a tijekom \u010detiri dana izmjenjuju najnovije znanstvene i stru\u010dne spoznaje. Kako medicina iznimno brzo napreduje name\u0107e se potreba za multidisciplinarnim [&hellip;]<\/p>\n","protected":false},"author":1,"featured_media":0,"parent":0,"menu_order":2,"comment_status":"closed","ping_status":"closed","template":"","meta":{"footnotes":""},"class_list":["post-176","page","type-page","status-publish","hentry"],"_links":{"self":[{"href":"https:\/\/web.penta-pco.com\/toraks2021\/wp-json\/wp\/v2\/pages\/176","targetHints":{"allow":["GET"]}}],"collection":[{"href":"https:\/\/web.penta-pco.com\/toraks2021\/wp-json\/wp\/v2\/pages"}],"about":[{"href":"https:\/\/web.penta-pco.com\/toraks2021\/wp-json\/wp\/v2\/types\/page"}],"author":[{"embeddable":true,"href":"https:\/\/web.penta-pco.com\/toraks2021\/wp-json\/wp\/v2\/users\/1"}],"replies":[{"embeddable":true,"href":"https:\/\/web.penta-pco.com\/toraks2021\/wp-json\/wp\/v2\/comments?post=176"}],"version-history":[{"count":30,"href":"https:\/\/web.penta-pco.com\/toraks2021\/wp-json\/wp\/v2\/pages\/176\/revisions"}],"predecessor-version":[{"id":934,"href":"https:\/\/web.penta-pco.com\/toraks2021\/wp-json\/wp\/v2\/pages\/176\/revisions\/934"}],"wp:attachment":[{"href":"https:\/\/web.penta-pco.com\/toraks2021\/wp-json\/wp\/v2\/media?parent=176"}],"curies":[{"name":"wp","href":"https:\/\/api.w.org\/{rel}","templated":true}]}}