{"id":36,"date":"2021-05-04T08:46:00","date_gmt":"2021-05-04T06:46:00","guid":{"rendered":"https:\/\/web.penta-pco.com\/toraks2021\/?page_id=36"},"modified":"2021-05-18T22:19:35","modified_gmt":"2021-05-18T20:19:35","slug":"teme-lijecnici","status":"publish","type":"page","link":"https:\/\/web.penta-pco.com\/toraks2021\/teme-lijecnici\/","title":{"rendered":"TEME LIJE\u010cNICI"},"content":{"rendered":"\t\t<div data-elementor-type=\"wp-page\" data-elementor-id=\"36\" class=\"elementor elementor-36\" data-elementor-settings=\"[]\">\n\t\t\t\t\t\t\t<div class=\"elementor-section-wrap\">\n\t\t\t\t\t\t\t<section class=\"elementor-section elementor-top-section elementor-element elementor-element-186e4af elementor-section-full_width elementor-section-stretched elementor-section-height-default elementor-section-height-default\" data-id=\"186e4af\" data-element_type=\"section\" data-settings=\"{&quot;stretch_section&quot;:&quot;section-stretched&quot;}\">\n\t\t\t\t\t\t<div class=\"elementor-container elementor-column-gap-default\">\n\t\t\t\t\t<div class=\"elementor-column elementor-col-100 elementor-top-column elementor-element elementor-element-952a724\" data-id=\"952a724\" data-element_type=\"column\">\n\t\t\t<div class=\"elementor-widget-wrap elementor-element-populated\">\n\t\t\t\t\t\t\t\t<div class=\"elementor-element elementor-element-f0d2825 elementor-widget elementor-widget-text-editor\" data-id=\"f0d2825\" data-element_type=\"widget\" data-widget_type=\"text-editor.default\">\n\t\t\t\t<div class=\"elementor-widget-container\">\n\t\t\t\t\t\t\t<p><strong>TEME LIJE\u010cNICI | TOPICS DOCTORS:<\/strong><\/p><ul><li>Astma i alergijske bolesti | Asthma and allergic disorders<\/li><li>Bolesti plu\u0107ne cirkulacije | Diseases of pulmonary circulation<\/li><li>Bronhoskopija | Bronchoscopy<\/li><li>Covid-19<\/li><li>Funkcijska dijagnostika | Functional diagnostics<\/li><li>Interaktivni prikaz slu\u010daja | Interactive case presentation<\/li><li>Intersticijske bolesti plu\u0107a | Interstitial lung diseases<\/li><li>Kroni\u010dna opstruktivna plu\u0107na bolest | Chronic obstructive pulmonary disease<\/li><li>Opstrukcijska apneja tijekom spavanja | Obstructive sleep apnea (OSA)<\/li><li>Pneumonije | Pneumonia<\/li><li>Probir i rano otkrivanje plu\u0107nih bolesti | Screening and early detection of lung cancer<\/li><li>Slobodne teme | Free topics<\/li><li>Torakalna kirurgija | Thoracic surgery<\/li><li>Torakalna onkologija | Thoracic oncology<\/li><li>Torakalna radiologija | Thoracic radiology<\/li><li>Translacijska medicina | Translational medicine<\/li><li>Transplantacija plu\u0107a | Lung transplantation<\/li><li>Tuberkuloza | Tuberculosis<\/li><li>Zatajenje disanja | Respiratory failure<\/li><\/ul>\t\t\t\t\t\t<\/div>\n\t\t\t\t<\/div>\n\t\t\t\t\t<\/div>\n\t\t<\/div>\n\t\t\t\t\t\t\t<\/div>\n\t\t<\/section>\n\t\t\t\t\t\t<\/div>\n\t\t\t\t\t<\/div>\n\t\t","protected":false},"excerpt":{"rendered":"<p>TEME LIJE\u010cNICI | TOPICS DOCTORS: Astma i alergijske bolesti | Asthma and allergic disorders Bolesti plu\u0107ne cirkulacije | Diseases of pulmonary circulation Bronhoskopija | Bronchoscopy Covid-19 Funkcijska dijagnostika | Functional diagnostics Interaktivni prikaz slu\u010daja | Interactive case presentation Intersticijske bolesti plu\u0107a | Interstitial lung diseases Kroni\u010dna opstruktivna plu\u0107na bolest | Chronic obstructive pulmonary disease Opstrukcijska [&hellip;]<\/p>\n","protected":false},"author":1,"featured_media":0,"parent":0,"menu_order":4,"comment_status":"closed","ping_status":"closed","template":"","meta":{"footnotes":""},"class_list":["post-36","page","type-page","status-publish","hentry"],"_links":{"self":[{"href":"https:\/\/web.penta-pco.com\/toraks2021\/wp-json\/wp\/v2\/pages\/36","targetHints":{"allow":["GET"]}}],"collection":[{"href":"https:\/\/web.penta-pco.com\/toraks2021\/wp-json\/wp\/v2\/pages"}],"about":[{"href":"https:\/\/web.penta-pco.com\/toraks2021\/wp-json\/wp\/v2\/types\/page"}],"author":[{"embeddable":true,"href":"https:\/\/web.penta-pco.com\/toraks2021\/wp-json\/wp\/v2\/users\/1"}],"replies":[{"embeddable":true,"href":"https:\/\/web.penta-pco.com\/toraks2021\/wp-json\/wp\/v2\/comments?post=36"}],"version-history":[{"count":20,"href":"https:\/\/web.penta-pco.com\/toraks2021\/wp-json\/wp\/v2\/pages\/36\/revisions"}],"predecessor-version":[{"id":937,"href":"https:\/\/web.penta-pco.com\/toraks2021\/wp-json\/wp\/v2\/pages\/36\/revisions\/937"}],"wp:attachment":[{"href":"https:\/\/web.penta-pco.com\/toraks2021\/wp-json\/wp\/v2\/media?parent=36"}],"curies":[{"name":"wp","href":"https:\/\/api.w.org\/{rel}","templated":true}]}}