{"id":48,"date":"2021-05-04T08:51:32","date_gmt":"2021-05-04T06:51:32","guid":{"rendered":"https:\/\/web.penta-pco.com\/toraks2021\/?page_id=48"},"modified":"2021-05-20T15:08:18","modified_gmt":"2021-05-20T13:08:18","slug":"program-sestre-javno","status":"publish","type":"page","link":"https:\/\/web.penta-pco.com\/toraks2021\/program-sestre-javno\/","title":{"rendered":"PROGRAM SESTRE"},"content":{"rendered":"\t\t<div data-elementor-type=\"wp-page\" data-elementor-id=\"48\" class=\"elementor elementor-48\" data-elementor-settings=\"[]\">\n\t\t\t\t\t\t\t<div class=\"elementor-section-wrap\">\n\t\t\t\t\t\t\t<section class=\"elementor-section elementor-top-section elementor-element elementor-element-304e668 elementor-section-boxed elementor-section-height-default elementor-section-height-default\" data-id=\"304e668\" data-element_type=\"section\">\n\t\t\t\t\t\t<div class=\"elementor-container elementor-column-gap-default\">\n\t\t\t\t\t<div class=\"elementor-column elementor-col-100 elementor-top-column elementor-element elementor-element-1510fc8\" data-id=\"1510fc8\" data-element_type=\"column\">\n\t\t\t<div class=\"elementor-widget-wrap elementor-element-populated\">\n\t\t\t\t\t\t\t\t<div class=\"elementor-element elementor-element-2366f13 elementor-icon-list--layout-traditional elementor-list-item-link-full_width elementor-widget elementor-widget-icon-list\" data-id=\"2366f13\" data-element_type=\"widget\" data-widget_type=\"icon-list.default\">\n\t\t\t\t<div class=\"elementor-widget-container\">\n\t\t\t\t\t<ul class=\"elementor-icon-list-items\">\n\t\t\t\t\t\t\t<li class=\"elementor-icon-list-item\">\n\t\t\t\t\t\t\t\t\t\t\t<a href=\"https:\/\/web.penta-pco.com\/toraks2021\/wp-content\/uploads\/2021\/05\/Toraks-2021_Finalni-program_Final-programme.pdf\" target=\"_blank\">\n\n\t\t\t\t\t\t\t\t\t\t\t\t<span class=\"elementor-icon-list-icon\">\n\t\t\t\t\t\t\t<i aria-hidden=\"true\" class=\"fas fa-file-pdf\"><\/i>\t\t\t\t\t\t<\/span>\n\t\t\t\t\t\t\t\t\t\t<span class=\"elementor-icon-list-text\">Finalni program kongresa preuzmite ovdje <\/span>\n\t\t\t\t\t\t\t\t\t\t\t<\/a>\n\t\t\t\t\t\t\t\t\t<\/li>\n\t\t\t\t\t\t<\/ul>\n\t\t\t\t<\/div>\n\t\t\t\t<\/div>\n\t\t\t\t<div class=\"elementor-element elementor-element-6ed5084 elementor-tabs-view-horizontal elementor-widget elementor-widget-tabs\" data-id=\"6ed5084\" data-element_type=\"widget\" data-widget_type=\"tabs.default\">\n\t\t\t\t<div class=\"elementor-widget-container\">\n\t\t\t\t\t<div class=\"elementor-tabs\">\n\t\t\t<div class=\"elementor-tabs-wrapper\" role=\"tablist\" >\n\t\t\t\t\t\t\t\t\t<div id=\"elementor-tab-title-1161\" class=\"elementor-tab-title elementor-tab-desktop-title\" aria-selected=\"true\" data-tab=\"1\" role=\"tab\" tabindex=\"0\" aria-controls=\"elementor-tab-content-1161\" aria-expanded=\"false\">\u010cetvrtak 20.5<\/div>\n\t\t\t\t\t\t\t\t\t<div id=\"elementor-tab-title-1162\" class=\"elementor-tab-title elementor-tab-desktop-title\" aria-selected=\"false\" data-tab=\"2\" role=\"tab\" tabindex=\"-1\" aria-controls=\"elementor-tab-content-1162\" aria-expanded=\"false\">Petak 21.5<\/div>\n\t\t\t\t\t\t\t<\/div>\n\t\t\t<div class=\"elementor-tabs-content-wrapper\" role=\"tablist\" aria-orientation=\"vertical\">\n\t\t\t\t\t\t\t\t\t<div class=\"elementor-tab-title elementor-tab-mobile-title\" aria-selected=\"true\" data-tab=\"1\" role=\"tab\" tabindex=\"0\" aria-controls=\"elementor-tab-content-1161\" aria-expanded=\"false\">\u010cetvrtak 20.5<\/div>\n\t\t\t\t\t<div id=\"elementor-tab-content-1161\" class=\"elementor-tab-content elementor-clearfix\" data-tab=\"1\" role=\"tabpanel\" aria-labelledby=\"elementor-tab-title-1161\" tabindex=\"0\" hidden=\"false\"><table>\n<tbody>\n<tr>\n<td width=\"20%\"><\/td>\n<td width=\"80%\"><strong><span style=\"color: #9f1212;\">\u010cetvrtak, 20. svibnja 2021. | Thursday, May 20th 2021<br>\nVoditelji | Chairpersons: Tihana Odoba\u0161i\u0107, Ana \u017divku\u0161i\u0107<\/span><\/strong><\/td>\n<\/tr>\n<tr>\n<td style=\"text-align: center;\">09:30-09:45<\/td>\n<td>Irena Godi\u0107, Ana Ljubas, Ana Savovi\u0107<br>\n<span style=\"color: #9f1212;\">Pozdravni govor<\/span><br>\nOpening speach<\/td>\n<\/tr>\n<tr>\n<td style=\"text-align: center;\">09:50-10:00<\/td>\n<td>Snje\u017eana \u010cukljek<br>\n<span style=\"color: #9f1212;\"> Skrb usmjerena na pacijenta<\/span><br>\nPatient-Centered Care<\/td>\n<\/tr>\n<tr>\n<td style=\"text-align: center;\">10:05-10:15<\/td>\n<td>Ivana Rubil, Ana Mla\u0111en, Anka Renduli\u0107<br>\n<span style=\"color: #9f1212;\">Organizacija rada dnevne bolnice u vrijeme pandemije COVID-19<\/span><br>\nWork organization of out-patient unit during the COVID-19 pandemic<\/td>\n<\/tr>\n<tr>\n<td style=\"text-align: center;\">10:20-10:30<\/td>\n<td>Ana \u017divku\u0161i\u0107, Tanja Zovko, Irena Godi\u0107, Sandra Karabati\u0107, Ivana Bari\u0161i\u0107<br>\n<span style=\"color: #9f1212;\">Covid infekcija u pacijenata sa transplantiranim plu\u0107ima<\/span><br>\nLung transplant patients with covid infection<\/td>\n<\/tr>\n<tr>\n<td style=\"text-align: center;\">10:35-11:30<\/td>\n<td><span style=\"color: #9f1212;\">Pauza za kavu<\/span> | Coffee break<\/td>\n<\/tr>\n<tr>\n<td style=\"text-align: center;\">11:35-11:50<\/td>\n<td>Ana Ore\u0161ki, Belma Malko\u010d<br>\n<span style=\"color: #9f1212;\">Procjena te\u017eine KOPB-a pomo\u0107u DOSE indeksa<\/span><br>\nDOSE index in assessment of COPD severity<\/td>\n<\/tr>\n<tr>\n<td style=\"text-align: center; background: #9F1212 !important; color: #fff;\">11:55-12:25<\/td>\n<td style=\"background: #9F1212 !important; color: #fff;\">Simpozij \u2013 Sponzoriran<br>\nSymposium sponsored by Roche<\/td>\n<\/tr>\n<tr>\n<td><\/td>\n<td>Tanja Zovko, Sandra Karabati\u0107, Ivana Beki\u0107, Lela Bita<br>\n<span style=\"color: #9f1212;\">Put bolesnika sa rakom plu\u0107a \u2013 kako mo\u017eemo biti bolji?<\/span><br>\nHow can we improve our approach in management patients with lung cancer?<\/td>\n<\/tr>\n<tr>\n<td style=\"text-align: center; background: #9F1212 !important; color: #fff;\">12:30-13:00<\/td>\n<td style=\"background: #9F1212 !important; color: #fff;\">Simpozij \u2013 Sponzoriran<br>\nSymposium Sponsored by AstraZeneca<\/td>\n<\/tr>\n<tr>\n<td><\/td>\n<td>Marko Jakopovi\u0107, Sandra Karabati\u0107<br>\n<span style=\"color: #9f1212;\">Val promjene u lije\u010denju NSCLC stadija III \u2013 \u0161to nam donosi Imfinzi?<\/span><br>\nWave of change in the treatment of NSCLC stage III \u2013 which novelties Imfinzi brings to us?<\/td>\n<\/tr>\n<tr>\n<td style=\"text-align: center;\">13:00-13:45<\/td>\n<td><span style=\"color: #9f1212;\">Pauza za ru\u010dak<\/span> | Lunch Break<\/td>\n<\/tr>\n<tr>\n<td style=\"text-align: center;\">13:50-14:10<\/td>\n<td>Azra Hod\u017ei\u0107, Irena Godi\u0107, Tanja Zovko, Olivera Kren, Anica Furijan, Zoran Brada\u0161<br>\n<span style=\"color: #9f1212;\">Ustroj COVID odjela na KBC-u Zagreb<\/span><br>\nOrganizational structure of Covid unit at University hospital centre Zagreb<\/td>\n<\/tr>\n<tr>\n<td style=\"text-align: center;\">14:15-14:25<\/td>\n<td>Sla\u0111ana \u0160estak, Jasna Spori\u0161, Monika Karas<br>\n<span style=\"color: #9f1212;\">Utjecaj pandemije korona virusom na mentalno zdravlje<\/span><br>\nThe influence of the Covid pandemic on mental health<\/td>\n<\/tr>\n<tr>\n<td style=\"text-align: center;\">14:30-14:50<\/td>\n<td>Barbara \u0160ari\u0107, Ivana Vizler, Mira Penava<br>\n<span style=\"color: #9f1212;\">Povijest razvoja funkcijske dijagnostike plu\u0107a na Klinici za plu\u0107ne bolesti Jordanovac kroz 60 godina<\/span><br>\nHistorical review &amp; looking back in last 60 years: development of functional respiratory diagnostic at the Department for respiratory diseases Jordanovac<\/td>\n<\/tr>\n<tr>\n<td style=\"text-align: center;\">14:55-15:05<\/td>\n<td>Ivana Luki\u0107 Franoli\u0107, Sandra Karabati\u0107, Andreja \u0160ajni\u0107<br>\n<span style=\"color: #9f1212;\">Inkontinencija i plu\u0107ne bolesti<\/span><br>\nManagement of urinary incontinence in patients with respiratory diseases<\/td>\n<\/tr>\n<\/tbody>\n<\/table><\/div>\n\t\t\t\t\t\t\t\t\t<div class=\"elementor-tab-title elementor-tab-mobile-title\" aria-selected=\"false\" data-tab=\"2\" role=\"tab\" tabindex=\"-1\" aria-controls=\"elementor-tab-content-1162\" aria-expanded=\"false\">Petak 21.5<\/div>\n\t\t\t\t\t<div id=\"elementor-tab-content-1162\" class=\"elementor-tab-content elementor-clearfix\" data-tab=\"2\" role=\"tabpanel\" aria-labelledby=\"elementor-tab-title-1162\" tabindex=\"0\" hidden=\"hidden\"><table>\n<tbody>\n<tr>\n<td width=\"20%\">&nbsp;<\/td>\n<td width=\"80%\"><strong><strong><span style=\"color: #9f1212;\">Petak, 21. svibnja 2021. | Friday, May 21th 2021<br>Voditelji | Chairpersons: Andreja \u0160ajni\u0107, Sandra Karabati\u0107<\/span><\/strong><\/strong><\/td>\n<\/tr>\n<tr>\n<td style=\"text-align: center;\">09:05-10:05<\/td>\n<td>Sandra Karabati\u0107 \u2013 Moderator, Latinka Basara, Antonio Lopar, Ivana Bari\u0161i\u0107, Tihana Odoba\u0161i\u0107 Palkovi\u0107, Rosana Sveti\u0107 \u010ci\u0161i\u0107<br><span style=\"color: #9f1212;\">Okrugli stol \u2013 Komunikacija unutar zdravstvenog tima<\/span><br>Round table \u2013 Communication in the health team<\/td>\n<\/tr>\n<tr>\n<td style=\"text-align: center;\">10:10-10:20<\/td>\n<td>Latinka Basara<br><span style=\"color: #9f1212;\">Komunikacija unutar zdravstvenih timovaa<\/span><br>Communication within health teams<\/td>\n<\/tr>\n<tr>\n<td style=\"text-align: center;\">10:25-10:45<\/td>\n<td>Liljana Konecki, Lana Vrani\u0107<br><span style=\"color: #9f1212;\">Plu\u0107na rehabilitacija u Post-Covid bolesnika9<\/span><br>Pulmonary rehabilitation in post covid patientsc<\/td>\n<\/tr>\n<tr>\n<td style=\"text-align: center;\">10:50-11:00<\/td>\n<td>Hrvoje Krstanovi\u0107, Martina \u0106ubi\u0107, Kristina Mikajevi\u0107\u0107<br><span style=\"color: #9f1212;\">Plu\u0107na rehabilitacija kod Post-Covid pacijenataa<\/span><br>Pulmonary rehabilitation in post covid patientsn<\/td>\n<\/tr>\n<tr>\n<td style=\"text-align: center;\">11:05-11:45<\/td>\n<td><span style=\"color: #9f1212;\">Pauza za kavu<\/span> | Coffee break<\/td>\n<\/tr>\n<tr>\n<td style=\"text-align: center;\">11:50-12:00<\/td>\n<td>Vilma Kolari\u0107<br><span style=\"color: #9f1212;\">\u0160to misle zdravstveni djelatnici o edukaciji i kvaliteti \u017eivota osoba sa \u0161e\u0107ernom bolesti<\/span><br>Diabetes mellitus: attitudes of healthcare workers towards patient education and its effects on the quality of life in these patients<\/td>\n<\/tr>\n<tr>\n<td style=\"text-align: center;\">12:05-12:15<\/td>\n<td>Manda Markanovi\u0107<br><span style=\"color: #9f1212;\">Dijagnostika COVID-19<\/span><br>COVID-19 diagnostics<\/td>\n<\/tr>\n<tr>\n<td style=\"text-align: center;\">12:20-12:30<\/td>\n<td>Ru\u017eica Marini\u0107, Ana Joka<br><span style=\"color: #9f1212;\">Komunikacija s bolesnicima koji imaju potrebu za palijativnom skrbi nakon postavljanja dijagnoze karcinoma plu\u0107a<\/span><br>Communication about palliative care in lung cancer patients after receiving bad news<\/td>\n<\/tr>\n<tr>\n<td style=\"text-align: center;\">12:35-12:45<\/td>\n<td>Karen Heslop-Marshall<br><span style=\"color: #9f1212;\">Upravljanje vlastitim zdravljem<\/span><br>Self Management<\/td>\n<\/tr>\n<tr>\n<td style=\"text-align: center;\">12:50-13:00<\/td>\n<td>Ilda Be\u0161laga, Kaltrina Krasni\u0107, Andreja \u0160ajni\u0107, Ivana Luki\u0107 Franoli\u0107, Sandra Karabati\u0107<br><span style=\"color: #9f1212;\">Sastavnica sestrinske liste za pra\u0107enje oboljelih od raka plu\u0107a<\/span><br>Component of nursing document for monitoring lung cancer patients<\/td>\n<\/tr>\n<tr>\n<td style=\"text-align: center;\">13:05-13:15<\/td>\n<td>Davorka Topi\u0107 Stipi\u0107<br><span style=\"color: #9f1212;\">Civilna dru\u0161tva, perspektive i prepoznatljivost <\/span><br>Civil societies, perspectives and recognition<\/td>\n<\/tr>\n<tr>\n<td style=\"text-align: center;\">13:20-14:05<\/td>\n<td><span style=\"color: #9f1212;\">Pauza za ru\u010dak<\/span> | Lunch Break<\/td>\n<\/tr>\n<tr>\n<td style=\"text-align: center;\">14:10-14:20<\/td>\n<td>Andreja \u0160ajni\u0107, Sandra Karabati\u0107, Irena Godi\u0107, Tanja Zovko<br><span style=\"color: #9f1212;\">Prepoznatljivost sestrinske profesije kroz aktivno djelovanje u civilnim dru\u0161tvima<\/span><br>Visibility of the nursing profession through active participation in civil societies<\/td>\n<\/tr>\n<tr>\n<td style=\"text-align: center;\">14:25-14:45<\/td>\n<td>Anita Bre\u0161ki, M. Abramovi\u0107, Ana Matai\u0107<br><span style=\"color: #9f1212;\">Prediktivni biomarkeri u tumorima plu\u0107a<\/span><br>Predictive biomarkers in lung cancer<\/td>\n<\/tr>\n<tr>\n<td style=\"text-align: center;\">14:50-15:00<\/td>\n<td>Suzana Vaji\u0107, Vlatka Toki\u0107, Kristina Vuger, Aleksandra Trupkovi\u0107<br><span style=\"color: #9f1212;\">Zbrinjavanje pacijenata nakon medicinske torakoskopije<\/span><br>Management &amp; providing nursing care in post-thoracoscopy procedure<\/td>\n<\/tr>\n<tr>\n<td style=\"text-align: center;\">15:05-15:15<\/td>\n<td>Lidija Trep\u0161i\u0107, Anica Cima\u0161-Lukec<br><span style=\"color: #9f1212;\">Rad i koordinacija na COVID odjelu Arena<br><\/span>Our experience and coordination of work at Covid department-Arena center<\/td>\n<\/tr>\n<tr>\n<td style=\"text-align: center;\">15:20-15:30<\/td>\n<td>Krunoslav Ku\u0161ec, Bruno Marok, Antonela Ivanovi\u0107<br><span style=\"color: #9f1212;\">Na\u0161a iskustva iz COVID odjela Dubrava<\/span><br>Our experience and coordination of work at Covid department, University hospital Dubrava<\/td>\n<\/tr>\n<tr>\n<td style=\"text-align: center;\">15:35-15:45<\/td>\n<td>Ivana Bari\u0161i\u0107, Azra Hod\u017ei\u0107, Marijana \u0106ibari\u0107, Milena Mali\u0107<br><span style=\"color: #9f1212;\">Izazovi u komunikaciji sa pacijentima na invazivnoj mehani\u010dkoj ventilaciji \u2013 prikaz slu\u010daja<\/span><br>Challenges in effective communication with patients on invasive mechanical ventilation \u2013 case report<\/td>\n<\/tr>\n<\/tbody>\n<\/table><\/div>\n\t\t\t\t\t\t\t<\/div>\n\t\t<\/div>\n\t\t\t\t<\/div>\n\t\t\t\t<\/div>\n\t\t\t\t\t<\/div>\n\t\t<\/div>\n\t\t\t\t\t\t\t<\/div>\n\t\t<\/section>\n\t\t\t\t<section class=\"elementor-section elementor-top-section elementor-element elementor-element-0d109ca elementor-section-boxed elementor-section-height-default elementor-section-height-default\" data-id=\"0d109ca\" data-element_type=\"section\">\n\t\t\t\t\t\t<div class=\"elementor-container elementor-column-gap-default\">\n\t\t\t\t\t<div class=\"elementor-column elementor-col-100 elementor-top-column elementor-element elementor-element-74f403b\" data-id=\"74f403b\" data-element_type=\"column\">\n\t\t\t<div class=\"elementor-widget-wrap\">\n\t\t\t\t\t\t\t\t\t<\/div>\n\t\t<\/div>\n\t\t\t\t\t\t\t<\/div>\n\t\t<\/section>\n\t\t\t\t\t\t<\/div>\n\t\t\t\t\t<\/div>\n\t\t","protected":false},"excerpt":{"rendered":"<p>Finalni program kongresa preuzmite ovdje \u010cetvrtak 20.5 Petak 21.5 \u010cetvrtak 20.5 \u010cetvrtak, 20. svibnja 2021. | Thursday, May 20th 2021 Voditelji | Chairpersons: Tihana Odoba\u0161i\u0107, Ana \u017divku\u0161i\u0107 09:30-09:45 Irena Godi\u0107, Ana Ljubas, Ana Savovi\u0107 Pozdravni govor Opening speach 09:50-10:00 Snje\u017eana \u010cukljek Skrb usmjerena na pacijenta Patient-Centered Care 10:05-10:15 Ivana Rubil, Ana Mla\u0111en, Anka Renduli\u0107 Organizacija [&hellip;]<\/p>\n","protected":false},"author":1,"featured_media":0,"parent":0,"menu_order":7,"comment_status":"closed","ping_status":"closed","template":"","meta":{"footnotes":""},"class_list":["post-48","page","type-page","status-publish","hentry"],"_links":{"self":[{"href":"https:\/\/web.penta-pco.com\/toraks2021\/wp-json\/wp\/v2\/pages\/48","targetHints":{"allow":["GET"]}}],"collection":[{"href":"https:\/\/web.penta-pco.com\/toraks2021\/wp-json\/wp\/v2\/pages"}],"about":[{"href":"https:\/\/web.penta-pco.com\/toraks2021\/wp-json\/wp\/v2\/types\/page"}],"author":[{"embeddable":true,"href":"https:\/\/web.penta-pco.com\/toraks2021\/wp-json\/wp\/v2\/users\/1"}],"replies":[{"embeddable":true,"href":"https:\/\/web.penta-pco.com\/toraks2021\/wp-json\/wp\/v2\/comments?post=48"}],"version-history":[{"count":38,"href":"https:\/\/web.penta-pco.com\/toraks2021\/wp-json\/wp\/v2\/pages\/48\/revisions"}],"predecessor-version":[{"id":1010,"href":"https:\/\/web.penta-pco.com\/toraks2021\/wp-json\/wp\/v2\/pages\/48\/revisions\/1010"}],"wp:attachment":[{"href":"https:\/\/web.penta-pco.com\/toraks2021\/wp-json\/wp\/v2\/media?parent=48"}],"curies":[{"name":"wp","href":"https:\/\/api.w.org\/{rel}","templated":true}]}}