{"id":55,"date":"2021-05-04T08:54:16","date_gmt":"2021-05-04T06:54:16","guid":{"rendered":"https:\/\/web.penta-pco.com\/toraks2021\/?page_id=55"},"modified":"2022-02-10T11:18:18","modified_gmt":"2022-02-10T10:18:18","slug":"prijava","status":"publish","type":"page","link":"https:\/\/web.penta-pco.com\/toraks2021\/prijava\/","title":{"rendered":"PRIJAVA"},"content":{"rendered":"\t\t<div data-elementor-type=\"wp-page\" data-elementor-id=\"55\" class=\"elementor elementor-55\" data-elementor-settings=\"[]\">\n\t\t\t\t\t\t\t<div class=\"elementor-section-wrap\">\n\t\t\t\t\t\t\t<section class=\"elementor-section elementor-top-section elementor-element elementor-element-e21f12d elementor-section-full_width elementor-section-stretched elementor-section-height-default elementor-section-height-default\" data-id=\"e21f12d\" data-element_type=\"section\" data-settings=\"{&quot;stretch_section&quot;:&quot;section-stretched&quot;}\">\n\t\t\t\t\t\t<div class=\"elementor-container elementor-column-gap-default\">\n\t\t\t\t\t<div class=\"elementor-column elementor-col-100 elementor-top-column elementor-element elementor-element-0d1b379\" data-id=\"0d1b379\" data-element_type=\"column\">\n\t\t\t<div class=\"elementor-widget-wrap elementor-element-populated\">\n\t\t\t\t\t\t\t\t<div class=\"elementor-element elementor-element-8003329 elementor-widget elementor-widget-text-editor\" data-id=\"8003329\" data-element_type=\"widget\" data-widget_type=\"text-editor.default\">\n\t\t\t\t<div class=\"elementor-widget-container\">\n\t\t\t\t\t\t\t<p><strong>KOTIZACIJE<\/strong> <br \/>Sudionici se prijavljuju na Kongres online ili mailom tehni\u010dkom organizatoru.<br \/>U svim prijavama, bilo individualnim ili grupnim, obavezno je navo\u0111enje e-mail adrese svakog pojedinog sudionika.<\/p>\t\t\t\t\t\t<\/div>\n\t\t\t\t<\/div>\n\t\t\t\t<div class=\"elementor-element elementor-element-edd4686 elementor-hidden-phone elementor-widget elementor-widget-html\" data-id=\"edd4686\" data-element_type=\"widget\" data-widget_type=\"html.default\">\n\t\t\t\t<div class=\"elementor-widget-container\">\n\t\t\t<table style=\"width:50%\">\r\n<tbody>\r\n<tr>\r\n<td width=\"150\">\r\n<p><strong>Registration fee type<\/strong><\/p>\r\n<\/td>\r\n<td width=\"100\">\r\n<p><strong>Online<\/strong><\/p>\r\n<\/td>\r\n<\/tr>\r\n<tr>\r\n<td width=\"150\">\r\n<p>Lije\u010dnici specijalisti<\/p>\r\n<\/td>\r\n<td width=\"50\">\r\n<p>KN 1.800<\/p>\r\n<\/td>\r\n<\/tr>\r\n<tr>\r\n<td width=\"150\">\r\n<p>Sponzori, izlaga\u010di<\/p>\r\n<\/td>\r\n<td width=\"50\">\r\n<p>KN 1.300<\/p>\r\n<\/td>\r\n<\/tr>\r\n<tr>\r\n<td width=\"150\">\r\n<p>Specijalizanti, studenti<\/p>\r\n<\/td>\r\n<td width=\"50\">\r\n<p>KN&nbsp;&nbsp;&nbsp; 500<\/p>\r\n<\/td>\r\n<\/tr>\r\n<tr>\r\n<td width=\"150\">\r\n<p>Medicinske sestre<\/p>\r\n<\/td>\r\n<td width=\"50\">\r\n<p>KN&nbsp;&nbsp;&nbsp; 500<\/p>\r\n<\/td>\r\n<\/tr>\r\n<tr>\r\n<td width=\"150\">\r\n<p>Dnevne kotizacije<\/p>\r\n<\/td>\r\n<td width=\"50\">\r\n<p>KN&nbsp;&nbsp;&nbsp; 400<\/p>\r\n<\/td>\r\n<\/tr>\r\n<\/tbody>\r\n<\/table>\r\n\t\t<\/div>\n\t\t\t\t<\/div>\n\t\t\t\t<div class=\"elementor-element elementor-element-de033dc elementor-hidden-desktop elementor-hidden-tablet elementor-widget elementor-widget-html\" data-id=\"de033dc\" data-element_type=\"widget\" data-widget_type=\"html.default\">\n\t\t\t\t<div class=\"elementor-widget-container\">\n\t\t\t<table style=\"width:100%\">\r\n<tbody>\r\n<tr>\r\n<td width=\"150\">\r\n<p><strong>Registration fee type<\/strong><\/p>\r\n<\/td>\r\n<td width=\"100\">\r\n<p><strong>Online<\/strong><\/p>\r\n<\/td>\r\n<\/tr>\r\n<tr>\r\n<td width=\"150\">\r\n<p>Lije\u010dnici specijalisti<\/p>\r\n<\/td>\r\n<td width=\"50\">\r\n<p>KN 1.800<\/p>\r\n<\/td>\r\n<\/tr>\r\n<tr>\r\n<td width=\"150\">\r\n<p>Sponzori, izlaga\u010di<\/p>\r\n<\/td>\r\n<td width=\"50\">\r\n<p>KN 1.300<\/p>\r\n<\/td>\r\n<\/tr>\r\n<tr>\r\n<td width=\"150\">\r\n<p>Specijalizanti, studenti<\/p>\r\n<\/td>\r\n<td width=\"50\">\r\n<p>KN&nbsp;&nbsp;&nbsp; 500<\/p>\r\n<\/td>\r\n<\/tr>\r\n<tr>\r\n<td width=\"150\">\r\n<p>Medicinske sestre<\/p>\r\n<\/td>\r\n<td width=\"50\">\r\n<p>KN&nbsp;&nbsp;&nbsp; 500<\/p>\r\n<\/td>\r\n<\/tr>\r\n<tr>\r\n<td width=\"150\">\r\n<p>Dnevne kotizacije<\/p>\r\n<\/td>\r\n<td width=\"50\">\r\n<p>KN&nbsp;&nbsp;&nbsp; 400<\/p>\r\n<\/td>\r\n<\/tr>\r\n<\/tbody>\r\n<\/table>\r\n\t\t<\/div>\n\t\t\t\t<\/div>\n\t\t\t\t<div class=\"elementor-element elementor-element-b94ba97 elementor-widget elementor-widget-text-editor\" data-id=\"b94ba97\" data-element_type=\"widget\" data-widget_type=\"text-editor.default\">\n\t\t\t\t<div class=\"elementor-widget-container\">\n\t\t\t\t\t\t\t<p><strong>PLA\u0106ANJE<\/strong><br \/>Uplate kotizacija mogu se izvr\u0161iti na \u017eiro ra\u010dun tehni\u010dkog organizatora na osnovu predra\u010duna ili ra\u010duna kojeg izdaje tehni\u010dki organizator PENTA d.o.o.<\/p><p><strong>SLU\u017dBENI JEZIK<\/strong><br \/>Slu\u017ebeni jezici Kongresa su hrvatski i engleski (simultano prevo\u0111enje ne\u0107e biti osigurano).<\/p><p><strong>BODOVANJE<\/strong><br \/>HRVATSKA LIJE\u010cNI\u010cKA KOMORA<br \/>Skup \u0107e biti bodovan prema Pravilniku Hrvatske lije\u010dni\u010dke komore o bodovanju.<br \/>aktivno sudjelovanje _____ bodova<br \/>pasivno sudjelovanje _____ bodova<\/p><p>HRVATSKA KOMORA MEDICINSKIH SESTARA<br \/>Medicinske sestre bit \u0107e bodovane prema Pravilniku HKMS-a uz obavezno predo\u010denje \u010dlanske iskaznice.<\/p>\t\t\t\t\t\t<\/div>\n\t\t\t\t<\/div>\n\t\t\t\t\t<\/div>\n\t\t<\/div>\n\t\t\t\t\t\t\t<\/div>\n\t\t<\/section>\n\t\t\t\t\t\t<\/div>\n\t\t\t\t\t<\/div>\n\t\t","protected":false},"excerpt":{"rendered":"<p>KOTIZACIJE Sudionici se prijavljuju na Kongres online ili mailom tehni\u010dkom organizatoru.U svim prijavama, bilo individualnim ili grupnim, obavezno je navo\u0111enje e-mail adrese svakog pojedinog sudionika. Registration fee type Online Lije\u010dnici specijalisti KN 1.800 Sponzori, izlaga\u010di KN 1.300 Specijalizanti, studenti KN&nbsp;&nbsp;&nbsp; 500 Medicinske sestre KN&nbsp;&nbsp;&nbsp; 500 Dnevne kotizacije KN&nbsp;&nbsp;&nbsp; 400 Registration fee type Online Lije\u010dnici specijalisti [&hellip;]<\/p>\n","protected":false},"author":1,"featured_media":0,"parent":0,"menu_order":8,"comment_status":"closed","ping_status":"closed","template":"","meta":{"footnotes":""},"class_list":["post-55","page","type-page","status-publish","hentry"],"_links":{"self":[{"href":"https:\/\/web.penta-pco.com\/toraks2021\/wp-json\/wp\/v2\/pages\/55","targetHints":{"allow":["GET"]}}],"collection":[{"href":"https:\/\/web.penta-pco.com\/toraks2021\/wp-json\/wp\/v2\/pages"}],"about":[{"href":"https:\/\/web.penta-pco.com\/toraks2021\/wp-json\/wp\/v2\/types\/page"}],"author":[{"embeddable":true,"href":"https:\/\/web.penta-pco.com\/toraks2021\/wp-json\/wp\/v2\/users\/1"}],"replies":[{"embeddable":true,"href":"https:\/\/web.penta-pco.com\/toraks2021\/wp-json\/wp\/v2\/comments?post=55"}],"version-history":[{"count":32,"href":"https:\/\/web.penta-pco.com\/toraks2021\/wp-json\/wp\/v2\/pages\/55\/revisions"}],"predecessor-version":[{"id":1098,"href":"https:\/\/web.penta-pco.com\/toraks2021\/wp-json\/wp\/v2\/pages\/55\/revisions\/1098"}],"wp:attachment":[{"href":"https:\/\/web.penta-pco.com\/toraks2021\/wp-json\/wp\/v2\/media?parent=55"}],"curies":[{"name":"wp","href":"https:\/\/api.w.org\/{rel}","templated":true}]}}