{"id":75,"date":"2021-05-04T09:02:50","date_gmt":"2021-05-04T07:02:50","guid":{"rendered":"https:\/\/web.penta-pco.com\/toraks2021\/?page_id=75"},"modified":"2022-09-23T15:35:57","modified_gmt":"2022-09-23T13:35:57","slug":"sazeci","status":"publish","type":"page","link":"https:\/\/web.penta-pco.com\/toraks2021\/sazeci\/","title":{"rendered":"Sa\u017eeci"},"content":{"rendered":"\t\t<div data-elementor-type=\"wp-page\" data-elementor-id=\"75\" class=\"elementor elementor-75\" data-elementor-settings=\"[]\">\n\t\t\t\t\t\t\t<div class=\"elementor-section-wrap\">\n\t\t\t\t\t\t\t<section class=\"elementor-section elementor-top-section elementor-element elementor-element-250d991 elementor-section-boxed elementor-section-height-default elementor-section-height-default\" data-id=\"250d991\" data-element_type=\"section\">\n\t\t\t\t\t\t<div class=\"elementor-container elementor-column-gap-default\">\n\t\t\t\t\t<div class=\"elementor-column elementor-col-100 elementor-top-column elementor-element elementor-element-725e3ba\" data-id=\"725e3ba\" data-element_type=\"column\">\n\t\t\t<div class=\"elementor-widget-wrap elementor-element-populated\">\n\t\t\t\t\t\t\t\t<div class=\"elementor-element elementor-element-e78834a elementor-widget elementor-widget-heading\" data-id=\"e78834a\" data-element_type=\"widget\" data-widget_type=\"heading.default\">\n\t\t\t\t<div class=\"elementor-widget-container\">\n\t\t\t<h2 class=\"elementor-heading-title elementor-size-default\">Sa\u017eeci<\/h2>\t\t<\/div>\n\t\t\t\t<\/div>\n\t\t\t\t<div class=\"elementor-element elementor-element-eed9817 elementor-tabs-view-horizontal elementor-widget elementor-widget-tabs\" data-id=\"eed9817\" data-element_type=\"widget\" data-widget_type=\"tabs.default\">\n\t\t\t\t<div class=\"elementor-widget-container\">\n\t\t\t\t\t<div class=\"elementor-tabs\">\n\t\t\t<div class=\"elementor-tabs-wrapper\" role=\"tablist\" >\n\t\t\t\t\t\t\t\t\t<div id=\"elementor-tab-title-2501\" class=\"elementor-tab-title elementor-tab-desktop-title\" aria-selected=\"true\" data-tab=\"1\" role=\"tab\" tabindex=\"0\" aria-controls=\"elementor-tab-content-2501\" aria-expanded=\"false\">Lije\u010dnici<\/div>\n\t\t\t\t\t\t\t\t\t<div id=\"elementor-tab-title-2502\" class=\"elementor-tab-title elementor-tab-desktop-title\" aria-selected=\"false\" data-tab=\"2\" role=\"tab\" tabindex=\"-1\" aria-controls=\"elementor-tab-content-2502\" aria-expanded=\"false\">Sestre<\/div>\n\t\t\t\t\t\t\t<\/div>\n\t\t\t<div class=\"elementor-tabs-content-wrapper\" role=\"tablist\" aria-orientation=\"vertical\">\n\t\t\t\t\t\t\t\t\t<div class=\"elementor-tab-title elementor-tab-mobile-title\" aria-selected=\"true\" data-tab=\"1\" role=\"tab\" tabindex=\"0\" aria-controls=\"elementor-tab-content-2501\" aria-expanded=\"false\">Lije\u010dnici<\/div>\n\t\t\t\t\t<div id=\"elementor-tab-content-2501\" class=\"elementor-tab-content elementor-clearfix\" data-tab=\"1\" role=\"tabpanel\" aria-labelledby=\"elementor-tab-title-2501\" tabindex=\"0\" hidden=\"false\">\n<table id=\"tablepress-4\" class=\"tablepress tablepress-id-4\">\n<thead>\n<tr class=\"row-1 odd\">\n\t<th class=\"column-1\">Autor<\/th><th class=\"column-2\">Naslov<\/th><th class=\"column-3\">Link<\/th>\n<\/tr>\n<\/thead>\n<tbody class=\"row-hover\">\n<tr class=\"row-2 even\">\n\t<td class=\"column-1\">Ljilja Anja<\/td><td class=\"column-2\">Emphysematous changes in patients with hypersensitivity pneumonitis<\/td><td class=\"column-3\"><a target=\"_blank\" rel=\"noopener\" href=\"https:\/\/registration.penta-pco.com\/system\/abstract_pdf.php?abstractID=3094\">Pregled<\/a><\/td>\n<\/tr>\n<tr class=\"row-3 odd\">\n\t<td class=\"column-1\">HARABAJSA SUZANA<\/td><td class=\"column-2\">ASSOCIATION BETWEEN HUMAN PAPILLOMAVIRUS AND EGFR MUTATIONS IN NON-SMALL CELL LUNG CANCER<\/td><td class=\"column-3\"><a target=\"_blank\" rel=\"noopener\" href=\"https:\/\/registration.penta-pco.com\/system\/abstract_pdf.php?abstractID=3097\">Pregled<\/a><\/td>\n<\/tr>\n<tr class=\"row-4 even\">\n\t<td class=\"column-1\">Perkovi\u0107 Tomislav<\/td><td class=\"column-2\">Tuberkuloza plu\u0107a i larinksa prezentirana kao laringealni karcinom<\/td><td class=\"column-3\"><a target=\"_blank\" rel=\"noopener\" href=\"https:\/\/registration.penta-pco.com\/system\/abstract_pdf.php?abstractID=3102\">Pregled<\/a><\/td>\n<\/tr>\n<tr class=\"row-5 odd\">\n\t<td class=\"column-1\">Folno\u017ei\u0107 Ivana<\/td><td class=\"column-2\">Neurological feature of COVID-19 and its treatment &#8211; case report<\/td><td class=\"column-3\"><a target=\"_blank\" rel=\"noopener\" href=\"https:\/\/registration.penta-pco.com\/system\/abstract_pdf.php?abstractID=3104\">Pregled<\/a><\/td>\n<\/tr>\n<tr class=\"row-6 even\">\n\t<td class=\"column-1\">Juri\u010di\u0107 Kursan Maja<\/td><td class=\"column-2\">Outpatient system organisation during COVID-19 pandemic in Clinic for Lung Diseases Jordanovac and satisfaction with the health care.<\/td><td class=\"column-3\"><a target=\"_blank\" rel=\"noopener\" href=\"https:\/\/registration.penta-pco.com\/system\/abstract_pdf.php?abstractID=3128\">Pregled<\/a><\/td>\n<\/tr>\n<tr class=\"row-7 odd\">\n\t<td class=\"column-1\">Rnjak Dina<\/td><td class=\"column-2\">The unexpected emergence of multidrug-resistant tuberculosis after seemingly effective treatment of pulmonary tuberculosis &#8211; suspected mixed-strain infection<\/td><td class=\"column-3\"><a target=\"_blank\" rel=\"noopener\" href=\"https:\/\/registration.penta-pco.com\/system\/abstract_pdf.php?abstractID=3130\">Pregled<\/a><\/td>\n<\/tr>\n<tr class=\"row-8 even\">\n\t<td class=\"column-1\">Koprivanac Antun<\/td><td class=\"column-2\">Uloga bronhoskopije u dijagnostici SARS-CoV-2 infekcije \u2013 iskustvo jednog centra<\/td><td class=\"column-3\"><a target=\"_blank\" rel=\"noopener\" href=\"https:\/\/registration.penta-pco.com\/system\/abstract_pdf.php?abstractID=3132\">Pregled<\/a><\/td>\n<\/tr>\n<tr class=\"row-9 odd\">\n\t<td class=\"column-1\">Kor\u0161i\u0107 Marta<\/td><td class=\"column-2\">Ruksolitinib kao monoterapija u bolesnika s ALK-pozitivnim adenokarcinomom plu\u0107a<\/td><td class=\"column-3\"><a target=\"_blank\" rel=\"noopener\" href=\"https:\/\/registration.penta-pco.com\/system\/abstract_pdf.php?abstractID=3133\">Pregled<\/a><\/td>\n<\/tr>\n<tr class=\"row-10 even\">\n\t<td class=\"column-1\">Mur\u0161i\u0107 Davorka<\/td><td class=\"column-2\">Nutritivni status bolesnika s kroni\u010dnom opstruktivnom plu\u0107nom bolesti \u2013 prva multicentri\u010dna analiza u Hrvatskoj<\/td><td class=\"column-3\"><a target=\"_blank\" rel=\"noopener\" href=\"https:\/\/registration.penta-pco.com\/system\/abstract_pdf.php?abstractID=3134\">Pregled<\/a><\/td>\n<\/tr>\n<tr class=\"row-11 odd\">\n\t<td class=\"column-1\">Mur\u0161i\u0107 Davorka<\/td><td class=\"column-2\">Uloga parametara dobivenih bioelektri\u010dnom impendacijskom analizom kao prediktora funkcionalnog kapaciteta u KOPB bolesnika<\/td><td class=\"column-3\"><a target=\"_blank\" rel=\"noopener\" href=\"https:\/\/registration.penta-pco.com\/system\/abstract_pdf.php?abstractID=3135\">Pregled<\/a><\/td>\n<\/tr>\n<tr class=\"row-12 even\">\n\t<td class=\"column-1\">Folno\u017ei\u0107 Ivana<\/td><td class=\"column-2\">Hypophosphatemia as a forgotten cause of respiratory insufficiency<\/td><td class=\"column-3\"><a target=\"_blank\" rel=\"noopener\" href=\"https:\/\/registration.penta-pco.com\/system\/abstract_pdf.php?abstractID=3136\">Pregled<\/a><\/td>\n<\/tr>\n<tr class=\"row-13 odd\">\n\t<td class=\"column-1\">Rnjak Dina<\/td><td class=\"column-2\">Does smoking status impact the severity of acute COVID-19?<\/td><td class=\"column-3\"><a target=\"_blank\" rel=\"noopener\" href=\"https:\/\/registration.penta-pco.com\/system\/abstract_pdf.php?abstractID=3138\">Pregled<\/a><\/td>\n<\/tr>\n<tr class=\"row-14 even\">\n\t<td class=\"column-1\">Novosel Luka<\/td><td class=\"column-2\">Percutaneous CT guided microwave ablation for lung metastases<\/td><td class=\"column-3\"><a target=\"_blank\" rel=\"noopener\" href=\"https:\/\/registration.penta-pco.com\/system\/abstract_pdf.php?abstractID=3140\">Pregled<\/a><\/td>\n<\/tr>\n<tr class=\"row-15 odd\">\n\t<td class=\"column-1\">Bitar Lela<\/td><td class=\"column-2\">Survival outcomes of ALK positive NSCLC patients<\/td><td class=\"column-3\"><a target=\"_blank\" rel=\"noopener\" href=\"https:\/\/registration.penta-pco.com\/system\/abstract_pdf.php?abstractID=3145\">Pregled<\/a><\/td>\n<\/tr>\n<tr class=\"row-16 even\">\n\t<td class=\"column-1\">Mar\u010deti\u0107  Dejan<\/td><td class=\"column-2\">JESMO LI MOGLI BITI A\u017dURNIJI U DETEKCIJI DEFICIJENCIJE ALFA-1-ANTITRIPSINA (AATD)?<\/td><td class=\"column-3\"><a target=\"_blank\" rel=\"noopener\" href=\"https:\/\/registration.penta-pco.com\/system\/abstract_pdf.php?abstractID=3146\">Pregled<\/a><\/td>\n<\/tr>\n<tr class=\"row-17 odd\">\n\t<td class=\"column-1\">Bani\u0107 Marko<\/td><td class=\"column-2\">First insight into the complexity of post-covid recovery &#8211; a single centre experience<\/td><td class=\"column-3\"><a target=\"_blank\" rel=\"noopener\" href=\"https:\/\/registration.penta-pco.com\/system\/abstract_pdf.php?abstractID=3147\">Pregled<\/a><\/td>\n<\/tr>\n<tr class=\"row-18 even\">\n\t<td class=\"column-1\">Bani\u0107 Marko<\/td><td class=\"column-2\">Chronic pulmonary diseases and Long COVID-19<\/td><td class=\"column-3\"><a target=\"_blank\" rel=\"noopener\" href=\"https:\/\/registration.penta-pco.com\/system\/abstract_pdf.php?abstractID=3151\">Pregled<\/a><\/td>\n<\/tr>\n<tr class=\"row-19 odd\">\n\t<td class=\"column-1\">\u0160imi\u0107 Vesna<\/td><td class=\"column-2\">Coexisting EGFR mutation and ALK rearrangement in lung adenocarcinoma along with synchronous breast adenocarcinoma: a case report<\/td><td class=\"column-3\"><a target=\"_blank\" rel=\"noopener\" href=\"https:\/\/registration.penta-pco.com\/system\/abstract_pdf.php?abstractID=3153\">Pregled<\/a><\/td>\n<\/tr>\n<tr class=\"row-20 even\">\n\t<td class=\"column-1\">Milakovi\u0107 Marina<\/td><td class=\"column-2\">A comparison of three multidimensional indices for prediction of COPD mortality and future hospital admissions<\/td><td class=\"column-3\"><a target=\"_blank\" rel=\"noopener\" href=\"https:\/\/registration.penta-pco.com\/system\/abstract_pdf.php?abstractID=3158\">Pregled<\/a><\/td>\n<\/tr>\n<tr class=\"row-21 odd\">\n\t<td class=\"column-1\">Bradvica-Kelava Karmen<\/td><td class=\"column-2\">PEARL &#8211; RISK PREDICTION SCORE FOR HOSPITAL READMISSION OR DEATH  AFTER COPD EXACERBATION WITH CASE REPORT<\/td><td class=\"column-3\"><a target=\"_blank\" rel=\"noopener\" href=\"https:\/\/registration.penta-pco.com\/system\/abstract_pdf.php?abstractID=3160\">Pregled<\/a><\/td>\n<\/tr>\n<tr class=\"row-22 even\">\n\t<td class=\"column-1\">Ljubi\u010di\u0107 Lidija<\/td><td class=\"column-2\">Cytokine hemoadsorption in the treatment of a postpartum woman with COVID-19 pneumonia<\/td><td class=\"column-3\"><a target=\"_blank\" rel=\"noopener\" href=\"https:\/\/registration.penta-pco.com\/system\/abstract_pdf.php?abstractID=3162\">Pregled<\/a><\/td>\n<\/tr>\n<tr class=\"row-23 odd\">\n\t<td class=\"column-1\">Seiwerth Fran<\/td><td class=\"column-2\">Petogodi\u0161nje pre\u017eivljenje pacijenata s karcinomom plu\u0107a na Jordanovcu<\/td><td class=\"column-3\"><a target=\"_blank\" rel=\"noopener\" href=\"https:\/\/registration.penta-pco.com\/system\/abstract_pdf.php?abstractID=3163\">Pregled<\/a><\/td>\n<\/tr>\n<tr class=\"row-24 even\">\n\t<td class=\"column-1\">Perkovi\u0107 Tomislav<\/td><td class=\"column-2\">Obostrana pneumonija u sklopu COVID-19<\/td><td class=\"column-3\"><a target=\"_blank\" rel=\"noopener\" href=\"https:\/\/registration.penta-pco.com\/system\/abstract_pdf.php?abstractID=3164\">Pregled<\/a><\/td>\n<\/tr>\n<tr class=\"row-25 odd\">\n\t<td class=\"column-1\">Mar\u010deti\u0107  Dejan<\/td><td class=\"column-2\">Milijarna tuberkuloza ili post-COVID 19 &#8211; pitanje je sad! Prikaz bolesnice sa ulceroznim kolitisom i milijarnom tbc plu\u0107a<\/td><td class=\"column-3\"><a target=\"_blank\" rel=\"noopener\" href=\"https:\/\/registration.penta-pco.com\/system\/abstract_pdf.php?abstractID=3167\">Pregled<\/a><\/td>\n<\/tr>\n<tr class=\"row-26 even\">\n\t<td class=\"column-1\">Posavi Ana<\/td><td class=\"column-2\">\u201eSIT-TO-STAND\u201c TEST U BOLESNIKA S AKUTNOM EGZACERBACIJOM KRONI\u010cNE OPSTRUKTIVNE BOLESTI PLU\u0106A (KOPB)<\/td><td class=\"column-3\"><a target=\"_blank\" rel=\"noopener\" href=\"https:\/\/registration.penta-pco.com\/system\/abstract_pdf.php?abstractID=3169\">Pregled<\/a><\/td>\n<\/tr>\n<tr class=\"row-27 odd\">\n\t<td class=\"column-1\">Bitar Lela<\/td><td class=\"column-2\">Rijedak slu\u010daj lije\u010denja bolesnika s EGFR-RAD51 fuzijom erlotinibom<\/td><td class=\"column-3\"><a target=\"_blank\" rel=\"noopener\" href=\"https:\/\/registration.penta-pco.com\/system\/abstract_pdf.php?abstractID=3170\">Pregled<\/a><\/td>\n<\/tr>\n<tr class=\"row-28 even\">\n\t<td class=\"column-1\">KUHTI\u0106 IVANA<\/td><td class=\"column-2\">Rare finding in a patient with recurrent exacerbation of chronic obstructive pulmonary disease &#8211; Accessory cardiac bronchus<\/td><td class=\"column-3\"><a target=\"_blank\" rel=\"noopener\" href=\"https:\/\/registration.penta-pco.com\/system\/abstract_pdf.php?abstractID=3172\">Pregled<\/a><\/td>\n<\/tr>\n<tr class=\"row-29 odd\">\n\t<td class=\"column-1\">Pavli\u0161a Gordana<\/td><td class=\"column-2\">NT-proBNP as a tool to stratify severity of pulmonary hypertension in chronic obstructive pulmonary disease<\/td><td class=\"column-3\"><a target=\"_blank\" rel=\"noopener\" href=\"https:\/\/registration.penta-pco.com\/system\/abstract_pdf.php?abstractID=3173\">Pregled<\/a><\/td>\n<\/tr>\n<tr class=\"row-30 even\">\n\t<td class=\"column-1\">\u017di\u017ei\u0107 David Stipan<\/td><td class=\"column-2\">Nationwide Lung Cancer screening program \u2013 Croatian model<\/td><td class=\"column-3\"><a target=\"_blank\" rel=\"noopener\" href=\"https:\/\/registration.penta-pco.com\/system\/abstract_pdf.php?abstractID=3178\">Pregled<\/a><\/td>\n<\/tr>\n<tr class=\"row-31 odd\">\n\t<td class=\"column-1\">Kosanovi\u0107 &#8211; Baji\u0107 Morana<\/td><td class=\"column-2\">Tuberkuloza u doba COVID-a<\/td><td class=\"column-3\"><a target=\"_blank\" rel=\"noopener\" href=\"https:\/\/registration.penta-pco.com\/system\/abstract_pdf.php?abstractID=3179\">Pregled<\/a><\/td>\n<\/tr>\n<tr class=\"row-32 even\">\n\t<td class=\"column-1\">Krpina Kristina<\/td><td class=\"column-2\">Personalizirana medicina &#8211; single institution experience<\/td><td class=\"column-3\"><a target=\"_blank\" rel=\"noopener\" href=\"https:\/\/registration.penta-pco.com\/system\/abstract_pdf.php?abstractID=3185\">Pregled<\/a><\/td>\n<\/tr>\n<tr class=\"row-33 odd\">\n\t<td class=\"column-1\">Rnjak Dina<\/td><td class=\"column-2\">Usporedba u\u010dinkovitosti razli\u010ditih anti IL-5 biolo\u0161kih lijekova u bolesnika s te\u0161kom eozinofilnom astmom lije\u010denih u tercijarnom centru (real-life studija)<\/td><td class=\"column-3\"><a target=\"_blank\" rel=\"noopener\" href=\"https:\/\/registration.penta-pco.com\/system\/abstract_pdf.php?abstractID=3195\">Pregled<\/a><\/td>\n<\/tr>\n<tr class=\"row-34 even\">\n\t<td class=\"column-1\">Glodi\u0107 Goran<\/td><td class=\"column-2\">Etiology of Non-Cystic Fibrosis Bronchiectasis in Croatia: data from the European Multicenter Bronchiectasis Audit and Research Collaboration (EMBARC) registry<\/td><td class=\"column-3\"><a target=\"_blank\" rel=\"noopener\" href=\"https:\/\/registration.penta-pco.com\/system\/abstract_pdf.php?abstractID=3198\">Pregled<\/a><\/td>\n<\/tr>\n<tr class=\"row-35 odd\">\n\t<td class=\"column-1\">\u010culina \u017deljko<\/td><td class=\"column-2\">Treatment of allergic rhinitis<\/td><td class=\"column-3\"><a target=\"_blank\" rel=\"noopener\" href=\"https:\/\/registration.penta-pco.com\/system\/abstract_pdf.php?abstractID=3200\">Pregled<\/a><\/td>\n<\/tr>\n<tr class=\"row-36 even\">\n\t<td class=\"column-1\">Toli\u0107 Ena<\/td><td class=\"column-2\">Epidemiological data on Post-COVID19 patients referred to Clinic for Pulmonary Diseases \u201eJordanovac\u201c at the University Hospital Center Zagreb<\/td><td class=\"column-3\"><a target=\"_blank\" rel=\"noopener\" href=\"https:\/\/registration.penta-pco.com\/system\/abstract_pdf.php?abstractID=3201\">Pregled<\/a><\/td>\n<\/tr>\n<tr class=\"row-37 odd\">\n\t<td class=\"column-1\">\u010culina \u017deljko<\/td><td class=\"column-2\">Treatment of allergic rhinitis<\/td><td class=\"column-3\"><a target=\"_blank\" rel=\"noopener\" href=\"https:\/\/registration.penta-pco.com\/system\/abstract_pdf.php?abstractID=3204\">Pregled<\/a><\/td>\n<\/tr>\n<\/tbody>\n<\/table>\n<!-- #tablepress-4 from cache --><\/div>\n\t\t\t\t\t\t\t\t\t<div class=\"elementor-tab-title elementor-tab-mobile-title\" aria-selected=\"false\" data-tab=\"2\" role=\"tab\" tabindex=\"-1\" aria-controls=\"elementor-tab-content-2502\" aria-expanded=\"false\">Sestre<\/div>\n\t\t\t\t\t<div id=\"elementor-tab-content-2502\" class=\"elementor-tab-content elementor-clearfix\" data-tab=\"2\" role=\"tabpanel\" aria-labelledby=\"elementor-tab-title-2502\" tabindex=\"0\" hidden=\"hidden\">\n<table id=\"tablepress-3\" class=\"tablepress tablepress-id-3\">\n<thead>\n<tr class=\"row-1 odd\">\n\t<th class=\"column-1\">Autor<\/th><th class=\"column-2\">Naslov<\/th><th class=\"column-3\">Link<\/th>\n<\/tr>\n<\/thead>\n<tbody class=\"row-hover\">\n<tr class=\"row-2 even\">\n\t<td class=\"column-1\">Vizler Ivana<\/td><td class=\"column-2\">Povijest razvoja funkcijske dijagnostike plu\u0107a na Klinici Jordanovac kroz 60 godina<\/td><td class=\"column-3\"><a target=\"_blank\" rel=\"noopener\" href=\"https:\/\/registration.penta-pco.com\/system\/abstract_pdf.php?abstractID=3106\">Pregled<\/a><\/td>\n<\/tr>\n<tr class=\"row-3 odd\">\n\t<td class=\"column-1\">Marini\u0107 Ru\u017eica<\/td><td class=\"column-2\">Komunikacija s bolesnicima koji imaju potrebu za palijativnom skrbi nakon postavljanja dijagnoze karcinoma plu\u0107a<\/td><td class=\"column-3\"><a target=\"_blank\" rel=\"noopener\" href=\"https:\/\/registration.penta-pco.com\/system\/abstract_pdf.php?abstractID=3109\">Pregled<\/a><\/td>\n<\/tr>\n<tr class=\"row-4 even\">\n\t<td class=\"column-1\">Rubil Ivana<\/td><td class=\"column-2\">Organizacija rada dnevne bolnice u vrijeme pandemije SARS-CoV2 virusom<\/td><td class=\"column-3\"><a target=\"_blank\" rel=\"noopener\" href=\"https:\/\/registration.penta-pco.com\/system\/abstract_pdf.php?abstractID=3131\">Pregled<\/a><\/td>\n<\/tr>\n<tr class=\"row-5 odd\">\n\t<td class=\"column-1\">Karas Monika<\/td><td class=\"column-2\">Utjecaj pandemije COVID-a na mentalno zdravlje<\/td><td class=\"column-3\"><a target=\"_blank\" rel=\"noopener\" href=\"https:\/\/registration.penta-pco.com\/system\/abstract_pdf.php?abstractID=3142\">Pregled<\/a><\/td>\n<\/tr>\n<tr class=\"row-6 even\">\n\t<td class=\"column-1\">Vaji\u0107 Suzana<\/td><td class=\"column-2\">Zbrinjavanje pacijenta nakon medicinske torakoskopije<\/td><td class=\"column-3\"><a target=\"_blank\" rel=\"noopener\" href=\"https:\/\/registration.penta-pco.com\/system\/abstract_pdf.php?abstractID=3149\">Pregled<\/a><\/td>\n<\/tr>\n<tr class=\"row-7 odd\">\n\t<td class=\"column-1\">MALKO\u010c BELMA<\/td><td class=\"column-2\">Procjena te\u017eine kroni\u010dne opstruktivne bolesti plu\u0107a pomo\u0107u DOSE indeksa<\/td><td class=\"column-3\"><a target=\"_blank\" rel=\"noopener\" href=\"https:\/\/registration.penta-pco.com\/system\/abstract_pdf.php?abstractID=3150\">Pregled<\/a><\/td>\n<\/tr>\n<tr class=\"row-8 even\">\n\t<td class=\"column-1\">Markanovi\u0107 Manda<\/td><td class=\"column-2\">Dijagnostika Covid-19<\/td><td class=\"column-3\"><a target=\"_blank\" rel=\"noopener\" href=\"https:\/\/registration.penta-pco.com\/system\/abstract_pdf.php?abstractID=3152\">Pregled<\/a><\/td>\n<\/tr>\n<tr class=\"row-9 odd\">\n\t<td class=\"column-1\">Bari\u0161i\u0107 Ivana<\/td><td class=\"column-2\">Izazovi u komunikaciji sa pacijentima na invazivnoj mehani\u010dkoj ventilaciji<\/td><td class=\"column-3\"><a target=\"_blank\" rel=\"noopener\" href=\"https:\/\/registration.penta-pco.com\/system\/abstract_pdf.php?abstractID=3154\">Pregled<\/a><\/td>\n<\/tr>\n<tr class=\"row-10 even\">\n\t<td class=\"column-1\">\u017dGELA TIHANA<\/td><td class=\"column-2\">Izazovi u komunikaciji s bolesnicima sa slo\u017eenim komunikacijskim potrebama<\/td><td class=\"column-3\"><a target=\"_blank\" rel=\"noopener\" href=\"https:\/\/registration.penta-pco.com\/system\/abstract_pdf.php?abstractID=3155\">Pregled<\/a><\/td>\n<\/tr>\n<tr class=\"row-11 odd\">\n\t<td class=\"column-1\">Hod\u017ei\u0107 Azra<\/td><td class=\"column-2\">Organizacija rada na COVID odjelu Klinike za plu\u0107ne bolesti Jordanovac KBC-a Zagreb<\/td><td class=\"column-3\"><a target=\"_blank\" rel=\"noopener\" href=\"https:\/\/registration.penta-pco.com\/system\/abstract_pdf.php?abstractID=3161\">Pregled<\/a><\/td>\n<\/tr>\n<tr class=\"row-12 even\">\n\t<td class=\"column-1\">Abramovic Martina<\/td><td class=\"column-2\">PATOHISTOLO\u0160KA OBRADA UZORAKA DOBIVENIH TRANSTORAKALNOM PUNKCIJOM (TTP)<\/td><td class=\"column-3\"><a target=\"_blank\" rel=\"noopener\" href=\"https:\/\/registration.penta-pco.com\/system\/abstract_pdf.php?abstractID=3165\">Pregled<\/a><\/td>\n<\/tr>\n<tr class=\"row-13 odd\">\n\t<td class=\"column-1\">Bre\u0161ki Anita<\/td><td class=\"column-2\">Imunohistokemijsko odre\u0111ivanje prediktivnih biomarkera u karcinomu plu\u0107a<\/td><td class=\"column-3\"><a target=\"_blank\" rel=\"noopener\" href=\"https:\/\/registration.penta-pco.com\/system\/abstract_pdf.php?abstractID=3168\">Pregled<\/a><\/td>\n<\/tr>\n<tr class=\"row-14 even\">\n\t<td class=\"column-1\">Odobasic Palkovic Tihana<\/td><td class=\"column-2\">Kvaliteta \u017eivota odraslih bolesnika s cisti\u010dnom fibrozom tijekom pandemije Covid-19 u Hrvatskoj<\/td><td class=\"column-3\"><a target=\"_blank\" rel=\"noopener\" href=\"https:\/\/registration.penta-pco.com\/system\/abstract_pdf.php?abstractID=3177\">Pregled<\/a><\/td>\n<\/tr>\n<tr class=\"row-15 odd\">\n\t<td class=\"column-1\">Be\u0161laga Ilda<\/td><td class=\"column-2\">Pra\u0107enje onkolo\u0161kih bolesnika i procjena samostalnosti u obavljanju svakodnevnih aktivnosti<\/td><td class=\"column-3\"><a target=\"_blank\" rel=\"noopener\" href=\"https:\/\/registration.penta-pco.com\/system\/abstract_pdf.php?abstractID=3186\">Pregled<\/a><\/td>\n<\/tr>\n<tr class=\"row-16 even\">\n\t<td class=\"column-1\">Luki\u0107 Franoli\u0107 Ivana<\/td><td class=\"column-2\">Samoupravljanje: Inkontinencije urina i respiratorne bolesti<\/td><td class=\"column-3\"><a target=\"_blank\" rel=\"noopener\" href=\"https:\/\/registration.penta-pco.com\/system\/abstract_pdf.php?abstractID=3187\">Pregled<\/a><\/td>\n<\/tr>\n<tr class=\"row-17 odd\">\n\t<td class=\"column-1\">Juri\u0107 Monika<\/td><td class=\"column-2\">Potres i pandemija &#8211; do\u017eivljaj i precepcija medicinskih sestara\/tehni\u010dara<\/td><td class=\"column-3\"><a target=\"_blank\" rel=\"noopener\" href=\"https:\/\/registration.penta-pco.com\/system\/abstract_pdf.php?abstractID=3188\">Pregled<\/a><\/td>\n<\/tr>\n<tr class=\"row-18 even\">\n\t<td class=\"column-1\">\u0160ajni\u0107 Andreja<\/td><td class=\"column-2\">Prepoznatljivost sestrinske profesije kroz aktivno djelovanje u civilnim dru\u0161tvima<\/td><td class=\"column-3\"><a target=\"_blank\" rel=\"noopener\" href=\"https:\/\/registration.penta-pco.com\/system\/abstract_pdf.php?abstractID=3190\">Pregled<\/a><\/td>\n<\/tr>\n<tr class=\"row-19 odd\">\n\t<td class=\"column-1\">RADAKOVI\u0106 \u0110UR\u0110ICA<\/td><td class=\"column-2\">Skrb za bolesnika oboljelih od raka plu\u0107a: maligna hiperkalcijemija<\/td><td class=\"column-3\"><a target=\"_blank\" rel=\"noopener\" href=\"https:\/\/registration.penta-pco.com\/system\/abstract_pdf.php?abstractID=3194\">Pregled<\/a><\/td>\n<\/tr>\n<tr class=\"row-20 even\">\n\t<td class=\"column-1\">Zovko Tanja<\/td><td class=\"column-2\">Umor i COVID-19<\/td><td class=\"column-3\"><a target=\"_blank\" rel=\"noopener\" href=\"https:\/\/registration.penta-pco.com\/system\/abstract_pdf.php?abstractID=3196\">Pregled<\/a><\/td>\n<\/tr>\n<tr class=\"row-21 odd\">\n\t<td class=\"column-1\">\u010cukljek Snje\u017eana<\/td><td class=\"column-2\">Skrb usmjerena na pacijenta<\/td><td class=\"column-3\"><a target=\"_blank\" rel=\"noopener\" href=\"https:\/\/registration.penta-pco.com\/system\/abstract_pdf.php?abstractID=3197\">Pregled<\/a><\/td>\n<\/tr>\n<tr class=\"row-22 even\">\n\t<td class=\"column-1\">Ivanovi\u0107 Antonela<\/td><td class=\"column-2\">Na\u0161a iskustva na Covid odjelu u KB Dubrava<\/td><td class=\"column-3\"><a target=\"_blank\" rel=\"noopener\" href=\"https:\/\/registration.penta-pco.com\/system\/abstract_pdf.php?abstractID=3202\">Pregled<\/a><\/td>\n<\/tr>\n<tr class=\"row-23 odd\">\n\t<td class=\"column-1\">CIMA\u0160-LUKEC  Anica<\/td><td class=\"column-2\">Rad i koordinacija na Covid odjelu Arena<\/td><td class=\"column-3\"><a target=\"_blank\" rel=\"noopener\" href=\"https:\/\/registration.penta-pco.com\/system\/abstract_pdf.php?abstractID=3203\">Pregled<\/a><\/td>\n<\/tr>\n<tr class=\"row-24 even\">\n\t<td class=\"column-1\">Kornelija Erdelja<\/td><td class=\"column-2\">POST COVID AMBULANTA U SPECIJALNOJ BOLNICI PRIMAMED<\/td><td class=\"column-3\"><a target=\"_blank\" rel=\"noopener\" href=\"https:\/\/registration.penta-pco.com\/system\/abstract_pdf.php?abstractID=3207\">Pregled<\/a><\/td>\n<\/tr>\n<tr class=\"row-25 odd\">\n\t<td class=\"column-1\">VILMA KOLARI\u0106<\/td><td class=\"column-2\">\u0160TO MISLE ZDRAVSTVENI RADNICI O EDUKACIJI I KVALITETI \u017dIVOTA OSOBA SA \u0160E\u0106ERNOM BOLE\u0160\u0106U<\/td><td class=\"column-3\"><a target=\"_blank\" rel=\"noopener\" href=\"https:\/\/registration.penta-pco.com\/system\/abstract_pdf.php?abstractID=3208\">Pregled<\/a><\/td>\n<\/tr>\n<\/tbody>\n<\/table>\n<!-- #tablepress-3 from cache --><\/div>\n\t\t\t\t\t\t\t<\/div>\n\t\t<\/div>\n\t\t\t\t<\/div>\n\t\t\t\t<\/div>\n\t\t\t\t\t<\/div>\n\t\t<\/div>\n\t\t\t\t\t\t\t<\/div>\n\t\t<\/section>\n\t\t\t\t\t\t<\/div>\n\t\t\t\t\t<\/div>\n\t\t","protected":false},"excerpt":{"rendered":"<p>Sa\u017eeci Lije\u010dnici Sestre Lije\u010dnici Sestre<\/p>\n","protected":false},"author":1,"featured_media":0,"parent":0,"menu_order":1,"comment_status":"closed","ping_status":"closed","template":"","meta":{"footnotes":""},"class_list":["post-75","page","type-page","status-publish","hentry"],"_links":{"self":[{"href":"https:\/\/web.penta-pco.com\/toraks2021\/wp-json\/wp\/v2\/pages\/75","targetHints":{"allow":["GET"]}}],"collection":[{"href":"https:\/\/web.penta-pco.com\/toraks2021\/wp-json\/wp\/v2\/pages"}],"about":[{"href":"https:\/\/web.penta-pco.com\/toraks2021\/wp-json\/wp\/v2\/types\/page"}],"author":[{"embeddable":true,"href":"https:\/\/web.penta-pco.com\/toraks2021\/wp-json\/wp\/v2\/users\/1"}],"replies":[{"embeddable":true,"href":"https:\/\/web.penta-pco.com\/toraks2021\/wp-json\/wp\/v2\/comments?post=75"}],"version-history":[{"count":14,"href":"https:\/\/web.penta-pco.com\/toraks2021\/wp-json\/wp\/v2\/pages\/75\/revisions"}],"predecessor-version":[{"id":1110,"href":"https:\/\/web.penta-pco.com\/toraks2021\/wp-json\/wp\/v2\/pages\/75\/revisions\/1110"}],"wp:attachment":[{"href":"https:\/\/web.penta-pco.com\/toraks2021\/wp-json\/wp\/v2\/media?parent=75"}],"curies":[{"name":"wp","href":"https:\/\/api.w.org\/{rel}","templated":true}]}}