{"id":77,"date":"2021-05-04T09:03:12","date_gmt":"2021-05-04T07:03:12","guid":{"rendered":"https:\/\/web.penta-pco.com\/toraks2021\/?page_id=77"},"modified":"2022-09-23T15:35:47","modified_gmt":"2022-09-23T13:35:47","slug":"e-posteri","status":"publish","type":"page","link":"https:\/\/web.penta-pco.com\/toraks2021\/e-posteri\/","title":{"rendered":"E-posteri"},"content":{"rendered":"\t\t<div data-elementor-type=\"wp-page\" data-elementor-id=\"77\" class=\"elementor elementor-77\" data-elementor-settings=\"[]\">\n\t\t\t\t\t\t\t<div class=\"elementor-section-wrap\">\n\t\t\t\t\t\t\t<section class=\"elementor-section elementor-top-section elementor-element elementor-element-301ba02 elementor-section-boxed elementor-section-height-default elementor-section-height-default\" data-id=\"301ba02\" data-element_type=\"section\">\n\t\t\t\t\t\t<div class=\"elementor-container elementor-column-gap-default\">\n\t\t\t\t\t<div class=\"elementor-column elementor-col-100 elementor-top-column elementor-element elementor-element-ddc1414\" data-id=\"ddc1414\" data-element_type=\"column\">\n\t\t\t<div class=\"elementor-widget-wrap elementor-element-populated\">\n\t\t\t\t\t\t\t\t<div class=\"elementor-element elementor-element-b8857c1 elementor-widget elementor-widget-heading\" data-id=\"b8857c1\" data-element_type=\"widget\" data-widget_type=\"heading.default\">\n\t\t\t\t<div class=\"elementor-widget-container\">\n\t\t\t<h2 class=\"elementor-heading-title elementor-size-default\">E-posteri<\/h2>\t\t<\/div>\n\t\t\t\t<\/div>\n\t\t\t\t<div class=\"elementor-element elementor-element-ae863c8 elementor-widget elementor-widget-shortcode\" data-id=\"ae863c8\" data-element_type=\"widget\" data-widget_type=\"shortcode.default\">\n\t\t\t\t<div class=\"elementor-widget-container\">\n\t\t\t\t\t<div class=\"elementor-shortcode\">\n<table id=\"tablepress-1\" class=\"tablepress tablepress-id-1\">\n<thead>\n<tr class=\"row-1 odd\">\n\t<th class=\"column-1\">Autor<\/th><th class=\"column-2\">Naslov<\/th><th class=\"column-3\">Link<\/th>\n<\/tr>\n<\/thead>\n<tbody class=\"row-hover\">\n<tr class=\"row-2 even\">\n\t<td class=\"column-1\">Ljilja Anja<\/td><td class=\"column-2\">Emphysematous changes in patients with hypersensitivity pneumonitis<\/td><td class=\"column-3\"><a href=\"https:\/\/web.penta-pco.com\/toraks2021\/wp-content\/uploads\/2021\/05\/3094.jpeg\"  class=\"button\">Pregled<\/a><\/td>\n<\/tr>\n<tr class=\"row-3 odd\">\n\t<td class=\"column-1\">HARABAJSA SUZANA<\/td><td class=\"column-2\">ASSOCIATION BETWEEN HUMAN PAPILLOMAVIRUS AND EGFR MUTATIONS IN NON-SMALL CELL LUNG CANCER<\/td><td class=\"column-3\"><a href=\"https:\/\/web.penta-pco.com\/toraks2021\/wp-content\/uploads\/2021\/05\/3097.jpeg\"  class=\"button\">Pregled<\/a><\/td>\n<\/tr>\n<tr class=\"row-4 even\">\n\t<td class=\"column-1\">Perkovi\u0107 Tomislav<\/td><td class=\"column-2\">Tuberkuloza plu\u0107a i larinksa prezentirana kao laringealni karcinom<\/td><td class=\"column-3\"><a href=\"https:\/\/web.penta-pco.com\/toraks2021\/wp-content\/uploads\/2021\/05\/3102.jpeg\"  class=\"button\">Pregled<\/a><\/td>\n<\/tr>\n<tr class=\"row-5 odd\">\n\t<td class=\"column-1\">Folno\u017ei\u0107 Ivana<\/td><td class=\"column-2\">Neurological feature of COVID-19 and its treatment - case report<\/td><td class=\"column-3\"><a href=\"https:\/\/web.penta-pco.com\/toraks2021\/wp-content\/uploads\/2021\/05\/3104.jpeg\"  class=\"button\">Pregled<\/a><\/td>\n<\/tr>\n<tr class=\"row-6 even\">\n\t<td class=\"column-1\">Vizler Ivana<\/td><td class=\"column-2\">Povijest razvoja funkcijske dijagnostike plu\u0107a na Klinici Jordanovac kroz 60 godina<\/td><td class=\"column-3\"><a href=\"https:\/\/web.penta-pco.com\/toraks2021\/wp-content\/uploads\/2021\/05\/3106.jpeg\"  class=\"button\">Pregled<\/a><\/td>\n<\/tr>\n<tr class=\"row-7 odd\">\n\t<td class=\"column-1\">Juri\u010di\u0107 Kursan Maja<\/td><td class=\"column-2\">Outpatient system organisation during COVID-19 pandemic in Clinic for Lung Diseases Jordanovac and satisfaction with the health care.<\/td><td class=\"column-3\"><a href=\"https:\/\/web.penta-pco.com\/toraks2021\/wp-content\/uploads\/2021\/05\/3128.jpeg\"  class=\"button\">Pregled<\/a><\/td>\n<\/tr>\n<tr class=\"row-8 even\">\n\t<td class=\"column-1\">Rnjak Dina<\/td><td class=\"column-2\">The unexpected emergence of multidrug-resistant tuberculosis after seemingly effective treatment of pulmonary tuberculosis - suspected mixed-strain infection<\/td><td class=\"column-3\"><a href=\"https:\/\/web.penta-pco.com\/toraks2021\/wp-content\/uploads\/2021\/05\/3130.jpeg\"  class=\"button\">Pregled<\/a><\/td>\n<\/tr>\n<tr class=\"row-9 odd\">\n\t<td class=\"column-1\">Koprivanac Antun<\/td><td class=\"column-2\">Uloga bronhoskopije u dijagnostici SARS-CoV-2 infekcije \u2013 iskustvo jednog centra<\/td><td class=\"column-3\"><a href=\"https:\/\/web.penta-pco.com\/toraks2021\/wp-content\/uploads\/2021\/05\/3132.jpeg\"  class=\"button\">Pregled<\/a><\/td>\n<\/tr>\n<tr class=\"row-10 even\">\n\t<td class=\"column-1\">Kor\u0161i\u0107 Marta<\/td><td class=\"column-2\">Ruksolitinib kao monoterapija u bolesnika s ALK-pozitivnim adenokarcinomom plu\u0107a<\/td><td class=\"column-3\"><a href=\"https:\/\/web.penta-pco.com\/toraks2021\/wp-content\/uploads\/2021\/05\/3133.jpeg\"  class=\"button\">Pregled<\/a><\/td>\n<\/tr>\n<tr class=\"row-11 odd\">\n\t<td class=\"column-1\">Mur\u0161i\u0107 Davorka<\/td><td class=\"column-2\">Nutritivni status bolesnika s kroni\u010dnom opstruktivnom plu\u0107nom bolesti \u2013 prva multicentri\u010dna analiza u Hrvatskoj<\/td><td class=\"column-3\"><a href=\"https:\/\/web.penta-pco.com\/toraks2021\/wp-content\/uploads\/2021\/05\/3134.jpeg\"  class=\"button\">Pregled<\/a><\/td>\n<\/tr>\n<tr class=\"row-12 even\">\n\t<td class=\"column-1\">Mur\u0161i\u0107 Davorka<\/td><td class=\"column-2\">Uloga parametara dobivenih bioelektri\u010dnom impendacijskom analizom kao prediktora funkcionalnog kapaciteta u KOPB bolesnika<\/td><td class=\"column-3\"><a href=\"https:\/\/web.penta-pco.com\/toraks2021\/wp-content\/uploads\/2021\/05\/3135.jpeg\"  class=\"button\">Pregled<\/a><\/td>\n<\/tr>\n<tr class=\"row-13 odd\">\n\t<td class=\"column-1\">Folno\u017ei\u0107 Ivana<\/td><td class=\"column-2\">Hypophosphatemia as a forgotten cause of respiratory insufficiency<\/td><td class=\"column-3\"><a href=\"https:\/\/web.penta-pco.com\/toraks2021\/wp-content\/uploads\/2021\/05\/3136.jpeg\"  class=\"button\">Pregled<\/a><\/td>\n<\/tr>\n<tr class=\"row-14 even\">\n\t<td class=\"column-1\">Rnjak Dina<\/td><td class=\"column-2\">Does smoking status impact the severity of acute COVID-19?<\/td><td class=\"column-3\"><a href=\"https:\/\/web.penta-pco.com\/toraks2021\/wp-content\/uploads\/2021\/05\/3138.jpeg\"  class=\"button\">Pregled<\/a><\/td>\n<\/tr>\n<tr class=\"row-15 odd\">\n\t<td class=\"column-1\">Bitar Lela<\/td><td class=\"column-2\">Survival outcomes of ALK positive NSCLC patients<\/td><td class=\"column-3\"><a href=\"https:\/\/web.penta-pco.com\/toraks2021\/wp-content\/uploads\/2021\/05\/3145.jpeg\"  class=\"button\">Pregled<\/a><\/td>\n<\/tr>\n<tr class=\"row-16 even\">\n\t<td class=\"column-1\">Mar\u010deti\u0107  Dejan<\/td><td class=\"column-2\">JESMO LI MOGLI BITI A\u017dURNIJI U DETEKCIJI DEFICIJENCIJE ALFA-1-ANTITRIPSINA (AATD)?<\/td><td class=\"column-3\"><a href=\"https:\/\/web.penta-pco.com\/toraks2021\/wp-content\/uploads\/2021\/05\/3146.jpeg\"  class=\"button\">Pregled<\/a><\/td>\n<\/tr>\n<tr class=\"row-17 odd\">\n\t<td class=\"column-1\">Bani\u0107 Marko<\/td><td class=\"column-2\">First insight into the complexity of post-covid recovery - a single centre experience<\/td><td class=\"column-3\"><a href=\"https:\/\/web.penta-pco.com\/toraks2021\/wp-content\/uploads\/2021\/05\/3147.jpeg\"  class=\"button\">Pregled<\/a><\/td>\n<\/tr>\n<tr class=\"row-18 even\">\n\t<td class=\"column-1\">Bani\u0107 Marko<\/td><td class=\"column-2\">Chronic pulmonary diseases and Long COVID-19<\/td><td class=\"column-3\"><a href=\"https:\/\/web.penta-pco.com\/toraks2021\/wp-content\/uploads\/2021\/05\/3151.jpeg\"  class=\"button\">Pregled<\/a><\/td>\n<\/tr>\n<tr class=\"row-19 odd\">\n\t<td class=\"column-1\">\u0160imi\u0107 Vesna<\/td><td class=\"column-2\">Coexisting EGFR mutation and ALK rearrangement in lung adenocarcinoma along with synchronous breast adenocarcinoma: a case report<\/td><td class=\"column-3\"><a href=\"https:\/\/web.penta-pco.com\/toraks2021\/wp-content\/uploads\/2021\/05\/3153.jpeg\"  class=\"button\">Pregled<\/a><\/td>\n<\/tr>\n<tr class=\"row-20 even\">\n\t<td class=\"column-1\">\u017dGELA TIHANA<\/td><td class=\"column-2\">Izazovi u komunikaciji s bolesnicima sa slo\u017eenim komunikacijskim potrebama<\/td><td class=\"column-3\"><a href=\"https:\/\/web.penta-pco.com\/toraks2021\/wp-content\/uploads\/2021\/05\/3155.jpeg\"  class=\"button\">Pregled<\/a><\/td>\n<\/tr>\n<tr class=\"row-21 odd\">\n\t<td class=\"column-1\">Milakovi\u0107 Marina<\/td><td class=\"column-2\">A comparison of three multidimensional indices for prediction of COPD mortality and future hospital admissions<\/td><td class=\"column-3\"><a href=\"https:\/\/web.penta-pco.com\/toraks2021\/wp-content\/uploads\/2021\/05\/3158.jpeg\"  class=\"button\">Pregled<\/a><\/td>\n<\/tr>\n<tr class=\"row-22 even\">\n\t<td class=\"column-1\">Bradvica-Kelava Karmen<\/td><td class=\"column-2\">PEARL - RISK PREDICTION SCORE FOR HOSPITAL READMISSION OR DEATH  AFTER COPD EXACERBATION WITH CASE REPORT<\/td><td class=\"column-3\"><a href=\"https:\/\/web.penta-pco.com\/toraks2021\/wp-content\/uploads\/2021\/05\/3160.jpeg\"  class=\"button\">Pregled<\/a><\/td>\n<\/tr>\n<tr class=\"row-23 odd\">\n\t<td class=\"column-1\">Ljubi\u010di\u0107 Lidija<\/td><td class=\"column-2\">Cytokine hemoadsorption in the treatment of a postpartum woman with COVID-19 pneumonia<\/td><td class=\"column-3\"><a href=\"https:\/\/web.penta-pco.com\/toraks2021\/wp-content\/uploads\/2021\/05\/3162.jpeg\"  class=\"button\">Pregled<\/a><\/td>\n<\/tr>\n<tr class=\"row-24 even\">\n\t<td class=\"column-1\">Perkovi\u0107 Tomislav<\/td><td class=\"column-2\">Obostrana pneumonija u sklopu COVID-19<\/td><td class=\"column-3\"><a href=\"https:\/\/web.penta-pco.com\/toraks2021\/wp-content\/uploads\/2021\/05\/3164.jpeg\"  class=\"button\">Pregled<\/a><\/td>\n<\/tr>\n<tr class=\"row-25 odd\">\n\t<td class=\"column-1\">Mar\u010deti\u0107  Dejan<\/td><td class=\"column-2\">Milijarna tuberkuloza ili post-COVID 19 - pitanje je sad! Prikaz bolesnice sa ulceroznim kolitisom i milijarnom tbc plu\u0107a<\/td><td class=\"column-3\"><a href=\"https:\/\/web.penta-pco.com\/toraks2021\/wp-content\/uploads\/2021\/05\/3167.jpeg\"  class=\"button\">Pregled<\/a><\/td>\n<\/tr>\n<tr class=\"row-26 even\">\n\t<td class=\"column-1\">Posavi Ana<\/td><td class=\"column-2\">\u201eSIT-TO-STAND\u201c TEST U BOLESNIKA S AKUTNOM EGZACERBACIJOM KRONI\u010cNE OPSTRUKTIVNE BOLESTI PLU\u0106A (KOPB)<\/td><td class=\"column-3\"><a href=\"https:\/\/web.penta-pco.com\/toraks2021\/wp-content\/uploads\/2021\/05\/3169.jpeg\"  class=\"button\">Pregled<\/a><\/td>\n<\/tr>\n<tr class=\"row-27 odd\">\n\t<td class=\"column-1\">Bitar Lela<\/td><td class=\"column-2\">Rijedak slu\u010daj lije\u010denja bolesnika s EGFR-RAD51 fuzijom erlotinibom<\/td><td class=\"column-3\"><a href=\"https:\/\/web.penta-pco.com\/toraks2021\/wp-content\/uploads\/2021\/05\/3170.jpeg\"  class=\"button\">Pregled<\/a><\/td>\n<\/tr>\n<tr class=\"row-28 even\">\n\t<td class=\"column-1\">Pavli\u0161a Gordana<\/td><td class=\"column-2\">NT-proBNP as a tool to stratify severity of pulmonary hypertension in chronic obstructive pulmonary disease<\/td><td class=\"column-3\"><a href=\"https:\/\/web.penta-pco.com\/toraks2021\/wp-content\/uploads\/2021\/05\/3173.jpeg\"  class=\"button\">Pregled<\/a><\/td>\n<\/tr>\n<tr class=\"row-29 odd\">\n\t<td class=\"column-1\">Odobasic Palkovic Tihana<\/td><td class=\"column-2\">Kvaliteta \u017eivota odraslih bolesnika s cisti\u010dnom fibrozom tijekom pandemije Covid-19 u Hrvatskoj<\/td><td class=\"column-3\"><a href=\"https:\/\/web.penta-pco.com\/toraks2021\/wp-content\/uploads\/2021\/05\/3177.jpeg\"  class=\"button\">Pregled<\/a><\/td>\n<\/tr>\n<tr class=\"row-30 even\">\n\t<td class=\"column-1\">Kosanovi\u0107 - Baji\u0107 Morana<\/td><td class=\"column-2\">Tuberkuloza u doba COVID-a<\/td><td class=\"column-3\"><a href=\"https:\/\/web.penta-pco.com\/toraks2021\/wp-content\/uploads\/2021\/05\/3179.jpeg\"  class=\"button\">Pregled<\/a><\/td>\n<\/tr>\n<tr class=\"row-31 odd\">\n\t<td class=\"column-1\">Juri\u0107 Monika<\/td><td class=\"column-2\">Potres i pandemija - do\u017eivljaj i precepcija medicinskih sestara\/tehni\u010dara<\/td><td class=\"column-3\"><a href=\"https:\/\/web.penta-pco.com\/toraks2021\/wp-content\/uploads\/2021\/05\/juric.jpeg\"  class=\"button\">Pregled<\/a><\/td>\n<\/tr>\n<tr class=\"row-32 even\">\n\t<td class=\"column-1\">Rnjak Dina<\/td><td class=\"column-2\">Usporedba u\u010dinkovitosti razli\u010ditih anti IL-5 biolo\u0161kih lijekova u bolesnika s te\u0161kom eozinofilnom astmom lije\u010denih u tercijarnom centru (real-life studija)<\/td><td class=\"column-3\"><a href=\"https:\/\/web.penta-pco.com\/toraks2021\/wp-content\/uploads\/2021\/05\/3195.jpeg\"  class=\"button\">Pregled<\/a><\/td>\n<\/tr>\n<tr class=\"row-33 odd\">\n\t<td class=\"column-1\">Zovko Tanja<\/td><td class=\"column-2\">Umor i COVID-19<\/td><td class=\"column-3\"><a href=\"https:\/\/web.penta-pco.com\/toraks2021\/wp-content\/uploads\/2021\/05\/3196.jpg\"  class=\"button\">Pregled<\/a><\/td>\n<\/tr>\n<tr class=\"row-34 even\">\n\t<td class=\"column-1\">Glodi\u0107 Goran<\/td><td class=\"column-2\">Etiology of Non-Cystic Fibrosis Bronchiectasis in Croatia: data from the European Multicenter Bronchiectasis Audit and Research Collaboration (EMBARC) registry<\/td><td class=\"column-3\"><a href=\"https:\/\/web.penta-pco.com\/toraks2021\/wp-content\/uploads\/2021\/05\/3198.jpeg\"  class=\"button\">Pregled<\/a><\/td>\n<\/tr>\n<tr class=\"row-35 odd\">\n\t<td class=\"column-1\">\u010culina \u017deljko<\/td><td class=\"column-2\">Treatment of allergic rhinitis<\/td><td class=\"column-3\"><a href=\"https:\/\/web.penta-pco.com\/toraks2021\/wp-content\/uploads\/2021\/05\/Culina.jpeg\"  class=\"button\">Pregled<\/a><\/td>\n<\/tr>\n<tr class=\"row-36 even\">\n\t<td class=\"column-1\">Ivana Kuhti\u0107<\/td><td class=\"column-2\">Rare finding in a patient with recurrent exacerbation of chronic obstructive pulmonary disease\u00a0- Accessory cardiac bronchus <br \/>\n<\/td><td class=\"column-3\"><a href=\"https:\/\/web.penta-pco.com\/toraks2021\/wp-content\/uploads\/2021\/05\/Kuhtic.jpg\"  class=\"button\">Pregled<\/a><\/td>\n<\/tr>\n<tr class=\"row-37 odd\">\n\t<td class=\"column-1\">Kornelija Erdelja<\/td><td class=\"column-2\">POST COVID AMBULANTA U SPECIJALNOJ BOLNICI PRIMAMED<\/td><td class=\"column-3\"><a href=\"https:\/\/web.penta-pco.com\/toraks2021\/wp-content\/uploads\/2021\/05\/Erdelkja.jpg\"  class=\"button\">Pregled<\/a><\/td>\n<\/tr>\n<tr class=\"row-38 even\">\n\t<td class=\"column-1\">\u0110. Radakovi\u0107<\/td><td class=\"column-2\">SKRB ZA BOLESNIKA KOD MALIGNE HIPERKALCIJEMIJE OBOLJELIH OD RAKA PLU\u0106A<\/td><td class=\"column-3\"><a href=\"https:\/\/web.penta-pco.com\/toraks2021\/wp-content\/uploads\/2021\/05\/Radakovic.jpg\"  class=\"button\">Pregled<\/a><\/td>\n<\/tr>\n<tr class=\"row-39 odd\">\n\t<td class=\"column-1\">Toli\u0107<\/td><td class=\"column-2\">Some epidemiological data on post-COVID-19 patients referred to University Hospital Center Zagreb <br \/>\nClinic for Pulmonary Diseases \u201eJordanovac\u201c<\/td><td class=\"column-3\"><a href=\"https:\/\/web.penta-pco.com\/toraks2021\/wp-content\/uploads\/2021\/05\/tolic.jpeg\"  class=\"button\">Pregled<\/a><\/td>\n<\/tr>\n<\/tbody>\n<\/table>\n<!-- #tablepress-1 from cache --><\/div>\n\t\t\t\t<\/div>\n\t\t\t\t<\/div>\n\t\t\t\t\t<\/div>\n\t\t<\/div>\n\t\t\t\t\t\t\t<\/div>\n\t\t<\/section>\n\t\t\t\t\t\t<\/div>\n\t\t\t\t\t<\/div>\n\t\t","protected":false},"excerpt":{"rendered":"<p>E-posteri<\/p>\n","protected":false},"author":1,"featured_media":0,"parent":0,"menu_order":2,"comment_status":"closed","ping_status":"closed","template":"","meta":{"footnotes":""},"class_list":["post-77","page","type-page","status-publish","hentry"],"_links":{"self":[{"href":"https:\/\/web.penta-pco.com\/toraks2021\/wp-json\/wp\/v2\/pages\/77","targetHints":{"allow":["GET"]}}],"collection":[{"href":"https:\/\/web.penta-pco.com\/toraks2021\/wp-json\/wp\/v2\/pages"}],"about":[{"href":"https:\/\/web.penta-pco.com\/toraks2021\/wp-json\/wp\/v2\/types\/page"}],"author":[{"embeddable":true,"href":"https:\/\/web.penta-pco.com\/toraks2021\/wp-json\/wp\/v2\/users\/1"}],"replies":[{"embeddable":true,"href":"https:\/\/web.penta-pco.com\/toraks2021\/wp-json\/wp\/v2\/comments?post=77"}],"version-history":[{"count":23,"href":"https:\/\/web.penta-pco.com\/toraks2021\/wp-json\/wp\/v2\/pages\/77\/revisions"}],"predecessor-version":[{"id":1107,"href":"https:\/\/web.penta-pco.com\/toraks2021\/wp-json\/wp\/v2\/pages\/77\/revisions\/1107"}],"wp:attachment":[{"href":"https:\/\/web.penta-pco.com\/toraks2021\/wp-json\/wp\/v2\/media?parent=77"}],"curies":[{"name":"wp","href":"https:\/\/api.w.org\/{rel}","templated":true}]}}