{"id":248,"date":"2022-03-14T10:39:57","date_gmt":"2022-03-14T09:39:57","guid":{"rendered":"https:\/\/web.penta-pco.com\/toraks2022\/?page_id=248"},"modified":"2022-04-07T09:00:34","modified_gmt":"2022-04-07T07:00:34","slug":"organizator","status":"publish","type":"page","link":"https:\/\/web.penta-pco.com\/toraks2022\/organizator\/","title":{"rendered":"Organizator"},"content":{"rendered":"\t\t<div data-elementor-type=\"wp-page\" data-elementor-id=\"248\" class=\"elementor elementor-248\">\n\t\t\t\t\t\t\t\t\t<section class=\"elementor-section elementor-top-section elementor-element elementor-element-70b69b97 elementor-section-boxed elementor-section-height-default elementor-section-height-default\" data-id=\"70b69b97\" data-element_type=\"section\">\n\t\t\t\t\t\t<div class=\"elementor-container elementor-column-gap-default\">\n\t\t\t\t\t<div class=\"elementor-column elementor-col-100 elementor-top-column elementor-element elementor-element-1fd64cc8\" data-id=\"1fd64cc8\" data-element_type=\"column\">\n\t\t\t<div class=\"elementor-widget-wrap elementor-element-populated\">\n\t\t\t\t\t\t\t\t<div class=\"elementor-element elementor-element-4b5cd8a0 elementor-widget elementor-widget-text-editor\" data-id=\"4b5cd8a0\" data-element_type=\"widget\" data-widget_type=\"text-editor.default\">\n\t\t\t\t<div class=\"elementor-widget-container\">\n\t\t\t<style>\/*! elementor - v3.11.5 - 14-03-2023 *\/\n.elementor-widget-text-editor.elementor-drop-cap-view-stacked .elementor-drop-cap{background-color:#818a91;color:#fff}.elementor-widget-text-editor.elementor-drop-cap-view-framed .elementor-drop-cap{color:#818a91;border:3px solid;background-color:transparent}.elementor-widget-text-editor:not(.elementor-drop-cap-view-default) .elementor-drop-cap{margin-top:8px}.elementor-widget-text-editor:not(.elementor-drop-cap-view-default) .elementor-drop-cap-letter{width:1em;height:1em}.elementor-widget-text-editor .elementor-drop-cap{float:left;text-align:center;line-height:1;font-size:50px}.elementor-widget-text-editor .elementor-drop-cap-letter{display:inline-block}<\/style>\t\t\t\t<!-- wp:paragraph -->\n<p><strong>ORGANIZATOR | ORGANIZER:<\/strong><br \/>Hrvatsko torakalno dru\u0161tvo | Croatian Thoracic Society<br \/>www.toraks.hr<\/p>\n<!-- \/wp:paragraph --><!-- wp:paragraph -->\n<p><strong>ORGANIZACIJSKI ODBOR | ORGANIZING COMMITTEE:<\/strong><\/p>\n<!-- \/wp:paragraph --><!-- wp:paragraph -->\n<p><strong>PREDSJEDNIK | PRESIDENT:<\/strong><br \/>Miroslav Samar\u017eija<\/p>\n<!-- \/wp:paragraph --><!-- wp:paragraph -->\n<p><strong>TAJNIK | SECRETARY:<\/strong><br \/>Marko Jakopovi\u0107<\/p>\n<!-- \/wp:paragraph --><!-- wp:paragraph -->\n<p><strong>\u010cLANOVI | MEMBERS:<\/strong><br \/>Marinko Artukovi\u0107, Zagorka Boras, \u017deljko \u010culina, Sandra Karabati\u0107, Ana He\u0107imovi\u0107, Mateja Jankovi\u0107 Makek, Ante Maru\u0161i\u0107, Sanja Ple\u0161tina, Sanja Popovi\u0107-Grle, Gzim Red\u017eepi,, Alma Ro\u017eman, Silvana Smojver-Je\u017eek, \u017darko Vrbica, Zoran Janevski, Fran Seiwerth, Fe\u0111a D\u017eubur, Jo\u0161ko Juri\u010di\u0107, Maja Hrabak Paar, Andreja \u0160ajni\u0107.<\/p>\n<!-- \/wp:paragraph --><!-- wp:paragraph -->\n<p><strong>ZNANSTVENI ODBOR | SCIENTIFIC COMMITTEE:<\/strong><br \/>Mirna Alebi\u0107, Ljiljana Bulat-Kardum, Irena Godi\u0107, Ivan Gudelj, Vera Katalini\u0107-Jankovi\u0107, Walter Klepetko, Aleksandra Kraljevi\u0107, Ana Ljubas, Ivica Ma\u017eurani\u0107, Bakir Mehi\u0107, Suzana Mladinov, Lada Rumora, Ana Savovi\u0107, Sven Seiwerth, Sanda \u0160krinjari\u0107-Cincar, Igor \u0160tagljar, Neven Tudori\u0107, Eduard Vrdoljak, Sonja Badovinac, Dubravko Jal\u0161ovec, Tanja Zovko, Nikolino \u017dura<\/p>\n<!-- \/wp:paragraph -->\t\t\t\t\t\t<\/div>\n\t\t\t\t<\/div>\n\t\t\t\t\t<\/div>\n\t\t<\/div>\n\t\t\t\t\t\t\t<\/div>\n\t\t<\/section>\n\t\t\t\t\t\t\t<\/div>\n\t\t","protected":false},"excerpt":{"rendered":"<p>ORGANIZATOR | ORGANIZER:Hrvatsko torakalno dru\u0161tvo | Croatian Thoracic Societywww.toraks.hr ORGANIZACIJSKI ODBOR | ORGANIZING COMMITTEE: PREDSJEDNIK | PRESIDENT:Miroslav Samar\u017eija TAJNIK | SECRETARY:Marko Jakopovi\u0107 \u010cLANOVI | MEMBERS:Marinko Artukovi\u0107, Zagorka Boras, \u017deljko \u010culina, Sandra Karabati\u0107, Ana He\u0107imovi\u0107, Mateja Jankovi\u0107 Makek, Ante Maru\u0161i\u0107, Sanja Ple\u0161tina, Sanja Popovi\u0107-Grle, Gzim Red\u017eepi,, Alma Ro\u017eman, Silvana Smojver-Je\u017eek, \u017darko Vrbica, Zoran Janevski, Fran Seiwerth, [&hellip;]<\/p>\n","protected":false},"author":1,"featured_media":0,"parent":0,"menu_order":0,"comment_status":"closed","ping_status":"closed","template":"","meta":{"footnotes":""},"class_list":["post-248","page","type-page","status-publish","hentry"],"_links":{"self":[{"href":"https:\/\/web.penta-pco.com\/toraks2022\/wp-json\/wp\/v2\/pages\/248","targetHints":{"allow":["GET"]}}],"collection":[{"href":"https:\/\/web.penta-pco.com\/toraks2022\/wp-json\/wp\/v2\/pages"}],"about":[{"href":"https:\/\/web.penta-pco.com\/toraks2022\/wp-json\/wp\/v2\/types\/page"}],"author":[{"embeddable":true,"href":"https:\/\/web.penta-pco.com\/toraks2022\/wp-json\/wp\/v2\/users\/1"}],"replies":[{"embeddable":true,"href":"https:\/\/web.penta-pco.com\/toraks2022\/wp-json\/wp\/v2\/comments?post=248"}],"version-history":[{"count":7,"href":"https:\/\/web.penta-pco.com\/toraks2022\/wp-json\/wp\/v2\/pages\/248\/revisions"}],"predecessor-version":[{"id":365,"href":"https:\/\/web.penta-pco.com\/toraks2022\/wp-json\/wp\/v2\/pages\/248\/revisions\/365"}],"wp:attachment":[{"href":"https:\/\/web.penta-pco.com\/toraks2022\/wp-json\/wp\/v2\/media?parent=248"}],"curies":[{"name":"wp","href":"https:\/\/api.w.org\/{rel}","templated":true}]}}