{"id":252,"date":"2022-03-14T10:43:52","date_gmt":"2022-03-14T09:43:52","guid":{"rendered":"https:\/\/web.penta-pco.com\/toraks2022\/?page_id=252"},"modified":"2022-03-14T10:43:52","modified_gmt":"2022-03-14T09:43:52","slug":"teme","status":"publish","type":"page","link":"https:\/\/web.penta-pco.com\/toraks2022\/teme\/","title":{"rendered":"Teme"},"content":{"rendered":"\n<p><strong>TEME LIJE\u010cNICI | TOPICS DOCTORS:<\/strong><\/p>\n\n\n\n<ul class=\"wp-block-list\"><li>Astma i alergijske bolesti | Asthma and allergic disorders<\/li><li>Bolesti plu\u0107ne cirkulacije | Diseases of pulmonary circulation<\/li><li>Bronhoskopija | Bronchoscopy<\/li><li>Covid-19<\/li><li>Post &#8211; COVID<\/li><li>Funkcijska dijagnostika | Functional diagnostics<\/li><li>Intersticijske bolesti plu\u0107a | Interstitial lung diseases<\/li><li>Kroni\u010dna opstruktivna plu\u0107na bolest | Chronic obstructive pulmonary disease<\/li><li>Opstrukcijska apneja tijekom spavanja | Obstructive sleep apnea (OSA)<\/li><li>Pneumonije | Pneumonia<\/li><li>Probir i rano otkrivanje plu\u0107nih bolesti | Screening and early detection of lung cancer<\/li><li>Slobodne teme | Free topics<\/li><li>Torakalna kirurgija | Thoracic surgery<\/li><li>Torakalna onkologija | Thoracic oncology<\/li><li>Torakalna radiologija | Thoracic radiology<\/li><li>Transplantacija plu\u0107a | Lung transplantation<\/li><li>Tuberkuloza | Tuberculosis<\/li><li>Zatajenje disanja | Respiratory failure<\/li><li>Interaktivni prikaz slu\u010daja | Interactive case presentation<\/li><li>Translacijska medicina | Translational medicine<\/li><\/ul>\n\n\n\n<div style=\"height:30px\" aria-hidden=\"true\" class=\"wp-block-spacer\"><\/div>\n\n\n\n<p><strong>TEME SESTRINSTVO | TOPICS NURSING:<\/strong><\/p>\n\n\n\n<ul class=\"wp-block-list\"><li>Bronhoskopija | Bronchoscopy<\/li><li>Covid-19<\/li><li>Funkcijska dijagnostika | Functional diagnostics<\/li><li>Komunikacija u zdravstvu | Communication in healthcare<\/li><li>Onkologija | Oncology<\/li><li>Plu\u0107na rehabilitacija | Pulmonary rehabilitation<\/li><li>Slobodne teme | Free topics<\/li><li>Torakalna kirurgija | Thoracic surgery<\/li><\/ul>\n","protected":false},"excerpt":{"rendered":"<p>TEME LIJE\u010cNICI | TOPICS DOCTORS: Astma i alergijske bolesti | Asthma and allergic disorders Bolesti plu\u0107ne cirkulacije | Diseases of pulmonary circulation Bronhoskopija | Bronchoscopy Covid-19 Post &#8211; COVID Funkcijska dijagnostika | Functional diagnostics Intersticijske bolesti plu\u0107a | Interstitial lung diseases Kroni\u010dna opstruktivna plu\u0107na bolest | Chronic obstructive pulmonary disease Opstrukcijska apneja tijekom spavanja | [&hellip;]<\/p>\n","protected":false},"author":1,"featured_media":0,"parent":0,"menu_order":0,"comment_status":"closed","ping_status":"closed","template":"","meta":{"footnotes":""},"class_list":["post-252","page","type-page","status-publish","hentry"],"_links":{"self":[{"href":"https:\/\/web.penta-pco.com\/toraks2022\/wp-json\/wp\/v2\/pages\/252","targetHints":{"allow":["GET"]}}],"collection":[{"href":"https:\/\/web.penta-pco.com\/toraks2022\/wp-json\/wp\/v2\/pages"}],"about":[{"href":"https:\/\/web.penta-pco.com\/toraks2022\/wp-json\/wp\/v2\/types\/page"}],"author":[{"embeddable":true,"href":"https:\/\/web.penta-pco.com\/toraks2022\/wp-json\/wp\/v2\/users\/1"}],"replies":[{"embeddable":true,"href":"https:\/\/web.penta-pco.com\/toraks2022\/wp-json\/wp\/v2\/comments?post=252"}],"version-history":[{"count":1,"href":"https:\/\/web.penta-pco.com\/toraks2022\/wp-json\/wp\/v2\/pages\/252\/revisions"}],"predecessor-version":[{"id":253,"href":"https:\/\/web.penta-pco.com\/toraks2022\/wp-json\/wp\/v2\/pages\/252\/revisions\/253"}],"wp:attachment":[{"href":"https:\/\/web.penta-pco.com\/toraks2022\/wp-json\/wp\/v2\/media?parent=252"}],"curies":[{"name":"wp","href":"https:\/\/api.w.org\/{rel}","templated":true}]}}