{"id":256,"date":"2022-03-14T10:51:45","date_gmt":"2022-03-14T09:51:45","guid":{"rendered":"https:\/\/web.penta-pco.com\/toraks2022\/?page_id=256"},"modified":"2022-03-24T10:11:14","modified_gmt":"2022-03-24T09:11:14","slug":"registracija","status":"publish","type":"page","link":"https:\/\/web.penta-pco.com\/toraks2022\/registracija\/","title":{"rendered":"Registracija"},"content":{"rendered":"\t\t<div data-elementor-type=\"wp-page\" data-elementor-id=\"256\" class=\"elementor elementor-256\">\n\t\t\t\t\t\t\t\t\t<section class=\"elementor-section elementor-top-section elementor-element elementor-element-72bf46f4 elementor-section-boxed elementor-section-height-default elementor-section-height-default\" data-id=\"72bf46f4\" data-element_type=\"section\">\n\t\t\t\t\t\t<div class=\"elementor-container elementor-column-gap-default\">\n\t\t\t\t\t<div class=\"elementor-column elementor-col-100 elementor-top-column elementor-element elementor-element-6fa0c006\" data-id=\"6fa0c006\" data-element_type=\"column\">\n\t\t\t<div class=\"elementor-widget-wrap elementor-element-populated\">\n\t\t\t\t\t\t\t\t<div class=\"elementor-element elementor-element-55b0f09 elementor-widget elementor-widget-text-editor\" data-id=\"55b0f09\" data-element_type=\"widget\" data-widget_type=\"text-editor.default\">\n\t\t\t\t<div class=\"elementor-widget-container\">\n\t\t\t<style>\/*! elementor - v3.11.5 - 14-03-2023 *\/\n.elementor-widget-text-editor.elementor-drop-cap-view-stacked .elementor-drop-cap{background-color:#818a91;color:#fff}.elementor-widget-text-editor.elementor-drop-cap-view-framed .elementor-drop-cap{color:#818a91;border:3px solid;background-color:transparent}.elementor-widget-text-editor:not(.elementor-drop-cap-view-default) .elementor-drop-cap{margin-top:8px}.elementor-widget-text-editor:not(.elementor-drop-cap-view-default) .elementor-drop-cap-letter{width:1em;height:1em}.elementor-widget-text-editor .elementor-drop-cap{float:left;text-align:center;line-height:1;font-size:50px}.elementor-widget-text-editor .elementor-drop-cap-letter{display:inline-block}<\/style>\t\t\t\t<p><!-- wp:paragraph --><\/p>\n<p>Sudionici se prijavljuju na kongres online ili mailom tehni\u010dkom organizatoru.<\/p>\n<p><!-- \/wp:paragraph --><!-- wp:paragraph --><\/p>\n<p>U svim prijavama, bilo individualnim ili grupnim, obavezno je navo\u0111enje e-mail adrese svakog pojedinog sudionika.<\/p>\n<p><!-- \/wp:paragraph --><!-- wp:paragraph --><\/p>\n<p><strong>KOTIZACIJE<\/strong><\/p>\n<p><!-- \/wp:paragraph --><!-- wp:table --><\/p>\n<figure class=\"wp-block-table\">\n<table style=\"height: 183px;\" width=\"384\">\n<thead>\n<tr>\n<th><strong>Vrsta kotizacije<\/strong><\/th>\n<th style=\"text-align: center;\"><strong>Cijena<\/strong><\/th>\n<\/tr>\n<\/thead>\n<tbody>\n<tr>\n<td><strong>Lije\u010dnici specijalisti<\/strong><\/td>\n<td style=\"text-align: center;\">2.000 kn<\/td>\n<\/tr>\n<tr>\n<td><strong>Sponzori i izlaga\u010di<\/strong><\/td>\n<td style=\"text-align: center;\">1.500 kn<\/td>\n<\/tr>\n<tr>\n<td><strong>Medicinske sestre i tehni\u010dari<\/strong><\/td>\n<td style=\"text-align: center;\">700 kn<\/td>\n<\/tr>\n<tr>\n<td><strong>Specijalizanti i studenti<\/strong><\/td>\n<td style=\"text-align: center;\">700 kn<\/td>\n<\/tr>\n<tr>\n<td><strong>Dnevne kotizacije<\/strong><\/td>\n<td style=\"text-align: center;\">500 kn<\/td>\n<\/tr>\n<\/tbody>\n<\/table>\n<\/figure>\n<p><!-- \/wp:table --><!-- wp:buttons {\"layout\":{\"type\":\"flex\",\"justifyContent\":\"center\"}} --><\/p>\n<div class=\"wp-block-buttons\">\n<p><!-- wp:button {\"textColor\":\"white\",\"style\":{\"color\":{\"background\":\"#182859\"}}} --><\/p>\n<div class=\"wp-block-button\"><a class=\"wp-block-button__link has-white-color has-text-color has-background\" style=\"background-color: #182859;\" href=\"https:\/\/registration.penta-pco.com\/system\/openEvent.php?eventID=18212&amp;Language=Hrvatski\" target=\"_blank\" rel=\"noreferrer noopener\"><strong>ONLINE REGISTRACIJA<\/strong><\/a><\/div>\n<p><!-- \/wp:button --><\/p>\n<\/div>\n<p><!-- \/wp:buttons --><!-- wp:spacer {\"height\":\"50px\"} --><\/p>\n<div class=\"wp-block-spacer\" style=\"height: 50px;\" aria-hidden=\"true\">\u00a0<\/div>\n<p><!-- \/wp:spacer --><!-- wp:paragraph --><\/p>\n<p><strong>PLA\u0106ANJE<\/strong><\/p>\n<p><!-- \/wp:paragraph --><!-- wp:paragraph --><\/p>\n<p>Uplate kotizacija mogu se izvr\u0161iti online kreditnim karticama ili uplatom na \u017eiro ra\u010dun tehni\u010dkog organizatora na osnovu predra\u010duna ili ra\u010duna kojeg izdaje tehni\u010dki organizator PENTA d.o.o.<\/p>\n<p><!-- \/wp:paragraph --><!-- wp:paragraph --><\/p>\n<p>Prihva\u0107amo kreditne kartice: American Express, Euro Card\/MasterCard i Visa.<\/p>\n<p><!-- \/wp:paragraph --><!-- wp:paragraph --><\/p>\n<p>Bankovne naknade su odgovornost uplatitelja, te je platitelj du\u017ean podmiriti sve bankovne naknade.<\/p>\n<p><!-- \/wp:paragraph --><!-- wp:paragraph --><\/p>\n<p><strong>SLU\u017dBENI JEZIK<\/strong><\/p>\n<p><!-- \/wp:paragraph --><!-- wp:paragraph --><\/p>\n<p>Slu\u017ebeni jezici Kongresa su hrvatski i engleski (simultano prevo\u0111enje ne\u0107e biti osigurano).<\/p>\n<p><!-- \/wp:paragraph --><!-- wp:spacer {\"height\":\"50px\"} --><\/p>\n<div class=\"wp-block-spacer\" style=\"height: 50px;\" aria-hidden=\"true\">\u00a0<\/div>\n<p><!-- \/wp:spacer --><!-- wp:paragraph --><\/p>\n<p><strong>BODOVANJE<\/strong><\/p>\n<p><!-- \/wp:paragraph --><!-- wp:paragraph --><\/p>\n<p><strong>HRVATSKA LIJE\u010cNI\u010cKA KOMORA<\/strong><\/p>\n<p><!-- \/wp:paragraph --><!-- wp:paragraph --><\/p>\n<p>Skup \u0107e biti bodovan prema Pravilniku Hrvatske lije\u010dni\u010dke komore o bodovanju.<\/p>\n<p><!-- \/wp:paragraph --><!-- wp:paragraph --><\/p>\n<ul>\n<li>aktivno sudjelovanje _____ bodova<\/li>\n<li><!-- \/wp:paragraph --><!-- wp:paragraph -->pasivno sudjelovanje _____ bodova<\/li>\n<\/ul>\n<p><!-- \/wp:paragraph --><!-- wp:paragraph --><\/p>\n<p><strong>HRVATSKA KOMORA MEDICINSKIH SESTARA<\/strong><\/p>\n<p><!-- \/wp:paragraph --><!-- wp:paragraph --><\/p>\n<p>Medicinske sestre bit \u0107e bodovane prema Pravilniku HKMS-a uz obavezno predo\u010denje \u010dlanske iskaznice.<\/p>\n<p><!-- \/wp:paragraph --><\/p>\t\t\t\t\t\t<\/div>\n\t\t\t\t<\/div>\n\t\t\t\t\t<\/div>\n\t\t<\/div>\n\t\t\t\t\t\t\t<\/div>\n\t\t<\/section>\n\t\t\t\t\t\t\t<\/div>\n\t\t","protected":false},"excerpt":{"rendered":"<p>Sudionici se prijavljuju na kongres online ili mailom tehni\u010dkom organizatoru. U svim prijavama, bilo individualnim ili grupnim, obavezno je navo\u0111enje e-mail adrese svakog pojedinog sudionika. KOTIZACIJE Vrsta kotizacije Cijena Lije\u010dnici specijalisti 2.000 kn Sponzori i izlaga\u010di 1.500 kn Medicinske sestre i tehni\u010dari 700 kn Specijalizanti i studenti 700 kn Dnevne kotizacije 500 kn PLA\u0106ANJE Uplate [&hellip;]<\/p>\n","protected":false},"author":1,"featured_media":0,"parent":0,"menu_order":0,"comment_status":"closed","ping_status":"closed","template":"","meta":{"footnotes":""},"class_list":["post-256","page","type-page","status-publish","hentry"],"_links":{"self":[{"href":"https:\/\/web.penta-pco.com\/toraks2022\/wp-json\/wp\/v2\/pages\/256","targetHints":{"allow":["GET"]}}],"collection":[{"href":"https:\/\/web.penta-pco.com\/toraks2022\/wp-json\/wp\/v2\/pages"}],"about":[{"href":"https:\/\/web.penta-pco.com\/toraks2022\/wp-json\/wp\/v2\/types\/page"}],"author":[{"embeddable":true,"href":"https:\/\/web.penta-pco.com\/toraks2022\/wp-json\/wp\/v2\/users\/1"}],"replies":[{"embeddable":true,"href":"https:\/\/web.penta-pco.com\/toraks2022\/wp-json\/wp\/v2\/comments?post=256"}],"version-history":[{"count":21,"href":"https:\/\/web.penta-pco.com\/toraks2022\/wp-json\/wp\/v2\/pages\/256\/revisions"}],"predecessor-version":[{"id":355,"href":"https:\/\/web.penta-pco.com\/toraks2022\/wp-json\/wp\/v2\/pages\/256\/revisions\/355"}],"wp:attachment":[{"href":"https:\/\/web.penta-pco.com\/toraks2022\/wp-json\/wp\/v2\/media?parent=256"}],"curies":[{"name":"wp","href":"https:\/\/api.w.org\/{rel}","templated":true}]}}