{"id":261,"date":"2022-03-14T10:55:15","date_gmt":"2022-03-14T09:55:15","guid":{"rendered":"https:\/\/web.penta-pco.com\/toraks2022\/?page_id=261"},"modified":"2022-04-11T15:45:04","modified_gmt":"2022-04-11T13:45:04","slug":"smjestaj","status":"publish","type":"page","link":"https:\/\/web.penta-pco.com\/toraks2022\/smjestaj\/","title":{"rendered":"Smje\u0161taj"},"content":{"rendered":"\t\t<div data-elementor-type=\"wp-page\" data-elementor-id=\"261\" class=\"elementor elementor-261\">\n\t\t\t\t\t\t\t\t\t<section class=\"elementor-section elementor-top-section elementor-element elementor-element-2db90ec5 elementor-section-boxed elementor-section-height-default elementor-section-height-default\" data-id=\"2db90ec5\" data-element_type=\"section\">\n\t\t\t\t\t\t<div class=\"elementor-container elementor-column-gap-default\">\n\t\t\t\t\t<div class=\"elementor-column elementor-col-100 elementor-top-column elementor-element elementor-element-3fc958a\" data-id=\"3fc958a\" data-element_type=\"column\">\n\t\t\t<div class=\"elementor-widget-wrap elementor-element-populated\">\n\t\t\t\t\t\t\t\t<div class=\"elementor-element elementor-element-13f2bea3 elementor-widget elementor-widget-text-editor\" data-id=\"13f2bea3\" data-element_type=\"widget\" data-widget_type=\"text-editor.default\">\n\t\t\t\t<div class=\"elementor-widget-container\">\n\t\t\t<style>\/*! elementor - v3.11.5 - 14-03-2023 *\/\n.elementor-widget-text-editor.elementor-drop-cap-view-stacked .elementor-drop-cap{background-color:#818a91;color:#fff}.elementor-widget-text-editor.elementor-drop-cap-view-framed .elementor-drop-cap{color:#818a91;border:3px solid;background-color:transparent}.elementor-widget-text-editor:not(.elementor-drop-cap-view-default) .elementor-drop-cap{margin-top:8px}.elementor-widget-text-editor:not(.elementor-drop-cap-view-default) .elementor-drop-cap-letter{width:1em;height:1em}.elementor-widget-text-editor .elementor-drop-cap{float:left;text-align:center;line-height:1;font-size:50px}.elementor-widget-text-editor .elementor-drop-cap-letter{display:inline-block}<\/style>\t\t\t\t<p><!-- wp:paragraph --><\/p>\n<h4><strong>WESTIN ZAGREB HOTEL<\/strong><\/h4>\n<p>Izidora Kr\u0161njavoga 1<br \/>10000 Zagreb, Hrvatska<\/p>\n<p>Kategorija hotela: Poslovni\/Business hotel<\/p>\n<p><strong>Termin boravka<\/strong>: 25 &#8211; 28.05.2022.<\/p>\n<p>\u00a0<\/p>\n<p><!-- \/wp:paragraph --><\/p>\n<p><!-- wp:table --><\/p>\n<figure class=\"wp-block-table\">\n<table>\n<thead>\n<tr>\n<th><strong>Tip sobe<\/strong><\/th>\n<th style=\"text-align: center;\">\n<p><strong>Cijena po sobi i no\u0107enju<\/strong><\/p>\n<\/th>\n<\/tr>\n<\/thead>\n<tbody>\n<tr>\n<td><strong>Jednokrevetna soba<\/strong><\/td>\n<td style=\"text-align: center;\">890,00 kn<\/td>\n<\/tr>\n<tr>\n<td><strong>Dvokrevetna soba<\/strong><\/td>\n<td style=\"text-align: center;\">1.050,00 kn<\/td>\n<\/tr>\n<\/tbody>\n<\/table>\n<\/figure>\n<p><!-- \/wp:table --><\/p>\n<p><!-- wp:paragraph --><\/p>\n<p>Cijene smje\u0161taja izra\u017eene su po smje\u0161tajnoj jedinici za jednu no\u0107 i uklju\u010duju:<\/p>\n<p><!-- \/wp:paragraph --><\/p>\n<p><!-- wp:list --><\/p>\n<ul>\n<li>bogati buffet doru\u010dak<\/li>\n<li>boravi\u0161nu pristojbu<\/li>\n<li>besplatno kori\u0161tenje brzog interneta u sobama<\/li>\n<li>mogu\u0107nost besplatnog u\u010dlanjenja u Marriott Bonvoy Program<\/li>\n<li>uslugu no\u0161enja prtljage in\/out<\/li>\n<li>PDV<\/li>\n<\/ul>\n<p><!-- \/wp:list --><\/p>\n<p><!-- wp:spacer {\"height\":\"20px\"} --><\/p>\n<p><!-- \/wp:spacer --><\/p>\n<p><!-- wp:paragraph --><\/p>\n<p><!-- \/wp:paragraph --><\/p>\n<p><!-- wp:paragraph --><\/p>\n<p>Vrijeme prijave u hotel: od 14h<br \/>Vrijeme odjave: do 12h<br \/>Nadoplata za ranu prijavu\/kasnu odjavu iznosi 80.00 kn po sobi po satu<\/p>\n<p>\u00a0<\/p>\n<p><!-- \/wp:paragraph --><\/p>\n<p><!-- wp:paragraph --><\/p>\n<p><strong>Uvjeti za promjene i otkaza rezervacije:\u00a0<\/strong><\/p>\n<p>U slu\u010daju otkaza rezervacije od strane naru\u010ditelja ili smanjenja broja no\u0107enja, napla\u0107uju se storno tro\u0161kovi kako slijedi:\u00a0<\/p>\n<ul>\n<li>od 07.05.2022. tro\u0161kovi otkaza iznose 50 % cijene smje\u0161taja\u00a0<\/li>\n<li>od 14.05. 2022. tro\u0161kovi otkaza iznose 100% cijene smje\u0161taja<\/li>\n<\/ul>\n<p><!-- \/wp:paragraph --><\/p>\t\t\t\t\t\t<\/div>\n\t\t\t\t<\/div>\n\t\t\t\t<div class=\"elementor-element elementor-element-5a54b8b elementor-widget elementor-widget-spacer\" data-id=\"5a54b8b\" data-element_type=\"widget\" data-widget_type=\"spacer.default\">\n\t\t\t\t<div class=\"elementor-widget-container\">\n\t\t\t<style>\/*! elementor - v3.11.5 - 14-03-2023 *\/\n.elementor-column .elementor-spacer-inner{height:var(--spacer-size)}.e-con{--container-widget-width:100%}.e-con-inner>.elementor-widget-spacer,.e-con>.elementor-widget-spacer{width:var(--container-widget-width,var(--spacer-size));--align-self:var(--container-widget-align-self,initial);--flex-shrink:0}.e-con-inner>.elementor-widget-spacer>.elementor-widget-container,.e-con-inner>.elementor-widget-spacer>.elementor-widget-container>.elementor-spacer,.e-con>.elementor-widget-spacer>.elementor-widget-container,.e-con>.elementor-widget-spacer>.elementor-widget-container>.elementor-spacer{height:100%}.e-con-inner>.elementor-widget-spacer>.elementor-widget-container>.elementor-spacer>.elementor-spacer-inner,.e-con>.elementor-widget-spacer>.elementor-widget-container>.elementor-spacer>.elementor-spacer-inner{height:var(--container-widget-height,var(--spacer-size))}<\/style>\t\t<div class=\"elementor-spacer\">\n\t\t\t<div class=\"elementor-spacer-inner\"><\/div>\n\t\t<\/div>\n\t\t\t\t<\/div>\n\t\t\t\t<\/div>\n\t\t\t\t\t<\/div>\n\t\t<\/div>\n\t\t\t\t\t\t\t<\/div>\n\t\t<\/section>\n\t\t\t\t<section class=\"elementor-section elementor-top-section elementor-element elementor-element-ed480ce elementor-section-boxed elementor-section-height-default elementor-section-height-default\" data-id=\"ed480ce\" data-element_type=\"section\">\n\t\t\t\t\t\t<div class=\"elementor-container elementor-column-gap-default\">\n\t\t\t\t\t<div class=\"elementor-column elementor-col-33 elementor-top-column elementor-element elementor-element-9d8a077\" data-id=\"9d8a077\" data-element_type=\"column\">\n\t\t\t<div class=\"elementor-widget-wrap elementor-element-populated\">\n\t\t\t\t\t\t\t\t<div class=\"elementor-element elementor-element-4942694 elementor-widget elementor-widget-image\" data-id=\"4942694\" data-element_type=\"widget\" data-widget_type=\"image.default\">\n\t\t\t\t<div class=\"elementor-widget-container\">\n\t\t\t<style>\/*! elementor - v3.11.5 - 14-03-2023 *\/\n.elementor-widget-image{text-align:center}.elementor-widget-image a{display:inline-block}.elementor-widget-image a img[src$=\".svg\"]{width:48px}.elementor-widget-image img{vertical-align:middle;display:inline-block}<\/style>\t\t\t\t\t\t\t\t\t\t\t\t<img loading=\"lazy\" decoding=\"async\" width=\"800\" height=\"534\" src=\"https:\/\/web.penta-pco.com\/toraks2022\/wp-content\/uploads\/2022\/03\/zagwi-exterior-8832-hor-clsc-1024x683.jpg\" class=\"attachment-large size-large wp-image-323\" alt=\"\" srcset=\"https:\/\/web.penta-pco.com\/toraks2022\/wp-content\/uploads\/2022\/03\/zagwi-exterior-8832-hor-clsc-1024x683.jpg 1024w, https:\/\/web.penta-pco.com\/toraks2022\/wp-content\/uploads\/2022\/03\/zagwi-exterior-8832-hor-clsc-300x200.jpg 300w, https:\/\/web.penta-pco.com\/toraks2022\/wp-content\/uploads\/2022\/03\/zagwi-exterior-8832-hor-clsc-768x512.jpg 768w, https:\/\/web.penta-pco.com\/toraks2022\/wp-content\/uploads\/2022\/03\/zagwi-exterior-8832-hor-clsc.jpg 1215w\" sizes=\"auto, (max-width: 800px) 100vw, 800px\" \/>\t\t\t\t\t\t\t\t\t\t\t\t\t\t\t<\/div>\n\t\t\t\t<\/div>\n\t\t\t\t\t<\/div>\n\t\t<\/div>\n\t\t\t\t<div class=\"elementor-column elementor-col-33 elementor-top-column elementor-element elementor-element-816951e\" data-id=\"816951e\" data-element_type=\"column\">\n\t\t\t<div class=\"elementor-widget-wrap elementor-element-populated\">\n\t\t\t\t\t\t\t\t<div class=\"elementor-element elementor-element-a283bfd elementor-widget elementor-widget-image\" data-id=\"a283bfd\" data-element_type=\"widget\" data-widget_type=\"image.default\">\n\t\t\t\t<div class=\"elementor-widget-container\">\n\t\t\t\t\t\t\t\t\t\t\t\t\t\t\t<img loading=\"lazy\" decoding=\"async\" width=\"800\" height=\"534\" src=\"https:\/\/web.penta-pco.com\/toraks2022\/wp-content\/uploads\/2022\/03\/zagwi-rendez-vous-4991-hor-clsc-1024x683.jpg\" class=\"attachment-large size-large wp-image-325\" alt=\"\" srcset=\"https:\/\/web.penta-pco.com\/toraks2022\/wp-content\/uploads\/2022\/03\/zagwi-rendez-vous-4991-hor-clsc-1024x683.jpg 1024w, https:\/\/web.penta-pco.com\/toraks2022\/wp-content\/uploads\/2022\/03\/zagwi-rendez-vous-4991-hor-clsc-300x200.jpg 300w, https:\/\/web.penta-pco.com\/toraks2022\/wp-content\/uploads\/2022\/03\/zagwi-rendez-vous-4991-hor-clsc-768x512.jpg 768w, https:\/\/web.penta-pco.com\/toraks2022\/wp-content\/uploads\/2022\/03\/zagwi-rendez-vous-4991-hor-clsc.jpg 1215w\" sizes=\"auto, (max-width: 800px) 100vw, 800px\" \/>\t\t\t\t\t\t\t\t\t\t\t\t\t\t\t<\/div>\n\t\t\t\t<\/div>\n\t\t\t\t\t<\/div>\n\t\t<\/div>\n\t\t\t\t<div class=\"elementor-column elementor-col-33 elementor-top-column elementor-element elementor-element-b061ff5\" data-id=\"b061ff5\" data-element_type=\"column\">\n\t\t\t<div class=\"elementor-widget-wrap elementor-element-populated\">\n\t\t\t\t\t\t\t\t<div class=\"elementor-element elementor-element-9f0ee4e elementor-widget elementor-widget-image\" data-id=\"9f0ee4e\" data-element_type=\"widget\" data-widget_type=\"image.default\">\n\t\t\t\t<div class=\"elementor-widget-container\">\n\t\t\t\t\t\t\t\t\t\t\t\t\t\t\t<img loading=\"lazy\" decoding=\"async\" width=\"800\" height=\"534\" src=\"https:\/\/web.penta-pco.com\/toraks2022\/wp-content\/uploads\/2022\/03\/zagwi-guestroom-9019-hor-clsc-1024x683.jpg\" class=\"attachment-large size-large wp-image-324\" alt=\"\" srcset=\"https:\/\/web.penta-pco.com\/toraks2022\/wp-content\/uploads\/2022\/03\/zagwi-guestroom-9019-hor-clsc-1024x683.jpg 1024w, https:\/\/web.penta-pco.com\/toraks2022\/wp-content\/uploads\/2022\/03\/zagwi-guestroom-9019-hor-clsc-300x200.jpg 300w, https:\/\/web.penta-pco.com\/toraks2022\/wp-content\/uploads\/2022\/03\/zagwi-guestroom-9019-hor-clsc-768x512.jpg 768w, https:\/\/web.penta-pco.com\/toraks2022\/wp-content\/uploads\/2022\/03\/zagwi-guestroom-9019-hor-clsc.jpg 1215w\" sizes=\"auto, (max-width: 800px) 100vw, 800px\" \/>\t\t\t\t\t\t\t\t\t\t\t\t\t\t\t<\/div>\n\t\t\t\t<\/div>\n\t\t\t\t\t<\/div>\n\t\t<\/div>\n\t\t\t\t\t\t\t<\/div>\n\t\t<\/section>\n\t\t\t\t<section class=\"elementor-section elementor-top-section elementor-element elementor-element-5113af5 elementor-section-boxed elementor-section-height-default elementor-section-height-default\" data-id=\"5113af5\" data-element_type=\"section\">\n\t\t\t\t\t\t<div class=\"elementor-container elementor-column-gap-default\">\n\t\t\t\t\t<div class=\"elementor-column elementor-col-100 elementor-top-column elementor-element elementor-element-0ecb1f2\" data-id=\"0ecb1f2\" data-element_type=\"column\">\n\t\t\t<div class=\"elementor-widget-wrap\">\n\t\t\t\t\t\t\t\t\t<\/div>\n\t\t<\/div>\n\t\t\t\t\t\t\t<\/div>\n\t\t<\/section>\n\t\t\t\t\t\t\t<\/div>\n\t\t","protected":false},"excerpt":{"rendered":"<p>WESTIN ZAGREB HOTEL Izidora Kr\u0161njavoga 110000 Zagreb, Hrvatska Kategorija hotela: Poslovni\/Business hotel Termin boravka: 25 &#8211; 28.05.2022. \u00a0 Tip sobe Cijena po sobi i no\u0107enju Jednokrevetna soba 890,00 kn Dvokrevetna soba 1.050,00 kn Cijene smje\u0161taja izra\u017eene su po smje\u0161tajnoj jedinici za jednu no\u0107 i uklju\u010duju: bogati buffet doru\u010dak boravi\u0161nu pristojbu besplatno kori\u0161tenje brzog interneta u [&hellip;]<\/p>\n","protected":false},"author":1,"featured_media":0,"parent":0,"menu_order":0,"comment_status":"closed","ping_status":"closed","template":"","meta":{"footnotes":""},"class_list":["post-261","page","type-page","status-publish","hentry"],"_links":{"self":[{"href":"https:\/\/web.penta-pco.com\/toraks2022\/wp-json\/wp\/v2\/pages\/261","targetHints":{"allow":["GET"]}}],"collection":[{"href":"https:\/\/web.penta-pco.com\/toraks2022\/wp-json\/wp\/v2\/pages"}],"about":[{"href":"https:\/\/web.penta-pco.com\/toraks2022\/wp-json\/wp\/v2\/types\/page"}],"author":[{"embeddable":true,"href":"https:\/\/web.penta-pco.com\/toraks2022\/wp-json\/wp\/v2\/users\/1"}],"replies":[{"embeddable":true,"href":"https:\/\/web.penta-pco.com\/toraks2022\/wp-json\/wp\/v2\/comments?post=261"}],"version-history":[{"count":37,"href":"https:\/\/web.penta-pco.com\/toraks2022\/wp-json\/wp\/v2\/pages\/261\/revisions"}],"predecessor-version":[{"id":368,"href":"https:\/\/web.penta-pco.com\/toraks2022\/wp-json\/wp\/v2\/pages\/261\/revisions\/368"}],"wp:attachment":[{"href":"https:\/\/web.penta-pco.com\/toraks2022\/wp-json\/wp\/v2\/media?parent=261"}],"curies":[{"name":"wp","href":"https:\/\/api.w.org\/{rel}","templated":true}]}}