{"id":34,"date":"2022-03-14T09:15:31","date_gmt":"2022-03-14T08:15:31","guid":{"rendered":"http:\/\/matija.srcek"},"modified":"2022-03-24T10:07:45","modified_gmt":"2022-03-24T09:07:45","slug":"dobrodosli","status":"publish","type":"page","link":"https:\/\/web.penta-pco.com\/toraks2022\/","title":{"rendered":"Dobrodo\u0161li"},"content":{"rendered":"\t\t<div data-elementor-type=\"wp-page\" data-elementor-id=\"34\" class=\"elementor elementor-34\">\n\t\t\t\t\t\t\t\t\t<section class=\"elementor-section elementor-top-section elementor-element elementor-element-24139a36 elementor-section-boxed elementor-section-height-default elementor-section-height-default\" data-id=\"24139a36\" data-element_type=\"section\">\n\t\t\t\t\t\t<div class=\"elementor-container elementor-column-gap-default\">\n\t\t\t\t\t<div class=\"elementor-column elementor-col-100 elementor-top-column elementor-element elementor-element-41a848f9\" data-id=\"41a848f9\" data-element_type=\"column\">\n\t\t\t<div class=\"elementor-widget-wrap elementor-element-populated\">\n\t\t\t\t\t\t\t\t<div class=\"elementor-element elementor-element-799b3283 elementor-widget elementor-widget-text-editor\" data-id=\"799b3283\" data-element_type=\"widget\" data-widget_type=\"text-editor.default\">\n\t\t\t\t<div class=\"elementor-widget-container\">\n\t\t\t<style>\/*! elementor - v3.11.5 - 14-03-2023 *\/\n.elementor-widget-text-editor.elementor-drop-cap-view-stacked .elementor-drop-cap{background-color:#818a91;color:#fff}.elementor-widget-text-editor.elementor-drop-cap-view-framed .elementor-drop-cap{color:#818a91;border:3px solid;background-color:transparent}.elementor-widget-text-editor:not(.elementor-drop-cap-view-default) .elementor-drop-cap{margin-top:8px}.elementor-widget-text-editor:not(.elementor-drop-cap-view-default) .elementor-drop-cap-letter{width:1em;height:1em}.elementor-widget-text-editor .elementor-drop-cap{float:left;text-align:center;line-height:1;font-size:50px}.elementor-widget-text-editor .elementor-drop-cap-letter{display:inline-block}<\/style>\t\t\t\t<!-- wp:paragraph -->\n<p>Po\u0161tovane kolegice i kolege,<\/p>\n<!-- \/wp:paragraph --><!-- wp:paragraph -->\n<p>Iznimno mi je zadovoljstvo po\u017eeljeti Vam dobrodo\u0161licu na godi\u0161njem kongresu Hrvatskog torakalnog dru\u0161tva TORAKS 2022. Ve\u0107 dvanaestu godinu zaredom okupljamo velik broj zdravstvenih djelatnika koji skrbe o oboljelima od respiratornih bolesti, a tijekom \u010detiri dana izmjenjuju najnovije znanstvene i stru\u010dne spoznaje.<\/p>\n<!-- \/wp:paragraph --><!-- wp:paragraph -->\n<p>Kako medicina iznimno brzo napreduje name\u0107e se potreba za multidisciplinarnim pristupom oboljelima od bolesti prsnog ko\u0161a te je kongres organiziran tako da okuplja ne samo lije\u010dnike pulmologe, ve\u0107 i radiologe, kirurge, citologe, patologe, mikrobiologe, bazi\u010dne znanstvenike, farmaceute te lije\u010dnike obiteljske medicine. Naravno, bez medicinskih sestara skrb o na\u0161im bolesnicima ne bi bila potpuna stoga je zaseban dio program posve\u0107en sestrinstvu.<\/p>\n<!-- \/wp:paragraph --><!-- wp:paragraph -->\n<p>Vjerujemo da \u0107ete tijekom odr\u017eavanja kongresa prona\u0107i korisne teme, obogatiti znanje, razmijeniti iskustva te uspostaviti znanstvene i stru\u010dne kontakte.<\/p>\n<!-- \/wp:paragraph --><!-- wp:paragraph {\"align\":\"right\"} -->\n<p class=\"has-text-align-right\">Akademik Miroslav Samar\u017eija<br \/><em>Predsjednik Hrvatskog torakalnog dru\u0161tva<\/em><\/p>\n<!-- \/wp:paragraph -->\t\t\t\t\t\t<\/div>\n\t\t\t\t<\/div>\n\t\t\t\t\t<\/div>\n\t\t<\/div>\n\t\t\t\t\t\t\t<\/div>\n\t\t<\/section>\n\t\t\t\t\t\t\t<\/div>\n\t\t","protected":false},"excerpt":{"rendered":"<p>Po\u0161tovane kolegice i kolege, Iznimno mi je zadovoljstvo po\u017eeljeti Vam dobrodo\u0161licu na godi\u0161njem kongresu Hrvatskog torakalnog dru\u0161tva TORAKS 2022. Ve\u0107 dvanaestu godinu zaredom okupljamo velik broj zdravstvenih djelatnika koji skrbe o oboljelima od respiratornih bolesti, a tijekom \u010detiri dana izmjenjuju najnovije znanstvene i stru\u010dne spoznaje. Kako medicina iznimno brzo napreduje name\u0107e se potreba za multidisciplinarnim [&hellip;]<\/p>\n","protected":false},"author":1,"featured_media":0,"parent":0,"menu_order":0,"comment_status":"closed","ping_status":"closed","template":"","meta":{"footnotes":""},"class_list":["post-34","page","type-page","status-publish","hentry"],"_links":{"self":[{"href":"https:\/\/web.penta-pco.com\/toraks2022\/wp-json\/wp\/v2\/pages\/34","targetHints":{"allow":["GET"]}}],"collection":[{"href":"https:\/\/web.penta-pco.com\/toraks2022\/wp-json\/wp\/v2\/pages"}],"about":[{"href":"https:\/\/web.penta-pco.com\/toraks2022\/wp-json\/wp\/v2\/types\/page"}],"author":[{"embeddable":true,"href":"https:\/\/web.penta-pco.com\/toraks2022\/wp-json\/wp\/v2\/users\/1"}],"replies":[{"embeddable":true,"href":"https:\/\/web.penta-pco.com\/toraks2022\/wp-json\/wp\/v2\/comments?post=34"}],"version-history":[{"count":4,"href":"https:\/\/web.penta-pco.com\/toraks2022\/wp-json\/wp\/v2\/pages\/34\/revisions"}],"predecessor-version":[{"id":343,"href":"https:\/\/web.penta-pco.com\/toraks2022\/wp-json\/wp\/v2\/pages\/34\/revisions\/343"}],"wp:attachment":[{"href":"https:\/\/web.penta-pco.com\/toraks2022\/wp-json\/wp\/v2\/media?parent=34"}],"curies":[{"name":"wp","href":"https:\/\/api.w.org\/{rel}","templated":true}]}}