{"id":461,"date":"2022-06-06T16:46:19","date_gmt":"2022-06-06T14:46:19","guid":{"rendered":"https:\/\/web.penta-pco.com\/toraks2022\/?page_id=461"},"modified":"2022-06-06T16:51:43","modified_gmt":"2022-06-06T14:51:43","slug":"e-posteri","status":"publish","type":"page","link":"https:\/\/web.penta-pco.com\/toraks2022\/sazeci\/e-posteri\/","title":{"rendered":"E-Posteri"},"content":{"rendered":"\t\t<div data-elementor-type=\"wp-page\" data-elementor-id=\"461\" class=\"elementor elementor-461\">\n\t\t\t\t\t\t\t\t\t<section class=\"elementor-section elementor-top-section elementor-element elementor-element-9adb1e3 elementor-section-boxed elementor-section-height-default elementor-section-height-default\" data-id=\"9adb1e3\" data-element_type=\"section\">\n\t\t\t\t\t\t<div class=\"elementor-container elementor-column-gap-default\">\n\t\t\t\t\t<div class=\"elementor-column elementor-col-100 elementor-top-column elementor-element elementor-element-0f4ff35\" data-id=\"0f4ff35\" data-element_type=\"column\">\n\t\t\t<div class=\"elementor-widget-wrap elementor-element-populated\">\n\t\t\t\t\t\t\t\t<div class=\"elementor-element elementor-element-6cb3d9c elementor-widget elementor-widget-button\" data-id=\"6cb3d9c\" data-element_type=\"widget\" data-widget_type=\"button.default\">\n\t\t\t\t<div class=\"elementor-widget-container\">\n\t\t\t\t\t<div class=\"elementor-button-wrapper\">\n\t\t\t<a href=\"https:\/\/web.penta-pco.com\/toraks2022\/sazeci\/\" class=\"elementor-button-link elementor-button elementor-size-md\" role=\"button\">\n\t\t\t\t\t\t<span class=\"elementor-button-content-wrapper\">\n\t\t\t\t\t\t<span class=\"elementor-button-text\">Sa\u017eeci<\/span>\n\t\t<\/span>\n\t\t\t\t\t<\/a>\n\t\t<\/div>\n\t\t\t\t<\/div>\n\t\t\t\t<\/div>\n\t\t\t\t<div class=\"elementor-element elementor-element-1b84a67 elementor-widget elementor-widget-shortcode\" data-id=\"1b84a67\" data-element_type=\"widget\" data-widget_type=\"shortcode.default\">\n\t\t\t\t<div class=\"elementor-widget-container\">\n\t\t\t\t\t<div class=\"elementor-shortcode\">\n<table id=\"tablepress-5\" class=\"tablepress tablepress-id-5\">\n<thead>\n<tr class=\"row-1\">\n\t<th class=\"column-1\">Autor<\/th><th class=\"column-2\">Naslov<\/th><th class=\"column-3\">LINK<\/th>\n<\/tr>\n<\/thead>\n<tbody class=\"row-hover\">\n<tr class=\"row-2\">\n\t<td class=\"column-1\">Radi\u0107 Vi\u0161nja<\/td><td class=\"column-2\">Diseminirana intravaskularna koagulacija kao pokazatelj progresije adenokarcinoma plu\u0107a<\/td><td class=\"column-3\"><a target=\"_blank\" rel=\"noopener noreferrer\" href=\"https:\/\/registration.penta-pco.com\/posters\/18212\/3882.ppt\">Link<\/a><\/td>\n<\/tr>\n<tr class=\"row-3\">\n\t<td class=\"column-1\">Ljilja Posavec  Anja<\/td><td class=\"column-2\">Drug induced lung injury<\/td><td class=\"column-3\"><a target=\"_blank\" rel=\"noopener noreferrer\" href=\"https:\/\/registration.penta-pco.com\/posters\/18212\/3884.ppt\">Link<\/a><\/td>\n<\/tr>\n<tr class=\"row-4\">\n\t<td class=\"column-1\">Rnjak Dina<\/td><td class=\"column-2\">Nintedanib treatment for bleomycin-induced lung injury - first report<\/td><td class=\"column-3\"><a target=\"_blank\" rel=\"noopener noreferrer\" href=\"https:\/\/registration.penta-pco.com\/posters\/18212\/3918.ppt\">Link<\/a><\/td>\n<\/tr>\n<tr class=\"row-5\">\n\t<td class=\"column-1\">Ahmi\u0107 Haris<\/td><td class=\"column-2\">Polisomnografija- prikaz podataka<\/td><td class=\"column-3\"><a target=\"_blank\" rel=\"noopener noreferrer\" href=\"https:\/\/registration.penta-pco.com\/posters\/18212\/3927.pptx\">Link<\/a><\/td>\n<\/tr>\n<tr class=\"row-6\">\n\t<td class=\"column-1\">Zagorec Ljerka<\/td><td class=\"column-2\">SBAR TEHNIKA U PRIMOPREDAJI SESTRINSKE  SLU\u017dBE<\/td><td class=\"column-3\"><a target=\"_blank\" rel=\"noopener noreferrer\" href=\"https:\/\/registration.penta-pco.com\/posters\/18212\/3938.jpeg\">Link<\/a><\/td>\n<\/tr>\n<tr class=\"row-7\">\n\t<td class=\"column-1\">Mur\u0161i\u0107 Davorka<\/td><td class=\"column-2\">Pulmonary rehabilitation outcome in patients recovering from COVID-19 disease<\/td><td class=\"column-3\"><a target=\"_blank\" rel=\"noopener noreferrer\" href=\"https:\/\/registration.penta-pco.com\/posters\/18212\/3940.jpeg\">Link<\/a><\/td>\n<\/tr>\n<tr class=\"row-8\">\n\t<td class=\"column-1\">Basioli Kasap Eugenija<\/td><td class=\"column-2\">MOGU\u0106I UTJECAJ PODNEBLJA NA KARAKTERISTIKE BOLESNIKA S KOPB-om<\/td><td class=\"column-3\"><a target=\"_blank\" rel=\"noopener noreferrer\" href=\"https:\/\/registration.penta-pco.com\/posters\/18212\/3941.pptx\">Link<\/a><\/td>\n<\/tr>\n<tr class=\"row-9\">\n\t<td class=\"column-1\">Golu\u017ea - Sesar Marija<\/td><td class=\"column-2\">MILIJARNA TUBERKULOZA KOD PACIJENTICE NA BIOLO\u0160KOJ TERAPIJI - PRIKAZ SLU\u010cAJA<\/td><td class=\"column-3\"><a target=\"_blank\" rel=\"noopener noreferrer\" href=\"https:\/\/registration.penta-pco.com\/posters\/18212\/3947.jpeg\">Link<\/a><\/td>\n<\/tr>\n<tr class=\"row-10\">\n\t<td class=\"column-1\">BATARILO HA\u0110AR MARTINA<\/td><td class=\"column-2\">Covid 19 infection in patients with sarcoidosis: clinical course and outcome \u2013 single center experience<\/td><td class=\"column-3\"><a target=\"_blank\" rel=\"noopener noreferrer\" href=\"https:\/\/registration.penta-pco.com\/posters\/18212\/3948.pptx\">Link<\/a><\/td>\n<\/tr>\n<tr class=\"row-11\">\n\t<td class=\"column-1\">Pekli\u0107 Marina<\/td><td class=\"column-2\">Izvantjelesno pro\u010di\u0161\u0107avanje krvi \u2013 prikaz metoda i mogu\u0107ih indikacija za primjenu<\/td><td class=\"column-3\"><a target=\"_blank\" rel=\"noopener noreferrer\" href=\"https:\/\/registration.penta-pco.com\/posters\/18212\/3950.png\">Link<\/a><\/td>\n<\/tr>\n<tr class=\"row-12\">\n\t<td class=\"column-1\">BARE\u0160I\u0106 R.<\/td><td class=\"column-2\">Nastanak obostranih pneumatocela kao rijetka komplikacija nakon preboljele COVID-19 pneumonije<\/td><td class=\"column-3\"><a target=\"_blank\" rel=\"noopener noreferrer\" href=\"https:\/\/registration.penta-pco.com\/posters\/18212\/3953.jpeg\">Link<\/a><\/td>\n<\/tr>\n<tr class=\"row-13\">\n\t<td class=\"column-1\">\u017digrovi\u0107 Josipa<\/td><td class=\"column-2\">COVID-19 pneumonia in patients with pulmonary alveolar proteinosis with a favorable outcome: A report of two cases<\/td><td class=\"column-3\"><a target=\"_blank\" rel=\"noopener noreferrer\" href=\"https:\/\/registration.penta-pco.com\/posters\/18212\/3956.jpeg\">Link<\/a><\/td>\n<\/tr>\n<tr class=\"row-14\">\n\t<td class=\"column-1\">BO\u017dINOVI\u0106 RENATA<\/td><td class=\"column-2\">Uzroci dispneje u KOPB-u<\/td><td class=\"column-3\"><a target=\"_blank\" rel=\"noopener noreferrer\" href=\"https:\/\/registration.penta-pco.com\/posters\/18212\/3957.jpeg\">Link<\/a><\/td>\n<\/tr>\n<tr class=\"row-15\">\n\t<td class=\"column-1\">Vincelj Anamaria<\/td><td class=\"column-2\">Combination of  pulmonary tuberculosis and actinomycosis. The unusual suspects.  A rare case of co-infection with pulmonary tuberculosis and actinomycosis.<\/td><td class=\"column-3\"><a target=\"_blank\" rel=\"noopener noreferrer\" href=\"https:\/\/registration.penta-pco.com\/posters\/18212\/3960.jpeg\">Link<\/a><\/td>\n<\/tr>\n<tr class=\"row-16\">\n\t<td class=\"column-1\">Glodi\u0107 Goran<\/td><td class=\"column-2\">Tranexamic acid versus adrenaline for iatrogenic bleeding during flexible bronchoscopy: a double blind randomized control trial<\/td><td class=\"column-3\"><a target=\"_blank\" rel=\"noopener noreferrer\" href=\"https:\/\/registration.penta-pco.com\/posters\/18212\/3962.png\">Link<\/a><\/td>\n<\/tr>\n<tr class=\"row-17\">\n\t<td class=\"column-1\">Saveljic Mitar<\/td><td class=\"column-2\">Epidemiologija raka dojke u Crnoj Gori sa fokusom na ranu prevenciju kako bi se izbjegla prerana smrtnost, smanjila bolest i pobolj\u0161ao kvalitet \u017eivota<\/td><td class=\"column-3\"><a target=\"_blank\" rel=\"noopener noreferrer\" href=\"https:\/\/registration.penta-pco.com\/posters\/18212\/3970.pptx\">Link<\/a><\/td>\n<\/tr>\n<tr class=\"row-18\">\n\t<td class=\"column-1\">Trbojevi\u0107 Nata\u0161a<\/td><td class=\"column-2\">Trudno\u0107a u pacijentice sa cisti\u010dnom fibrozom i celijakijom-va\u017enost nutritivnog statusa<\/td><td class=\"column-3\"><a target=\"_blank\" rel=\"noopener noreferrer\" href=\"https:\/\/registration.penta-pco.com\/posters\/18212\/3976.jpg\">Link<\/a><\/td>\n<\/tr>\n<tr class=\"row-19\">\n\t<td class=\"column-1\">Odoba\u0161i\u0107 Palkovi\u0107 Tihana<\/td><td class=\"column-2\">Utjecaj modularne terapije na adultne bolesnike s cisti\u010dnom fibrozom<\/td><td class=\"column-3\"><a target=\"_blank\" rel=\"noopener noreferrer\" href=\"https:\/\/registration.penta-pco.com\/posters\/18212\/3989.jpeg\">Link<\/a><\/td>\n<\/tr>\n<tr class=\"row-20\">\n\t<td class=\"column-1\">Do\u0161en Ivan<\/td><td class=\"column-2\">Liver lesion in patient with pulmonary tuberculosis treated with quadruple antituberculosis therapy-a case report<\/td><td class=\"column-3\"><a target=\"_blank\" rel=\"noopener noreferrer\" href=\"https:\/\/registration.penta-pco.com\/posters\/18212\/3991.pptx\">Link<\/a><\/td>\n<\/tr>\n<tr class=\"row-21\">\n\t<td class=\"column-1\">HARABAJSA SUZANA<\/td><td class=\"column-2\">Correlation of Macroscopic and Cytomorphological Features in Pleural Effusions<\/td><td class=\"column-3\"><a target=\"_blank\" rel=\"noopener noreferrer\" href=\"https:\/\/registration.penta-pco.com\/posters\/18212\/3992.png\">Link<\/a><\/td>\n<\/tr>\n<tr class=\"row-22\">\n\t<td class=\"column-1\">\u010corak Lorna<\/td><td class=\"column-2\">Long-term effect of human alpha1-proteinase inhibitor therapy: results of the 5-year follow-up study<\/td><td class=\"column-3\"><a target=\"_blank\" rel=\"noopener noreferrer\" href=\"https:\/\/registration.penta-pco.com\/posters\/18212\/3995.jpeg\">Link<\/a><\/td>\n<\/tr>\n<tr class=\"row-23\">\n\t<td class=\"column-1\">Darapi Dora<\/td><td class=\"column-2\">COVID-19 RELATED MORTALITY IN CLINIC FOR RESPIRATORY DISEASES \u201cJORDANOVAC\u201d, UNIVERSITY HOSPITAL CENTRE ZAGREB<\/td><td class=\"column-3\"><a target=\"_blank\" rel=\"noopener noreferrer\" href=\"https:\/\/registration.penta-pco.com\/posters\/18212\/3998.pptx\">Link<\/a><\/td>\n<\/tr>\n<tr class=\"row-24\">\n\t<td class=\"column-1\">Verbanac Ira<\/td><td class=\"column-2\">PERZISTENTNI  PNEUMOTORAKS KAO POSLJEDICA BRONHOPLEURALNE FISTULE U  BOLESNIKA BEZ POZNATIH KOMORBIDITETA SA  COVID 19 PNEUMONIJOM<\/td><td class=\"column-3\"><a target=\"_blank\" rel=\"noopener noreferrer\" href=\"https:\/\/registration.penta-pco.com\/posters\/18212\/4001.ppt\">Link<\/a><\/td>\n<\/tr>\n<tr class=\"row-25\">\n\t<td class=\"column-1\">Ljubi\u010di\u0107 Lidija<\/td><td class=\"column-2\">Prolonged fever as a sign of neurosarcoidosis relapse<\/td><td class=\"column-3\"><a target=\"_blank\" rel=\"noopener noreferrer\" href=\"https:\/\/registration.penta-pco.com\/posters\/18212\/4002.jpeg\">Link<\/a><\/td>\n<\/tr>\n<tr class=\"row-26\">\n\t<td class=\"column-1\">Petrovi\u0107 Vlahovi\u0107 Ana<\/td><td class=\"column-2\">Unrecognized role of primary immunodeficiency in severe asthma<\/td><td class=\"column-3\"><a target=\"_blank\" rel=\"noopener noreferrer\" href=\"https:\/\/registration.penta-pco.com\/posters\/18212\/4003.pptx\">Link<\/a><\/td>\n<\/tr>\n<tr class=\"row-27\">\n\t<td class=\"column-1\">Petrovi\u0107 Vlahovi\u0107 Ana<\/td><td class=\"column-2\">Forgotten grass aspiration during a childhood game - complications in adulthood<\/td><td class=\"column-3\"><a target=\"_blank\" rel=\"noopener noreferrer\" href=\"https:\/\/registration.penta-pco.com\/posters\/18212\/4004.jpeg\">Link<\/a><\/td>\n<\/tr>\n<tr class=\"row-28\">\n\t<td class=\"column-1\">TOLI\u0106 ENA<\/td><td class=\"column-2\">COVID-19 MORTALITY AMONG FULLY VACCINATED AND UNVACCINATED HOSPITALIZED PATIENTS<\/td><td class=\"column-3\"><a target=\"_blank\" rel=\"noopener noreferrer\" href=\"https:\/\/registration.penta-pco.com\/posters\/18212\/4005.pptx\">Link<\/a><\/td>\n<\/tr>\n<tr class=\"row-29\">\n\t<td class=\"column-1\">TOLI\u0106 ENA<\/td><td class=\"column-2\">Prevalence of pulmonary function disorders in the first 12 months after acute COVID-19 disease<\/td><td class=\"column-3\"><a target=\"_blank\" rel=\"noopener noreferrer\" href=\"https:\/\/registration.penta-pco.com\/posters\/18212\/4007.pptx\">Link<\/a><\/td>\n<\/tr>\n<tr class=\"row-30\">\n\t<td class=\"column-1\">Badovinac Sonja<\/td><td class=\"column-2\">Tracheal complications of prolonged mechanical ventilation during the COVID19 pandemic: a single center experience<\/td><td class=\"column-3\"><a target=\"_blank\" rel=\"noopener noreferrer\" href=\"https:\/\/registration.penta-pco.com\/posters\/18212\/4008.png\">Link<\/a><\/td>\n<\/tr>\n<tr class=\"row-31\">\n\t<td class=\"column-1\">Bo\u017ean Marina<\/td><td class=\"column-2\">PRIKAZ SLU\u010cAJA: RETROPERITONEALNI APSCES KAO UZROK PLEURALNOG IZLJEVA<\/td><td class=\"column-3\"><a target=\"_blank\" rel=\"noopener noreferrer\" href=\"https:\/\/registration.penta-pco.com\/posters\/18212\/4011.jpeg\">Link<\/a><\/td>\n<\/tr>\n<tr class=\"row-32\">\n\t<td class=\"column-1\">Kosanovi\u0107-Baji\u0107 Morana<\/td><td class=\"column-2\">Bol u trbuhu kao prva klini\u010dka manifestacija diseminirane tuberkuloze<\/td><td class=\"column-3\"><a target=\"_blank\" rel=\"noopener noreferrer\" href=\"https:\/\/registration.penta-pco.com\/posters\/18212\/4012.ppt\">Link<\/a><\/td>\n<\/tr>\n<tr class=\"row-33\">\n\t<td class=\"column-1\">Radakovi\u0107 \u0110ur\u0111ica<\/td><td class=\"column-2\">Delirij kod maligne bolesti<\/td><td class=\"column-3\"><a target=\"_blank\" rel=\"noopener noreferrer\" href=\"https:\/\/registration.penta-pco.com\/posters\/18212\/4015.jpeg\">Link<\/a><\/td>\n<\/tr>\n<tr class=\"row-34\">\n\t<td class=\"column-1\">Majdand\u017ei\u0107 Ivana<\/td><td class=\"column-2\">Aspergillus co-infection in COVID-19 patients on invasive mechanical ventilation<\/td><td class=\"column-3\"><a target=\"_blank\" rel=\"noopener noreferrer\" href=\"https:\/\/registration.penta-pco.com\/posters\/18212\/4017.jpeg\">Link<\/a><\/td>\n<\/tr>\n<tr class=\"row-35\">\n\t<td class=\"column-1\">Koprivanac Antun<\/td><td class=\"column-2\">MSCT-om vo\u0111ena transtorakalna iglena citolo\u0161ka punkcija i biopsija plu\u0107nih lezija - mo\u0107no dijagnosti\u010dko sredstvo u rukama interventnog pulmologa \u2013 iskustvo Klini\u010dke bolnice \u201cSVETI DUH\u201c<\/td><td class=\"column-3\"><a target=\"_blank\" rel=\"noopener noreferrer\" href=\"https:\/\/registration.penta-pco.com\/posters\/18212\/4021.jpeg\">Link<\/a><\/td>\n<\/tr>\n<tr class=\"row-36\">\n\t<td class=\"column-1\">Koprivanac Antun<\/td><td class=\"column-2\">Uloga fleksibilne videobronhoskopije u uspje\u0161nom lije\u010denju kompleksnih kriti\u010dnih postintubacijskih stenoza traheje \u2013 rana iskustva Klini\u010dke bolnice \u201cSVETI DUH\u201c<\/td><td class=\"column-3\"><a target=\"_blank\" rel=\"noopener noreferrer\" href=\"https:\/\/registration.penta-pco.com\/posters\/18212\/4022.jpeg\">Link<\/a><\/td>\n<\/tr>\n<tr class=\"row-37\">\n\t<td class=\"column-1\">MARKELI\u0106 IVONA<\/td><td class=\"column-2\">Decreased concentration of extracellular heat shock protein 70 and gene expression of Toll-like receptor 4 after lung transplantation in COPD patients<\/td><td class=\"column-3\"><a target=\"_blank\" rel=\"noopener noreferrer\" href=\"https:\/\/registration.penta-pco.com\/posters\/18212\/4023.ppt\">Link<\/a><\/td>\n<\/tr>\n<tr class=\"row-38\">\n\t<td class=\"column-1\">Vukovi\u0107 Vlasta<\/td><td class=\"column-2\">Comorbidity as a risk factor for the development of severe COVID-19 disease caused by Delta and Omicron variant<\/td><td class=\"column-3\"><a target=\"_blank\" rel=\"noopener noreferrer\" href=\"https:\/\/registration.penta-pco.com\/posters\/18212\/4024.pptx\">Link<\/a><\/td>\n<\/tr>\n<tr class=\"row-39\">\n\t<td class=\"column-1\">Viljevac Jelena<\/td><td class=\"column-2\">Clinical characteristics and outcomes of hospitalized COVID19 patients during dominance periods of B.1.617.2 (Delta) and B.1.1.529 (Omicron) variant.<\/td><td class=\"column-3\"><a target=\"_blank\" rel=\"noopener noreferrer\" href=\"https:\/\/registration.penta-pco.com\/posters\/18212\/4028.pptx\">Link<\/a><\/td>\n<\/tr>\n<tr class=\"row-40\">\n\t<td class=\"column-1\">Vasilj Marina<\/td><td class=\"column-2\">UTJECAJ PRETILOSTI NA RANI OPORAVAK PLU\u0106NE FUNKCIJE U BOLESNIKA NAKON PREBOLJELE SARS-CoV-2 INFEKCIJE<\/td><td class=\"column-3\"><a target=\"_blank\" rel=\"noopener noreferrer\" href=\"https:\/\/registration.penta-pco.com\/posters\/18212\/4031.ppt\">Link<\/a><\/td>\n<\/tr>\n<tr class=\"row-41\">\n\t<td class=\"column-1\">Hod\u017ei\u0107 Azra<\/td><td class=\"column-2\">Oblici potpore kisikom u COVID JIL3 KBC-a Zagreb<\/td><td class=\"column-3\"><a target=\"_blank\" rel=\"noopener noreferrer\" href=\"https:\/\/registration.penta-pco.com\/posters\/18212\/4033.ppt\">Link<\/a><\/td>\n<\/tr>\n<tr class=\"row-42\">\n\t<td class=\"column-1\">Mikanovi\u0107 Martina<\/td><td class=\"column-2\">Tocilizumab in severe COVID-19 pneumonia<\/td><td class=\"column-3\"><a target=\"_blank\" rel=\"noopener noreferrer\" href=\"https:\/\/registration.penta-pco.com\/posters\/18212\/4034.pptx\">Link<\/a><\/td>\n<\/tr>\n<tr class=\"row-43\">\n\t<td class=\"column-1\">Juri\u0107 Monika<\/td><td class=\"column-2\">U\u010dinkovitost perkutane transluminalne angioplastike (PTA) u lije\u010denju karcinoma plu\u0107a-prikaz slu\u010daja<\/td><td class=\"column-3\"><a target=\"_blank\" rel=\"noopener noreferrer\" href=\"https:\/\/registration.penta-pco.com\/posters\/18212\/4041.jpeg\">Link<\/a><\/td>\n<\/tr>\n<tr class=\"row-44\">\n\t<td class=\"column-1\">Armano Ljerka<\/td><td class=\"column-2\">Kori\u0161tenje komplementarnih i alternativnih metoda u lije\u010denju simptoma COVID-19<\/td><td class=\"column-3\"><a target=\"_blank\" rel=\"noopener noreferrer\" href=\"https:\/\/registration.penta-pco.com\/posters\/18212\/4044.png\">Link<\/a><\/td>\n<\/tr>\n<tr class=\"row-45\">\n\t<td class=\"column-1\">Bari\u0161i\u0107 Ivana<\/td><td class=\"column-2\">Neinvazivna ventilacijska potpora i ishod lije\u010denja na COVID 4 odjelu, KBC Zagreb<\/td><td class=\"column-3\"><a target=\"_blank\" rel=\"noopener noreferrer\" href=\"https:\/\/registration.penta-pco.com\/posters\/18212\/4045.pptx\">Link<\/a><\/td>\n<\/tr>\n<tr class=\"row-46\">\n\t<td class=\"column-1\">Kri\u017eanac Ivana<\/td><td class=\"column-2\">Pojavnost tuberkuloze tijekom pandemije COVID-19<\/td><td class=\"column-3\"><a target=\"_blank\" rel=\"noopener noreferrer\" href=\"https:\/\/registration.penta-pco.com\/posters\/18212\/4046.ppt\">Link<\/a><\/td>\n<\/tr>\n<tr class=\"row-47\">\n\t<td class=\"column-1\">Vuki\u0107 Tea<\/td><td class=\"column-2\">Successful talc pleurodesis in two patients with refractory transudative pleural effusion caused by amyloidosis and heart failure<\/td><td class=\"column-3\"><a target=\"_blank\" rel=\"noopener noreferrer\" href=\"https:\/\/registration.penta-pco.com\/posters\/18212\/4047.jpeg\">Link<\/a><\/td>\n<\/tr>\n<tr class=\"row-48\">\n\t<td class=\"column-1\">\u010culina Duje<\/td><td class=\"column-2\">Unilateral antibody-mediated rejection in a lung transplant patient: a case report<\/td><td class=\"column-3\"><a target=\"_blank\" rel=\"noopener noreferrer\" href=\"https:\/\/registration.penta-pco.com\/posters\/18212\/4055.pptx\">Link<\/a><\/td>\n<\/tr>\n<tr class=\"row-49\">\n\t<td class=\"column-1\">\u010culina \u017deljko<\/td><td class=\"column-2\">Anosmia and hyposmia in Covid-19 infection<\/td><td class=\"column-3\"><a target=\"_blank\" rel=\"noopener noreferrer\" href=\"https:\/\/registration.penta-pco.com\/posters\/18212\/4062.pptx\">Link<\/a><\/td>\n<\/tr>\n<tr class=\"row-50\">\n\t<td class=\"column-1\">\u0160imi\u0107 Vesna<\/td><td class=\"column-2\">CT- Guided Transthoracic Fine Needle Aspiration of Pulmonary Lesions: Our Experience<\/td><td class=\"column-3\"><a target=\"_blank\" rel=\"noopener noreferrer\" href=\"https:\/\/registration.penta-pco.com\/posters\/18212\/4071.jpeg\">Link<\/a><\/td>\n<\/tr>\n<tr class=\"row-51\">\n\t<td class=\"column-1\">Nedeljkovic Vanja<\/td><td class=\"column-2\">Novi u\u010dinkoviti indeks za predvi\u0111anje ishoda egzacerbacija KOPB<\/td><td class=\"column-3\"><a target=\"_blank\" rel=\"noopener noreferrer\" href=\"https:\/\/registration.penta-pco.com\/posters\/18212\/4080.pptx\">Link<\/a><\/td>\n<\/tr>\n<tr class=\"row-52\">\n\t<td class=\"column-1\">Folno\u017ei\u0107 Ivana<\/td><td class=\"column-2\">Pulmonary embolism and antiphospholipid antibody syndrome<\/td><td class=\"column-3\"><a target=\"_blank\" rel=\"noopener noreferrer\" href=\"https:\/\/registration.penta-pco.com\/posters\/18212\/4083.ppt\">Link<\/a><\/td>\n<\/tr>\n<tr class=\"row-53\">\n\t<td class=\"column-1\">Mami\u0107 Marin<\/td><td class=\"column-2\">Organizacijska podr\u0161ka kod medicinskih sestara i tehni\u010dara<\/td><td class=\"column-3\"><a target=\"_blank\" rel=\"noopener noreferrer\" href=\"https:\/\/registration.penta-pco.com\/posters\/18212\/4096.ppt\">Link<\/a><\/td>\n<\/tr>\n<tr class=\"row-54\">\n\t<td class=\"column-1\">Jovanovi\u0107 Tihomir<\/td><td class=\"column-2\">SOCIODEMOGRAFSKA OBILJE\u017dJA OVISNOSTI O INTERNETU<\/td><td class=\"column-3\"><a target=\"_blank\" rel=\"noopener noreferrer\" href=\"https:\/\/registration.penta-pco.com\/posters\/18212\/4102.jpeg\">Link<\/a><\/td>\n<\/tr>\n<tr class=\"row-55\">\n\t<td class=\"column-1\">Lovri\u0107 Bo\u017eica<\/td><td class=\"column-2\">Status uhranjenosti bolesnika kao prediktor u\u010destalosti hospitalizacija<\/td><td class=\"column-3\"><a target=\"_blank\" rel=\"noopener noreferrer\" href=\"https:\/\/registration.penta-pco.com\/posters\/18212\/4103.jpeg\">Link<\/a><\/td>\n<\/tr>\n<tr class=\"row-56\">\n\t<td class=\"column-1\">Mladinov Suzana<\/td><td class=\"column-2\">Postintubacijske stenoze traheje nakon COVID-19: iskustvo jednog centra<\/td><td class=\"column-3\"><a target=\"_blank\" rel=\"noopener noreferrer\" href=\"https:\/\/registration.penta-pco.com\/posters\/18212\/4125.jpeg\">Link<\/a><\/td>\n<\/tr>\n<tr class=\"row-57\">\n\t<td class=\"column-1\">Reki\u0107 Irena<\/td><td class=\"column-2\">Multiple causes of anthracosis<\/td><td class=\"column-3\"><a target=\"_blank\" rel=\"noopener noreferrer\" href=\"https:\/\/registration.penta-pco.com\/posters\/18212\/4126.jpeg\">Link<\/a><\/td>\n<\/tr>\n<\/tbody>\n<\/table>\n<!-- #tablepress-5 from cache --><\/div>\n\t\t\t\t<\/div>\n\t\t\t\t<\/div>\n\t\t\t\t\t<\/div>\n\t\t<\/div>\n\t\t\t\t\t\t\t<\/div>\n\t\t<\/section>\n\t\t\t\t\t\t\t<\/div>\n\t\t","protected":false},"excerpt":{"rendered":"<p>Sa\u017eeci<\/p>\n","protected":false},"author":2,"featured_media":0,"parent":263,"menu_order":0,"comment_status":"closed","ping_status":"closed","template":"","meta":{"footnotes":""},"class_list":["post-461","page","type-page","status-publish","hentry"],"_links":{"self":[{"href":"https:\/\/web.penta-pco.com\/toraks2022\/wp-json\/wp\/v2\/pages\/461","targetHints":{"allow":["GET"]}}],"collection":[{"href":"https:\/\/web.penta-pco.com\/toraks2022\/wp-json\/wp\/v2\/pages"}],"about":[{"href":"https:\/\/web.penta-pco.com\/toraks2022\/wp-json\/wp\/v2\/types\/page"}],"author":[{"embeddable":true,"href":"https:\/\/web.penta-pco.com\/toraks2022\/wp-json\/wp\/v2\/users\/2"}],"replies":[{"embeddable":true,"href":"https:\/\/web.penta-pco.com\/toraks2022\/wp-json\/wp\/v2\/comments?post=461"}],"version-history":[{"count":10,"href":"https:\/\/web.penta-pco.com\/toraks2022\/wp-json\/wp\/v2\/pages\/461\/revisions"}],"predecessor-version":[{"id":474,"href":"https:\/\/web.penta-pco.com\/toraks2022\/wp-json\/wp\/v2\/pages\/461\/revisions\/474"}],"up":[{"embeddable":true,"href":"https:\/\/web.penta-pco.com\/toraks2022\/wp-json\/wp\/v2\/pages\/263"}],"wp:attachment":[{"href":"https:\/\/web.penta-pco.com\/toraks2022\/wp-json\/wp\/v2\/media?parent=461"}],"curies":[{"name":"wp","href":"https:\/\/api.w.org\/{rel}","templated":true}]}}