{"id":141,"date":"2023-05-12T15:18:26","date_gmt":"2023-05-12T13:18:26","guid":{"rendered":"https:\/\/web.penta-pco.com\/toraks2023\/?page_id=141"},"modified":"2023-05-23T21:55:06","modified_gmt":"2023-05-23T19:55:06","slug":"sestre","status":"publish","type":"page","link":"https:\/\/web.penta-pco.com\/toraks2023\/en\/program\/sestre\/","title":{"rendered":"Program sestre"},"content":{"rendered":"<div data-elementor-type=\"wp-page\" data-elementor-id=\"141\" class=\"elementor elementor-141\" data-elementor-post-type=\"page\">\n\t\t\t\t<div class=\"elementor-element elementor-element-bc2f15a e-con-full e-flex e-con e-parent\" data-id=\"bc2f15a\" data-element_type=\"container\" data-core-v316-plus=\"true\">\n\t\t\t\t<div class=\"elementor-element elementor-element-2b296a9 e-n-tabs-mobile elementor-widget elementor-widget-n-tabs\" data-id=\"2b296a9\" data-element_type=\"widget\" data-settings=\"{&quot;horizontal_scroll&quot;:&quot;disable&quot;}\" data-widget_type=\"nested-tabs.default\">\n\t\t\t\t<div class=\"elementor-widget-container\">\n\t\t\t\t\t<div class=\"e-n-tabs\" data-widget-number=\"452\" aria-label=\"Tabs. Open items with Enter or Space, close with Escape and navigate using the Arrow keys.\">\n\t\t\t<div class=\"e-n-tabs-heading\" role=\"tablist\">\n\t\t\t\t\t\t\t<button id=\"e-n-tabs-title-4521\" class=\"e-n-tab-title\" aria-selected=\"true\" data-tab-index=\"1\" role=\"tab\" tabindex=\"0\" aria-controls=\"e-n-tab-content-4521\" style=\"--n-tabs-title-order: 1;\">\n\t\t\t\t<span class=\"e-n-tab-icon\">\n\t\t\t\t\t\t\t\t\t\t\t\t\t\t<\/span>\n\t\t\t\t<span class=\"e-n-tab-title-text\">\n\t\t\t\t\t\u010cetvrtak, 25. Svibnja 2023.<br>Thursday, May 25th 2023\t\t\t\t<\/span>\n\t\t\t<\/button>\n\t\t\t\t\t<button id=\"e-n-tabs-title-4522\" class=\"e-n-tab-title\" aria-selected=\"false\" data-tab-index=\"2\" role=\"tab\" tabindex=\"-1\" aria-controls=\"e-n-tab-content-4522\" style=\"--n-tabs-title-order: 2;\">\n\t\t\t\t<span class=\"e-n-tab-icon\">\n\t\t\t\t\t\t\t\t\t\t\t\t\t\t<\/span>\n\t\t\t\t<span class=\"e-n-tab-title-text\">\n\t\t\t\t\tPetak, 26. svibnja 2023.<br>Friday, May 26th 2023\t\t\t\t<\/span>\n\t\t\t<\/button>\n\t\t\t\t\t<button id=\"e-n-tabs-title-4523\" class=\"e-n-tab-title\" aria-selected=\"false\" data-tab-index=\"3\" role=\"tab\" tabindex=\"-1\" aria-controls=\"e-n-tab-content-4523\" style=\"--n-tabs-title-order: 3;\">\n\t\t\t\t<span class=\"e-n-tab-icon\">\n\t\t\t\t\t\t\t\t\t\t\t\t\t\t<\/span>\n\t\t\t\t<span class=\"e-n-tab-title-text\">\n\t\t\t\t\tSubota, 27. svibnja 2023.<br>Saturday, May 27th 2023\t\t\t\t<\/span>\n\t\t\t<\/button>\n\t\t\t\t\t<\/div>\n\t\t\t<div class=\"e-n-tabs-content\">\n\t\t\t\t<div id=\"e-n-tab-content-4521\" role=\"tabpanel\" aria-labelledby=\"e-n-tabs-title-4521\" data-tab-index=\"1\" style=\"--n-tabs-title-order: 1;\" class=\"e-active elementor-element elementor-element-1835f58 e-con-full e-flex e-con e-parent\" data-id=\"1835f58\" data-element_type=\"container\" data-core-v316-plus=\"true\">\n\t\t<div class=\"elementor-element elementor-element-5672fdf e-flex e-con-boxed e-con e-parent\" data-id=\"5672fdf\" data-element_type=\"container\" data-core-v316-plus=\"true\">\n\t\t\t\t\t<div class=\"e-con-inner\">\n\t\t\t\t<div class=\"elementor-element elementor-element-c46bc6e elementor-widget elementor-widget-text-editor\" data-id=\"c46bc6e\" data-element_type=\"widget\" data-widget_type=\"text-editor.default\">\n\t\t\t\t<div class=\"elementor-widget-container\">\n\t\t\t<style>\/*! elementor - v3.20.0 - 26-03-2024 *\/\n.elementor-widget-text-editor.elementor-drop-cap-view-stacked .elementor-drop-cap{background-color:#69727d;color:#fff}.elementor-widget-text-editor.elementor-drop-cap-view-framed .elementor-drop-cap{color:#69727d;border:3px solid;background-color:transparent}.elementor-widget-text-editor:not(.elementor-drop-cap-view-default) .elementor-drop-cap{margin-top:8px}.elementor-widget-text-editor:not(.elementor-drop-cap-view-default) .elementor-drop-cap-letter{width:1em;height:1em}.elementor-widget-text-editor .elementor-drop-cap{float:left;text-align:center;line-height:1;font-size:50px}.elementor-widget-text-editor .elementor-drop-cap-letter{display:inline-block}<\/style>\t\t\t\t<table><tbody><tr><td style=\"text-align: center;\">\u00a0<\/td><td width=\"80%\"><strong><span style=\"color: #bf143c;\">\u010cetvrtak 25. svibnja 2023 | Thursday, May 25th 2023<\/span><\/strong><\/td><\/tr><tr><td style=\"text-align: center;\">08:30-17:00<\/td><td width=\"80%\"><strong>Registracija sudionika |<\/strong><strong> <span style=\"color: #bf143c;\">Registration<\/span><\/strong><\/td><\/tr><tr><td style=\"text-align: center;\">\u00a0<\/td><td><strong>Voditelji | Chairpersons: Irena Godi\u0107, Ana Savovi\u0107<\/strong><\/td><\/tr><tr><td style=\"text-align: center;\">09:30-10:00<\/td><td><p>Irena Godi\u0107, Ana Savovi\u0107, Ana Ljubas, Mario Gazi\u0107<\/p><p>Pozdravni govor<br \/><span style=\"color: #bf143c;\">Welcoming speech<\/span><\/p><\/td><\/tr><tr><td style=\"text-align: center;\">10:00-10:10<\/td><td><p>Tanja Zovko<\/p><p>Svjetska zdravstvena organizacija<br \/><span style=\"color: #bf143c;\">World Health Organization<\/span><\/p><\/td><\/tr><tr><td style=\"text-align: center;\">10:15-10:25<\/td><td><p>Dominikovi\u0107 Jelena<\/p><p>Va\u017enost empatije u svakodnevnom radu medicinskih sestara<br \/><span style=\"color: #bf143c;\">The importance of empathy in the daily work of nurses<\/span><\/p><\/td><\/tr><tr><td style=\"text-align: center;\">10:25-10:35<\/td><td><p>Luka Jane\u0161<\/p><p>Logoterapija i medicinska skrb<br \/><span style=\"color: #bf143c;\">Logotherapy and medical care<\/span><\/p><\/td><\/tr><tr><td style=\"text-align: center;\">10:40-10:50<\/td><td><p>Gabrijela Markota, Marin Mami\u0107, Tihomir Jovanovi\u0107, Bo\u017eica Lovri\u0107<\/p><p>Povezanost zdravstvene pismenosti bolesnika sa statusom pu\u0161enja i primjenom inhalacijske terapije<br \/><span style=\"color: #bf143c;\">The Relationship of Patients&#8217; Health Literacy with Smoking Status and Use of Inhalation Therapy<\/span><\/p><\/td><\/tr><tr><td style=\"text-align: center;\">10:50-11:00<\/td><td><p>Enriko Dulaj, Monika Tramo\u0161ljanin, Hodali\u0107 Sanja, Radakovi\u0107 \u0110ur\u0111ica<\/p><p>Febrilna neutropenija \/razlog hospitalizacije \u2013 prikaz slu\u010daja<br \/><span style=\"color: #bf143c;\">Febrile Neutropenia Reason for Admission &#8211; Case Report <\/span><\/p><\/td><\/tr><tr><td style=\"text-align: center; background: #BF143C!important; color: #fff;\">11:05-11:25<\/td><td style=\"background: #BF143C!important; color: #fff;\">Simpozij \u2013 Sponzoriran<br \/>Symposium Sponsored by Sandoz<\/td><\/tr><tr><td>\u00a0<\/td><td><p>Sandra Karabati\u0107<\/p><p>Febrilna neutropenija \u2013 financijski i zdravstveni problem<br \/><span style=\"color: #bf143c;\">Febrile Neutropenia \u2013 A Financial and Health Problem<\/span><\/p><\/td><\/tr><tr><td style=\"text-align: center;\">11:30-11:40<\/td><td><p>Ivana Rubil<\/p><p>Presjek rada udruge udah \u017eivota<br \/><span style=\"color: #bf143c;\">Section of The Work of The Breath of Life Association<\/span><\/p><\/td><\/tr><tr><td style=\"text-align: center;\"><strong>11:40-12:00<\/strong><\/td><td><strong>Pauza za kavu | <span style=\"color: #bf143c;\">Coffee Break<\/span><\/strong><\/td><\/tr><tr><td style=\"text-align: center;\">12:05-12:15<\/td><td><p>Vilma Kolari\u0107<\/p><p>\u0160e\u0107erna bolest i masna jetra<br \/><span style=\"color: #bf143c;\">Diabetes and Fatty Liver<\/span><\/p><\/td><\/tr><tr><td style=\"text-align: center;\">12:15-12:25<\/td><td><p>Silvija \u017du\u017eul<\/p><p>LAM<br \/><span style=\"color: #bf143c;\">LAM<\/span><\/p><\/td><\/tr><tr><td style=\"text-align: center;\">12:30-12:40<\/td><td><p>Marija Antunovi\u0107, Matija Vrbani\u0107<\/p><p>Plu\u0107na embolija \u2013 perkutano lije\u010denje usmjereno kateterom<br \/><span style=\"color: #bf143c;\">Pulmonary Embolism \u2013 Catheter-Directed Percutaneous Treatment<\/span><\/p><\/td><\/tr><tr><td style=\"text-align: center;\">12:40-12:50<\/td><td><p>Maja Majeri\u0107<\/p><p>Hitna stanja u pulmologiji \u2013 prikaz slu\u010daja<br \/><span style=\"color: #bf143c;\">Emergencies In Pulmonology \u2013 Case Report<\/span><\/p><\/td><\/tr><tr><td style=\"text-align: center;\">12:55-13:05<\/td><td><p>Kristina Erdec; Ana \u017divku\u0161i\u0107,\u00a0 Tanja Zovko<\/p><p>Hitna stanja u torakalnoj onkologiji<br \/><span style=\"color: #bf143c;\">Emergencies in Thoracic Oncology<\/span><\/p><\/td><\/tr><tr><td style=\"text-align: center; background: #BF143C!important; color: #fff;\">13:10-13:40<\/td><td style=\"background: #BF143C!important; color: #fff;\">Simpozij \u2013 Sponzoriran<br \/>Symposium Sponsored by AstraZeneca<\/td><\/tr><tr><td>\u00a0<\/td><td><p>Dra\u017eena Srdi\u0107, Tanja Zovko, Sandra Karabati\u0107<\/p><p>Vrijeme je za fokus na rane stadije raka plu\u0107a<br \/><span style=\"color: #bf143c;\">It&#8217;s Time to Focus on the Early Stages of Lung Cancer<\/span><\/p><\/td><\/tr><tr><td style=\"text-align: center;\"><strong>13:40-14:40<\/strong><\/td><td><strong><span style=\"font-family: inherit; font-size: inherit;\">Ru\u010dak | <\/span><span style=\"color: #bf143c;\">Lunch\u00a0<\/span><\/strong><\/td><\/tr><tr><td style=\"text-align: center;\">\u00a0<\/td><td><strong>Voditelji | Chairpersons: Tihana Odoba\u0161i\u0107 Palkovi\u0107, Ana \u017divku\u0161i\u0107 <\/strong><\/td><\/tr><tr><td style=\"text-align: center;\">14:45-14:55<\/td><td><p>Divald Vedrana, Ivanovi\u0107 Antonela<\/p><p>Kvaliteta \u017eivota pacijenata nakon radikalne operacije jednjaka<br \/><span style=\"color: #bf143c;\">Quality of Life of Patients After Radical Esophagus Surgery<\/span><\/p><\/td><\/tr><tr><td style=\"text-align: center;\">15:00-15:10<\/td><td><p>Marija \u017duljevi\u0107, Anica Cima\u0161-Lukec, Forma Hed\u017eet Slavica<\/p><p>VAC terapija u torakalnoj kirurgiji<br \/><span style=\"color: #bf143c;\">VAC Therapy in Thoracic Surgery<\/span><\/p><\/td><\/tr><tr><td style=\"text-align: center;\">15:15-15:25<\/td><td><p>Aleksandra Trupkovi\u0107, Kristina Vuger, Suzana Vaji\u0107<\/p><p>Bronhoalveolarna lava\u017ea u op\u0107oj anesteziji<br \/><span style=\"color: #bf143c;\">Bronchoalveular Lavages in General Anesthesia<\/span><\/p><\/td><\/tr><tr><td style=\"text-align: center;\">15:30-15:40<\/td><td><p>Biljana Kurtovi\u0107<\/p><p>Inovativni pristupi unapre\u0111enja visokog obrazovanja: stru\u010dni i znanstveno-istra\u017eiva\u010dki rad<br \/><span style=\"color: #bf143c;\">Innovative Approaches to Improving Higher Education: Professional and Scientific Research Work<\/span><\/p><\/td><\/tr><tr><td style=\"text-align: center;\">15:45-15:55<\/td><td><p>Juri\u0107 Monika, Majeri\u0107 Maja, Radakovi\u0107 \u0110ur\u0111ica, Rubelj Grahovac Karla<\/p><p>Pra\u0107enje pacijenata sa sindromom gornje \u0161uplje vene prije i poslije postavljanja perkutane transuluminalne angioplastike<br \/><span style=\"color: #bf143c;\">Follow-Up of Patients with Superior Vena Cava Syndrome Before and After Placement of Percutaneous Transluminal Angioplastics<\/span><\/p><\/td><\/tr><tr><td style=\"text-align: center;\"><strong>16:00-16:10<\/strong><\/td><td><strong>Pauza za kavu | <span style=\"color: #bf143c;\">Coffee Break<\/span><\/strong><\/td><\/tr><tr><td style=\"text-align: center;\">\u00a0<\/td><td><strong>Voditelji | Chairpersons: Ivana Rubil, Monika Juri\u0107<\/strong><\/td><\/tr><tr><td style=\"text-align: center;\">16:10-16:20<\/td><td><p>Ante \u0106orkovi\u0107, Jelena Javori\u0107,\u00a0Haris Ahmi\u0107<\/p><p>Sleep apnea kao javno-zdravstveni problem<br \/><span style=\"color: #bf143c;\">Sleep Apnea as a Public Health Problemn<\/span><\/p><\/td><\/tr><tr><td style=\"text-align: center;\">16:25-16:35<\/td><td><p>Renato Vranekovi\u0107, Kristina Frani\u0107, Haris Ahmi\u0107<\/p><p>U\u010destalost simptoma opstruktivne apneje u spavanju u bolesnika s arterijskom hipertenzijom<br \/><span style=\"color: #bf143c;\">Frequency of Obstructive Sleep Apnea Symptoms in Patients with Arterial Hypertension<\/span><\/p><\/td><\/tr><tr><td style=\"text-align: center;\">16:40-16:50<\/td><td><p>Haris Ahmi\u0107, Kornelija Erdelja, Suzana Maglov<\/p><p>Somnoskopija u specijalnoj bolnici Primamed<br \/><span style=\"color: #bf143c;\">Somnoscopy in The Special Hospital Primamed<\/span><\/p><\/td><\/tr><tr><td style=\"text-align: center;\">16:55-17:05<\/td><td><p>Zdeno Ko\u017eulj, Laura Ranogajec, Ivana Pesi\u0107, Antonela \u0160kariot<\/p><p>BPAP vs CPAP<br \/><span style=\"color: #bf143c;\">BPAP vs CPAP <\/span><\/p><\/td><\/tr><tr><td style=\"text-align: center;\">17:10-17:20<\/td><td><p>Slavica Juri\u0107 Petri\u010devi\u0107<\/p><p>U\u010dinkovitost podsjetnika o riziku za kardiovaskularne bolesti<br \/><span style=\"color: #bf143c;\">Effectiveness of Cardiovascular Disease Risk Reminders<\/span><\/p><\/td><\/tr><tr><td style=\"text-align: center;\">17:25-17:35<\/td><td><p>Antonio Lopar, M. Kirin; M. Varga. A. Hod\u017ei\u0107; Tanja Zovko<\/p><p>Priprema pacijenta za transplantaciju plu\u0107a<br \/><span style=\"color: #bf143c;\">Patient Preparation for Lung Transplantation<\/span><\/p><\/td><\/tr><tr><td style=\"text-align: center;\">17:35-17:45<\/td><td><p>Ana Ore\u0161ki, Irena Godi\u0107, Belma Malko\u010d, Jelena Kesi\u0107<\/p><p>Pra\u0107enje vr\u0161nog ekspiratornog protoka kod bolesnika sa dijagnozom profesionalne astme<br \/><span style=\"color: #bf143c;\">Monitoring of Peak Expiratory Flow in Patients with a Diagnosis of Occupational Asthma<\/span><\/p><\/td><\/tr><tr><td style=\"text-align: center;\">17:45<\/td><td>Zatvaranje sesije | <span style=\"color: #bf143c;\">Closure Of the Session <\/span><\/td><\/tr><\/tbody><\/table>\t\t\t\t\t\t<\/div>\n\t\t\t\t<\/div>\n\t\t\t\t\t<\/div>\n\t\t\t\t<\/div>\n\t\t\t\t<\/div>\n\t\t<div id=\"e-n-tab-content-4522\" role=\"tabpanel\" aria-labelledby=\"e-n-tabs-title-4522\" data-tab-index=\"2\" style=\"--n-tabs-title-order: 2;\" class=\"elementor-element elementor-element-03f493d e-con-full e-flex e-con e-parent\" data-id=\"03f493d\" data-element_type=\"container\" data-core-v316-plus=\"true\">\n\t\t<div class=\"elementor-element elementor-element-3adfea2 e-flex e-con-boxed e-con e-parent\" data-id=\"3adfea2\" data-element_type=\"container\" data-core-v316-plus=\"true\">\n\t\t\t\t\t<div class=\"e-con-inner\">\n\t\t\t\t<div class=\"elementor-element elementor-element-0d3e8c7 elementor-widget elementor-widget-text-editor\" data-id=\"0d3e8c7\" data-element_type=\"widget\" data-widget_type=\"text-editor.default\">\n\t\t\t\t<div class=\"elementor-widget-container\">\n\t\t\t\t\t\t\t<table><tbody><tr><td style=\"text-align: center;\">\u00a0<\/td><td width=\"80%\"><strong><span style=\"color: #bf143c;\">Petak 26. svibnja 2023 | Friday, May 26th 2023<\/span><\/strong><\/td><\/tr><tr><td style=\"text-align: center;\">08:30-16:00<\/td><td width=\"80%\"><strong>Registracija sudionika |<\/strong><strong> <span style=\"color: #bf143c;\">Registration<\/span><\/strong><\/td><\/tr><tr><td style=\"text-align: center;\">\u00a0<\/td><td><strong><strong>Voditelji<\/strong> | Chairpersons: Tanja Zovko, Andreja \u0160ajni\u0107<\/strong><\/td><\/tr><tr><td style=\"text-align: center;\">09:35-09:45<\/td><td><p>Snje\u017eana \u010cukljek<\/p><p>Kako mo\u017eemo unaprijediti kvalitetu radnog \u017eivota medicinskih sestara?<br \/><span style=\"color: #bf143c;\">How Can We Improve the Quality of Working Life Nurses?<\/span><\/p><\/td><\/tr><tr><td style=\"text-align: center;\">09:50-10:00<\/td><td><p>Romana Pali\u0107, Manda Markanovi\u0107, Valentina Ljubi\u0107, Zrinka Bo\u0161njak, Ivana Marekovi\u0107, Ana Budimir<\/p><p>Kako sprije\u010diti infekciju prilikom gradnje u bolni\u010dkoj\u00a0zgradi i jedinici intenzivnog lije\u010denja<br \/><span style=\"color: #bf143c;\">How To Prevent Infection During Construction in a Hospital Building and Intensive Treatment Unit<\/span><\/p><\/td><\/tr><tr><td style=\"text-align: center;\">10:05-10:15<\/td><td><p>Bo\u017eena Kapitari\u0107, Damjan Novak, Sofija Medlobi, Valerija Korent<\/p><p>Dugotrajni put lije\u010denja u bolesnika s karcinomom plu\u0107a- iskustva \u017eupanijska bolnica \u010cakovec<br \/><span style=\"color: #bf143c;\">Long-Term Path to Treatment of Patients with Lung Cancer &#8211; Experiences of County Hospital \u010cAKOVEC <\/span><\/p><\/td><\/tr><tr><td style=\"text-align: center;\">10:20-12:30<\/td><td><p>Ru\u017eica Marini\u0107, Ana Joka<\/p><p>Planirani otpust bolesnika oboljelog od raka plu\u0107a iz perspektive bolni\u010dkog koordinatora za palijativnu skrb &#8211; prikaz slu\u010daja<br \/><span style=\"color: #bf143c;\">Planned Discharge of a Lung Cancer Patient from The Perspective of the Hospital Palliative Care Coordinator &#8211; Case Report<br \/><\/span><\/p><\/td><\/tr><tr><td style=\"text-align: center;\">10:35-10:45<\/td><td><p>Ivana Vizler, Dijana Mato\u0161evi\u0107<\/p><p>Uloga nazalnog FeNO testa-a pri probiru primarne cilijarne diskinezije<br \/><span style=\"color: #bf143c;\">The Role of Nasal FeNO in The Screening of Primary Ciliar Dyskinesia<\/span><\/p><\/td><\/tr><tr><td style=\"text-align: center;\">10:50-11:00<\/td><td><p>Ivana Tomi\u0107, Dijana Mato\u0161evi\u0107, Snje\u017eana Ko\u0161ir, Branimir Vidi\u0107, Maja Gulija, Barbara \u0160ari\u0107<\/p><p>Komunikacija s pacijentima pri izvo\u0111enju spirometrije<br \/><span style=\"color: #bf143c;\">Communication With Patients During the Performance of Spirometry<br \/><\/span><\/p><\/td><\/tr><tr><td style=\"text-align: center;\"><strong>11:10-11:20<\/strong><\/td><td><strong><span style=\"font-family: inherit; font-size: inherit;\">Pauza za kavu | <\/span><\/strong><span style=\"color: #bf143c;\"><strong>Coffee Break<\/strong><br \/><\/span><\/td><\/tr><tr><td style=\"text-align: center;\">\u00a0<\/td><td><strong>Voditelji | Chairpersons: Ivana Luki\u0107 Franoli\u0107, Zdeno Ko\u017eulj<\/strong><\/td><\/tr><tr><td style=\"text-align: center;\">11:25-11:35<\/td><td><p>Maja Odorjan Novak<\/p><p>Simboli\u010dki interakcionizam kao sociolo\u0161ko, teorijsko polazi\u0161te unapre\u0111enja odnosa medicinskih sestara i pacijenata<br \/><span style=\"color: #bf143c;\">Symbolic Interactionism as a Sociological, Theoretical Starting Point for Improving the Relationship Between Nurses and Patients\u00a0<\/span><\/p><\/td><\/tr><tr><td style=\"text-align: center;\">11:40-11:50<\/td><td><p>Snje\u017eana Bru\u0107i<\/p><p>Dermatolo\u0161ke intervencije \/ novi standard \u2013 specijalna bolnica za medicinsku rehabilitaciju NAFTALAN<br \/><span style=\"color: #bf143c;\">Dermatological Interventions \/ New Standard \u2013 Special Hospital for Medical Rehabilitation Naftalan<\/span><\/p><\/td><\/tr><tr><td style=\"text-align: center;\">11:55-12:05<\/td><td><p>Ana Umi\u0107evi\u0107; A. \u017divku\u0161i\u0107; Tanja Zovko; I. Dobri\u0107; Azra Hod\u017ei\u0107<\/p><p>Terapijske mogu\u0107nosti u lije\u010denju plu\u0107ne arterijske hipertenzije<br \/><span style=\"color: #bf143c;\">Therapeutic Possibilities in the Treatment of Pulmonary Arterial Hypertension<\/span><\/p><\/td><\/tr><tr><td style=\"text-align: center;\">12:10-12:40<\/td><td><p>Ivona Poljak, Martina \u010cubeli\u0107<\/p><p>Tehnike psiholo\u0161ke samopomo\u0107i na radnom mjestu<br \/><span style=\"color: #bf143c;\">Psychological Self-Help Techniques in the Workplace<\/span><\/p><\/td><\/tr><tr><td style=\"text-align: center;\"><strong>12:40-13:40<\/strong><\/td><td><strong>Ru\u010dak | <span style=\"color: #bf143c;\">Lunch\u00a0<\/span><\/strong><\/td><\/tr><tr><td style=\"text-align: center;\">\u00a0<\/td><td><strong>Voditelji | Chairpersons: Dijana Mato\u0161evi\u0107 i Ana Umi\u010devi\u0107<\/strong><\/td><\/tr><tr><td style=\"text-align: center;\">13:45-13:55<\/td><td><p>Belma Malko\u010d, Jelena Kesi\u0107, Ana Ore\u0161ki<\/p><p>Sestrinska skrb bolesnika sa emfizemom plu\u0107a<br \/><span style=\"color: #bf143c;\">Nursing Care of Patients with Pulmonary Emphysema<\/span><\/p><\/td><\/tr><tr><td style=\"text-align: center;\">14:00-14:10<\/td><td><p>Ivana Rubil, A. Mla\u0111en, A. Renduli\u0107, Zdeno Ko\u017eulj, L. Ranogajec, A. Me\u0161i\u0107, Irena Godi\u0107, Marina Lampalo<\/p><p>Va\u017enost D vitamina u opstruktivnim bolestima plu\u0107a<br \/><span style=\"color: #bf143c;\">Effect Of Vitamin D In Obstructive Lung Diseases<\/span><\/p><\/td><\/tr><tr><td style=\"text-align: center;\">14:15-14:25<\/td><td><p>Ivana Lali\u0107 \u010ci\u010dkovi\u0107, Ivana Bari\u0161i\u0107, Tihana Odoba\u0161i\u0107 Palkovi\u0107, Irena Godi\u0107<\/p><p>Put kroz nove terapijske mogu\u0107nosti u cisti\u010dnoj fibrozi \u2013 (ne)o\u010dekivani rezultati<br \/><span style=\"color: #bf143c;\">The Path Through CFTR Modulator Therapy \u2013 (Un)Expected Results<br \/><\/span><\/p><\/td><\/tr><tr><td style=\"text-align: center;\">14:30-14:40<\/td><td><p>Antonio Jeli\u0107, Patricija Mihi\u0107, Ivana Bari\u0161i\u0107, Tihana Odoba\u0161i\u0107 Palkovi\u0107<\/p><p>Trudno\u0107a kao veliki izazov u cisti\u010dnoj fibrozi<br \/><span style=\"color: #bf143c;\">Pregnancy As a Big Challenge in Cystic Fibrosis<\/span><\/p><\/td><\/tr><tr><td style=\"text-align: center;\">14:45-14:55<\/td><td><p>Mia Vukas<\/p><p>Prevencija infekcija u jedinicama intenzivnog lije\u010denja<br \/><span style=\"color: #bf143c;\">Prevention Of Infections in Intensive Care Units<\/span><\/p><\/td><\/tr><tr><td style=\"text-align: center;\">15:00-15:10<\/td><td><p>Dorotea Magdi\u0107, Tonina Radman, Ivana Bari\u0161i\u0107, Tihana Odoba\u0161i\u0107 Palkovi\u0107<\/p><p>Stigmatizacija oboljelih od tuberkuloze \u2013 utjecaj na mentalno zdravlje pacijenata<br \/><span style=\"color: #bf143c;\">Stigmatization of Tuberculosis Sufferers \u2013 Impact on The Mental Health of Patients<\/span><\/p><\/td><\/tr><tr><td style=\"text-align: center;\"><strong>15:15-15:35<\/strong><\/td><td><strong>Pauza za kavu | <span style=\"color: #bf143c;\">Coffee Break<\/span><\/strong><\/td><\/tr><tr><td style=\"text-align: center;\">15:40-15:50<\/td><td><p>Anita Bre\u0161ki, Martina Abramovi\u0107, Ana Matai\u0107, Sven Seiwerth, Lovorka Batelja Vuleti\u0107<\/p><p>Uloga imunohistokemije u razlikovanju primarnog adenokarcinoma plu\u0107a od metastatskog karcinoma dojke<br \/><span style=\"color: #bf143c;\">The Role of Immunohistochemistry in Distinguishing Primary Lung Adenocarcinoma from Metastatic Breast Cancer<br \/><\/span><\/p><\/td><\/tr><tr><td style=\"text-align: center;\">15:50-16:00<\/td><td><p>Kristina Mikajevi\u0107, Debi \u017div\u010di\u0107 Tomi\u0107, Nikolina Perak, Hrvoje Krstanovi\u0107,<br \/>Nikolino \u017dura i Martina \u0106ubi\u0107<\/p><p>Fizioterapijski postupci kod transplantiranih bolesnika<br \/><span style=\"color: #bf143c;\">Physiotherapy Procedures in Transplant Patients<\/span><\/p><\/td><\/tr><tr><td style=\"text-align: center;\">15:55-16:05<\/td><td><p>Lana Vrani\u0107, Marija Zubec, Liljana Konecki<\/p><p>Uloga spiroergometrije u dijagnostici zaduhe<br \/><span style=\"color: #bf143c;\">The Role in The Diagnosis of Dysphnea <\/span><\/p><\/td><\/tr><tr><td style=\"text-align: center;\">16:10-16:20<\/td><td><p>Vlatka Rado, Aleksandra Kraljevi\u0107, Matej Tadejevi\u0107, Dino Glavo\u010devi\u0107<\/p><p>Suvremene metode u respiratornoj fizioterapiji<br \/><span style=\"color: #bf143c;\">Modern Methods in Respiratory Physiotherapy<\/span><\/p><\/td><\/tr><tr><td style=\"text-align: center;\">16:25-16:35<\/td><td><p>Domagoj Musulin<\/p><p>MULTIPLEX PCR<br \/><span style=\"color: #bf143c;\">MULTIPLEX PCR <\/span><\/p><\/td><\/tr><tr><td style=\"text-align: center;\">16:40-16:50<\/td><td><p>Ivana Luki\u0107 Franoli\u0107<\/p><p>Transtorakalna biopsija plu\u0107a \u2013 \u0161to o\u010dekivati?<br \/><span style=\"color: #bf143c;\">Transthoracic Lung Biopsy &#8211; What to Expect<\/span><\/p><\/td><\/tr><tr><td style=\"text-align: center;\">16:55-17:15<\/td><td><p>Irena Godi\u0107<\/p><p>Zaklju\u010dak i zatvaranje | <span style=\"color: #bf143c;\">Conclusion And Closure<\/span><\/p><\/td><\/tr><tr><td style=\"text-align: center;\">20:00<\/td><td>Dru\u017eenje i domjenak u Johann Francku, Trg bana Josipa Jela\u010di\u0107a 9, Zagreb<br \/><span style=\"color: #bf143c;\">Get-together evening at the Johann Franck, Trg bana Josipa Jela\u010di\u0107a 9, Zagreb<\/span><\/td><\/tr><\/tbody><\/table><div>\u00a0<\/div>\t\t\t\t\t\t<\/div>\n\t\t\t\t<\/div>\n\t\t\t\t\t<\/div>\n\t\t\t\t<\/div>\n\t\t\t\t<\/div>\n\t\t<div id=\"e-n-tab-content-4523\" role=\"tabpanel\" aria-labelledby=\"e-n-tabs-title-4523\" data-tab-index=\"3\" style=\"--n-tabs-title-order: 3;\" class=\"elementor-element elementor-element-be2ab54 e-flex e-con-boxed e-con e-parent\" data-id=\"be2ab54\" data-element_type=\"container\" data-core-v316-plus=\"true\">\n\t\t\t\t\t<div class=\"e-con-inner\">\n\t\t<div class=\"elementor-element elementor-element-8a86517 e-flex e-con-boxed e-con e-parent\" data-id=\"8a86517\" data-element_type=\"container\" data-core-v316-plus=\"true\">\n\t\t\t\t\t<div class=\"e-con-inner\">\n\t\t\t\t<div class=\"elementor-element elementor-element-4a0cba6 elementor-widget elementor-widget-text-editor\" data-id=\"4a0cba6\" data-element_type=\"widget\" data-widget_type=\"text-editor.default\">\n\t\t\t\t<div class=\"elementor-widget-container\">\n\t\t\t\t\t\t\t<table>\n<tbody>\n<tr>\n<td style=\"text-align: center;\"><\/td>\n<td width=\"80%\"><strong><span style=\"color: #BF143C;\">Subota, 27. svibnja 2023. | Saturday, May 27th 2023<\/span><\/strong><\/td>\n<\/tr>\n<tr>\n<td style=\"text-align: center;\"><strong>11:35<\/strong><\/td>\n<td><strong>Nagrada za najbolje postere | <span style=\"color: #BF143C;\">Best poster award<\/span><\/strong><\/td>\n<\/tr>\n<\/tbody>\n<\/table>\t\t\t\t\t\t<\/div>\n\t\t\t\t<\/div>\n\t\t\t\t\t<\/div>\n\t\t\t\t<\/div>\n\t\t\t\t\t<\/div>\n\t\t\t\t<\/div>\n\t\t\t\t\t<\/div>\n\t\t<\/div>\n\t\t\t\t<\/div>\n\t\t\t\t<\/div>\n\t\t\t\t<\/div>\n\t\t\t\t<\/div>","protected":false},"excerpt":{"rendered":"<p>\u010cetvrtak, 25. Svibnja 2023.Thursday, May 25th 2023 Petak, 26. svibnja 2023.Friday, May 26th 2023 Subota, 27. svibnja 2023.Saturday, May 27th 2023 \u010cetvrtak, 25. Svibnja 2023.Thursday, May 25th 2023 \u00a0 \u010cetvrtak 25. svibnja 2023 | Thursday, May 25th 2023 08:30-17:00 Registracija sudionika | Registration \u00a0 Voditelji | Chairpersons: Irena Godi\u0107, Ana Savovi\u0107 09:30-10:00 Irena Godi\u0107, Ana [&hellip;]<\/p>","protected":false},"author":2,"featured_media":0,"parent":137,"menu_order":0,"comment_status":"closed","ping_status":"closed","template":"","meta":{"footnotes":""},"class_list":["post-141","page","type-page","status-publish","hentry"],"_links":{"self":[{"href":"https:\/\/web.penta-pco.com\/toraks2023\/en\/wp-json\/wp\/v2\/pages\/141","targetHints":{"allow":["GET"]}}],"collection":[{"href":"https:\/\/web.penta-pco.com\/toraks2023\/en\/wp-json\/wp\/v2\/pages"}],"about":[{"href":"https:\/\/web.penta-pco.com\/toraks2023\/en\/wp-json\/wp\/v2\/types\/page"}],"author":[{"embeddable":true,"href":"https:\/\/web.penta-pco.com\/toraks2023\/en\/wp-json\/wp\/v2\/users\/2"}],"replies":[{"embeddable":true,"href":"https:\/\/web.penta-pco.com\/toraks2023\/en\/wp-json\/wp\/v2\/comments?post=141"}],"version-history":[{"count":118,"href":"https:\/\/web.penta-pco.com\/toraks2023\/en\/wp-json\/wp\/v2\/pages\/141\/revisions"}],"predecessor-version":[{"id":532,"href":"https:\/\/web.penta-pco.com\/toraks2023\/en\/wp-json\/wp\/v2\/pages\/141\/revisions\/532"}],"up":[{"embeddable":true,"href":"https:\/\/web.penta-pco.com\/toraks2023\/en\/wp-json\/wp\/v2\/pages\/137"}],"wp:attachment":[{"href":"https:\/\/web.penta-pco.com\/toraks2023\/en\/wp-json\/wp\/v2\/media?parent=141"}],"curies":[{"name":"wp","href":"https:\/\/api.w.org\/{rel}","templated":true}]}}