{"id":35,"date":"2023-03-14T08:57:08","date_gmt":"2023-03-14T07:57:08","guid":{"rendered":"https:\/\/web.penta-pco.com\/toraks2023\/smjestaj\/"},"modified":"2023-03-14T10:59:32","modified_gmt":"2023-03-14T09:59:32","slug":"smjestaj","status":"publish","type":"page","link":"https:\/\/web.penta-pco.com\/toraks2023\/en\/smjestaj\/","title":{"rendered":"Accommodation"},"content":{"rendered":"<p><strong>The Westin Zagreb Hotel&nbsp;<\/strong><br>Kr\u0161njavoga 1, 10000 Zagreb<\/p>\n\n\n\n<p>Accommodation period: 24.-27.5.2022.<\/p>\n\n\n\n<figure class=\"wp-block-table\"><table><thead><tr><th class=\"has-text-align-center\" data-align=\"center\">Room Type<\/th><th class=\"has-text-align-center\" data-align=\"center\">Price per room, per night<\/th><\/tr><\/thead><tbody><tr><td class=\"has-text-align-center\" data-align=\"center\">Single room<\/td><td class=\"has-text-align-center\" data-align=\"center\">137 EUR<\/td><\/tr><tr><td class=\"has-text-align-center\" data-align=\"center\">Double room<\/td><td class=\"has-text-align-center\" data-align=\"center\">150 EUR<\/td><\/tr><\/tbody><\/table><\/figure>\n\n\n\n<p>The price includes overnight stay in the selected room, rich buffet breakfast, tourist tax, free internet and VAT.&nbsp;<\/p>\n\n\n\n<p>Check-in time: from 14:00<\/p>\n\n\n\n<p>Check-out time: until 12:00&nbsp;<\/p>\n\n\n\n<p>Surcharge for early check-in\/late check-out: 11 EUR per room \/ per hour<\/p>\n\n\n\n<div style=\"height:20px\" aria-hidden=\"true\" class=\"wp-block-spacer\"><\/div>\n\n\n\n<h2 class=\"has-medium-font-size wp-block-heading\">Changes and cancellations<\/h2>\n\n\n\n<p>In case of cancellation by the customer or reduction of the number of nights, cancellation costs are charged as follows:&nbsp;<\/p>\n\n\n\n<ul class=\"wp-block-list\">\n<li>from 08.05.2023. cancellation cost in the amount of 50% of the accommodation price&nbsp;<\/li>\n\n\n\n<li>from 15.05.2023. cancellation cost in the amount of 100% of the accommodation price<\/li>\n<\/ul>\n\n\n\n<div style=\"height:20px\" aria-hidden=\"true\" class=\"wp-block-spacer\"><\/div>\n\n\n\n<figure class=\"wp-block-gallery has-nested-images columns-default is-cropped wp-block-gallery-1 is-layout-flex wp-block-gallery-is-layout-flex\">\n<figure class=\"wp-block-image size-large\"><a href=\"https:\/\/web.penta-pco.com\/toraks2023\/wp-content\/uploads\/2023\/03\/zagwi-guestroom-9019-hor-clsc.jpg\"><img fetchpriority=\"high\" decoding=\"async\" width=\"1024\" height=\"683\" data-id=\"38\" src=\"https:\/\/web.penta-pco.com\/toraks2023\/wp-content\/uploads\/2023\/03\/zagwi-guestroom-9019-hor-clsc-1024x683.jpg\" alt=\"\" class=\"wp-image-38\" srcset=\"https:\/\/web.penta-pco.com\/toraks2023\/wp-content\/uploads\/2023\/03\/zagwi-guestroom-9019-hor-clsc-1024x683.jpg 1024w, https:\/\/web.penta-pco.com\/toraks2023\/wp-content\/uploads\/2023\/03\/zagwi-guestroom-9019-hor-clsc-300x200.jpg 300w, https:\/\/web.penta-pco.com\/toraks2023\/wp-content\/uploads\/2023\/03\/zagwi-guestroom-9019-hor-clsc-768x512.jpg 768w, https:\/\/web.penta-pco.com\/toraks2023\/wp-content\/uploads\/2023\/03\/zagwi-guestroom-9019-hor-clsc.jpg 1215w\" sizes=\"(max-width: 1024px) 100vw, 1024px\" \/><\/a><\/figure>\n\n\n\n<figure class=\"wp-block-image size-large\"><a href=\"https:\/\/web.penta-pco.com\/toraks2023\/wp-content\/uploads\/2023\/03\/zagwi-rendez-vous-4991-hor-clsc.jpg\"><img decoding=\"async\" width=\"1024\" height=\"683\" data-id=\"37\" src=\"https:\/\/web.penta-pco.com\/toraks2023\/wp-content\/uploads\/2023\/03\/zagwi-rendez-vous-4991-hor-clsc-1024x683.jpg\" alt=\"\" class=\"wp-image-37\" srcset=\"https:\/\/web.penta-pco.com\/toraks2023\/wp-content\/uploads\/2023\/03\/zagwi-rendez-vous-4991-hor-clsc-1024x683.jpg 1024w, https:\/\/web.penta-pco.com\/toraks2023\/wp-content\/uploads\/2023\/03\/zagwi-rendez-vous-4991-hor-clsc-300x200.jpg 300w, https:\/\/web.penta-pco.com\/toraks2023\/wp-content\/uploads\/2023\/03\/zagwi-rendez-vous-4991-hor-clsc-768x512.jpg 768w, https:\/\/web.penta-pco.com\/toraks2023\/wp-content\/uploads\/2023\/03\/zagwi-rendez-vous-4991-hor-clsc.jpg 1215w\" sizes=\"(max-width: 1024px) 100vw, 1024px\" \/><\/a><\/figure>\n\n\n\n<figure class=\"wp-block-image size-large\"><a href=\"https:\/\/web.penta-pco.com\/toraks2023\/wp-content\/uploads\/2023\/03\/zagwi-exterior-8832-hor-clsc.jpg\"><img decoding=\"async\" width=\"1024\" height=\"683\" data-id=\"36\" src=\"https:\/\/web.penta-pco.com\/toraks2023\/wp-content\/uploads\/2023\/03\/zagwi-exterior-8832-hor-clsc-1024x683.jpg\" alt=\"\" class=\"wp-image-36\" srcset=\"https:\/\/web.penta-pco.com\/toraks2023\/wp-content\/uploads\/2023\/03\/zagwi-exterior-8832-hor-clsc-1024x683.jpg 1024w, https:\/\/web.penta-pco.com\/toraks2023\/wp-content\/uploads\/2023\/03\/zagwi-exterior-8832-hor-clsc-300x200.jpg 300w, https:\/\/web.penta-pco.com\/toraks2023\/wp-content\/uploads\/2023\/03\/zagwi-exterior-8832-hor-clsc-768x512.jpg 768w, https:\/\/web.penta-pco.com\/toraks2023\/wp-content\/uploads\/2023\/03\/zagwi-exterior-8832-hor-clsc.jpg 1215w\" sizes=\"(max-width: 1024px) 100vw, 1024px\" \/><\/a><\/figure>\n<\/figure>","protected":false},"excerpt":{"rendered":"<p>The Westin Zagreb Hotel&nbsp;Kr\u0161njavoga 1, 10000 Zagreb Termin boravka: 24.-27.5.2022. Tip sobe Cijene po sobi za jedno no\u0107enje Jednokrevetna soba 137 EUR Dvokrevetna soba 150 EUR Cijena uklju\u010duje: no\u0107enje u odabranoj sobi, bogati buffet doru\u010dak, boravi\u0161nu pristojbu,&nbsp;besplatni internet i PDV.&nbsp; Vrijeme prijave u hotel: od 14:00h Vrijeme odjave: do 12:00h&nbsp; Nadoplata za ranu prijavu\/kasnu odjavu: [&hellip;]<\/p>","protected":false},"author":2,"featured_media":0,"parent":0,"menu_order":0,"comment_status":"closed","ping_status":"closed","template":"","meta":{"footnotes":""},"class_list":["post-35","page","type-page","status-publish","hentry"],"_links":{"self":[{"href":"https:\/\/web.penta-pco.com\/toraks2023\/en\/wp-json\/wp\/v2\/pages\/35","targetHints":{"allow":["GET"]}}],"collection":[{"href":"https:\/\/web.penta-pco.com\/toraks2023\/en\/wp-json\/wp\/v2\/pages"}],"about":[{"href":"https:\/\/web.penta-pco.com\/toraks2023\/en\/wp-json\/wp\/v2\/types\/page"}],"author":[{"embeddable":true,"href":"https:\/\/web.penta-pco.com\/toraks2023\/en\/wp-json\/wp\/v2\/users\/2"}],"replies":[{"embeddable":true,"href":"https:\/\/web.penta-pco.com\/toraks2023\/en\/wp-json\/wp\/v2\/comments?post=35"}],"version-history":[{"count":7,"href":"https:\/\/web.penta-pco.com\/toraks2023\/en\/wp-json\/wp\/v2\/pages\/35\/revisions"}],"predecessor-version":[{"id":119,"href":"https:\/\/web.penta-pco.com\/toraks2023\/en\/wp-json\/wp\/v2\/pages\/35\/revisions\/119"}],"wp:attachment":[{"href":"https:\/\/web.penta-pco.com\/toraks2023\/en\/wp-json\/wp\/v2\/media?parent=35"}],"curies":[{"name":"wp","href":"https:\/\/api.w.org\/{rel}","templated":true}]}}