{"id":41,"date":"2023-03-14T08:57:11","date_gmt":"2023-03-14T07:57:11","guid":{"rendered":"https:\/\/web.penta-pco.com\/toraks2023\/registracija\/"},"modified":"2023-03-14T10:30:17","modified_gmt":"2023-03-14T09:30:17","slug":"registracija","status":"publish","type":"page","link":"https:\/\/web.penta-pco.com\/toraks2023\/en\/registracija\/","title":{"rendered":"Registration"},"content":{"rendered":"<p>Participants can register online or by sending an e-mail request to the technical organizer.<\/p>\n\n\n\n<p>In all applications, whether individual or group, it is mandatory to state name, surname, registration type and e-mail address of each individual participant.<\/p>\n\n\n\n<div style=\"height:20px\" aria-hidden=\"true\" class=\"wp-block-spacer\"><\/div>\n\n\n\n<h2 class=\"has-medium-font-size wp-block-heading\">FEES<\/h2>\n\n\n\n<figure class=\"wp-block-table\"><table><thead><tr><th class=\"has-text-align-center\" data-align=\"center\">Category<\/th><th class=\"has-text-align-center\" data-align=\"center\">Price<\/th><\/tr><\/thead><tbody><tr><td class=\"has-text-align-center\" data-align=\"center\">Doctors<\/td><td class=\"has-text-align-center\" data-align=\"center\">300 EUR<\/td><\/tr><tr><td class=\"has-text-align-center\" data-align=\"center\">Industry<\/td><td class=\"has-text-align-center\" data-align=\"center\">250 EUR<\/td><\/tr><tr><td class=\"has-text-align-center\" data-align=\"center\">Residents, students<\/td><td class=\"has-text-align-center\" data-align=\"center\">100 EUR<\/td><\/tr><tr><td class=\"has-text-align-center\" data-align=\"center\">Nurses<\/td><td class=\"has-text-align-center\" data-align=\"center\">100 EUR<\/td><\/tr><tr><td class=\"has-text-align-center\" data-align=\"center\">Daily registration fees<\/td><td class=\"has-text-align-center\" data-align=\"center\">90 EUR<\/td><\/tr><\/tbody><\/table><\/figure>\n\n\n\n<div class=\"wp-block-buttons is-content-justification-center is-layout-flex wp-container-core-buttons-is-layout-16018d1d wp-block-buttons-is-layout-flex\">\n<div class=\"wp-block-button\" style=\"letter-spacing:0.1em;text-transform:uppercase\"><a class=\"wp-block-button__link has-white-color has-text-color has-background wp-element-button\" href=\"https:\/\/registration.penta-pco.com\/system\/openEvent.php?eventID=18231\" style=\"border-radius:5px;background-color:#182859\" target=\"_blank\" rel=\"noreferrer noopener\">Online registration<\/a><\/div>\n<\/div>\n\n\n\n<div style=\"height:20px\" aria-hidden=\"true\" class=\"wp-block-spacer\"><\/div>\n\n\n\n<h2 class=\"has-medium-font-size wp-block-heading\">PAYMENT<\/h2>\n\n\n\n<p>Payment can be made through secure online credit card payment system or by bank transfer based on a proforma invoice received after completing your registration.<\/p>\n\n\n\n<p>Credit cards: American Express, Euro Card\/MasterCard and Visa.<\/p>\n\n\n\n<p>Bank charges are the responsibility of the payer, who is obliged to pay all bank charges.<\/p>\n\n\n\n<div style=\"height:20px\" aria-hidden=\"true\" class=\"wp-block-spacer\"><\/div>\n\n\n\n<h2 class=\"has-medium-font-size wp-block-heading\">OFFICIAL LANGUAGE<\/h2>\n\n\n\n<p>The official languages \u200b\u200bof the Congress are Croatian and English (simultaneous translation will not be provided).<\/p>\n\n\n\n<div style=\"height:20px\" aria-hidden=\"true\" class=\"wp-block-spacer\"><\/div>\n\n\n\n<h2 class=\"has-medium-font-size wp-block-heading\">POINTS<\/h2>\n\n\n\n<p><strong>CROATIAN MEDICAL CHAMBER<\/strong><\/p>\n\n\n\n<p>Participants will receive the certificates of attendance and awarded points from Croatian Medical Chamber for active and passive participation.<\/p>\n\n\n\n<div style=\"height:20px\" aria-hidden=\"true\" class=\"wp-block-spacer\"><\/div>\n\n\n\n<p><strong>CROATIAN CHAMBER OF NURSES<\/strong><\/p>\n\n\n\n<p>Nurses will be awarded points according to the Croatian Chamber of Nurses Rulebook with mandatory presentation of a membership card.<\/p>","protected":false},"excerpt":{"rendered":"<p>Sudionici se prijavljuju na kongres online ili mailom tehni\u010dkom organizatoru. U svim prijavama, bilo individualnim ili grupnim, obavezno je navo\u0111enje e-mail adrese svakog pojedinog sudionika. KOTIZACIJE Vrsta kotizacije Cijena Lije\u010dnici specijalisti 300 EUR Sponzori, izlaga\u010di 250 EUR Specijalizanti, studenti 100 EUR Medicinske sestre 100 EUR Dnevne kotizacije 90 EUR PLA\u0106ANJE Uplate kotizacija mogu se izvr\u0161iti [&hellip;]<\/p>","protected":false},"author":2,"featured_media":0,"parent":0,"menu_order":0,"comment_status":"closed","ping_status":"closed","template":"","meta":{"footnotes":""},"class_list":["post-41","page","type-page","status-publish","hentry"],"_links":{"self":[{"href":"https:\/\/web.penta-pco.com\/toraks2023\/en\/wp-json\/wp\/v2\/pages\/41","targetHints":{"allow":["GET"]}}],"collection":[{"href":"https:\/\/web.penta-pco.com\/toraks2023\/en\/wp-json\/wp\/v2\/pages"}],"about":[{"href":"https:\/\/web.penta-pco.com\/toraks2023\/en\/wp-json\/wp\/v2\/types\/page"}],"author":[{"embeddable":true,"href":"https:\/\/web.penta-pco.com\/toraks2023\/en\/wp-json\/wp\/v2\/users\/2"}],"replies":[{"embeddable":true,"href":"https:\/\/web.penta-pco.com\/toraks2023\/en\/wp-json\/wp\/v2\/comments?post=41"}],"version-history":[{"count":8,"href":"https:\/\/web.penta-pco.com\/toraks2023\/en\/wp-json\/wp\/v2\/pages\/41\/revisions"}],"predecessor-version":[{"id":117,"href":"https:\/\/web.penta-pco.com\/toraks2023\/en\/wp-json\/wp\/v2\/pages\/41\/revisions\/117"}],"wp:attachment":[{"href":"https:\/\/web.penta-pco.com\/toraks2023\/en\/wp-json\/wp\/v2\/media?parent=41"}],"curies":[{"name":"wp","href":"https:\/\/api.w.org\/{rel}","templated":true}]}}