{"id":443,"date":"2023-05-15T09:28:21","date_gmt":"2023-05-15T07:28:21","guid":{"rendered":"https:\/\/web.penta-pco.com\/toraks2023\/?page_id=443"},"modified":"2023-05-15T10:42:15","modified_gmt":"2023-05-15T08:42:15","slug":"tecaj","status":"publish","type":"page","link":"https:\/\/web.penta-pco.com\/toraks2023\/en\/program\/tecaj\/","title":{"rendered":"Program te\u010daja"},"content":{"rendered":"<table>\n<tbody>\n<tr>\n<td style=\"text-align: center;\"><\/td>\n<td width=\"80%\"><strong><span style=\"color: #95101d;\">Subota, 27. svibnja 2023. | Saturday, May 27th 2023<\/span><\/strong><\/td>\n<\/tr>\n<tr>\n<td style=\"text-align: center; background: #95101D!important; color: #fff;\">10:00-10:15<\/td>\n<td style=\"background: #95101D!important; color: #fff;\"><strong>Post-TORAKS Course<\/strong><\/p>\n<p><strong>Suvremena dijagnostika bolesti pleure | Up\u00a0to\u00a0Date\u00a0Diagnostics\u00a0in\u00a0Pleural\u00a0Diseases<\/strong><\/td>\n<\/tr>\n<tr>\n<td style=\"text-align: center;\">12:00-12:05<\/td>\n<td width=\"80%\">Maximalan broj sudionika: 20<\/p>\n<p>Prijave na mail adrijana@toraks.hr do 18. svibnja 2023.<\/p>\n<p>Kotizacija: 120 EUR<\/td>\n<\/tr>\n<tr>\n<td style=\"text-align: center;\">12:00-12:05<\/td>\n<td width=\"80%\">Marta Kor\u0161i\u0107<\/p>\n<p>Uvod | <span style=\"color: #95101d;\">Introduction<\/span><\/td>\n<\/tr>\n<tr>\n<td style=\"text-align: center;\">12:05-12:20<\/td>\n<td width=\"80%\">Marta Kor\u0161i\u0107<\/p>\n<p>Algoritam obrade i biokemijska analiza pleuralnog izljeva<\/p>\n<p><span style=\"color: #95101d;\">Diagnostic approach to pleural effusion Biochemical analysis of pleural fluid: what should we measure? <\/span><\/td>\n<\/tr>\n<tr>\n<td style=\"text-align: center;\">12:20-12:35<\/td>\n<td width=\"80%\">Vesna \u0160imi\u0107<\/p>\n<p>Dijagnosti\u010dki doseg citologije u dijagnostici bolesti pleure<\/p>\n<p><span style=\"color: #95101d;\">Role of citologic evaluatin of pleural effusion <\/span><\/td>\n<\/tr>\n<tr>\n<td style=\"text-align: center;\">12:35-12:50<\/td>\n<td width=\"80%\">Lovorka Batelja-Vuleti\u0107<\/p>\n<p>Patologija pleure &#8211; \u0161to pulmolog treba znati<\/p>\n<p><span style=\"color: #95101d;\">Pathology of Pleura &#8211; What pulmonologist needs to know<\/span><\/td>\n<\/tr>\n<tr>\n<td style=\"text-align: center;\">12:50-13:05<\/td>\n<td width=\"80%\">Ivana Marekovi\u0107<\/p>\n<p>Mikrobiolo\u0161ka analiza pleuralnog izljeva<\/p>\n<p><span style=\"color: #95101d;\">Microbiological analysis of pleural fluid<\/span><\/td>\n<\/tr>\n<tr>\n<td style=\"text-align: center;\">13:05-13:15<\/td>\n<td width=\"80%\">Rasprava | <span style=\"color: #95101d;\">Discussion<\/span><\/td>\n<\/tr>\n<tr>\n<td style=\"text-align: center;\">13:15-13:30<\/td>\n<td width=\"80%\">Pauza za kavu |\u00a0<span style=\"color: #95101d;\">Coffee break<\/span><\/td>\n<\/tr>\n<tr>\n<td style=\"text-align: center;\">13:30-13:50<\/td>\n<td width=\"80%\">Ivan \u0160kopljanac<\/p>\n<p>Uloga transtorakalnog UZV-a u dijagnostici bolesti pleure<\/p>\n<p><span style=\"color: #95101d;\">Chest ultrasound scan in pleural patology<\/span><\/td>\n<\/tr>\n<tr>\n<td style=\"text-align: center;\">13:50-14:10<\/td>\n<td width=\"80%\">Maja Hrabak Paar<\/p>\n<p>Radiolo\u0161ke osobitosti malignih i nemalignih bolesti pleure<\/p>\n<p><span style=\"color: #95101d;\">Radiological features of malignant and non-malignant pleural diseases<\/span><\/td>\n<\/tr>\n<tr>\n<td style=\"text-align: center;\">14:10-14:30<\/td>\n<td width=\"80%\">Filip Popovi\u0107<\/p>\n<p>Indikacije za slijepu biopsiju pleure i medicinsku torakoskopiju<\/p>\n<p><span style=\"color: #95101d;\">Indications for closed pleural biopsy and medical thoracoscopy<\/span><\/td>\n<\/tr>\n<tr>\n<td style=\"text-align: center;\">14:30-15:30<\/td>\n<td width=\"80%\">Radionica: Osnove transtorakalnog UZV-a<\/p>\n<p><span style=\"color: #95101d;\">WORKSHOP: Basic Thoracic Ultrasound<\/span><\/td>\n<\/tr>\n<\/tbody>\n<\/table>","protected":false},"excerpt":{"rendered":"<p>Subota, 27. svibnja 2023. | Saturday, May 27th 2023 10:00-10:15 Post-TORAKS Course Suvremena dijagnostika bolesti pleure | Up\u00a0to\u00a0Date\u00a0Diagnostics\u00a0in\u00a0Pleural\u00a0Diseases 12:00-12:05 Maximalan broj sudionika: 20 Prijave na mail adrijana@toraks.hr do 18. svibnja 2023. Kotizacija: 120 EUR 12:00-12:05 Marta Kor\u0161i\u0107 Uvod | Introduction 12:05-12:20 Marta Kor\u0161i\u0107 Algoritam obrade i biokemijska analiza pleuralnog izljeva Diagnostic approach to pleural effusion [&hellip;]<\/p>","protected":false},"author":2,"featured_media":0,"parent":137,"menu_order":0,"comment_status":"closed","ping_status":"closed","template":"","meta":{"footnotes":""},"class_list":["post-443","page","type-page","status-publish","hentry"],"_links":{"self":[{"href":"https:\/\/web.penta-pco.com\/toraks2023\/en\/wp-json\/wp\/v2\/pages\/443","targetHints":{"allow":["GET"]}}],"collection":[{"href":"https:\/\/web.penta-pco.com\/toraks2023\/en\/wp-json\/wp\/v2\/pages"}],"about":[{"href":"https:\/\/web.penta-pco.com\/toraks2023\/en\/wp-json\/wp\/v2\/types\/page"}],"author":[{"embeddable":true,"href":"https:\/\/web.penta-pco.com\/toraks2023\/en\/wp-json\/wp\/v2\/users\/2"}],"replies":[{"embeddable":true,"href":"https:\/\/web.penta-pco.com\/toraks2023\/en\/wp-json\/wp\/v2\/comments?post=443"}],"version-history":[{"count":3,"href":"https:\/\/web.penta-pco.com\/toraks2023\/en\/wp-json\/wp\/v2\/pages\/443\/revisions"}],"predecessor-version":[{"id":454,"href":"https:\/\/web.penta-pco.com\/toraks2023\/en\/wp-json\/wp\/v2\/pages\/443\/revisions\/454"}],"up":[{"embeddable":true,"href":"https:\/\/web.penta-pco.com\/toraks2023\/en\/wp-json\/wp\/v2\/pages\/137"}],"wp:attachment":[{"href":"https:\/\/web.penta-pco.com\/toraks2023\/en\/wp-json\/wp\/v2\/media?parent=443"}],"curies":[{"name":"wp","href":"https:\/\/api.w.org\/{rel}","templated":true}]}}