{"id":50,"date":"2023-03-14T08:57:11","date_gmt":"2023-03-14T07:57:11","guid":{"rendered":"https:\/\/web.penta-pco.com\/toraks2023\/dobrodosli\/"},"modified":"2023-05-15T15:44:48","modified_gmt":"2023-05-15T13:44:48","slug":"dobrodosli","status":"publish","type":"page","link":"https:\/\/web.penta-pco.com\/toraks2023\/en\/","title":{"rendered":"Welcome"},"content":{"rendered":"<div data-elementor-type=\"wp-page\" data-elementor-id=\"50\" class=\"elementor elementor-50\" data-elementor-post-type=\"page\">\n\t\t\t\t\t\t<section class=\"elementor-section elementor-top-section elementor-element elementor-element-6fa6aa9a elementor-section-boxed elementor-section-height-default elementor-section-height-default\" data-id=\"6fa6aa9a\" data-element_type=\"section\">\n\t\t\t\t\t\t<div class=\"elementor-container elementor-column-gap-default\">\n\t\t\t\t\t<div class=\"elementor-column elementor-col-100 elementor-top-column elementor-element elementor-element-6c48d65\" data-id=\"6c48d65\" data-element_type=\"column\">\n\t\t\t<div class=\"elementor-widget-wrap elementor-element-populated\">\n\t\t\t\t\t\t<div class=\"elementor-element elementor-element-5d035ee9 elementor-widget elementor-widget-text-editor\" data-id=\"5d035ee9\" data-element_type=\"widget\" data-widget_type=\"text-editor.default\">\n\t\t\t\t<div class=\"elementor-widget-container\">\n\t\t\t<style>\/*! elementor - v3.20.0 - 26-03-2024 *\/\n.elementor-widget-text-editor.elementor-drop-cap-view-stacked .elementor-drop-cap{background-color:#69727d;color:#fff}.elementor-widget-text-editor.elementor-drop-cap-view-framed .elementor-drop-cap{color:#69727d;border:3px solid;background-color:transparent}.elementor-widget-text-editor:not(.elementor-drop-cap-view-default) .elementor-drop-cap{margin-top:8px}.elementor-widget-text-editor:not(.elementor-drop-cap-view-default) .elementor-drop-cap-letter{width:1em;height:1em}.elementor-widget-text-editor .elementor-drop-cap{float:left;text-align:center;line-height:1;font-size:50px}.elementor-widget-text-editor .elementor-drop-cap-letter{display:inline-block}<\/style>\t\t\t\t<!-- wp:paragraph -->\n<p>Dear colleagues,<\/p>\n<p>It is my great pleasure to welcome you to the annual congress of the Croatian Thoracic Society - TORAKS 2023. For the thirteenth year in a row, we are gathering many healthcare professionals who care for patients with respiratory diseases, and for four congress days they will exchange the latest scientific and professional knowledge.<\/p>\n<p>As medicine advances extremely quickly, the need for a multidisciplinary approach to patients with pulmonary diseases arises, so the congress gathers not only pulmonologists, but also radiologists, surgeons, cytologists, pathologists, microbiologists, basic scientists, pharmacists and family medicine doctors. Of course, without nurses, the care of our patients would not be complete, therefore a separate part of the program is dedicated to nursing.<\/p>\n<p>We believe that during the congress you will find useful topics, enrich your knowledge, exchange experiences, and establish scientific and professional contacts.<\/p>\n<p>Academician Miroslav Samar\u017eija<\/p>\n<p>President of the Croatian Thoracic Society<\/p>\n<!-- \/wp:paragraph -->\t\t\t\t\t\t<\/div>\n\t\t\t\t<\/div>\n\t\t\t\t\t<\/div>\n\t\t<\/div>\n\t\t\t\t\t<\/div>\n\t\t<\/section>\n\t\t\t\t<\/div>","protected":false},"excerpt":{"rendered":"<p>Po\u0161tovane kolegice i kolege, Iznimno mi je zadovoljstvo po\u017eeljeti Vam dobrodo\u0161licu na godi\u0161njem kongresu Hrvatskog torakalnog dru\u0161tva TORAKS 2023. Ve\u0107 trinaestu godinu zaredom okupljamo velik broj zdravstvenih djelatnika koji skrbe o oboljelima od respiratornih bolesti, a tijekom \u010detiri dana izmjenjuju najnovije znanstvene i stru\u010dne spoznaje. Kako medicina iznimno brzo napreduje name\u0107e se potreba za multidisciplinarnim [&hellip;]<\/p>","protected":false},"author":2,"featured_media":0,"parent":0,"menu_order":0,"comment_status":"closed","ping_status":"closed","template":"","meta":{"footnotes":""},"class_list":["post-50","page","type-page","status-publish","hentry"],"_links":{"self":[{"href":"https:\/\/web.penta-pco.com\/toraks2023\/en\/wp-json\/wp\/v2\/pages\/50","targetHints":{"allow":["GET"]}}],"collection":[{"href":"https:\/\/web.penta-pco.com\/toraks2023\/en\/wp-json\/wp\/v2\/pages"}],"about":[{"href":"https:\/\/web.penta-pco.com\/toraks2023\/en\/wp-json\/wp\/v2\/types\/page"}],"author":[{"embeddable":true,"href":"https:\/\/web.penta-pco.com\/toraks2023\/en\/wp-json\/wp\/v2\/users\/2"}],"replies":[{"embeddable":true,"href":"https:\/\/web.penta-pco.com\/toraks2023\/en\/wp-json\/wp\/v2\/comments?post=50"}],"version-history":[{"count":8,"href":"https:\/\/web.penta-pco.com\/toraks2023\/en\/wp-json\/wp\/v2\/pages\/50\/revisions"}],"predecessor-version":[{"id":470,"href":"https:\/\/web.penta-pco.com\/toraks2023\/en\/wp-json\/wp\/v2\/pages\/50\/revisions\/470"}],"wp:attachment":[{"href":"https:\/\/web.penta-pco.com\/toraks2023\/en\/wp-json\/wp\/v2\/media?parent=50"}],"curies":[{"name":"wp","href":"https:\/\/api.w.org\/{rel}","templated":true}]}}