{"id":41,"date":"2023-03-14T08:57:11","date_gmt":"2023-03-14T07:57:11","guid":{"rendered":"https:\/\/web.penta-pco.com\/toraks2023\/registracija\/"},"modified":"2023-03-14T10:30:17","modified_gmt":"2023-03-14T09:30:17","slug":"registracija","status":"publish","type":"page","link":"https:\/\/web.penta-pco.com\/toraks2023\/registracija\/","title":{"rendered":"Registracija"},"content":{"rendered":"\n<p>Sudionici se prijavljuju na kongres online ili mailom tehni\u010dkom organizatoru.<\/p>\n\n\n\n<p>U svim prijavama, bilo individualnim ili grupnim, obavezno je navo\u0111enje e-mail adrese svakog pojedinog sudionika.<\/p>\n\n\n\n<div style=\"height:20px\" aria-hidden=\"true\" class=\"wp-block-spacer\"><\/div>\n\n\n\n<h2 class=\"has-medium-font-size wp-block-heading\">KOTIZACIJE<\/h2>\n\n\n\n<figure class=\"wp-block-table\"><table><thead><tr><th class=\"has-text-align-center\" data-align=\"center\">Vrsta kotizacije<\/th><th class=\"has-text-align-center\" data-align=\"center\">Cijena<\/th><\/tr><\/thead><tbody><tr><td class=\"has-text-align-center\" data-align=\"center\">Lije\u010dnici specijalisti<\/td><td class=\"has-text-align-center\" data-align=\"center\">300 EUR<\/td><\/tr><tr><td class=\"has-text-align-center\" data-align=\"center\">Sponzori, izlaga\u010di<\/td><td class=\"has-text-align-center\" data-align=\"center\">250 EUR<\/td><\/tr><tr><td class=\"has-text-align-center\" data-align=\"center\">Specijalizanti, studenti<\/td><td class=\"has-text-align-center\" data-align=\"center\">100 EUR<\/td><\/tr><tr><td class=\"has-text-align-center\" data-align=\"center\">Medicinske sestre<\/td><td class=\"has-text-align-center\" data-align=\"center\">100 EUR<\/td><\/tr><tr><td class=\"has-text-align-center\" data-align=\"center\">Dnevne kotizacije<\/td><td class=\"has-text-align-center\" data-align=\"center\">90 EUR<\/td><\/tr><\/tbody><\/table><\/figure>\n\n\n\n<div class=\"wp-block-buttons is-content-justification-center is-layout-flex wp-container-core-buttons-is-layout-16018d1d wp-block-buttons-is-layout-flex\">\n<div class=\"wp-block-button\" style=\"letter-spacing:0.1em;text-transform:uppercase\"><a class=\"wp-block-button__link has-white-color has-text-color has-background wp-element-button\" href=\"https:\/\/registration.penta-pco.com\/system\/openEvent.php?eventID=18231\" style=\"border-radius:5px;background-color:#182859\" target=\"_blank\" rel=\"noreferrer noopener\">Online registracija<\/a><\/div>\n<\/div>\n\n\n\n<div style=\"height:20px\" aria-hidden=\"true\" class=\"wp-block-spacer\"><\/div>\n\n\n\n<h2 class=\"has-medium-font-size wp-block-heading\">PLA\u0106ANJE<\/h2>\n\n\n\n<p>Uplate kotizacija mogu se izvr\u0161iti online kreditnim karticama ili uplatom na \u017eiro ra\u010dun tehni\u010dkog organizatora na osnovu predra\u010duna ili ra\u010duna kojeg izdaje tehni\u010dki organizator PENTA d.o.o.<\/p>\n\n\n\n<p>Prihva\u0107amo kreditne kartice: American Express, Euro Card\/MasterCard i Visa.<\/p>\n\n\n\n<p>Bankovne naknade su odgovornost uplatitelja, te je platitelj du\u017ean podmiriti sve bankovne naknade.<\/p>\n\n\n\n<div style=\"height:20px\" aria-hidden=\"true\" class=\"wp-block-spacer\"><\/div>\n\n\n\n<h2 class=\"has-medium-font-size wp-block-heading\">SLU\u017dBENI JEZIK<\/h2>\n\n\n\n<p>Slu\u017ebeni jezici Kongresa su hrvatski i engleski (simultano prevo\u0111enje ne\u0107e biti osigurano).<\/p>\n\n\n\n<div style=\"height:20px\" aria-hidden=\"true\" class=\"wp-block-spacer\"><\/div>\n\n\n\n<h2 class=\"has-medium-font-size wp-block-heading\">BODOVANJE<\/h2>\n\n\n\n<p><strong>HRVATSKA LIJE\u010cNI\u010cKA KOMORA<\/strong><\/p>\n\n\n\n<p>Skup \u0107e biti bodovan prema Pravilniku Hrvatske lije\u010dni\u010dke komore o bodovanju.<\/p>\n\n\n\n<div style=\"height:20px\" aria-hidden=\"true\" class=\"wp-block-spacer\"><\/div>\n\n\n\n<p><strong>HRVATSKA KOMORA MEDICINSKIH SESTARA<\/strong><\/p>\n\n\n\n<p>Medicinske sestre bit \u0107e bodovane prema Pravilniku HKMS-a uz obavezno predo\u010denje \u010dlanske iskaznice.<\/p>\n","protected":false},"excerpt":{"rendered":"<p>Sudionici se prijavljuju na kongres online ili mailom tehni\u010dkom organizatoru. U svim prijavama, bilo individualnim ili grupnim, obavezno je navo\u0111enje e-mail adrese svakog pojedinog sudionika. KOTIZACIJE Vrsta kotizacije Cijena Lije\u010dnici specijalisti 300 EUR Sponzori, izlaga\u010di 250 EUR Specijalizanti, studenti 100 EUR Medicinske sestre 100 EUR Dnevne kotizacije 90 EUR PLA\u0106ANJE Uplate kotizacija mogu se izvr\u0161iti [&hellip;]<\/p>\n","protected":false},"author":2,"featured_media":0,"parent":0,"menu_order":0,"comment_status":"closed","ping_status":"closed","template":"","meta":{"footnotes":""},"class_list":["post-41","page","type-page","status-publish","hentry"],"_links":{"self":[{"href":"https:\/\/web.penta-pco.com\/toraks2023\/wp-json\/wp\/v2\/pages\/41","targetHints":{"allow":["GET"]}}],"collection":[{"href":"https:\/\/web.penta-pco.com\/toraks2023\/wp-json\/wp\/v2\/pages"}],"about":[{"href":"https:\/\/web.penta-pco.com\/toraks2023\/wp-json\/wp\/v2\/types\/page"}],"author":[{"embeddable":true,"href":"https:\/\/web.penta-pco.com\/toraks2023\/wp-json\/wp\/v2\/users\/2"}],"replies":[{"embeddable":true,"href":"https:\/\/web.penta-pco.com\/toraks2023\/wp-json\/wp\/v2\/comments?post=41"}],"version-history":[{"count":8,"href":"https:\/\/web.penta-pco.com\/toraks2023\/wp-json\/wp\/v2\/pages\/41\/revisions"}],"predecessor-version":[{"id":117,"href":"https:\/\/web.penta-pco.com\/toraks2023\/wp-json\/wp\/v2\/pages\/41\/revisions\/117"}],"wp:attachment":[{"href":"https:\/\/web.penta-pco.com\/toraks2023\/wp-json\/wp\/v2\/media?parent=41"}],"curies":[{"name":"wp","href":"https:\/\/api.w.org\/{rel}","templated":true}]}}