{"id":47,"date":"2023-03-14T08:57:11","date_gmt":"2023-03-14T07:57:11","guid":{"rendered":"https:\/\/web.penta-pco.com\/toraks2023\/organizator\/"},"modified":"2023-05-08T22:57:47","modified_gmt":"2023-05-08T20:57:47","slug":"organizator","status":"publish","type":"page","link":"https:\/\/web.penta-pco.com\/toraks2023\/organizator\/","title":{"rendered":"Organizator"},"content":{"rendered":"\n<h2 class=\"wp-block-heading has-medium-font-size\">ORGANIZATOR&nbsp;<\/h2>\n\n\n\n<p>Hrvatsko torakalno dru\u0161tvo<\/p>\n\n\n\n<p><a href=\"http:\/\/www.toraks.hr\" data-type=\"URL\" data-id=\"www.toraks.hr\">www.toraks.hr<\/a><\/p>\n\n\n\n<div style=\"height:20px\" aria-hidden=\"true\" class=\"wp-block-spacer\"><\/div>\n\n\n\n<h2 class=\"wp-block-heading has-medium-font-size\">ORGANIZACIJSKI ODBOR&nbsp;<\/h2>\n\n\n\n<p>PREDSJEDNIK:<\/p>\n\n\n\n<p>Miroslav Samar\u017eija<\/p>\n\n\n\n<div style=\"height:10px\" aria-hidden=\"true\" class=\"wp-block-spacer\"><\/div>\n\n\n\n<p>TAJNIK:<\/p>\n\n\n\n<p>Marko Jakopovi\u0107<\/p>\n\n\n\n<div style=\"height:10px\" aria-hidden=\"true\" class=\"wp-block-spacer\"><\/div>\n\n\n\n<p>\u010cLANOVI:<\/p>\n\n\n\n<p>Marinko Artukovi\u0107, Zagorka Boras, \u017deljko \u010culina, Ines Dobri\u0107, Fe\u0111a D\u017eubur, Ana He\u0107imovi\u0107,\u00a0Maja Hrabak Paar, Zoran Janevski, Mateja Jankovi\u0107 Makek, Jo\u0161ko Juri\u010di\u0107,\u00a0Sandra Karabati\u0107, Ante Maru\u0161i\u0107, Sanja Ple\u0161tina, Sanja Popovi\u0107-Grle, Gzim Red\u017eepi,\u00a0Fran Seiwerth, Silvana Smojver-Je\u017eek, Alma Ro\u017eman, \u017darko Vrbica<\/p>\n\n\n\n<div style=\"height:10px\" aria-hidden=\"true\" class=\"wp-block-spacer\"><\/div>\n\n\n\n<p>ZNANSTVENI ODBOR:<\/p>\n\n\n\n<p>Mirna Alebi\u0107, Sonja Badovinac, Ljiljana Bulat-Kardum, Irena Godi\u0107, Ivan Gudelj,&nbsp;Dubravko Jal\u0161ovec, Vera Katalini\u0107-Jankovi\u0107, Walter Klepetko, Marta Kor\u0161i\u0107,&nbsp;Aleksandra Kraljevi\u0107, Ana Ljubas, Ivica Ma\u017eurani\u0107, Goran Mad\u017earac, Bakir Mehi\u0107,&nbsp;Suzana Mladinov, Lada Rumora, Ana Savovi\u0107, Sven Seiwerth, Ivan \u0160kopljanac,&nbsp;Sanda \u0160krinjari\u0107-Cincar, Igor \u0160tagljar, Neven Tudori\u0107, Eduard Vrdoljak, Tanja Zovko,&nbsp;Nikolino \u017dura<\/p>\n","protected":false},"excerpt":{"rendered":"<p>ORGANIZATOR&nbsp; Hrvatsko torakalno dru\u0161tvo www.toraks.hr ORGANIZACIJSKI ODBOR&nbsp; PREDSJEDNIK: Miroslav Samar\u017eija TAJNIK: Marko Jakopovi\u0107 \u010cLANOVI: Marinko Artukovi\u0107, Zagorka Boras, \u017deljko \u010culina, Ines Dobri\u0107, Fe\u0111a D\u017eubur, Ana He\u0107imovi\u0107,\u00a0Maja Hrabak Paar, Zoran Janevski, Mateja Jankovi\u0107 Makek, Jo\u0161ko Juri\u010di\u0107,\u00a0Sandra Karabati\u0107, Ante Maru\u0161i\u0107, Sanja Ple\u0161tina, Sanja Popovi\u0107-Grle, Gzim Red\u017eepi,\u00a0Fran Seiwerth, Silvana Smojver-Je\u017eek, Alma Ro\u017eman, \u017darko Vrbica ZNANSTVENI ODBOR: Mirna Alebi\u0107, [&hellip;]<\/p>\n","protected":false},"author":2,"featured_media":0,"parent":0,"menu_order":0,"comment_status":"closed","ping_status":"closed","template":"","meta":{"footnotes":""},"class_list":["post-47","page","type-page","status-publish","hentry"],"_links":{"self":[{"href":"https:\/\/web.penta-pco.com\/toraks2023\/wp-json\/wp\/v2\/pages\/47","targetHints":{"allow":["GET"]}}],"collection":[{"href":"https:\/\/web.penta-pco.com\/toraks2023\/wp-json\/wp\/v2\/pages"}],"about":[{"href":"https:\/\/web.penta-pco.com\/toraks2023\/wp-json\/wp\/v2\/types\/page"}],"author":[{"embeddable":true,"href":"https:\/\/web.penta-pco.com\/toraks2023\/wp-json\/wp\/v2\/users\/2"}],"replies":[{"embeddable":true,"href":"https:\/\/web.penta-pco.com\/toraks2023\/wp-json\/wp\/v2\/comments?post=47"}],"version-history":[{"count":9,"href":"https:\/\/web.penta-pco.com\/toraks2023\/wp-json\/wp\/v2\/pages\/47\/revisions"}],"predecessor-version":[{"id":132,"href":"https:\/\/web.penta-pco.com\/toraks2023\/wp-json\/wp\/v2\/pages\/47\/revisions\/132"}],"wp:attachment":[{"href":"https:\/\/web.penta-pco.com\/toraks2023\/wp-json\/wp\/v2\/media?parent=47"}],"curies":[{"name":"wp","href":"https:\/\/api.w.org\/{rel}","templated":true}]}}