{"id":32,"date":"2024-04-09T11:04:26","date_gmt":"2024-04-09T09:04:26","guid":{"rendered":"https:\/\/web.penta-pco.com\/toraks2024\/?page_id=32"},"modified":"2024-04-09T11:04:26","modified_gmt":"2024-04-09T09:04:26","slug":"naslovna","status":"publish","type":"page","link":"https:\/\/web.penta-pco.com\/toraks2024\/en\/","title":{"rendered":"Homepage"},"content":{"rendered":"<p>Dear colleagues,<\/p>\n\n\n\n<p>It is my great pleasure to welcome you to the annual congress of the Croatian Thoracic Society - TORAKS 2024. For the fourteenth year in a row, we are gathering many healthcare professionals who care for patients with respiratory diseases, and for four congress days they will exchange the latest scientific and professional knowledge.<\/p>\n\n\n\n<p>As medicine advances extremely quickly, the need for a multidisciplinary approach to patients with pulmonary diseases arises, so the congress gathers not only pulmonologists, but also radiologists, surgeons, cytologists, pathologists, microbiologists, basic scientists, pharmacists and family medicine doctors. Of course, without nurses, the care of our patients would not be complete, therefore a separate part of the program is dedicated to nursing.<\/p>\n\n\n\n<p>We believe that during the congress you will find useful topics, enrich your knowledge, exchange experiences, and establish scientific and professional contacts.<\/p>\n\n\n\n<p class=\"has-text-align-right translation-block\"><em>Academician Miroslav Samar\u017eija<br>\nPresident of the Croatian Thoracic Society<\/em><\/p>","protected":false},"excerpt":{"rendered":"<p>Po\u0161tovane kolegice i kolege, Iznimno mi je zadovoljstvo po\u017eeljeti Vam dobrodo\u0161licu na godi\u0161njem kongresu Hrvatskog torakalnog dru\u0161tva TORAKS 2024. Ve\u0107 \u010detrnaestu godinu zaredom okupljamo velik broj zdravstvenih djelatnika koji skrbe o oboljelima od respiratornih bolesti, a tijekom \u010detiri dana izmjenjuju najnovije znanstvene i stru\u010dne spoznaje. Kako medicina iznimno brzo napreduje name\u0107e se potreba za multidisciplinarnim [&hellip;]<\/p>","protected":false},"author":1,"featured_media":0,"parent":0,"menu_order":0,"comment_status":"closed","ping_status":"closed","template":"","meta":{"footnotes":""},"class_list":["post-32","page","type-page","status-publish","hentry"],"_links":{"self":[{"href":"https:\/\/web.penta-pco.com\/toraks2024\/en\/wp-json\/wp\/v2\/pages\/32","targetHints":{"allow":["GET"]}}],"collection":[{"href":"https:\/\/web.penta-pco.com\/toraks2024\/en\/wp-json\/wp\/v2\/pages"}],"about":[{"href":"https:\/\/web.penta-pco.com\/toraks2024\/en\/wp-json\/wp\/v2\/types\/page"}],"author":[{"embeddable":true,"href":"https:\/\/web.penta-pco.com\/toraks2024\/en\/wp-json\/wp\/v2\/users\/1"}],"replies":[{"embeddable":true,"href":"https:\/\/web.penta-pco.com\/toraks2024\/en\/wp-json\/wp\/v2\/comments?post=32"}],"version-history":[{"count":1,"href":"https:\/\/web.penta-pco.com\/toraks2024\/en\/wp-json\/wp\/v2\/pages\/32\/revisions"}],"predecessor-version":[{"id":33,"href":"https:\/\/web.penta-pco.com\/toraks2024\/en\/wp-json\/wp\/v2\/pages\/32\/revisions\/33"}],"wp:attachment":[{"href":"https:\/\/web.penta-pco.com\/toraks2024\/en\/wp-json\/wp\/v2\/media?parent=32"}],"curies":[{"name":"wp","href":"https:\/\/api.w.org\/{rel}","templated":true}]}}