{"id":34,"date":"2024-04-09T11:13:45","date_gmt":"2024-04-09T09:13:45","guid":{"rendered":"https:\/\/web.penta-pco.com\/toraks2024\/?page_id=34"},"modified":"2024-04-09T11:13:45","modified_gmt":"2024-04-09T09:13:45","slug":"organizator","status":"publish","type":"page","link":"https:\/\/web.penta-pco.com\/toraks2024\/en\/organizator\/","title":{"rendered":"Organizer"},"content":{"rendered":"<p class=\"has-large-font-size\" style=\"font-style:normal;font-weight:700\">Croatian Thoracic Society\u00a0<\/p>\n\n\n\n<p><a href=\"https:\/\/toraks.hr\/\">www.toraks.hr<\/a><\/p>\n\n\n\n<p class=\"has-large-font-size\" style=\"font-style:normal;font-weight:700\">Organizing committee:\u00a0<\/p>\n\n\n\n<p>PRESIDENT:<br>Miroslav Samar\u017eija<\/p>\n\n\n\n<p>SECRETARY:<br>Marko Jakopovi\u0107<\/p>\n\n\n\n<p>MEMBERS:<br>Marinko Artukovi\u0107, Zagorka Boras, \u017deljko \u010culina, Fe\u0111a D\u017eubur, Ana He\u0107imovi\u0107,\u00a0Maja Hrabak Paar, Zoran Janevski, Mateja Jankovi\u0107 Makek, Jo\u0161ko Juri\u010di\u0107,\u00a0Sandra Karabati\u0107, Ante Maru\u0161i\u0107, Sanja Ple\u0161tina, Sanja Popovi\u0107-Grle, Gzim Red\u017eepi,\u00a0Fran Seiwerth, Silvana Smojver-Je\u017eek, Alma Ro\u017eman, \u017darko Vrbica<\/p>\n\n\n\n<p>SCIENTIFIC COMMITTEE:<br>Mirna Alebi\u0107, Sonja Badovinac, Ljiljana Bulat-Kardum, Irena Godi\u0107, Ivan Gudelj,\u00a0Dubravko Jal\u0161ovec, Vera Katalini\u0107-Jankovi\u0107, Walter Klepetko, Marta Kor\u0161i\u0107,\u00a0Aleksandra Kraljevi\u0107, Ana Ljubas, Ivica Ma\u017eurani\u0107, Goran Mad\u017earac, Bakir Mehi\u0107,\u00a0Suzana Mladinov, Lada Rumora, Ana Savovi\u0107, Sven Seiwerth, Ivan \u0160kopljanac,\u00a0Sanda \u0160krinjari\u0107-Cincar, Igor \u0160tagljar, Neven Tudori\u0107, Eduard Vrdoljak, Tanja Zovko,\u00a0Nikolino \u017dura<\/p>","protected":false},"excerpt":{"rendered":"<p>Hrvatsko torakalno dru\u0161tvo\u00a0 www.toraks.hr Organizacijski odbor\u00a0 PREDSJEDNIK:Miroslav Samar\u017eija TAJNIK:Marko Jakopovi\u0107 \u010cLANOVI:Marinko Artukovi\u0107, Zagorka Boras, \u017deljko \u010culina, Fe\u0111a D\u017eubur, Ana He\u0107imovi\u0107,\u00a0Maja Hrabak Paar, Zoran Janevski, Mateja Jankovi\u0107 Makek, Jo\u0161ko Juri\u010di\u0107,\u00a0Sandra Karabati\u0107, Ante Maru\u0161i\u0107, Sanja Ple\u0161tina, Sanja Popovi\u0107-Grle, Gzim Red\u017eepi,\u00a0Fran Seiwerth, Silvana Smojver-Je\u017eek, Alma Ro\u017eman, \u017darko Vrbica ZNANSTVENI ODBOR:Mirna Alebi\u0107, Sonja Badovinac, Ljiljana Bulat-Kardum, Irena Godi\u0107, Ivan [&hellip;]<\/p>","protected":false},"author":1,"featured_media":0,"parent":0,"menu_order":0,"comment_status":"closed","ping_status":"closed","template":"","meta":{"footnotes":""},"class_list":["post-34","page","type-page","status-publish","hentry"],"_links":{"self":[{"href":"https:\/\/web.penta-pco.com\/toraks2024\/en\/wp-json\/wp\/v2\/pages\/34","targetHints":{"allow":["GET"]}}],"collection":[{"href":"https:\/\/web.penta-pco.com\/toraks2024\/en\/wp-json\/wp\/v2\/pages"}],"about":[{"href":"https:\/\/web.penta-pco.com\/toraks2024\/en\/wp-json\/wp\/v2\/types\/page"}],"author":[{"embeddable":true,"href":"https:\/\/web.penta-pco.com\/toraks2024\/en\/wp-json\/wp\/v2\/users\/1"}],"replies":[{"embeddable":true,"href":"https:\/\/web.penta-pco.com\/toraks2024\/en\/wp-json\/wp\/v2\/comments?post=34"}],"version-history":[{"count":2,"href":"https:\/\/web.penta-pco.com\/toraks2024\/en\/wp-json\/wp\/v2\/pages\/34\/revisions"}],"predecessor-version":[{"id":36,"href":"https:\/\/web.penta-pco.com\/toraks2024\/en\/wp-json\/wp\/v2\/pages\/34\/revisions\/36"}],"wp:attachment":[{"href":"https:\/\/web.penta-pco.com\/toraks2024\/en\/wp-json\/wp\/v2\/media?parent=34"}],"curies":[{"name":"wp","href":"https:\/\/api.w.org\/{rel}","templated":true}]}}