{"id":42,"date":"2024-04-09T13:13:20","date_gmt":"2024-04-09T11:13:20","guid":{"rendered":"https:\/\/web.penta-pco.com\/toraks2024\/?page_id=42"},"modified":"2024-05-09T09:55:23","modified_gmt":"2024-05-09T07:55:23","slug":"registracija","status":"publish","type":"page","link":"https:\/\/web.penta-pco.com\/toraks2024\/en\/registracija\/","title":{"rendered":"Registration"},"content":{"rendered":"<p>Participants can register online or by sending an e-mail request to the technical organizer.<\/p>\n\n\n\n<p>In all applications, whether individual or group, it is mandatory to state name, surname, registration type and e-mail address of each individual participant.<\/p>\n\n\n\n<h2 class=\"wp-block-heading\">Fees<\/h2>\n\n\n\n<ul class=\"wp-block-list\">\n<li>Doctors 400 EUR&nbsp;<\/li>\n\n\n\n<li>Industry 350 EUR<\/li>\n\n\n\n<li>Residents, students 100 EUR\u00a0<\/li>\n\n\n\n<li>Physiotherapists 100 EUR<\/li>\n\n\n\n<li>Nurses 100 EUR&nbsp;<\/li>\n\n\n\n<li>Daily registration fees 100 EUR<\/li>\n<\/ul>\n\n\n\n<div class=\"wp-block-buttons is-layout-flex wp-block-buttons-is-layout-flex\">\n<div class=\"wp-block-button\"><a class=\"wp-block-button__link wp-element-button\" href=\"https:\/\/registration.penta-pco.com\/system\/openEvent.php?eventID=18251\">Register here<\/a><\/div>\n<\/div>\n\n\n\n<h2 class=\"wp-block-heading\">Payment<\/h2>\n\n\n\n<p>Payment can be made through secure online credit card payment system or by bank transfer based on a proforma invoice received after completing your registration.<\/p>\n\n\n\n<p>We accept credit cards: Euro Card\/MasterCard and Visa.<\/p>\n\n\n\n<p>Bank charges are the responsibility of the payer, who is obliged to pay all bank charges.<\/p>\n\n\n\n<h2 class=\"wp-block-heading\">Official language<\/h2>\n\n\n\n<p>The official languages \u200b\u200bof the Congress are Croatian and English (simultaneous translation will not be provided).<\/p>\n\n\n\n<h2 class=\"wp-block-heading\">Points<\/h2>\n\n\n\n<h3 class=\"wp-block-heading\">Croatian medical chamber<\/h3>\n\n\n\n<p>Participants will receive the certificates of attendance and awarded points from Croatian Medical Chamber for active and passive participation.<\/p>\n\n\n\n<ul class=\"wp-block-list\">\n<li>active participation _____ points<\/li>\n\n\n\n<li>passive participation _____ points<\/li>\n<\/ul>\n\n\n\n<h3 class=\"wp-block-heading\">Croatian chamber of nurses<\/h3>\n\n\n\n<p>Nurses will be awarded points according to the Croatian Chamber of Nurses Rulebook with mandatory presentation of a membership card.<\/p>","protected":false},"excerpt":{"rendered":"<p>Sudionici se prijavljuju na kongres online ili mailom tehni\u010dkom organizatoru. U svim prijavama, bilo individualnim ili grupnim, obavezno je navo\u0111enje e-mail adrese svakog pojedinog sudionika. Kotizacije Pla\u0107anje Uplate kotizacija mogu se izvr\u0161iti online kreditnim karticama ili uplatom na \u017eiro ra\u010dun tehni\u010dkog organizatora na osnovu predra\u010duna ili ra\u010duna kojeg izdaje tehni\u010dki organizator PENTA d.o.o. Prihva\u0107amo kreditne [&hellip;]<\/p>","protected":false},"author":1,"featured_media":0,"parent":0,"menu_order":0,"comment_status":"closed","ping_status":"closed","template":"","meta":{"footnotes":""},"class_list":["post-42","page","type-page","status-publish","hentry"],"_links":{"self":[{"href":"https:\/\/web.penta-pco.com\/toraks2024\/en\/wp-json\/wp\/v2\/pages\/42","targetHints":{"allow":["GET"]}}],"collection":[{"href":"https:\/\/web.penta-pco.com\/toraks2024\/en\/wp-json\/wp\/v2\/pages"}],"about":[{"href":"https:\/\/web.penta-pco.com\/toraks2024\/en\/wp-json\/wp\/v2\/types\/page"}],"author":[{"embeddable":true,"href":"https:\/\/web.penta-pco.com\/toraks2024\/en\/wp-json\/wp\/v2\/users\/1"}],"replies":[{"embeddable":true,"href":"https:\/\/web.penta-pco.com\/toraks2024\/en\/wp-json\/wp\/v2\/comments?post=42"}],"version-history":[{"count":4,"href":"https:\/\/web.penta-pco.com\/toraks2024\/en\/wp-json\/wp\/v2\/pages\/42\/revisions"}],"predecessor-version":[{"id":88,"href":"https:\/\/web.penta-pco.com\/toraks2024\/en\/wp-json\/wp\/v2\/pages\/42\/revisions\/88"}],"wp:attachment":[{"href":"https:\/\/web.penta-pco.com\/toraks2024\/en\/wp-json\/wp\/v2\/media?parent=42"}],"curies":[{"name":"wp","href":"https:\/\/api.w.org\/{rel}","templated":true}]}}