{"id":49,"date":"2024-04-10T09:11:54","date_gmt":"2024-04-10T07:11:54","guid":{"rendered":"https:\/\/web.penta-pco.com\/toraks2024\/?page_id=49"},"modified":"2024-04-10T09:11:54","modified_gmt":"2024-04-10T07:11:54","slug":"smjestaj","status":"publish","type":"page","link":"https:\/\/web.penta-pco.com\/toraks2024\/en\/smjestaj\/","title":{"rendered":"Accommodation"},"content":{"rendered":"<p><strong>HILTON GARDEN INN HOTEL, ZAGREB<\/strong><br>Radni\u010dka cesta 21, 10000 Zagreb<br>Accommodation period: 22. \u2013 25.5.2024.<\/p>\n\n\n\n<p>PrIce per room, per night:\u00a0<\/p>\n\n\n\n<ul class=\"wp-block-list\">\n<li>Single room: 135 EUR\u00a0<\/li>\n\n\n\n<li>Double room: 145 EUR\u00a0<\/li>\n<\/ul>\n\n\n\n<p>The price includes overnight stay in the selected room, rich buffet breakfast, tourist tax, free internet and VAT.\u00a0<\/p>\n\n\n\n<ul class=\"wp-block-list\">\n<li>Check-in time: from 15:00<\/li>\n\n\n\n<li>Check-out time: until 12:00\u00a0<\/li>\n<\/ul>\n\n\n\n<h2 class=\"wp-block-heading has-large-font-size\">Changes and cancellations<\/h2>\n\n\n\n<p>In case of cancellation by the customer or reduction of the number of nights, cancellation costs are charged as follows:\u00a0<\/p>\n\n\n\n<ul class=\"wp-block-list\">\n<li>till 30.04.2024. cancellation cost in the amount of 50% of the accommodation price\u00a0<\/li>\n\n\n\n<li>from 01.05.2024. cancellation cost in the amount of 100% of the accommodation price<\/li>\n<\/ul>","protected":false},"excerpt":{"rendered":"<p>HILTON GARDEN INN HOTEL, ZAGREBRadni\u010dka cesta 21, 10000 ZagrebTermin boravka: 22. \u2013 25.5.2024. Cijene po sobi za jedno no\u0107enje:\u00a0 Cijena uklju\u010duje: no\u0107enje u odabranoj sobi, bogati buffet doru\u010dak, boravi\u0161nu pristojbu,\u00a0besplatni internet i PDV.\u00a0 Uvjeti za promjene i otkaza rezervacije U slu\u010daju otkaza rezervacije od strane naru\u010ditelja ili smanjenja broja no\u0107enja, napla\u0107uju se storno tro\u0161kovi kako [&hellip;]<\/p>","protected":false},"author":1,"featured_media":0,"parent":0,"menu_order":0,"comment_status":"closed","ping_status":"closed","template":"","meta":{"footnotes":""},"class_list":["post-49","page","type-page","status-publish","hentry"],"_links":{"self":[{"href":"https:\/\/web.penta-pco.com\/toraks2024\/en\/wp-json\/wp\/v2\/pages\/49","targetHints":{"allow":["GET"]}}],"collection":[{"href":"https:\/\/web.penta-pco.com\/toraks2024\/en\/wp-json\/wp\/v2\/pages"}],"about":[{"href":"https:\/\/web.penta-pco.com\/toraks2024\/en\/wp-json\/wp\/v2\/types\/page"}],"author":[{"embeddable":true,"href":"https:\/\/web.penta-pco.com\/toraks2024\/en\/wp-json\/wp\/v2\/users\/1"}],"replies":[{"embeddable":true,"href":"https:\/\/web.penta-pco.com\/toraks2024\/en\/wp-json\/wp\/v2\/comments?post=49"}],"version-history":[{"count":1,"href":"https:\/\/web.penta-pco.com\/toraks2024\/en\/wp-json\/wp\/v2\/pages\/49\/revisions"}],"predecessor-version":[{"id":50,"href":"https:\/\/web.penta-pco.com\/toraks2024\/en\/wp-json\/wp\/v2\/pages\/49\/revisions\/50"}],"wp:attachment":[{"href":"https:\/\/web.penta-pco.com\/toraks2024\/en\/wp-json\/wp\/v2\/media?parent=49"}],"curies":[{"name":"wp","href":"https:\/\/api.w.org\/{rel}","templated":true}]}}