{"id":32,"date":"2024-04-09T11:04:26","date_gmt":"2024-04-09T09:04:26","guid":{"rendered":"https:\/\/web.penta-pco.com\/toraks2024\/?page_id=32"},"modified":"2024-04-09T11:04:26","modified_gmt":"2024-04-09T09:04:26","slug":"naslovna","status":"publish","type":"page","link":"https:\/\/web.penta-pco.com\/toraks2024\/","title":{"rendered":"Naslovna"},"content":{"rendered":"\n<p>Po\u0161tovane kolegice i kolege,<\/p>\n\n\n\n<p>Iznimno mi je zadovoljstvo po\u017eeljeti Vam dobrodo\u0161licu na godi\u0161njem kongresu Hrvatskog torakalnog dru\u0161tva TORAKS 2024. Ve\u0107 \u010detrnaestu godinu zaredom okupljamo velik broj zdravstvenih djelatnika koji skrbe o oboljelima od respiratornih bolesti, a tijekom \u010detiri dana izmjenjuju najnovije znanstvene i stru\u010dne spoznaje.<\/p>\n\n\n\n<p>Kako medicina iznimno brzo napreduje name\u0107e se potreba za multidisciplinarnim pristupom oboljelima od bolesti prsnog ko\u0161a te je kongres organiziran tako da okuplja ne samo lije\u010dnike pulmologe, ve\u0107 i radiologe, kirurge, citologe, patologe, mikrobiologe, bazi\u010dne znanstvenike, farmaceute te lije\u010dnike obiteljske medicine. Naravno, bez medicinskih sestara skrb o na\u0161im bolesnicima ne bi bila potpuna stoga je zaseban dio programa posve\u0107en sestrinstvu.<\/p>\n\n\n\n<p>Vjerujemo da \u0107ete tijekom odr\u017eavanja kongresa prona\u0107i korisne teme, obogatiti znanje, razmijeniti iskustva te uspostaviti znanstvene i stru\u010dne kontakte.<\/p>\n\n\n\n<p class=\"has-text-align-right\"><em>Akademik Miroslav Samar\u017eija<br>Predsjednik Hrvatskog torakalnog dru\u0161tva<\/em><\/p>\n","protected":false},"excerpt":{"rendered":"<p>Po\u0161tovane kolegice i kolege, Iznimno mi je zadovoljstvo po\u017eeljeti Vam dobrodo\u0161licu na godi\u0161njem kongresu Hrvatskog torakalnog dru\u0161tva TORAKS 2024. Ve\u0107 \u010detrnaestu godinu zaredom okupljamo velik broj zdravstvenih djelatnika koji skrbe o oboljelima od respiratornih bolesti, a tijekom \u010detiri dana izmjenjuju najnovije znanstvene i stru\u010dne spoznaje. Kako medicina iznimno brzo napreduje name\u0107e se potreba za multidisciplinarnim [&hellip;]<\/p>\n","protected":false},"author":1,"featured_media":0,"parent":0,"menu_order":0,"comment_status":"closed","ping_status":"closed","template":"","meta":{"footnotes":""},"class_list":["post-32","page","type-page","status-publish","hentry"],"_links":{"self":[{"href":"https:\/\/web.penta-pco.com\/toraks2024\/wp-json\/wp\/v2\/pages\/32","targetHints":{"allow":["GET"]}}],"collection":[{"href":"https:\/\/web.penta-pco.com\/toraks2024\/wp-json\/wp\/v2\/pages"}],"about":[{"href":"https:\/\/web.penta-pco.com\/toraks2024\/wp-json\/wp\/v2\/types\/page"}],"author":[{"embeddable":true,"href":"https:\/\/web.penta-pco.com\/toraks2024\/wp-json\/wp\/v2\/users\/1"}],"replies":[{"embeddable":true,"href":"https:\/\/web.penta-pco.com\/toraks2024\/wp-json\/wp\/v2\/comments?post=32"}],"version-history":[{"count":1,"href":"https:\/\/web.penta-pco.com\/toraks2024\/wp-json\/wp\/v2\/pages\/32\/revisions"}],"predecessor-version":[{"id":33,"href":"https:\/\/web.penta-pco.com\/toraks2024\/wp-json\/wp\/v2\/pages\/32\/revisions\/33"}],"wp:attachment":[{"href":"https:\/\/web.penta-pco.com\/toraks2024\/wp-json\/wp\/v2\/media?parent=32"}],"curies":[{"name":"wp","href":"https:\/\/api.w.org\/{rel}","templated":true}]}}