{"id":42,"date":"2024-04-09T13:13:20","date_gmt":"2024-04-09T11:13:20","guid":{"rendered":"https:\/\/web.penta-pco.com\/toraks2024\/?page_id=42"},"modified":"2024-05-09T09:55:23","modified_gmt":"2024-05-09T07:55:23","slug":"registracija","status":"publish","type":"page","link":"https:\/\/web.penta-pco.com\/toraks2024\/registracija\/","title":{"rendered":"Registracija"},"content":{"rendered":"\n<p>Sudionici se prijavljuju na kongres online ili mailom tehni\u010dkom organizatoru.<\/p>\n\n\n\n<p>U svim prijavama, bilo individualnim ili grupnim, obavezno je navo\u0111enje e-mail adrese svakog pojedinog sudionika.<\/p>\n\n\n\n<h2 class=\"wp-block-heading\">Kotizacije<\/h2>\n\n\n\n<ul class=\"wp-block-list\">\n<li>Lije\u010dnici specijalisti 400 EUR&nbsp;<\/li>\n\n\n\n<li>Sponzori, izlaga\u010di 350 EUR<\/li>\n\n\n\n<li>Specijalizanti, studenti 100 EUR\u00a0<\/li>\n\n\n\n<li>Fizioterapeuti 100 EUR<\/li>\n\n\n\n<li>Medicinske sestre 100 EUR&nbsp;<\/li>\n\n\n\n<li>Dnevne kotizacije 100 EUR<\/li>\n<\/ul>\n\n\n\n<div class=\"wp-block-buttons is-layout-flex wp-block-buttons-is-layout-flex\">\n<div class=\"wp-block-button\"><a class=\"wp-block-button__link wp-element-button\" href=\"https:\/\/registration.penta-pco.com\/system\/openEvent.php?eventID=18251\">Link za registraciju<\/a><\/div>\n<\/div>\n\n\n\n<h2 class=\"wp-block-heading\">Pla\u0107anje<\/h2>\n\n\n\n<p>Uplate kotizacija mogu se izvr\u0161iti online kreditnim karticama ili uplatom na \u017eiro ra\u010dun tehni\u010dkog organizatora na osnovu predra\u010duna ili ra\u010duna kojeg izdaje tehni\u010dki organizator PENTA d.o.o.<\/p>\n\n\n\n<p>Prihva\u0107amo kreditne kartice: Euro Card\/MasterCard i Visa.<\/p>\n\n\n\n<p>Bankovne naknade su odgovornost uplatitelja, te je platitelj du\u017ean podmiriti sve bankovne naknade.<\/p>\n\n\n\n<h2 class=\"wp-block-heading\">Slu\u017ebeni jezik<\/h2>\n\n\n\n<p>Slu\u017ebeni jezici Kongresa su hrvatski i engleski (simultano prevo\u0111enje ne\u0107e biti osigurano).<\/p>\n\n\n\n<h2 class=\"wp-block-heading\">Bodovanje<\/h2>\n\n\n\n<h3 class=\"wp-block-heading\">Hrvatska lije\u010dni\u010dka komora<\/h3>\n\n\n\n<p>Skup \u0107e biti bodovan prema Pravilniku Hrvatske lije\u010dni\u010dke komore o bodovanju.<\/p>\n\n\n\n<ul class=\"wp-block-list\">\n<li>aktivno sudjelovanje _____ bodova<\/li>\n\n\n\n<li>pasivno sudjelovanje _____ bodova<\/li>\n<\/ul>\n\n\n\n<h3 class=\"wp-block-heading\">Hrvatska komora medicinskih sestara<\/h3>\n\n\n\n<p>Medicinske sestre bit \u0107e bodovane prema Pravilniku HKMS-a uz obavezno predo\u010denje \u010dlanske iskaznice.<\/p>\n","protected":false},"excerpt":{"rendered":"<p>Sudionici se prijavljuju na kongres online ili mailom tehni\u010dkom organizatoru. U svim prijavama, bilo individualnim ili grupnim, obavezno je navo\u0111enje e-mail adrese svakog pojedinog sudionika. Kotizacije Pla\u0107anje Uplate kotizacija mogu se izvr\u0161iti online kreditnim karticama ili uplatom na \u017eiro ra\u010dun tehni\u010dkog organizatora na osnovu predra\u010duna ili ra\u010duna kojeg izdaje tehni\u010dki organizator PENTA d.o.o. Prihva\u0107amo kreditne [&hellip;]<\/p>\n","protected":false},"author":1,"featured_media":0,"parent":0,"menu_order":0,"comment_status":"closed","ping_status":"closed","template":"","meta":{"footnotes":""},"class_list":["post-42","page","type-page","status-publish","hentry"],"_links":{"self":[{"href":"https:\/\/web.penta-pco.com\/toraks2024\/wp-json\/wp\/v2\/pages\/42","targetHints":{"allow":["GET"]}}],"collection":[{"href":"https:\/\/web.penta-pco.com\/toraks2024\/wp-json\/wp\/v2\/pages"}],"about":[{"href":"https:\/\/web.penta-pco.com\/toraks2024\/wp-json\/wp\/v2\/types\/page"}],"author":[{"embeddable":true,"href":"https:\/\/web.penta-pco.com\/toraks2024\/wp-json\/wp\/v2\/users\/1"}],"replies":[{"embeddable":true,"href":"https:\/\/web.penta-pco.com\/toraks2024\/wp-json\/wp\/v2\/comments?post=42"}],"version-history":[{"count":4,"href":"https:\/\/web.penta-pco.com\/toraks2024\/wp-json\/wp\/v2\/pages\/42\/revisions"}],"predecessor-version":[{"id":88,"href":"https:\/\/web.penta-pco.com\/toraks2024\/wp-json\/wp\/v2\/pages\/42\/revisions\/88"}],"wp:attachment":[{"href":"https:\/\/web.penta-pco.com\/toraks2024\/wp-json\/wp\/v2\/media?parent=42"}],"curies":[{"name":"wp","href":"https:\/\/api.w.org\/{rel}","templated":true}]}}